{"id":1139,"date":"2024-10-02T17:53:49","date_gmt":"2024-10-02T17:53:49","guid":{"rendered":"https:\/\/chemsfine.com\/?page_id=1139"},"modified":"2025-06-09T14:08:33","modified_gmt":"2025-06-09T14:08:33","slug":"kokain-med-en-renhetsgrad-pa-99","status":"publish","type":"page","link":"https:\/\/chemsfine.com\/sv\/cocaine-purity-99\/","title":{"rendered":"Kokain Renhet 99%"},"content":{"rendered":"<p><a href=\"https:\/\/chemsfine.com\/sv\/kokain-med-en-renhetsgrad-pa-99\/\">Buz kokain med renhet 99%<\/a>, Kokain \u00e4r en kraftigt stimulerande drog som utvinns ur kokaplantan. Det \u00e4r klassificerat som en <strong>Kontrollerad substans enligt f\u00f6rteckning II<\/strong> i m\u00e5nga l\u00e4nder, inklusive USA, d\u00e4r det \u00e4r lagligt f\u00f6r medicinsk anv\u00e4ndning i vissa sammanhang men olagligt f\u00f6r fritidsbruk. H\u00e4r \u00e4r n\u00e5gra viktiga punkter om best\u00e4llning av Cocaine Purity 99%:<\/p>\n<h3>Viktiga punkter om kokain:<\/h3>\n<ol>\n<li><strong>Formul\u00e4r<\/strong>:\n<ul>\n<li>Kokain finns vanligtvis i tv\u00e5 huvudformer:\n<ul>\n<li><strong>Kokainhydroklorid<\/strong>: Detta \u00e4r den pulverform som kan sniffas, injiceras eller anv\u00e4ndas i vissa medicinska milj\u00f6er.<\/li>\n<li><strong>Crack-kokain<\/strong>: En fast form av kokain som har bearbetats f\u00f6r att skapa sm\u00e5 stenar. Det r\u00f6ks vanligtvis och \u00e4r k\u00e4nt f\u00f6r sina snabbt upptr\u00e4dande effekter. <strong>Best\u00e4ll crack-kokain online\u00a0<\/strong><\/li>\n<\/ul>\n<\/li>\n<\/ul>\n<\/li>\n<li><strong>Effekter<\/strong>:\n<ul>\n<li>Kokain \u00e4r k\u00e4nt f\u00f6r sina stimulerande effekter, som kan inkludera:\n<ul>\n<li>\u00d6kad energi och vakenhet<\/li>\n<li>Eufori och k\u00e4nsla av v\u00e4lbefinnande<\/li>\n<li>\u00d6kad s\u00e4llskaplighet och pratsamhet<\/li>\n<li>Minskad aptit<\/li>\n<\/ul>\n<\/li>\n<li>Effekterna b\u00f6rjar vanligtvis inom n\u00e5gra minuter och kan p\u00e5g\u00e5 under en kort tid, beroende p\u00e5 anv\u00e4ndningsmetod. Till exempel kan snortning av kokain ge effekter i cirka <strong>30 minuter<\/strong>medan r\u00f6kning av crackkokain kan leda till ett intensivt men kortvarigt rus. <strong>Best\u00e4ll kokain online<\/strong>.<\/li>\n<\/ul>\n<\/li>\n<li><strong>Risker och biverkningar<\/strong>:\n<ul>\n<li><strong>Kardiovaskul\u00e4ra fr\u00e5gor<\/strong>: Kokainanv\u00e4ndning kan leda till \u00f6kad hj\u00e4rtfrekvens, f\u00f6rh\u00f6jt blodtryck och risk f\u00f6r hj\u00e4rtinfarkt eller stroke. <strong>letar efter ren kokain online\u00a0<\/strong><\/li>\n<li><strong>Psykologiska effekter<\/strong>: Anv\u00e4ndare kan uppleva \u00e5ngest, paranoia och irritabilitet. L\u00e5ngvarig anv\u00e4ndning kan leda till mer allvarliga psykiska problem.<\/li>\n<li><strong>Beroende<\/strong>: Kokain \u00e4r mycket beroendeframkallande. Anv\u00e4ndare kan utveckla tolerans, vilket leder till \u00f6kade doser och en h\u00f6gre risk f\u00f6r beroende.<\/li>\n<li><strong>\u00d6verdosering<\/strong>: \u00d6verdosering av kokain kan vara livshotande och kan orsaka symtom som kramper, hypertermi och kardiovaskul\u00e4r kollaps.<\/li>\n<\/ul>\n<\/li>\n<li><strong>R\u00e4ttslig status<\/strong>:\n<ul>\n<li>Kokain \u00e4r olagligt f\u00f6r rekreationsbruk i de flesta l\u00e4nder, men det finns receptbelagt f\u00f6r vissa medicinska \u00e4ndam\u00e5l, t.ex. lokalbed\u00f6vning vid vissa kirurgiska ingrepp.<\/li>\n<\/ul>\n<\/li>\n<li><strong>Skadebegr\u00e4nsning<\/strong>:\n<ul>\n<li>F\u00f6r personer som v\u00e4ljer att anv\u00e4nda kokain \u00e4r det avg\u00f6rande att f\u00f6rst\u00e5 riskerna och till\u00e4mpa skademinimering. Det kan handla om att anv\u00e4nda kokain i en s\u00e4ker milj\u00f6, undvika att blanda det med andra substanser och vara medveten om tecken p\u00e5 \u00f6verdosering.<\/li>\n<\/ul>\n<\/li>\n<\/ol>\n<p><a href=\"https:\/\/en.wikipedia.org\/wiki\/Cocaine\">Kokain<\/a> utvinns huvudsakligen ur kokaplantan och finns i flera former, var och en med olika egenskaper, anv\u00e4ndningsmetoder och effekter. H\u00e4r \u00e4r de viktigaste typerna av kokain:<\/p>\n<h3>1. Kokainhydroklorid<\/h3>\n<ul>\n<li><strong>Form<\/strong>: Detta \u00e4r den pulveriserade formen av kokain, vanligtvis en vit kristallin substans.<\/li>\n<li><strong>Metod f\u00f6r anv\u00e4ndning<\/strong>: Det kan vara <strong>fn\u00f6s<\/strong>, <strong>l\u00f6ses upp i vatten och injiceras<\/strong>eller vid enstaka tillf\u00e4llen intas oralt.<\/li>\n<li><strong>Effekter<\/strong>: Ger en snabb b\u00f6rjan av effekter, inklusive eufori, \u00f6kad energi och \u00f6kad vakenhet. Effekterna varar vanligtvis i cirka <strong>30 minuter till en timme<\/strong> n\u00e4r snarkade.<\/li>\n<\/ul>\n<h3>2. Crack kokain till salu<\/h3>\n<ul>\n<li><strong>Form<\/strong>: Crack-kokain ser ut som sm\u00e5, h\u00e5rda stenar eller kristaller. Det \u00e4r en freebase-form av kokain som har bearbetats med bakpulver eller ammoniak. Cociane till salu<\/li>\n<li><strong>Metod f\u00f6r anv\u00e4ndning<\/strong>: Crack \u00e4r vanligtvis <strong>r\u00f6kt<\/strong>vilket g\u00f6r att effekterna intr\u00e4der mycket snabbt, ofta inom n\u00e5gra sekunder.<\/li>\n<li><strong>Effekter<\/strong>: Den h\u00f6ga \u00e4r intensiv men kortlivad, som vanligtvis varar ungef\u00e4r <strong>5 till 15 minuter<\/strong>. Denna form \u00e4r k\u00e4nd f\u00f6r sin mycket beroendeframkallande potential p\u00e5 grund av den snabba och intensiva rusningen.<\/li>\n<\/ul>\n<h3>3. Kokain av freebase-kvalitet<\/h3>\n<ul>\n<li><strong>Form<\/strong>: Freebase-kokain \u00e4r en renad form av kokain som har bearbetats kemiskt f\u00f6r att avl\u00e4gsna hydrokloridsaltet. Det framtr\u00e4der som ett vitt pulver eller en vit kristall.<\/li>\n<li><strong>Metod f\u00f6r anv\u00e4ndning<\/strong>: Det \u00e4r vanligtvis <strong>r\u00f6kt<\/strong> eller f\u00f6r\u00e5ngas. Freebase-kokain anv\u00e4nds mindre ofta \u00e4n crack p\u00e5 grund av den mer komplexa f\u00f6rberedelse som kr\u00e4vs.<\/li>\n<li><strong>Effekter<\/strong>: I likhet med crack ger freebase-kokain en snabb och intensiv h\u00f6g.<\/li>\n<\/ul>\n<h3>4. Kokainpasta<\/h3>\n<ul>\n<li><strong>Form<\/strong>: Detta \u00e4r en r\u00e5 form av kokain som inneh\u00e5ller en blandning av kokain och andra \u00e4mnen. Det framtr\u00e4der som en brunaktig pasta.<\/li>\n<li><strong>Metod f\u00f6r anv\u00e4ndning<\/strong>: Kokainpasta anv\u00e4nds ofta i regioner d\u00e4r kokablad odlas. Den kan vara <strong>r\u00f6kt<\/strong>, <strong>tuggad<\/strong>, eller <strong>bearbetas till kokainhydroklorid<\/strong>. Verkliga online-s\u00e4ljare av kokain<\/li>\n<li><strong>Effekter<\/strong>: Effekterna kan variera beroende p\u00e5 renhet och anv\u00e4ndningsmetod men inkluderar i allm\u00e4nhet eufori och stimulering.<\/li>\n<\/ul>\n<h3>5. Kokain bas<\/h3>\n<ul>\n<li><strong>Form<\/strong>: Detta \u00e4r en oraffinerad form av kokain som kan inneh\u00e5lla den restprodukt som \u00e5terst\u00e5r efter bearbetning av kokablad.<\/li>\n<li><strong>Metod f\u00f6r anv\u00e4ndning<\/strong>: Kokainbas kan vara <strong>r\u00f6kt<\/strong> eller intas, och \u00e4r ofta mindre ren \u00e4n andra former.<\/li>\n<li><strong>Effekter<\/strong>: Liknar andra former, men med mindre f\u00f6ruts\u00e4gbarhet i effekter och styrka.<\/li>\n<\/ul>\n<h3>Sammanfattning<\/h3>\n<p>Varje typ av kokain varierar n\u00e4r det g\u00e4ller renhet, anv\u00e4ndningsmetod och varaktighet och intensitet av dess effekter. \u00c4ven om kokain \u00e4r k\u00e4nt f\u00f6r sina stimulerande egenskaper och euforiska effekter, medf\u00f6r det ocks\u00e5 betydande risker, inklusive missbruk, kardiovaskul\u00e4ra problem och potential f\u00f6r \u00f6verdosering. Att f\u00f6rst\u00e5 dessa former \u00e4r avg\u00f6rande f\u00f6r att k\u00e4nna igen deras faror och effekter. Om du eller n\u00e5gon du k\u00e4nner k\u00e4mpar med substansanv\u00e4ndning \u00e4r det viktigt att s\u00f6ka professionell hj\u00e4lp.<\/p>\n<h3>Slutsats:<\/h3>\n<p>Kokain \u00e4r ett potent stimulerande medel med betydande h\u00e4lsorisker, bland annat beroende och allvarliga psykologiska och fysiologiska effekter. Det \u00e4r olagligt f\u00f6r rekreationsbruk p\u00e5 m\u00e5nga st\u00e4llen, och f\u00f6rsiktighet rekommenderas f\u00f6r alla som \u00f6verv\u00e4ger att anv\u00e4nda det. Om du eller n\u00e5gon du k\u00e4nner k\u00e4mpar med substansanv\u00e4ndning \u00e4r det viktigt att s\u00f6ka professionell hj\u00e4lp och st\u00f6d.<\/p>\n<p>kontakt p\u00e5 <a href=\"https:\/\/chemsfine.com\/sv\/kokain-med-en-renhetsgrad-pa-99\/\">Chemsfine<\/a><\/p>","protected":false},"excerpt":{"rendered":"<p>Buz Cocaine With Purity 99%, Cocaine is a powerful stimulant drug derived from the coca&hellip;<\/p>","protected":false},"author":1,"featured_media":1140,"parent":0,"menu_order":0,"comment_status":"closed","ping_status":"closed","template":"","meta":{"_joinchat":[],"footnotes":""},"class_list":["post-1139","page","type-page","status-publish","has-post-thumbnail","hentry"],"yoast_head":"<!-- This site is optimized with the Yoast SEO plugin v27.2 - https:\/\/yoast.com\/product\/yoast-seo-wordpress\/ -->\n<title>Buy Cocaine Purity 99% Online - Cocaine Purity 99% for Sale<\/title>\n<meta name=\"description\" content=\"At our chemsfine, you can get cocaine Purity 99% for sale at cheap rates. Here you can buy cocaine Purity 99% online with high-quality from our store now with fast &amp; secure shipping service. Order Now!\" \/>\n<meta name=\"robots\" content=\"index, follow, max-snippet:-1, max-image-preview:large, max-video-preview:-1\" \/>\n<link rel=\"canonical\" href=\"https:\/\/chemsfine.com\/sv\/kokain-med-en-renhetsgrad-pa-99\/\" \/>\n<meta property=\"og:locale\" content=\"sv_SE\" \/>\n<meta property=\"og:type\" content=\"article\" \/>\n<meta property=\"og:title\" content=\"Buy Cocaine Purity 99% Online - Cocaine Purity 99% for Sale\" \/>\n<meta property=\"og:description\" content=\"At our chemsfine, you can get cocaine Purity 99% for sale at cheap rates. Here you can buy cocaine Purity 99% online with high-quality from our store now with fast &amp; secure shipping service. Order Now!\" \/>\n<meta property=\"og:url\" content=\"https:\/\/chemsfine.com\/sv\/kokain-med-en-renhetsgrad-pa-99\/\" \/>\n<meta property=\"og:site_name\" content=\"Chemsfine\" \/>\n<meta property=\"article:modified_time\" content=\"2025-06-09T14:08:33+00:00\" \/>\n<meta property=\"og:image\" content=\"https:\/\/chemsfine.com\/wp-content\/uploads\/2024\/10\/Cocaine-Purity-99_.jpg\" \/>\n\t<meta property=\"og:image:width\" content=\"474\" \/>\n\t<meta property=\"og:image:height\" content=\"221\" \/>\n\t<meta property=\"og:image:type\" content=\"image\/jpeg\" \/>\n<meta name=\"twitter:card\" content=\"summary_large_image\" \/>\n<meta name=\"twitter:label1\" content=\"Ber\u00e4knad l\u00e4stid\" \/>\n\t<meta name=\"twitter:data1\" content=\"4 minuter\" \/>\n<script type=\"application\/ld+json\" class=\"yoast-schema-graph\">{\"@context\":\"https:\/\/schema.org\",\"@graph\":[{\"@type\":\"WebPage\",\"@id\":\"https:\/\/chemsfine.com\/cocaine-purity-99\/\",\"url\":\"https:\/\/chemsfine.com\/cocaine-purity-99\/\",\"name\":\"Buy Cocaine Purity 99% Online - Cocaine Purity 99% for Sale\",\"isPartOf\":{\"@id\":\"https:\/\/chemsfine.com\/#website\"},\"primaryImageOfPage\":{\"@id\":\"https:\/\/chemsfine.com\/cocaine-purity-99\/#primaryimage\"},\"image\":{\"@id\":\"https:\/\/chemsfine.com\/cocaine-purity-99\/#primaryimage\"},\"thumbnailUrl\":\"https:\/\/chemsfine.com\/wp-content\/uploads\/2024\/10\/Cocaine-Purity-99_.jpg\",\"datePublished\":\"2024-10-02T17:53:49+00:00\",\"dateModified\":\"2025-06-09T14:08:33+00:00\",\"description\":\"At our chemsfine, you can get cocaine Purity 99% for sale at cheap rates. Here you can buy cocaine Purity 99% online with high-quality from our store now with fast & secure shipping service. Order Now!\",\"breadcrumb\":{\"@id\":\"https:\/\/chemsfine.com\/cocaine-purity-99\/#breadcrumb\"},\"inLanguage\":\"sv-SE\",\"potentialAction\":[{\"@type\":\"ReadAction\",\"target\":[\"https:\/\/chemsfine.com\/cocaine-purity-99\/\"]}]},{\"@type\":\"ImageObject\",\"inLanguage\":\"sv-SE\",\"@id\":\"https:\/\/chemsfine.com\/cocaine-purity-99\/#primaryimage\",\"url\":\"https:\/\/chemsfine.com\/wp-content\/uploads\/2024\/10\/Cocaine-Purity-99_.jpg\",\"contentUrl\":\"https:\/\/chemsfine.com\/wp-content\/uploads\/2024\/10\/Cocaine-Purity-99_.jpg\",\"width\":474,\"height\":221,\"caption\":\"Buy Cocaine Online\"},{\"@type\":\"BreadcrumbList\",\"@id\":\"https:\/\/chemsfine.com\/cocaine-purity-99\/#breadcrumb\",\"itemListElement\":[{\"@type\":\"ListItem\",\"position\":1,\"name\":\"Home\",\"item\":\"https:\/\/chemsfine.com\/\"},{\"@type\":\"ListItem\",\"position\":2,\"name\":\"Cocaine Purity 99%\"}]},{\"@type\":\"WebSite\",\"@id\":\"https:\/\/chemsfine.com\/#website\",\"url\":\"https:\/\/chemsfine.com\/\",\"name\":\"Chemsfine\",\"description\":\"My WordPress Blog\",\"publisher\":{\"@id\":\"https:\/\/chemsfine.com\/#organization\"},\"potentialAction\":[{\"@type\":\"SearchAction\",\"target\":{\"@type\":\"EntryPoint\",\"urlTemplate\":\"https:\/\/chemsfine.com\/?s={search_term_string}\"},\"query-input\":{\"@type\":\"PropertyValueSpecification\",\"valueRequired\":true,\"valueName\":\"search_term_string\"}}],\"inLanguage\":\"sv-SE\"},{\"@type\":\"Organization\",\"@id\":\"https:\/\/chemsfine.com\/#organization\",\"name\":\"Chemsfine\",\"url\":\"https:\/\/chemsfine.com\/\",\"logo\":{\"@type\":\"ImageObject\",\"inLanguage\":\"sv-SE\",\"@id\":\"https:\/\/chemsfine.com\/#\/schema\/logo\/image\/\",\"url\":\"https:\/\/chemsfine.com\/wp-content\/uploads\/2024\/09\/final-logo.png\",\"contentUrl\":\"https:\/\/chemsfine.com\/wp-content\/uploads\/2024\/09\/final-logo.png\",\"width\":340,\"height\":72,\"caption\":\"Chemsfine\"},\"image\":{\"@id\":\"https:\/\/chemsfine.com\/#\/schema\/logo\/image\/\"}}]}<\/script>\n<!-- \/ Yoast SEO plugin. -->","yoast_head_json":{"title":"K\u00f6p Cocaine Purity 99% online - Cocaine Purity 99% till salu","description":"P\u00e5 v\u00e5r chemsfine kan du f\u00e5 kokain Purity 99% till salu till billiga priser. H\u00e4r kan du k\u00f6pa cocaine Purity 99% online med h\u00f6g kvalitet fr\u00e5n v\u00e5r butik nu med snabb och s\u00e4ker leveransservice. Best\u00e4ll nu!","robots":{"index":"index","follow":"follow","max-snippet":"max-snippet:-1","max-image-preview":"max-image-preview:large","max-video-preview":"max-video-preview:-1"},"canonical":"https:\/\/chemsfine.com\/sv\/kokain-med-en-renhetsgrad-pa-99\/","og_locale":"sv_SE","og_type":"article","og_title":"Buy Cocaine Purity 99% Online - Cocaine Purity 99% for Sale","og_description":"At our chemsfine, you can get cocaine Purity 99% for sale at cheap rates. Here you can buy cocaine Purity 99% online with high-quality from our store now with fast & secure shipping service. Order Now!","og_url":"https:\/\/chemsfine.com\/sv\/kokain-med-en-renhetsgrad-pa-99\/","og_site_name":"Chemsfine","article_modified_time":"2025-06-09T14:08:33+00:00","og_image":[{"width":474,"height":221,"url":"https:\/\/chemsfine.com\/wp-content\/uploads\/2024\/10\/Cocaine-Purity-99_.jpg","type":"image\/jpeg"}],"twitter_card":"summary_large_image","twitter_misc":{"Ber\u00e4knad l\u00e4stid":"4 minuter"},"schema":{"@context":"https:\/\/schema.org","@graph":[{"@type":"WebPage","@id":"https:\/\/chemsfine.com\/cocaine-purity-99\/","url":"https:\/\/chemsfine.com\/cocaine-purity-99\/","name":"K\u00f6p Cocaine Purity 99% online - Cocaine Purity 99% till salu","isPartOf":{"@id":"https:\/\/chemsfine.com\/#website"},"primaryImageOfPage":{"@id":"https:\/\/chemsfine.com\/cocaine-purity-99\/#primaryimage"},"image":{"@id":"https:\/\/chemsfine.com\/cocaine-purity-99\/#primaryimage"},"thumbnailUrl":"https:\/\/chemsfine.com\/wp-content\/uploads\/2024\/10\/Cocaine-Purity-99_.jpg","datePublished":"2024-10-02T17:53:49+00:00","dateModified":"2025-06-09T14:08:33+00:00","description":"P\u00e5 v\u00e5r chemsfine kan du f\u00e5 kokain Purity 99% till salu till billiga priser. H\u00e4r kan du k\u00f6pa cocaine Purity 99% online med h\u00f6g kvalitet fr\u00e5n v\u00e5r butik nu med snabb och s\u00e4ker leveransservice. Best\u00e4ll nu!","breadcrumb":{"@id":"https:\/\/chemsfine.com\/cocaine-purity-99\/#breadcrumb"},"inLanguage":"sv-SE","potentialAction":[{"@type":"ReadAction","target":["https:\/\/chemsfine.com\/cocaine-purity-99\/"]}]},{"@type":"ImageObject","inLanguage":"sv-SE","@id":"https:\/\/chemsfine.com\/cocaine-purity-99\/#primaryimage","url":"https:\/\/chemsfine.com\/wp-content\/uploads\/2024\/10\/Cocaine-Purity-99_.jpg","contentUrl":"https:\/\/chemsfine.com\/wp-content\/uploads\/2024\/10\/Cocaine-Purity-99_.jpg","width":474,"height":221,"caption":"Buy Cocaine Online"},{"@type":"BreadcrumbList","@id":"https:\/\/chemsfine.com\/cocaine-purity-99\/#breadcrumb","itemListElement":[{"@type":"ListItem","position":1,"name":"Home","item":"https:\/\/chemsfine.com\/"},{"@type":"ListItem","position":2,"name":"Cocaine Purity 99%"}]},{"@type":"WebSite","@id":"https:\/\/chemsfine.com\/#website","url":"https:\/\/chemsfine.com\/","name":"Chemsfine","description":"Min WordPress-blogg","publisher":{"@id":"https:\/\/chemsfine.com\/#organization"},"potentialAction":[{"@type":"SearchAction","target":{"@type":"EntryPoint","urlTemplate":"https:\/\/chemsfine.com\/?s={search_term_string}"},"query-input":{"@type":"PropertyValueSpecification","valueRequired":true,"valueName":"search_term_string"}}],"inLanguage":"sv-SE"},{"@type":"Organization","@id":"https:\/\/chemsfine.com\/#organization","name":"Chemsfine","url":"https:\/\/chemsfine.com\/","logo":{"@type":"ImageObject","inLanguage":"sv-SE","@id":"https:\/\/chemsfine.com\/#\/schema\/logo\/image\/","url":"https:\/\/chemsfine.com\/wp-content\/uploads\/2024\/09\/final-logo.png","contentUrl":"https:\/\/chemsfine.com\/wp-content\/uploads\/2024\/09\/final-logo.png","width":340,"height":72,"caption":"Chemsfine"},"image":{"@id":"https:\/\/chemsfine.com\/#\/schema\/logo\/image\/"}}]}},"rttpg_featured_image_url":{"full":["https:\/\/chemsfine.com\/wp-content\/uploads\/2024\/10\/Cocaine-Purity-99_.jpg",474,221,false],"landscape":["https:\/\/chemsfine.com\/wp-content\/uploads\/2024\/10\/Cocaine-Purity-99_.jpg",474,221,false],"portraits":["https:\/\/chemsfine.com\/wp-content\/uploads\/2024\/10\/Cocaine-Purity-99_.jpg",474,221,false],"thumbnail":["https:\/\/chemsfine.com\/wp-content\/uploads\/2024\/10\/Cocaine-Purity-99_-150x150.jpg",150,150,true],"medium":["https:\/\/chemsfine.com\/wp-content\/uploads\/2024\/10\/Cocaine-Purity-99_-300x140.jpg",300,140,true],"large":["https:\/\/chemsfine.com\/wp-content\/uploads\/2024\/10\/Cocaine-Purity-99_.jpg",474,221,false],"1536x1536":["https:\/\/chemsfine.com\/wp-content\/uploads\/2024\/10\/Cocaine-Purity-99_.jpg",474,221,false],"2048x2048":["https:\/\/chemsfine.com\/wp-content\/uploads\/2024\/10\/Cocaine-Purity-99_.jpg",474,221,false],"trp-custom-language-flag":["https:\/\/chemsfine.com\/wp-content\/uploads\/2024\/10\/Cocaine-Purity-99_.jpg",18,8,false],"woocommerce_thumbnail":["https:\/\/chemsfine.com\/wp-content\/uploads\/2024\/10\/Cocaine-Purity-99_-300x221.jpg",300,221,true],"woocommerce_single":["https:\/\/chemsfine.com\/wp-content\/uploads\/2024\/10\/Cocaine-Purity-99_.jpg",474,221,false],"woocommerce_gallery_thumbnail":["https:\/\/chemsfine.com\/wp-content\/uploads\/2024\/10\/Cocaine-Purity-99_-150x150.jpg",150,150,true]},"rttpg_author":{"display_name":"chemsflog18","author_link":"https:\/\/chemsfine.com\/sv\/author\/chemsflog18\/"},"rttpg_comment":0,"rttpg_category":null,"rttpg_excerpt":"Buz Cocaine With Purity 99%, Cocaine is a powerful stimulant drug derived from the coca&hellip;","_links":{"self":[{"href":"https:\/\/chemsfine.com\/sv\/wp-json\/wp\/v2\/pages\/1139","targetHints":{"allow":["GET"]}}],"collection":[{"href":"https:\/\/chemsfine.com\/sv\/wp-json\/wp\/v2\/pages"}],"about":[{"href":"https:\/\/chemsfine.com\/sv\/wp-json\/wp\/v2\/types\/page"}],"author":[{"embeddable":true,"href":"https:\/\/chemsfine.com\/sv\/wp-json\/wp\/v2\/users\/1"}],"replies":[{"embeddable":true,"href":"https:\/\/chemsfine.com\/sv\/wp-json\/wp\/v2\/comments?post=1139"}],"version-history":[{"count":0,"href":"https:\/\/chemsfine.com\/sv\/wp-json\/wp\/v2\/pages\/1139\/revisions"}],"wp:featuredmedia":[{"embeddable":true,"href":"https:\/\/chemsfine.com\/sv\/wp-json\/wp\/v2\/media\/1140"}],"wp:attachment":[{"href":"https:\/\/chemsfine.com\/sv\/wp-json\/wp\/v2\/media?parent=1139"}],"curies":[{"name":"wp","href":"https:\/\/api.w.org\/{rel}","templated":true}]}}