{"id":1302,"date":"2024-10-07T05:50:02","date_gmt":"2024-10-07T05:50:02","guid":{"rendered":"https:\/\/chemsfine.com\/?page_id=1302"},"modified":"2024-10-07T05:54:57","modified_gmt":"2024-10-07T05:54:57","slug":"om-oss","status":"publish","type":"page","link":"https:\/\/chemsfine.com\/sv\/about-us\/","title":{"rendered":"Om oss"},"content":{"rendered":"<div class=\"col-md-8\">\n<article id=\"entry-30\" class=\"entry post-30 page type-page status-publish hentry\">\n<div class=\"entry-content group\">\n<p style=\"text-align: justify;\">Hej, mitt namn \u00e4r <strong>John<\/strong>och jag \u00e4r specialiserad p\u00e5 att skriva informativt och marknadsf\u00f6rande inneh\u00e5ll om ett brett spektrum av \u00e4mnen, med s\u00e4rskilt fokus p\u00e5 <strong>forskningskemikalier<\/strong>, <strong>farmaceutiska pulver<\/strong>och andra nischomr\u00e5den inom den kemiska och vetenskapliga industrin. Genom \u00e5ren har jag \u00e4gnat min tid och expertis \u00e5t att hj\u00e4lpa privatpersoner och f\u00f6retag att f\u00f6rst\u00e5 komplexiteten i dessa \u00e4mnen, samtidigt som jag tillhandah\u00e5ller tillf\u00f6rlitlig och aktuell information som de kan lita p\u00e5.<\/p>\n<p style=\"text-align: justify;\">Med en stark bakgrund inom vetenskaplig forskning och skrivande \u00e4r mitt m\u00e5l att \u00f6verbrygga klyftan mellan mycket tekniska \u00e4mnen och den vardagliga konsumenten. Jag har ett n\u00e4ra samarbete med experter inom olika omr\u00e5den f\u00f6r att s\u00e4kerst\u00e4lla att mitt inneh\u00e5ll \u00e4r korrekt, v\u00e4l underbyggt och l\u00e4tt att f\u00f6rst\u00e5 f\u00f6r l\u00e4sare p\u00e5 alla niv\u00e5er. Oavsett om du \u00e4r en erfaren yrkesman inom l\u00e4kemedels- eller kemiindustrin eller n\u00e5gon som precis har b\u00f6rjat utforska dessa omr\u00e5den, \u00e4r mitt inneh\u00e5ll skr\u00e4ddarsytt f\u00f6r att ge dig de insikter och kunskaper du beh\u00f6ver.<\/p>\n<p style=\"text-align: justify;\">F\u00f6rutom att skriva om <strong>forskningskemikalier<\/strong> och <strong>farmaceutiska pulver<\/strong>Jag unders\u00f6ker ocks\u00e5 relaterade omr\u00e5den som h\u00e4lso- och h\u00e4lsoprodukter, kemiska f\u00f6reningar som anv\u00e4nds inom vetenskaplig forskning och branschtrender som p\u00e5verkar dessa marknader. Jag brinner f\u00f6r att tillhandah\u00e5lla tydlig och koncis information som hj\u00e4lper m\u00e4nniskor att fatta v\u00e4lgrundade beslut, oavsett om de bedriver forskning, letar efter nya leverant\u00f6rer eller \u00e4r intresserade av att l\u00e4ra sig mer om de \u00e4mnen de anv\u00e4nder.<\/p>\n<p style=\"text-align: justify;\">Mina texter \u00e4r inte bara utformade f\u00f6r att informera utan ocks\u00e5 f\u00f6r att fr\u00e4mja ansvarsfull anv\u00e4ndning och f\u00f6rst\u00e5else av dessa produkter. Jag tror att jag genom att erbjuda h\u00f6gkvalitativt, faktabaserat inneh\u00e5ll kan bidra till en s\u00e4krare och mer kunnig gemenskap av konsumenter och yrkesverksamma. Fr\u00e5n produktrecensioner till djupg\u00e5ende artiklar om den senaste utvecklingen inom kemisk forskning - mitt arbete syftar till att t\u00e4cka alla aspekter av denna st\u00e4ndigt f\u00f6r\u00e4nderliga bransch.<\/p>\n<p style=\"text-align: justify;\">Ut\u00f6ver tekniskt inneh\u00e5ll skapar jag ocks\u00e5 engagerande reklammaterial f\u00f6r f\u00f6retag som \u00e4r verksamma inom <strong>forskningskemikalie<\/strong> och <strong>farmaceutiskt pulver<\/strong> branscher. Detta inkluderar att skapa \u00f6vertygande produktbeskrivningar, utveckla marknadsf\u00f6ringsstrategier och skriva SEO-optimerat inneh\u00e5ll som hj\u00e4lper f\u00f6retag att f\u00e5 kontakt med sin m\u00e5lgrupp. Mitt fokus ligger p\u00e5 att hj\u00e4lpa f\u00f6retag att lyckas genom att f\u00f6rse dem med de verktyg och det inneh\u00e5ll de beh\u00f6ver f\u00f6r att st\u00e4rka sitt varum\u00e4rke och etablera sig som p\u00e5litliga akt\u00f6rer p\u00e5 marknaden.<\/p>\n<p style=\"text-align: justify;\">N\u00e4r jag inte skriver eller g\u00f6r research tycker jag om att h\u00e5lla mig uppdaterad om de senaste nyheterna och trenderna inom branschen. Jag l\u00e4r mig st\u00e4ndigt och f\u00f6rfinar mina f\u00e4rdigheter f\u00f6r att s\u00e4kerst\u00e4lla att det inneh\u00e5ll jag skapar inte bara \u00e4r korrekt utan ocks\u00e5 relevant f\u00f6r dagens snabba marknad. Mitt arbete \u00e4r en \u00e5terspegling av mitt engagemang f\u00f6r excellens och min passion f\u00f6r de \u00e4mnen jag t\u00e4cker.<\/p>\n<p style=\"text-align: justify;\">Tack f\u00f6r att du bes\u00f6ker min webbplats, och jag hoppas att du tycker att den information jag tillhandah\u00e5ller \u00e4r b\u00e5de anv\u00e4ndbar och insiktsfull. Om du har n\u00e5gra fr\u00e5gor eller vill diskutera specifika \u00e4mnen mer detaljerat \u00e4r du v\u00e4lkommen att h\u00f6ra av dig. Jag \u00e4r alltid glad att f\u00e5 kontakt med l\u00e4sare, forskare och f\u00f6retag som delar mitt intresse f\u00f6r <strong>forskningskemikalier<\/strong>, <strong>farmaceutiska pulver<\/strong>, och det bredare vetenskapliga samfundet.<\/p>\n<\/div>\n<\/article>\n<\/div>","protected":false},"excerpt":{"rendered":"<p>Hello, my name is John, and I specialize in writing informative and promotional content on&hellip;<\/p>","protected":false},"author":1,"featured_media":0,"parent":0,"menu_order":0,"comment_status":"closed","ping_status":"closed","template":"","meta":{"_joinchat":[],"footnotes":""},"class_list":["post-1302","page","type-page","status-publish","hentry"],"yoast_head":"<!-- This site is optimized with the Yoast SEO plugin v27.2 - https:\/\/yoast.com\/product\/yoast-seo-wordpress\/ -->\n<title>Drugs - Chemsfine<\/title>\n<meta name=\"description\" content=\"Drugs, Providing accurate, impartial information on more than 24000 prescription drugs and OTC medications.\" \/>\n<meta name=\"robots\" content=\"index, follow, max-snippet:-1, max-image-preview:large, max-video-preview:-1\" \/>\n<link rel=\"canonical\" href=\"https:\/\/chemsfine.com\/sv\/om-oss\/\" \/>\n<meta property=\"og:locale\" content=\"sv_SE\" \/>\n<meta property=\"og:type\" content=\"article\" \/>\n<meta property=\"og:title\" content=\"Drugs - Chemsfine\" \/>\n<meta property=\"og:description\" content=\"Drugs, Providing accurate, impartial information on more than 24000 prescription drugs and OTC medications.\" \/>\n<meta property=\"og:url\" content=\"https:\/\/chemsfine.com\/sv\/om-oss\/\" \/>\n<meta property=\"og:site_name\" content=\"Chemsfine\" \/>\n<meta property=\"article:modified_time\" content=\"2024-10-07T05:54:57+00:00\" \/>\n<meta name=\"twitter:card\" content=\"summary_large_image\" \/>\n<meta name=\"twitter:label1\" content=\"Ber\u00e4knad l\u00e4stid\" \/>\n\t<meta name=\"twitter:data1\" content=\"3 minuter\" \/>\n<script type=\"application\/ld+json\" class=\"yoast-schema-graph\">{\"@context\":\"https:\/\/schema.org\",\"@graph\":[{\"@type\":\"WebPage\",\"@id\":\"https:\/\/chemsfine.com\/about-us\/\",\"url\":\"https:\/\/chemsfine.com\/about-us\/\",\"name\":\"Drugs - Chemsfine\",\"isPartOf\":{\"@id\":\"https:\/\/chemsfine.com\/#website\"},\"datePublished\":\"2024-10-07T05:50:02+00:00\",\"dateModified\":\"2024-10-07T05:54:57+00:00\",\"description\":\"Drugs, Providing accurate, impartial information on more than 24000 prescription drugs and OTC medications.\",\"breadcrumb\":{\"@id\":\"https:\/\/chemsfine.com\/about-us\/#breadcrumb\"},\"inLanguage\":\"sv-SE\",\"potentialAction\":[{\"@type\":\"ReadAction\",\"target\":[\"https:\/\/chemsfine.com\/about-us\/\"]}]},{\"@type\":\"BreadcrumbList\",\"@id\":\"https:\/\/chemsfine.com\/about-us\/#breadcrumb\",\"itemListElement\":[{\"@type\":\"ListItem\",\"position\":1,\"name\":\"Home\",\"item\":\"https:\/\/chemsfine.com\/\"},{\"@type\":\"ListItem\",\"position\":2,\"name\":\"About us\"}]},{\"@type\":\"WebSite\",\"@id\":\"https:\/\/chemsfine.com\/#website\",\"url\":\"https:\/\/chemsfine.com\/\",\"name\":\"Chemsfine\",\"description\":\"My WordPress Blog\",\"publisher\":{\"@id\":\"https:\/\/chemsfine.com\/#organization\"},\"potentialAction\":[{\"@type\":\"SearchAction\",\"target\":{\"@type\":\"EntryPoint\",\"urlTemplate\":\"https:\/\/chemsfine.com\/?s={search_term_string}\"},\"query-input\":{\"@type\":\"PropertyValueSpecification\",\"valueRequired\":true,\"valueName\":\"search_term_string\"}}],\"inLanguage\":\"sv-SE\"},{\"@type\":\"Organization\",\"@id\":\"https:\/\/chemsfine.com\/#organization\",\"name\":\"Chemsfine\",\"url\":\"https:\/\/chemsfine.com\/\",\"logo\":{\"@type\":\"ImageObject\",\"inLanguage\":\"sv-SE\",\"@id\":\"https:\/\/chemsfine.com\/#\/schema\/logo\/image\/\",\"url\":\"https:\/\/chemsfine.com\/wp-content\/uploads\/2024\/09\/final-logo.png\",\"contentUrl\":\"https:\/\/chemsfine.com\/wp-content\/uploads\/2024\/09\/final-logo.png\",\"width\":340,\"height\":72,\"caption\":\"Chemsfine\"},\"image\":{\"@id\":\"https:\/\/chemsfine.com\/#\/schema\/logo\/image\/\"}}]}<\/script>\n<!-- \/ Yoast SEO plugin. -->","yoast_head_json":{"title":"L\u00e4kemedel - Chemsfine","description":"Drugs, tillhandah\u00e5ller korrekt, opartisk information om mer \u00e4n 24000 receptbelagda l\u00e4kemedel och receptfria l\u00e4kemedel.","robots":{"index":"index","follow":"follow","max-snippet":"max-snippet:-1","max-image-preview":"max-image-preview:large","max-video-preview":"max-video-preview:-1"},"canonical":"https:\/\/chemsfine.com\/sv\/om-oss\/","og_locale":"sv_SE","og_type":"article","og_title":"Drugs - Chemsfine","og_description":"Drugs, Providing accurate, impartial information on more than 24000 prescription drugs and OTC medications.","og_url":"https:\/\/chemsfine.com\/sv\/om-oss\/","og_site_name":"Chemsfine","article_modified_time":"2024-10-07T05:54:57+00:00","twitter_card":"summary_large_image","twitter_misc":{"Ber\u00e4knad l\u00e4stid":"3 minuter"},"schema":{"@context":"https:\/\/schema.org","@graph":[{"@type":"WebPage","@id":"https:\/\/chemsfine.com\/about-us\/","url":"https:\/\/chemsfine.com\/about-us\/","name":"L\u00e4kemedel - Chemsfine","isPartOf":{"@id":"https:\/\/chemsfine.com\/#website"},"datePublished":"2024-10-07T05:50:02+00:00","dateModified":"2024-10-07T05:54:57+00:00","description":"Drugs, tillhandah\u00e5ller korrekt, opartisk information om mer \u00e4n 24000 receptbelagda l\u00e4kemedel och receptfria l\u00e4kemedel.","breadcrumb":{"@id":"https:\/\/chemsfine.com\/about-us\/#breadcrumb"},"inLanguage":"sv-SE","potentialAction":[{"@type":"ReadAction","target":["https:\/\/chemsfine.com\/about-us\/"]}]},{"@type":"BreadcrumbList","@id":"https:\/\/chemsfine.com\/about-us\/#breadcrumb","itemListElement":[{"@type":"ListItem","position":1,"name":"Home","item":"https:\/\/chemsfine.com\/"},{"@type":"ListItem","position":2,"name":"About us"}]},{"@type":"WebSite","@id":"https:\/\/chemsfine.com\/#website","url":"https:\/\/chemsfine.com\/","name":"Chemsfine","description":"Min WordPress-blogg","publisher":{"@id":"https:\/\/chemsfine.com\/#organization"},"potentialAction":[{"@type":"SearchAction","target":{"@type":"EntryPoint","urlTemplate":"https:\/\/chemsfine.com\/?s={search_term_string}"},"query-input":{"@type":"PropertyValueSpecification","valueRequired":true,"valueName":"search_term_string"}}],"inLanguage":"sv-SE"},{"@type":"Organization","@id":"https:\/\/chemsfine.com\/#organization","name":"Chemsfine","url":"https:\/\/chemsfine.com\/","logo":{"@type":"ImageObject","inLanguage":"sv-SE","@id":"https:\/\/chemsfine.com\/#\/schema\/logo\/image\/","url":"https:\/\/chemsfine.com\/wp-content\/uploads\/2024\/09\/final-logo.png","contentUrl":"https:\/\/chemsfine.com\/wp-content\/uploads\/2024\/09\/final-logo.png","width":340,"height":72,"caption":"Chemsfine"},"image":{"@id":"https:\/\/chemsfine.com\/#\/schema\/logo\/image\/"}}]}},"rttpg_featured_image_url":null,"rttpg_author":{"display_name":"chemsflog18","author_link":"https:\/\/chemsfine.com\/sv\/author\/chemsflog18\/"},"rttpg_comment":0,"rttpg_category":null,"rttpg_excerpt":"Hello, my name is John, and I specialize in writing informative and promotional content on&hellip;","_links":{"self":[{"href":"https:\/\/chemsfine.com\/sv\/wp-json\/wp\/v2\/pages\/1302","targetHints":{"allow":["GET"]}}],"collection":[{"href":"https:\/\/chemsfine.com\/sv\/wp-json\/wp\/v2\/pages"}],"about":[{"href":"https:\/\/chemsfine.com\/sv\/wp-json\/wp\/v2\/types\/page"}],"author":[{"embeddable":true,"href":"https:\/\/chemsfine.com\/sv\/wp-json\/wp\/v2\/users\/1"}],"replies":[{"embeddable":true,"href":"https:\/\/chemsfine.com\/sv\/wp-json\/wp\/v2\/comments?post=1302"}],"version-history":[{"count":0,"href":"https:\/\/chemsfine.com\/sv\/wp-json\/wp\/v2\/pages\/1302\/revisions"}],"wp:attachment":[{"href":"https:\/\/chemsfine.com\/sv\/wp-json\/wp\/v2\/media?parent=1302"}],"curies":[{"name":"wp","href":"https:\/\/api.w.org\/{rel}","templated":true}]}}