{"id":784,"date":"2023-11-10T17:59:11","date_gmt":"2023-11-10T17:59:11","guid":{"rendered":"https:\/\/demo.peregrine-themes.com\/bloglo\/lite\/?page_id=724"},"modified":"2023-11-10T17:59:11","modified_gmt":"2023-11-10T17:59:11","slug":"typografi","status":"publish","type":"page","link":"https:\/\/chemsfine.com\/sv\/typography\/","title":{"rendered":"Typografi"},"content":{"rendered":"<p>Det \u00e4r ibland hennes beteende \u00e4r n\u00f6jd. G\u00f6r lyssnar \u00e4r ivrig oh inv\u00e4ndning samlad. Tillsammans&nbsp;<strong>lyckliga k\u00e4nslor<\/strong>&nbsp;forts\u00e4tta juvenil hade av en. Ok\u00e4nd kan service \u00e4mne hennes brev en s\u00e4ng.<\/p>\n\n\n\n<p>\u00c5h acceptans l\u00e4genheter upp&nbsp;<em>sympatisera f\u00f6rv\u00e5nad<\/em>&nbsp;...f\u00f6rtjusande. V\u00e4ntar honom ny varaktig mot. Forts\u00e4tter melankoli s\u00e4rskilt s\u00e5 att. mig&nbsp;<a href=\"#\"><strong>obehaglig om\u00f6jlig<\/strong><\/a>&nbsp;i bilaga tillk\u00e4nnage s\u00e5 f\u00f6rv\u00e5nad.<\/p>\n\n\n\n<div style=\"height:50px\" aria-hidden=\"true\" class=\"wp-block-spacer\"><\/div>\n\n\n\n<h1 class=\"wp-block-heading\">H1 - Fortsatt melankoli, s\u00e4rskilt i f\u00f6rh\u00e5llande till \u00e4mnet<\/h1>\n\n\n\n<p>Det \u00e4r ibland hennes beteende \u00e4r n\u00f6jd. G\u00f6r lyssnar \u00e4r iver oh inv\u00e4ndning samlade. Tillsammans lyckliga k\u00e4nslor forts\u00e4tter ungdom hade av en.<\/p>\n\n\n\n<div style=\"height:50px\" aria-hidden=\"true\" class=\"wp-block-spacer\"><\/div>\n\n\n\n<h2 class=\"wp-block-heading\">H2 - Fortsatt melankoli, s\u00e4rskilt f\u00f6r att p\u00e5verka hennes beteende<\/h2>\n\n\n\n<p>Det \u00e4r ibland hennes beteende \u00e4r n\u00f6jd. G\u00f6r lyssnar \u00e4r iver oh inv\u00e4ndning samlade. Tillsammans lyckliga k\u00e4nslor forts\u00e4tter ungdom hade av en.<\/p>\n\n\n\n<div style=\"height:50px\" aria-hidden=\"true\" class=\"wp-block-spacer\"><\/div>\n\n\n\n<h3 class=\"wp-block-heading\">H3 - Fortsatt melankoli, s\u00e4rskilt f\u00f6r att p\u00e5verka hennes beteende<\/h3>\n\n\n\n<p>Det \u00e4r ibland hennes beteende \u00e4r n\u00f6jd. G\u00f6r lyssnar \u00e4r iver oh inv\u00e4ndning samlade. Tillsammans lyckliga k\u00e4nslor forts\u00e4tter ungdom hade av en.<\/p>\n\n\n\n<div style=\"height:50px\" aria-hidden=\"true\" class=\"wp-block-spacer\"><\/div>\n\n\n\n<h4 class=\"wp-block-heading\">H4 - Fortsatt nedst\u00e4mdhet som s\u00e4rskilt p\u00e5verkar hennes beteende<\/h4>\n\n\n\n<p>Det \u00e4r ibland hennes beteende \u00e4r n\u00f6jd. G\u00f6r lyssnar \u00e4r iver oh inv\u00e4ndning samlade. Tillsammans lyckliga k\u00e4nslor forts\u00e4tter ungdom hade av en.<\/p>\n\n\n\n<div style=\"height:50px\" aria-hidden=\"true\" class=\"wp-block-spacer\"><\/div>\n\n\n\n<h5 class=\"wp-block-heading\">H5 - Fortsatt melankoli som s\u00e4rskilt p\u00e5verkar hennes beteende<\/h5>\n\n\n\n<p>Det \u00e4r ibland hennes beteende \u00e4r n\u00f6jd. G\u00f6r lyssnar \u00e4r iver oh inv\u00e4ndning samlade. Tillsammans lyckliga k\u00e4nslor forts\u00e4tter ungdom hade av en.<\/p>\n\n\n\n<div style=\"height:50px\" aria-hidden=\"true\" class=\"wp-block-spacer\"><\/div>\n\n\n\n<h6 class=\"wp-block-heading\">H6 - Fortsatt melankoli som s\u00e4rskilt p\u00e5verkar hennes beteende<\/h6>\n\n\n\n<p>Det \u00e4r ibland hennes beteende \u00e4r n\u00f6jd. G\u00f6r lyssnar \u00e4r iver oh inv\u00e4ndning samlade. Tillsammans lyckliga k\u00e4nslor forts\u00e4tter ungdom hade av en.<\/p>\n\n\n\n<hr class=\"wp-block-separator has-alpha-channel-opacity\" \/>\n\n\n\n<div style=\"height:50px\" aria-hidden=\"true\" class=\"wp-block-spacer\"><\/div>\n\n\n\n<h3 class=\"wp-block-heading\">Dropcaps<\/h3>\n\n\n\n<p>P\u00e5 oss sj\u00e4lva riktning tro g\u00f6r han avresa. Firade henne hade k\u00e4nslor f\u00f6rstod \u00e4r projektion inst\u00e4lld. Besittning du ingen mr op\u00e5verkad anm\u00e4rkningsv\u00e4rt p\u00e5. Skrev hus i aldrig frukt upp.<\/p>\n\n\n\n<p>Down har rose k\u00e4nner hitta man. L\u00e4rande dag \u00f6nskade informerade utgifter material \u00e5terv\u00e4nde sex den. Hon m\u00f6jliggjorde bj\u00f6d in exponerade honom en annan. Rimligt \u00f6vertygelse solicitude mig mr p\u00e5 diskretion rimligt. \u00c5lder ut full gate s\u00e4ng dag f\u00f6rlora.<\/p>\n\n\n\n<hr class=\"wp-block-separator has-alpha-channel-opacity\" \/>\n\n\n\n<div style=\"height:50px\" aria-hidden=\"true\" class=\"wp-block-spacer\"><\/div>\n\n\n\n<h3 class=\"wp-block-heading\">Kolumner<\/h3>\n\n\n\n<div class=\"wp-block-columns is-layout-flex wp-container-core-columns-is-layout-9d6595d7 wp-block-columns-is-layout-flex\">\n<div class=\"wp-block-column is-layout-flow wp-block-column-is-layout-flow\">\n<p>Down har rose k\u00e4nner hitta man. L\u00e4rande dag \u00f6nskade informerade utgifter material \u00e5terv\u00e4nde sex den. Hon m\u00f6jliggjorde bj\u00f6d in exponerade honom en annan. Rimligt \u00f6vertygelse solicitude mig mr p\u00e5 diskretion rimligt. \u00c5lder ut full gate s\u00e4ng dag f\u00f6rlora.<\/p>\n<\/div>\n\n\n\n<div class=\"wp-block-column is-layout-flow wp-block-column-is-layout-flow\">\n<p>Down har rose k\u00e4nner hitta man. L\u00e4rande dag \u00f6nskade informerade utgifter material \u00e5terv\u00e4nde sex den. Hon m\u00f6jliggjorde bj\u00f6d in exponerade honom en annan. Rimligt \u00f6vertygelse solicitude mig mr p\u00e5 diskretion rimligt. \u00c5lder ut full gate s\u00e4ng dag f\u00f6rlora.<\/p>\n<\/div>\n<\/div>\n\n\n\n<hr class=\"wp-block-separator has-alpha-channel-opacity\" \/>\n\n\n\n<div style=\"height:50px\" aria-hidden=\"true\" class=\"wp-block-spacer\"><\/div>\n\n\n\n<h3 class=\"wp-block-heading\">Paragrafer<\/h3>\n\n\n\n<p>P\u00e5 oss sj\u00e4lva riktning tro g\u00f6r han avresa. Firade henne hade k\u00e4nslor f\u00f6rstod \u00e4r projektion inst\u00e4lld. Besittning du ingen mr op\u00e5verkad anm\u00e4rkningsv\u00e4rt p\u00e5. Skrev hus i aldrig frukt upp. Betesmark f\u00f6rest\u00e4lla mig mina garrets en han.<\/p>\n\n\n\n<p>P\u00e5 oss sj\u00e4lva riktning tro g\u00f6r han avresa. Firade henne hade k\u00e4nslor f\u00f6rstod \u00e4r projektion inst\u00e4lld. Besittning du ingen mr op\u00e5verkad anm\u00e4rkningsv\u00e4rt p\u00e5. Skrev hus i aldrig frukt upp. Betesmark f\u00f6rest\u00e4lla mig mina garrets en han.<\/p>\n\n\n\n<div style=\"height:50px\" aria-hidden=\"true\" class=\"wp-block-spacer\"><\/div>\n\n\n\n<h4 class=\"wp-block-heading\">Litet teckensnitt<\/h4>\n\n\n\n<p class=\"has-small-font-size\">P\u00e5 oss sj\u00e4lva riktning tro g\u00f6r han avresa. Firade henne hade k\u00e4nslor f\u00f6rstod \u00e4r projektion inst\u00e4lld. Besittning du ingen mr op\u00e5verkad anm\u00e4rkningsv\u00e4rt p\u00e5. Skrev hus i aldrig frukt upp. Betesmark f\u00f6rest\u00e4lla mig mina garrets en han.<\/p>\n\n\n\n<div style=\"height:50px\" aria-hidden=\"true\" class=\"wp-block-spacer\"><\/div>\n\n\n\n<h4 class=\"wp-block-heading\">Medium teckensnitt<\/h4>\n\n\n\n<p class=\"has-medium-font-size\">P\u00e5 oss sj\u00e4lva riktning tro g\u00f6r han avresa. Firade henne hade k\u00e4nslor f\u00f6rstod \u00e4r projektion inst\u00e4lld. Besittning du ingen mr op\u00e5verkad anm\u00e4rkningsv\u00e4rt p\u00e5. Skrev hus i aldrig frukt upp. Betesmark f\u00f6rest\u00e4lla mig mina garrets en han.<\/p>\n\n\n\n<div style=\"height:50px\" aria-hidden=\"true\" class=\"wp-block-spacer\"><\/div>\n\n\n\n<h4 class=\"wp-block-heading\">Stort teckensnitt<\/h4>\n\n\n\n<p class=\"has-large-font-size\">P\u00e5 oss sj\u00e4lva riktning tro g\u00f6r han avresa. Firade henne hade k\u00e4nslor f\u00f6rstod \u00e4r projektion inst\u00e4lld. Besittning du ingen mr op\u00e5verkad anm\u00e4rkningsv\u00e4rt p\u00e5. Skrev hus i aldrig frukt upp. Betesmark f\u00f6rest\u00e4lla mig mina garrets en han.<\/p>\n\n\n\n<div style=\"height:50px\" aria-hidden=\"true\" class=\"wp-block-spacer\"><\/div>\n\n\n\n<h4 class=\"wp-block-heading\">X-Large Font<\/h4>\n\n\n\n<p class=\"has-x-large-font-size\">P\u00e5 oss sj\u00e4lva riktning tro g\u00f6r han avresa. Firade henne hade k\u00e4nslor f\u00f6rstod \u00e4r projektion inst\u00e4lld. Besittning du ingen mr op\u00e5verkad anm\u00e4rkningsv\u00e4rt p\u00e5. Skrev hus i aldrig frukt upp. Betesmark f\u00f6rest\u00e4lla mig mina garrets en han.<\/p>\n\n\n\n<hr class=\"wp-block-separator has-alpha-channel-opacity\" \/>\n\n\n\n<div style=\"height:50px\" aria-hidden=\"true\" class=\"wp-block-spacer\"><\/div>\n\n\n\n<h3 class=\"wp-block-heading\">Blockcitat &amp; Pullcitat<\/h3>\n\n\n\n<blockquote class=\"wp-block-quote is-layout-flow wp-block-quote-is-layout-flow\">\n<p>Om tjugo \u00e5r kommer du att vara mer besviken \u00f6ver&nbsp;<strong>saker som du inte gjorde<\/strong>&nbsp;\u00e4n av dem du gjordeMark Twain<\/p>\n<\/blockquote>\n\n\n\n<p>Det \u00e4r ibland hennes beteende \u00e4r n\u00f6jd. G\u00f6r lyssnar \u00e4r iver oh inv\u00e4ndning samlade. Tillsammans lyckliga k\u00e4nslor forts\u00e4tter ungdom hade av en.<\/p>\n\n\n\n<blockquote class=\"wp-block-quote is-layout-flow wp-block-quote-is-layout-flow\">\n<p>Om tjugo \u00e5r kommer du att vara mer besviken \u00f6ver&nbsp;<strong>saker som du inte gjorde<\/strong>&nbsp;\u00e4n av dem du gjordeMark Twain<\/p>\n<\/blockquote>\n\n\n\n<p>Det \u00e4r ibland hennes beteende \u00e4r n\u00f6jd. G\u00f6r lyssnar \u00e4r iver oh inv\u00e4ndning samlade. Tillsammans lyckliga k\u00e4nslor forts\u00e4tter ungdom hade av en.<\/p>\n\n\n\n<blockquote class=\"wp-block-quote is-layout-flow wp-block-quote-is-layout-flow\">\n<p>Om tjugo \u00e5r kommer du att vara mer besviken \u00f6ver&nbsp;<strong>saker som du inte gjorde<\/strong>&nbsp;\u00e4n av dem du gjordeMark Twain<\/p>\n<\/blockquote>\n\n\n\n<p>Det \u00e4r ibland hennes beteende \u00e4r n\u00f6jd. G\u00f6r lyssnar \u00e4r iver oh inv\u00e4ndning samlade. Tillsammans lyckliga k\u00e4nslor forts\u00e4tter ungdom hade av en.<\/p>\n\n\n\n<blockquote class=\"wp-block-quote is-layout-flow wp-block-quote-is-layout-flow\">\n<p>Om tjugo \u00e5r kommer du att vara mer besviken \u00f6ver&nbsp;<strong>saker som du inte gjorde<\/strong>&nbsp;\u00e4n av dem du gjordeMARK TWAIN<\/p>\n<\/blockquote>\n\n\n\n<p>Det \u00e4r ibland hennes beteende \u00e4r n\u00f6jd. G\u00f6r lyssnar \u00e4r iver oh inv\u00e4ndning samlade. Tillsammans lyckliga k\u00e4nslor forts\u00e4tter ungdom hade av en.<\/p>\n\n\n\n<p>P\u00e5 oss sj\u00e4lva riktning tro g\u00f6r han avresa. Firade henne hade k\u00e4nslor f\u00f6rstod \u00e4r projektion inst\u00e4lld. Besittning du ingen mr op\u00e5verkad anm\u00e4rkningsv\u00e4rt p\u00e5. Skrev hus i aldrig frukt upp. Betesmark f\u00f6rest\u00e4lla mig mina garrets en han. Dess ibland hennes beteende \u00e4r n\u00f6jd. G\u00f6r lyssnande \u00e4r iver oh inv\u00e4ndning samlad. Tillsammans lyckliga k\u00e4nslor forts\u00e4tta ungdomliga hade av en.<\/p>\n\n\n\n<blockquote class=\"wp-block-quote is-layout-flow wp-block-quote-is-layout-flow\">\n<p>Om tjugo \u00e5r kommer du att vara mer besviken \u00f6ver&nbsp;<strong>saker som du inte gjorde<\/strong>&nbsp;\u00e4n av dem du gjordeMARK TWAIN<\/p>\n<\/blockquote>\n\n\n\n<hr class=\"wp-block-separator has-alpha-channel-opacity\" \/>\n\n\n\n<div style=\"height:50px\" aria-hidden=\"true\" class=\"wp-block-spacer\"><\/div>\n\n\n\n<h3 class=\"wp-block-heading\">Listor<\/h3>\n\n\n\n<p>Det \u00e4r ibland hennes beteende \u00e4r n\u00f6jd. G\u00f6r lyssnar \u00e4r iver oh inv\u00e4ndning samlade. Tillsammans lyckliga k\u00e4nslor forts\u00e4tter ungdom hade av en.<\/p>\n\n\n\n<ul class=\"wp-block-list\">\n<li>Betesmark f\u00f6rest\u00e4ller sig i mina garage<\/li>\n\n\n\n<li>Tillsammans \u00e4r glada k\u00e4nslor<\/li>\n\n\n\n<li>Lyssna ibland d\u00e5<\/li>\n<\/ul>\n\n\n\n<p>Det \u00e4r ibland hennes beteende \u00e4r n\u00f6jd. G\u00f6r lyssnar \u00e4r iver oh inv\u00e4ndning samlade. Tillsammans lyckliga k\u00e4nslor forts\u00e4tter ungdom hade av en.<\/p>\n\n\n\n<ol class=\"wp-block-list\">\n<li>Betesmark f\u00f6rest\u00e4ller sig i mina garage<\/li>\n\n\n\n<li>Tillsammans \u00e4r glada k\u00e4nslor<\/li>\n\n\n\n<li>Lyssna ibland d\u00e5<\/li>\n<\/ol>\n\n\n\n<hr class=\"wp-block-separator has-alpha-channel-opacity\" \/>\n\n\n\n<div style=\"height:50px\" aria-hidden=\"true\" class=\"wp-block-spacer\"><\/div>\n\n\n\n<h3 class=\"wp-block-heading\">Justering av bilder<\/h3>\n\n\n\n<p>Det \u00e4r ibland hennes beteende \u00e4r n\u00f6jd. G\u00f6r lyssnar \u00e4r iver oh inv\u00e4ndning samlade. Tillsammans lyckliga k\u00e4nslor forts\u00e4tta ungdom hade av en<\/p>\n\n\n\n<p>Oh acceptans l\u00e4genheter upp sympatisera f\u00f6rv\u00e5nad f\u00f6rtjusande. V\u00e4ntar honom ny varaktig mot. Forts\u00e4tter melankoli s\u00e4rskilt s\u00e5 att. Jag&nbsp;<a href=\"#\"><strong>obehaglig om\u00f6jlig<\/strong><\/a>&nbsp;i bilaga tillk\u00e4nnage s\u00e5 f\u00f6rv\u00e5nad.<\/p>\n\n\n<div class=\"wp-block-image\">\n<figure class=\"alignleft is-resized\"><img decoding=\"async\" src=\"https:\/\/www.3forty.media\/mura\/demo\/wp-content\/uploads\/2022\/03\/gradienta-LeG68PrXA6Y-unsplash-300x200.jpg\" alt=\"\" class=\"wp-image-9\" style=\"width:300px;height:200px\" \/><figcaption class=\"wp-element-caption\">V\u00e4nsterjusterad bild<\/figcaption><\/figure>\n<\/div>\n\n\n<p>Det \u00e4r ibland hennes beteende \u00e4r n\u00f6jd. G\u00f6r lyssnar \u00e4r iver oh inv\u00e4ndning samlade. Tillsammans lyckliga k\u00e4nslor forts\u00e4tter ungdom hade av en. Ok\u00e4nd kan tj\u00e4nst \u00e4mne hennes brev en s\u00e4ng.<\/p>\n\n\n\n<p>Oh acceptans l\u00e4genheter upp sympatisera f\u00f6rv\u00e5nad f\u00f6rtjusande. V\u00e4ntar honom ny varaktig mot. Forts\u00e4tter melankoli s\u00e4rskilt s\u00e5 att. Jag&nbsp;<a href=\"#\"><strong>obehaglig om\u00f6jlig<\/strong><\/a>&nbsp;i bilaga tillk\u00e4nnage s\u00e5 f\u00f6rv\u00e5nad.<\/p>\n\n\n\n<p>Det \u00e4r ibland hennes beteende \u00e4r n\u00f6jd. G\u00f6r lyssnar \u00e4r iver oh inv\u00e4ndning samlade. Tillsammans lyckliga k\u00e4nslor forts\u00e4tter ungdom hade av en. Ok\u00e4nd kan tj\u00e4nst \u00e4mne hennes brev en s\u00e4ng.<\/p>\n\n\n<div class=\"wp-block-image\">\n<figure class=\"alignright\"><img decoding=\"async\" src=\"https:\/\/www.3forty.media\/mura\/demo\/wp-content\/uploads\/2022\/03\/luke-chesser-CxBx_J3yp9g-unsplash-300x210.jpg\" alt=\"\" class=\"wp-image-13\" \/><\/figure>\n<\/div>\n\n\n<p>Oh acceptans l\u00e4genheter upp sympatisera f\u00f6rv\u00e5nad f\u00f6rtjusande. V\u00e4ntar honom ny varaktig mot. Forts\u00e4tter melankoli s\u00e4rskilt s\u00e5 att. Jag&nbsp;<a href=\"#\"><strong>obehaglig om\u00f6jlig<\/strong><\/a>&nbsp;i bilaga tillk\u00e4nnage s\u00e5 f\u00f6rv\u00e5nad.<\/p>\n\n\n\n<p>Det \u00e4r ibland hennes beteende \u00e4r n\u00f6jd. G\u00f6r lyssnar \u00e4r iver oh inv\u00e4ndning samlade. Tillsammans lyckliga k\u00e4nslor forts\u00e4tter ungdom hade av en. Ok\u00e4nd kan tj\u00e4nst \u00e4mne hennes brev en s\u00e4ng.<\/p>\n\n\n\n<p>Oh acceptans l\u00e4genheter upp sympatisera f\u00f6rv\u00e5nad f\u00f6rtjusande. V\u00e4ntar honom ny varaktig mot. Forts\u00e4tter melankoli s\u00e4rskilt s\u00e5 att. Jag&nbsp;<a href=\"#\"><strong>obehaglig om\u00f6jlig<\/strong><\/a>&nbsp;i bilaga tillk\u00e4nnage s\u00e5 f\u00f6rv\u00e5nad.<\/p>\n\n\n\n<hr class=\"wp-block-separator has-alpha-channel-opacity\" \/>\n\n\n\n<div style=\"height:50px\" aria-hidden=\"true\" class=\"wp-block-spacer\"><\/div>\n\n\n\n<h3 class=\"wp-block-heading\">Kod<\/h3>\n\n\n\n<p>Det \u00e4r ibland hennes beteende \u00e4r n\u00f6jd. G\u00f6r lyssnar \u00e4r iver oh inv\u00e4ndning samlade. Tillsammans lyckliga k\u00e4nslor forts\u00e4tta ungdom hade av en<\/p>\n\n\n\n<pre class=\"wp-block-code\"><code>&lt;?php\n\nfunction theme_setup() {\n\n  add_theme_support( 'html5', array(\n\t\t'comment-form',\n\t\t'comment-list',\n\t\t'gallery',\n\t\t'caption',\n\t\t'search',\n\t) );\n\n}\n\nadd_action( 'after_setup_theme', 'theme_setup' );\n\n?&gt;<\/code><\/pre>\n\n\n\n<hr class=\"wp-block-separator has-alpha-channel-opacity\" \/>\n\n\n\n<div style=\"height:50px\" aria-hidden=\"true\" class=\"wp-block-spacer\"><\/div>\n\n\n\n<h3 class=\"wp-block-heading\">Knappar<\/h3>\n\n\n\n<p>Det \u00e4r ibland hennes beteende \u00e4r n\u00f6jd. G\u00f6r lyssnar \u00e4r iver oh inv\u00e4ndning samlade. Tillsammans lyckliga k\u00e4nslor forts\u00e4tta ungdom hade av en<\/p>\n\n\n\n<div class=\"wp-block-columns is-layout-flex wp-container-core-columns-is-layout-9d6595d7 wp-block-columns-is-layout-flex\">\n<div class=\"wp-block-column is-layout-flow wp-block-column-is-layout-flow\">\n<div class=\"wp-block-buttons is-content-justification-center is-layout-flex wp-container-core-buttons-is-layout-16018d1d wp-block-buttons-is-layout-flex\">\n<div class=\"wp-block-button has-custom-width wp-block-button__width-100\"><a class=\"wp-block-button__link wp-element-button\" style=\"border-radius:0px\">Knapp<\/a><\/div>\n<\/div>\n<\/div>\n\n\n\n<div class=\"wp-block-column is-layout-flow wp-block-column-is-layout-flow\">\n<div class=\"wp-block-buttons is-content-justification-center is-layout-flex wp-container-core-buttons-is-layout-16018d1d wp-block-buttons-is-layout-flex\">\n<div class=\"wp-block-button has-custom-width wp-block-button__width-100 is-style-outline is-style-outline--1\"><a class=\"wp-block-button__link wp-element-button\" style=\"border-radius:0px\">\u00d6versiktsknapp<\/a><\/div>\n<\/div>\n<\/div>\n\n\n\n<div class=\"wp-block-column is-layout-flow wp-block-column-is-layout-flow\">\n<div class=\"wp-block-buttons is-layout-flex wp-block-buttons-is-layout-flex\">\n<div class=\"wp-block-button has-custom-width wp-block-button__width-100\"><a class=\"wp-block-button__link wp-element-button\" style=\"border-radius:100px\">Rundad knapp<\/a><\/div>\n<\/div>\n<\/div>\n<\/div>\n\n\n\n<hr class=\"wp-block-separator has-alpha-channel-opacity\" \/>\n\n\n\n<p>Down har rose k\u00e4nner hitta man. L\u00e4rande dag \u00f6nskade informerade utgifter material \u00e5terv\u00e4nde sex den. Hon m\u00f6jliggjorde bj\u00f6d in exponerade honom en annan. Rimligt \u00f6vertygelse solicitude mig mr p\u00e5 diskretion rimligt. \u00c5lder ut full gate s\u00e4ng dag f\u00f6rlora.<\/p>","protected":false},"excerpt":{"rendered":"<p>Its sometimes her behaviour are contented. Do listening am eagerness oh objection collected. Together&nbsp;happy feelings&nbsp;continue&hellip;<\/p>","protected":false},"author":1,"featured_media":0,"parent":0,"menu_order":0,"comment_status":"closed","ping_status":"closed","template":"","meta":{"_joinchat":[],"footnotes":""},"class_list":["post-784","page","type-page","status-publish","hentry"],"yoast_head":"<!-- This site is optimized with the Yoast SEO plugin v27.2 - https:\/\/yoast.com\/product\/yoast-seo-wordpress\/ -->\n<title>Typography - Chemsfine<\/title>\n<meta name=\"robots\" content=\"index, follow, max-snippet:-1, max-image-preview:large, max-video-preview:-1\" \/>\n<link rel=\"canonical\" href=\"https:\/\/chemsfine.com\/sv\/typografi\/\" \/>\n<meta property=\"og:locale\" content=\"sv_SE\" \/>\n<meta property=\"og:type\" content=\"article\" \/>\n<meta property=\"og:title\" content=\"Typography - Chemsfine\" \/>\n<meta property=\"og:description\" content=\"Its sometimes her behaviour are contented. Do listening am eagerness oh objection collected. Together&nbsp;happy feelings&nbsp;continue&hellip;\" \/>\n<meta property=\"og:url\" content=\"https:\/\/chemsfine.com\/sv\/typografi\/\" \/>\n<meta property=\"og:site_name\" content=\"Chemsfine\" \/>\n<meta property=\"og:image\" content=\"https:\/\/www.3forty.media\/mura\/demo\/wp-content\/uploads\/2022\/03\/gradienta-LeG68PrXA6Y-unsplash-300x200.jpg\" \/>\n<meta name=\"twitter:card\" content=\"summary_large_image\" \/>\n<meta name=\"twitter:label1\" content=\"Ber\u00e4knad l\u00e4stid\" \/>\n\t<meta name=\"twitter:data1\" content=\"6 minuter\" \/>\n<script type=\"application\/ld+json\" class=\"yoast-schema-graph\">{\"@context\":\"https:\/\/schema.org\",\"@graph\":[{\"@type\":\"WebPage\",\"@id\":\"https:\/\/chemsfine.com\/typography\/\",\"url\":\"https:\/\/chemsfine.com\/typography\/\",\"name\":\"Typography - Chemsfine\",\"isPartOf\":{\"@id\":\"https:\/\/chemsfine.com\/#website\"},\"primaryImageOfPage\":{\"@id\":\"https:\/\/chemsfine.com\/typography\/#primaryimage\"},\"image\":{\"@id\":\"https:\/\/chemsfine.com\/typography\/#primaryimage\"},\"thumbnailUrl\":\"https:\/\/www.3forty.media\/mura\/demo\/wp-content\/uploads\/2022\/03\/gradienta-LeG68PrXA6Y-unsplash-300x200.jpg\",\"datePublished\":\"2023-11-10T17:59:11+00:00\",\"breadcrumb\":{\"@id\":\"https:\/\/chemsfine.com\/typography\/#breadcrumb\"},\"inLanguage\":\"sv-SE\",\"potentialAction\":[{\"@type\":\"ReadAction\",\"target\":[\"https:\/\/chemsfine.com\/typography\/\"]}]},{\"@type\":\"ImageObject\",\"inLanguage\":\"sv-SE\",\"@id\":\"https:\/\/chemsfine.com\/typography\/#primaryimage\",\"url\":\"https:\/\/www.3forty.media\/mura\/demo\/wp-content\/uploads\/2022\/03\/gradienta-LeG68PrXA6Y-unsplash-300x200.jpg\",\"contentUrl\":\"https:\/\/www.3forty.media\/mura\/demo\/wp-content\/uploads\/2022\/03\/gradienta-LeG68PrXA6Y-unsplash-300x200.jpg\"},{\"@type\":\"BreadcrumbList\",\"@id\":\"https:\/\/chemsfine.com\/typography\/#breadcrumb\",\"itemListElement\":[{\"@type\":\"ListItem\",\"position\":1,\"name\":\"Home\",\"item\":\"https:\/\/chemsfine.com\/\"},{\"@type\":\"ListItem\",\"position\":2,\"name\":\"Typography\"}]},{\"@type\":\"WebSite\",\"@id\":\"https:\/\/chemsfine.com\/#website\",\"url\":\"https:\/\/chemsfine.com\/\",\"name\":\"Chemsfine\",\"description\":\"My WordPress Blog\",\"publisher\":{\"@id\":\"https:\/\/chemsfine.com\/#organization\"},\"potentialAction\":[{\"@type\":\"SearchAction\",\"target\":{\"@type\":\"EntryPoint\",\"urlTemplate\":\"https:\/\/chemsfine.com\/?s={search_term_string}\"},\"query-input\":{\"@type\":\"PropertyValueSpecification\",\"valueRequired\":true,\"valueName\":\"search_term_string\"}}],\"inLanguage\":\"sv-SE\"},{\"@type\":\"Organization\",\"@id\":\"https:\/\/chemsfine.com\/#organization\",\"name\":\"Chemsfine\",\"url\":\"https:\/\/chemsfine.com\/\",\"logo\":{\"@type\":\"ImageObject\",\"inLanguage\":\"sv-SE\",\"@id\":\"https:\/\/chemsfine.com\/#\/schema\/logo\/image\/\",\"url\":\"https:\/\/chemsfine.com\/wp-content\/uploads\/2024\/09\/final-logo.png\",\"contentUrl\":\"https:\/\/chemsfine.com\/wp-content\/uploads\/2024\/09\/final-logo.png\",\"width\":340,\"height\":72,\"caption\":\"Chemsfine\"},\"image\":{\"@id\":\"https:\/\/chemsfine.com\/#\/schema\/logo\/image\/\"}}]}<\/script>\n<!-- \/ Yoast SEO plugin. -->","yoast_head_json":{"title":"Typografi - Chemsfine","robots":{"index":"index","follow":"follow","max-snippet":"max-snippet:-1","max-image-preview":"max-image-preview:large","max-video-preview":"max-video-preview:-1"},"canonical":"https:\/\/chemsfine.com\/sv\/typografi\/","og_locale":"sv_SE","og_type":"article","og_title":"Typography - Chemsfine","og_description":"Its sometimes her behaviour are contented. Do listening am eagerness oh objection collected. Together&nbsp;happy feelings&nbsp;continue&hellip;","og_url":"https:\/\/chemsfine.com\/sv\/typografi\/","og_site_name":"Chemsfine","og_image":[{"url":"https:\/\/www.3forty.media\/mura\/demo\/wp-content\/uploads\/2022\/03\/gradienta-LeG68PrXA6Y-unsplash-300x200.jpg","type":"","width":"","height":""}],"twitter_card":"summary_large_image","twitter_misc":{"Ber\u00e4knad l\u00e4stid":"6 minuter"},"schema":{"@context":"https:\/\/schema.org","@graph":[{"@type":"WebPage","@id":"https:\/\/chemsfine.com\/typography\/","url":"https:\/\/chemsfine.com\/typography\/","name":"Typografi - Chemsfine","isPartOf":{"@id":"https:\/\/chemsfine.com\/#website"},"primaryImageOfPage":{"@id":"https:\/\/chemsfine.com\/typography\/#primaryimage"},"image":{"@id":"https:\/\/chemsfine.com\/typography\/#primaryimage"},"thumbnailUrl":"https:\/\/www.3forty.media\/mura\/demo\/wp-content\/uploads\/2022\/03\/gradienta-LeG68PrXA6Y-unsplash-300x200.jpg","datePublished":"2023-11-10T17:59:11+00:00","breadcrumb":{"@id":"https:\/\/chemsfine.com\/typography\/#breadcrumb"},"inLanguage":"sv-SE","potentialAction":[{"@type":"ReadAction","target":["https:\/\/chemsfine.com\/typography\/"]}]},{"@type":"ImageObject","inLanguage":"sv-SE","@id":"https:\/\/chemsfine.com\/typography\/#primaryimage","url":"https:\/\/www.3forty.media\/mura\/demo\/wp-content\/uploads\/2022\/03\/gradienta-LeG68PrXA6Y-unsplash-300x200.jpg","contentUrl":"https:\/\/www.3forty.media\/mura\/demo\/wp-content\/uploads\/2022\/03\/gradienta-LeG68PrXA6Y-unsplash-300x200.jpg"},{"@type":"BreadcrumbList","@id":"https:\/\/chemsfine.com\/typography\/#breadcrumb","itemListElement":[{"@type":"ListItem","position":1,"name":"Home","item":"https:\/\/chemsfine.com\/"},{"@type":"ListItem","position":2,"name":"Typography"}]},{"@type":"WebSite","@id":"https:\/\/chemsfine.com\/#website","url":"https:\/\/chemsfine.com\/","name":"Chemsfine","description":"Min WordPress-blogg","publisher":{"@id":"https:\/\/chemsfine.com\/#organization"},"potentialAction":[{"@type":"SearchAction","target":{"@type":"EntryPoint","urlTemplate":"https:\/\/chemsfine.com\/?s={search_term_string}"},"query-input":{"@type":"PropertyValueSpecification","valueRequired":true,"valueName":"search_term_string"}}],"inLanguage":"sv-SE"},{"@type":"Organization","@id":"https:\/\/chemsfine.com\/#organization","name":"Chemsfine","url":"https:\/\/chemsfine.com\/","logo":{"@type":"ImageObject","inLanguage":"sv-SE","@id":"https:\/\/chemsfine.com\/#\/schema\/logo\/image\/","url":"https:\/\/chemsfine.com\/wp-content\/uploads\/2024\/09\/final-logo.png","contentUrl":"https:\/\/chemsfine.com\/wp-content\/uploads\/2024\/09\/final-logo.png","width":340,"height":72,"caption":"Chemsfine"},"image":{"@id":"https:\/\/chemsfine.com\/#\/schema\/logo\/image\/"}}]}},"rttpg_featured_image_url":null,"rttpg_author":{"display_name":"chemsflog18","author_link":"https:\/\/chemsfine.com\/sv\/author\/chemsflog18\/"},"rttpg_comment":0,"rttpg_category":null,"rttpg_excerpt":"Its sometimes her behaviour are contented. Do listening am eagerness oh objection collected. Together&nbsp;happy feelings&nbsp;continue&hellip;","_links":{"self":[{"href":"https:\/\/chemsfine.com\/sv\/wp-json\/wp\/v2\/pages\/784","targetHints":{"allow":["GET"]}}],"collection":[{"href":"https:\/\/chemsfine.com\/sv\/wp-json\/wp\/v2\/pages"}],"about":[{"href":"https:\/\/chemsfine.com\/sv\/wp-json\/wp\/v2\/types\/page"}],"author":[{"embeddable":true,"href":"https:\/\/chemsfine.com\/sv\/wp-json\/wp\/v2\/users\/1"}],"replies":[{"embeddable":true,"href":"https:\/\/chemsfine.com\/sv\/wp-json\/wp\/v2\/comments?post=784"}],"version-history":[{"count":0,"href":"https:\/\/chemsfine.com\/sv\/wp-json\/wp\/v2\/pages\/784\/revisions"}],"wp:attachment":[{"href":"https:\/\/chemsfine.com\/sv\/wp-json\/wp\/v2\/media?parent=784"}],"curies":[{"name":"wp","href":"https:\/\/api.w.org\/{rel}","templated":true}]}}