{"id":1675,"date":"2025-06-17T08:50:35","date_gmt":"2025-06-17T08:50:35","guid":{"rendered":"https:\/\/chemsfine.com\/?post_type=product&#038;p=1675"},"modified":"2026-03-25T15:32:24","modified_gmt":"2026-03-25T15:32:24","slug":"kop-4-mmc-online","status":"publish","type":"product","link":"https:\/\/chemsfine.com\/sv\/product\/buy-4-mmc-online\/","title":{"rendered":"K\u00f6p 4-MMC online | 4-metylmetkatinon med h\u00f6g renhet till salu"},"content":{"rendered":"<h2><b>K\u00f6p 4-MMC Online | Premium Research-Grade 4-Methylmethcathinone<\/b><\/h2>\n<h3><b>Vad \u00e4r 4-MMC?<\/b><\/h3>\n<p>4-MMC, allm\u00e4nt k\u00e4nt som <b>4-metylmetkatinon<\/b> eller <b>mefedron<\/b>, \u00e4r en framst\u00e5ende <b>syntetisk katinon<\/b> som har blivit en h\u00f6rnsten inom avancerad <b>farmakologisk, kemisk och r\u00e4ttsmedicinsk forskning<\/b>. Strukturellt relaterad till andra katinoner \u00e4r 4-MMC en f\u00f6rening som anv\u00e4nds i stor utstr\u00e4ckning i kontrollerade laboratoriemilj\u00f6er f\u00f6r djupg\u00e5ende studier av dess stimulerande egenskaper och komplexa monoamintransport\u00f6rinteraktioner. Den h\u00f6gkvalitativa 4-MMC som vi levererar presenteras som en <b>fint kristallint pulver<\/b> med <b>verifierad h\u00f6g renhet<\/b>, vilket garanterar tillf\u00f6rlitliga och konsekventa resultat f\u00f6r alla analytiska till\u00e4mpningar. Det \u00e4r viktigt att notera att denna f\u00f6rening \u00e4r strikt avsedd f\u00f6r <b>endast f\u00f6r forsknings\u00e4ndam\u00e5l<\/b> och \u00e4r otvetydigt <b>ej f\u00f6r m\u00e4nsklig konsumtion<\/b>.<\/p>\n<h3><b>S\u00e4kra din f\u00f6rs\u00f6rjning av 4-MMC av forskningskvalitet<\/b><\/h3>\n<p>N\u00e4r din forskning kr\u00e4ver en tillf\u00f6rlitlig k\u00e4lla \u00e4r Chemsfine den <b>b\u00e4sta st\u00e4llet att k\u00f6pa 4-MMC p\u00e5 n\u00e4tet<\/b>. Vi tillhandah\u00e5ller stolt premium <b>4-MMC till salu<\/b> som uppfyller de h\u00f6gsta standarderna f\u00f6r <b>labbtestad, renhet i forskningsklass<\/b>, levereras diskret till ditt laboratorium var som helst i v\u00e4rlden. Oavsett om ditt projekt kr\u00e4ver sm\u00e5 kvantiteter f\u00f6r inledande tester eller bulkbest\u00e4llningar f\u00f6r omfattande studier, garanterar v\u00e5r s\u00e4kra plattform <b>s\u00e4kra transaktioner<\/b>, flexibla betalningsalternativ och imponerande snabb och p\u00e5litlig leverans. N\u00e4r du \u00e4r redo att <b>Best\u00e4ll 4-MMC online idag<\/b>, v\u00e4lj a <b>p\u00e5litlig forskningsleverant\u00f6r<\/b> och ta emot <b>premium-kvalitet<\/b> f\u00f6reningar som \u00e4r n\u00f6dv\u00e4ndiga f\u00f6r dina analytiska och experimentella behov.<\/p>\n<h3><b>Varf\u00f6r k\u00f6pa 4-MMC online fr\u00e5n oss?<\/b><\/h3>\n<p>F\u00f6r forskare som beh\u00f6ver upphandla <b>4-MMC till salu<\/b>, F\u00f6r oss \u00e4r kvalitetss\u00e4kring och diskretion i verksamheten helt avg\u00f6rande. V\u00e5rt engagemang f\u00f6r excellens \u00e4r det som g\u00f6r oss till <b>b\u00e4sta st\u00e4llet att k\u00f6pa 4-MMC p\u00e5 n\u00e4tet<\/b> f\u00f6r yrkesverksamma \u00f6ver hela v\u00e4rlden. H\u00e4r \u00e4r vad som skiljer v\u00e5r tj\u00e4nst fr\u00e5n m\u00e4ngden:<\/p>\n<ul>\n<li><b>Renhet testad i oberoende laboratorium (\u2265 98%):<\/b> Varje parti testas noggrant f\u00f6r att bekr\u00e4fta dess identitet och renhet, och analyscertifikat finns tillg\u00e4ngliga.<\/li>\n<li><b>Snabb, diskret global frakt med sp\u00e5rning:<\/b> Vi prioriterar din integritet med smygf\u00f6rpackning och tillhandah\u00e5ller sp\u00e5rning f\u00f6r varje s\u00e4ndning.<\/li>\n<li><b>S\u00e4kra betalningsalternativ, inklusive krypto:<\/b> V\u00e5rt m\u00e5ngsidiga betalningssystem omfattar s\u00e4kra traditionella metoder och anonyma kryptovalutaalternativ.<\/li>\n<li><b>Massrabatter och konkurrenskraftiga priser:<\/b> Vi erbjuder skalbar priss\u00e4ttning f\u00f6r att st\u00f6dja forskningsprojekt av alla storlekar, s\u00e5 att du f\u00e5r b\u00e4sta m\u00f6jliga v\u00e4rde.<\/li>\n<li><b>Professionellt, forskningsdrivet supportteam:<\/b> V\u00e5rt kunniga team finns till hands f\u00f6r att hj\u00e4lpa dig med dina fr\u00e5gor och st\u00f6dja din upphandlingsprocess.<\/li>\n<\/ul>\n<p>Du kan tryggt och s\u00e4kert <b>handla 4-MMC online<\/b> med oss, i vetskap om att din kritiska forskning st\u00f6ds av ett f\u00f6rstklassigt material med tillf\u00f6rlitliga k\u00e4llor.<\/p>\n<h3><b>Ursprung och kemisk profil<\/b><\/h3>\n<p>Ursprungligen syntetiserad f\u00f6r dedikerad <b>forsknings\u00e4ndam\u00e5l<\/b>, 4-MMC \u00e4r en betydande medlem av en bredare grupp av substituerade katinoner som studeras f\u00f6r deras distinkta farmakologiska aktivitet p\u00e5 neurotransmittorsystem. Att f\u00f6rst\u00e5 dess kemiska profil \u00e4r avg\u00f6rande f\u00f6r alla forskare.<\/p>\n<ul>\n<li><b>Kemiskt namn:<\/b> 4-metylmetkatinon<\/li>\n<li><b>Kemisk klass:<\/b> Syntetisk katinon<\/li>\n<li><b>Molekyl\u00e4r formel:<\/b> C11H15NO<\/li>\n<li><b>IUPAC-namn:<\/b> 2-(Metylamino)-1-(4-metylfenyl)propan-1-on<\/li>\n<li><b>Molar massa:<\/b> 177,24 g\/mol<\/li>\n<li><b>Utseende:<\/b> Fint kristallint pulver<\/li>\n<li><b>Renhet:<\/b> \u2265 98% (Kontrollerat av oberoende laboratorier)<\/li>\n<\/ul>\n<h3><b>Anv\u00e4ndningar av 4-MMC<\/b><\/h3>\n<p>Som referensmaterial spelar 4-MMC en avg\u00f6rande roll i <b>analytisk kemi och farmakologisk forskning<\/b>. Utredare och forskare anv\u00e4nder denna specifika f\u00f6rening f\u00f6r att studera <b>interaktioner mellan monoamintransport\u00f6rer<\/b>, best\u00e4mma receptorernas affinitet och kartl\u00e4gga <b>struktur-aktivitetssamband (SAR)<\/b> av nya stimulerande f\u00f6reningar. Dess konsekventa egenskaper g\u00f6r den till ett ov\u00e4rderligt verktyg f\u00f6r reproducerbara experiment.<\/p>\n<h4><b>Gemensamma forskningsapplikationer:<\/b><\/h4>\n<ul>\n<li>Analytisk standard och kriminalteknisk forskning<\/li>\n<li>Farmakologiska bindnings- och receptoraffinitetsstudier<\/li>\n<li>Testning och analys av struktur-aktivitetssamband (SAR)<\/li>\n<li>In vitro-studier av interaktioner mellan centralstimulerande medel<\/li>\n<li>Kontrollerade laboratoriebaserade kemiska experiment<\/li>\n<\/ul>\n<p><b>Viktigt:<\/b> Denna autentiska <b>4-MMC \u00e4r endast avsett f\u00f6r forsknings\u00e4ndam\u00e5l.<\/b> Det \u00e4r <b>INTE avsedd f\u00f6r konsumtion av m\u00e4nniskor eller djur.<\/b><\/p>\n<h3><b>F\u00f6rdelar med att k\u00f6pa 4-MMC online<\/b><\/h3>\n<p>Ink\u00f6p <b>4-MMC online<\/b> genom en specialiserad leverant\u00f6r som Chemsfine ger flera tydliga f\u00f6rdelar f\u00f6r den moderna forskaren:<\/p>\n<ul>\n<li><b>St\u00f6rre tillg\u00e5ng till material med h\u00f6g renhet:<\/b> \u00d6vervinna lokala ink\u00f6psbegr\u00e4nsningar och f\u00e5 tillg\u00e5ng till en konsekvent leverans av premiumkemikalier.<\/li>\n<li><b>Tillg\u00e5ng till verifierade, laboratorietestade forskningskemikalier:<\/b> Eliminera os\u00e4kerhet med produkter som backas upp av oberoende analysrapporter.<\/li>\n<li><b>Global frakt med full diskretion:<\/b> Ta emot ditt material p\u00e5 ett s\u00e4kert och privat s\u00e4tt, oavsett var du befinner dig.<\/li>\n<li><b>S\u00e4kra, privata betalningsalternativ:<\/b> Skydda dina transaktionsuppgifter med moderna, krypterade betalningsl\u00f6sningar.<\/li>\n<li><b>P\u00e5litliga partnerskap med professionella leverant\u00f6rer:<\/b> Bygg upp en tillf\u00f6rlitlig leveranskedja med en leverant\u00f6r som \u00e4r dedikerad till forskarv\u00e4rlden.<\/li>\n<\/ul>\n<p>Om ditt m\u00e5l \u00e4r att <b>k\u00f6p billigt 4-MMC online<\/b> <b>utan att n\u00e5gonsin kompromissa med kvaliteten<\/b>, erbjuder v\u00e5r tj\u00e4nst den perfekta l\u00f6sningen f\u00f6r seri\u00f6sa forskare som kr\u00e4ver det b\u00e4sta.<\/p>\n<h3><b>Att v\u00e4lja r\u00e4tt leverant\u00f6r<\/b><\/h3>\n<h4><b>Hur man v\u00e4ljer en p\u00e5litlig leverant\u00f6r<\/b><\/h4>\n<p>Innan du <b>Best\u00e4ll 4-MMC online<\/b>, \u00e4r det absolut n\u00f6dv\u00e4ndigt att se till att du v\u00e4ljer en <b>v\u00e4lrenommerad leverant\u00f6r<\/b>. Anv\u00e4nd denna checklista f\u00f6r att kontrollera leverant\u00f6rens trov\u00e4rdighet:<\/p>\n<ul>\n<li><b>Labbtestade produkter:<\/b> K\u00f6p endast fr\u00e5n leverant\u00f6rer som tillhandah\u00e5ller transparenta <b>Analyscertifikat (COA)<\/b> eller oberoende laboratorierapporter fr\u00e5n tredje part.<\/li>\n<li><b>P\u00e5litlig leveranspolicy:<\/b> En professionell leverant\u00f6r m\u00e5ste garantera <b>diskret f\u00f6rpackning<\/b> och erbjuder sp\u00e5rning av f\u00f6rs\u00e4ndelser f\u00f6r b\u00e5de integritet och logistisk sinnesro.<\/li>\n<li><b>S\u00e4kra betalningsmetoder:<\/b> Prioritera leverant\u00f6rer som erbjuder <b>s\u00e4kra alternativ som kryptovaluta<\/b>, bank\u00f6verf\u00f6ringar eller andra krypterade betalningsportaler.<\/li>\n<li><b>Positivt rykte:<\/b> Kontrollera alltid verifierbara kundrecensioner, branschutl\u00e5tanden och positiv feedback p\u00e5 n\u00e4tet innan du g\u00f6r ett k\u00f6p.<\/li>\n<\/ul>\n<h3><b>Slutlig rekommendation<\/b><\/h3>\n<p>F\u00f6r forskare, kemister och vetenskapsm\u00e4n som kr\u00e4ver <b>verifierad kvalitet, s\u00e4ker service och diskret leverans<\/b>, <b>best\u00e4lla 4-MMC online fr\u00e5n p\u00e5litliga leverant\u00f6rer<\/b> \u00e4r fortfarande det s\u00e4kraste och mest intelligenta valet. Genom att v\u00e4lja en v\u00e4lrenommerad k\u00e4lla kan du effektivt st\u00f6dja dina vetenskapliga projekt med <b>p\u00e5litliga material av h\u00f6gsta kvalitet<\/b> fr\u00e5n dedikerade branschfolk. G\u00e5 vidare med din forskning med tillf\u00f6rsikt n\u00e4r du k\u00f6per 4-MMC fr\u00e5n en partner du kan lita p\u00e5.<\/p>","protected":false},"excerpt":{"rendered":"<p>K\u00f6p 4-MMC online f\u00f6r dina forskningsbehov. Chemsfine erbjuder h\u00f6gkvalitativ 4-metylmetkatinon med h\u00f6g renhet (\u226598%) som ett fint kristallint pulver, perfekt f\u00f6r farmakologiska och kriminaltekniska till\u00e4mpningar. Denna produkt \u00e4r strikt f\u00f6r laboratorieanv\u00e4ndning.<\/p>","protected":false},"featured_media":1911,"comment_status":"closed","ping_status":"closed","template":"","meta":{"_joinchat":[]},"product_brand":[],"product_cat":[435],"product_tag":[],"class_list":{"0":"post-1675","1":"product","2":"type-product","3":"status-publish","4":"has-post-thumbnail","6":"product_cat-synthetic-cathinones","8":"first","9":"instock","10":"shipping-taxable","11":"purchasable","12":"product-type-variable"},"yoast_head":"<!-- This site is optimized with the Yoast SEO plugin v27.2 - https:\/\/yoast.com\/product\/yoast-seo-wordpress\/ -->\n<title>Buy 4-MMC Online | Best Price Research-Grade 4-MMC for Sale<\/title>\n<meta name=\"description\" content=\"Order 4-MMC online from a trusted supplier. We offer lab-tested, high-purity (\u226598%) 4-Methylmethcathinone for sale with discreet, fast global shipping.\" \/>\n<meta name=\"robots\" content=\"index, follow, max-snippet:-1, max-image-preview:large, max-video-preview:-1\" \/>\n<link rel=\"canonical\" href=\"https:\/\/chemsfine.com\/sv\/produkt\/kop-4-mmc-online\/\" \/>\n<meta property=\"og:locale\" content=\"sv_SE\" \/>\n<meta property=\"og:type\" content=\"article\" \/>\n<meta property=\"og:title\" content=\"Buy 4-MMC Online | Best Price Research-Grade 4-MMC for Sale\" \/>\n<meta property=\"og:description\" content=\"Order 4-MMC online from a trusted supplier. We offer lab-tested, high-purity (\u226598%) 4-Methylmethcathinone for sale with discreet, fast global shipping.\" \/>\n<meta property=\"og:url\" content=\"https:\/\/chemsfine.com\/sv\/produkt\/kop-4-mmc-online\/\" \/>\n<meta property=\"og:site_name\" content=\"Chemsfine\" \/>\n<meta property=\"article:modified_time\" content=\"2026-03-25T15:32:24+00:00\" \/>\n<meta property=\"og:image\" content=\"https:\/\/chemsfine.com\/wp-content\/uploads\/2025\/06\/4-MMC.jpg\" \/>\n\t<meta property=\"og:image:width\" content=\"600\" \/>\n\t<meta property=\"og:image:height\" content=\"600\" \/>\n\t<meta property=\"og:image:type\" content=\"image\/jpeg\" \/>\n<meta name=\"twitter:card\" content=\"summary_large_image\" \/>\n<meta name=\"twitter:label1\" content=\"Ber\u00e4knad l\u00e4stid\" \/>\n\t<meta name=\"twitter:data1\" content=\"3 minuter\" \/>\n<script type=\"application\/ld+json\" class=\"yoast-schema-graph\">{\"@context\":\"https:\/\/schema.org\",\"@graph\":[{\"@type\":\"WebPage\",\"@id\":\"https:\/\/chemsfine.com\/product\/buy-4-mmc-online\/\",\"url\":\"https:\/\/chemsfine.com\/product\/buy-4-mmc-online\/\",\"name\":\"Buy 4-MMC Online | Best Price Research-Grade 4-MMC for Sale\",\"isPartOf\":{\"@id\":\"https:\/\/chemsfine.com\/#website\"},\"primaryImageOfPage\":{\"@id\":\"https:\/\/chemsfine.com\/product\/buy-4-mmc-online\/#primaryimage\"},\"image\":{\"@id\":\"https:\/\/chemsfine.com\/product\/buy-4-mmc-online\/#primaryimage\"},\"thumbnailUrl\":\"https:\/\/chemsfine.com\/wp-content\/uploads\/2025\/06\/4-MMC.jpg\",\"datePublished\":\"2025-06-17T08:50:35+00:00\",\"dateModified\":\"2026-03-25T15:32:24+00:00\",\"description\":\"Order 4-MMC online from a trusted supplier. We offer lab-tested, high-purity (\u226598%) 4-Methylmethcathinone for sale with discreet, fast global shipping.\",\"breadcrumb\":{\"@id\":\"https:\/\/chemsfine.com\/product\/buy-4-mmc-online\/#breadcrumb\"},\"inLanguage\":\"sv-SE\",\"potentialAction\":[{\"@type\":\"ReadAction\",\"target\":[\"https:\/\/chemsfine.com\/product\/buy-4-mmc-online\/\"]}]},{\"@type\":\"ImageObject\",\"inLanguage\":\"sv-SE\",\"@id\":\"https:\/\/chemsfine.com\/product\/buy-4-mmc-online\/#primaryimage\",\"url\":\"https:\/\/chemsfine.com\/wp-content\/uploads\/2025\/06\/4-MMC.jpg\",\"contentUrl\":\"https:\/\/chemsfine.com\/wp-content\/uploads\/2025\/06\/4-MMC.jpg\",\"width\":600,\"height\":600,\"caption\":\"4-MMC\"},{\"@type\":\"BreadcrumbList\",\"@id\":\"https:\/\/chemsfine.com\/product\/buy-4-mmc-online\/#breadcrumb\",\"itemListElement\":[{\"@type\":\"ListItem\",\"position\":1,\"name\":\"Home\",\"item\":\"https:\/\/chemsfine.com\/\"},{\"@type\":\"ListItem\",\"position\":2,\"name\":\"Shop\",\"item\":\"https:\/\/chemsfine.com\/shop\/\"},{\"@type\":\"ListItem\",\"position\":3,\"name\":\"Buy 4-MMC Online | High-Purity 4-Methylmethcathinone For Sale\"}]},{\"@type\":\"WebSite\",\"@id\":\"https:\/\/chemsfine.com\/#website\",\"url\":\"https:\/\/chemsfine.com\/\",\"name\":\"Chemsfine\",\"description\":\"My WordPress Blog\",\"publisher\":{\"@id\":\"https:\/\/chemsfine.com\/#organization\"},\"potentialAction\":[{\"@type\":\"SearchAction\",\"target\":{\"@type\":\"EntryPoint\",\"urlTemplate\":\"https:\/\/chemsfine.com\/?s={search_term_string}\"},\"query-input\":{\"@type\":\"PropertyValueSpecification\",\"valueRequired\":true,\"valueName\":\"search_term_string\"}}],\"inLanguage\":\"sv-SE\"},{\"@type\":\"Organization\",\"@id\":\"https:\/\/chemsfine.com\/#organization\",\"name\":\"Chemsfine\",\"url\":\"https:\/\/chemsfine.com\/\",\"logo\":{\"@type\":\"ImageObject\",\"inLanguage\":\"sv-SE\",\"@id\":\"https:\/\/chemsfine.com\/#\/schema\/logo\/image\/\",\"url\":\"https:\/\/chemsfine.com\/wp-content\/uploads\/2024\/09\/final-logo.png\",\"contentUrl\":\"https:\/\/chemsfine.com\/wp-content\/uploads\/2024\/09\/final-logo.png\",\"width\":340,\"height\":72,\"caption\":\"Chemsfine\"},\"image\":{\"@id\":\"https:\/\/chemsfine.com\/#\/schema\/logo\/image\/\"}}]}<\/script>\n<!-- \/ Yoast SEO plugin. -->","yoast_head_json":{"title":"K\u00f6p 4-MMC online | B\u00e4sta pris Forskningskvalitet 4-MMC till salu","description":"Best\u00e4ll 4-MMC online fr\u00e5n en p\u00e5litlig leverant\u00f6r. Vi erbjuder lab-testad, h\u00f6g renhet (\u226598%) 4-metylmetkatinon till salu med diskret, snabb global frakt.","robots":{"index":"index","follow":"follow","max-snippet":"max-snippet:-1","max-image-preview":"max-image-preview:large","max-video-preview":"max-video-preview:-1"},"canonical":"https:\/\/chemsfine.com\/sv\/produkt\/kop-4-mmc-online\/","og_locale":"sv_SE","og_type":"article","og_title":"Buy 4-MMC Online | Best Price Research-Grade 4-MMC for Sale","og_description":"Order 4-MMC online from a trusted supplier. We offer lab-tested, high-purity (\u226598%) 4-Methylmethcathinone for sale with discreet, fast global shipping.","og_url":"https:\/\/chemsfine.com\/sv\/produkt\/kop-4-mmc-online\/","og_site_name":"Chemsfine","article_modified_time":"2026-03-25T15:32:24+00:00","og_image":[{"width":600,"height":600,"url":"https:\/\/chemsfine.com\/wp-content\/uploads\/2025\/06\/4-MMC.jpg","type":"image\/jpeg"}],"twitter_card":"summary_large_image","twitter_misc":{"Ber\u00e4knad l\u00e4stid":"3 minuter"},"schema":{"@context":"https:\/\/schema.org","@graph":[{"@type":"WebPage","@id":"https:\/\/chemsfine.com\/product\/buy-4-mmc-online\/","url":"https:\/\/chemsfine.com\/product\/buy-4-mmc-online\/","name":"K\u00f6p 4-MMC online | B\u00e4sta pris Forskningskvalitet 4-MMC till salu","isPartOf":{"@id":"https:\/\/chemsfine.com\/#website"},"primaryImageOfPage":{"@id":"https:\/\/chemsfine.com\/product\/buy-4-mmc-online\/#primaryimage"},"image":{"@id":"https:\/\/chemsfine.com\/product\/buy-4-mmc-online\/#primaryimage"},"thumbnailUrl":"https:\/\/chemsfine.com\/wp-content\/uploads\/2025\/06\/4-MMC.jpg","datePublished":"2025-06-17T08:50:35+00:00","dateModified":"2026-03-25T15:32:24+00:00","description":"Best\u00e4ll 4-MMC online fr\u00e5n en p\u00e5litlig leverant\u00f6r. Vi erbjuder lab-testad, h\u00f6g renhet (\u226598%) 4-metylmetkatinon till salu med diskret, snabb global frakt.","breadcrumb":{"@id":"https:\/\/chemsfine.com\/product\/buy-4-mmc-online\/#breadcrumb"},"inLanguage":"sv-SE","potentialAction":[{"@type":"ReadAction","target":["https:\/\/chemsfine.com\/product\/buy-4-mmc-online\/"]}]},{"@type":"ImageObject","inLanguage":"sv-SE","@id":"https:\/\/chemsfine.com\/product\/buy-4-mmc-online\/#primaryimage","url":"https:\/\/chemsfine.com\/wp-content\/uploads\/2025\/06\/4-MMC.jpg","contentUrl":"https:\/\/chemsfine.com\/wp-content\/uploads\/2025\/06\/4-MMC.jpg","width":600,"height":600,"caption":"4-MMC"},{"@type":"BreadcrumbList","@id":"https:\/\/chemsfine.com\/product\/buy-4-mmc-online\/#breadcrumb","itemListElement":[{"@type":"ListItem","position":1,"name":"Home","item":"https:\/\/chemsfine.com\/"},{"@type":"ListItem","position":2,"name":"Shop","item":"https:\/\/chemsfine.com\/shop\/"},{"@type":"ListItem","position":3,"name":"Buy 4-MMC Online | High-Purity 4-Methylmethcathinone For Sale"}]},{"@type":"WebSite","@id":"https:\/\/chemsfine.com\/#website","url":"https:\/\/chemsfine.com\/","name":"Chemsfine","description":"Min WordPress-blogg","publisher":{"@id":"https:\/\/chemsfine.com\/#organization"},"potentialAction":[{"@type":"SearchAction","target":{"@type":"EntryPoint","urlTemplate":"https:\/\/chemsfine.com\/?s={search_term_string}"},"query-input":{"@type":"PropertyValueSpecification","valueRequired":true,"valueName":"search_term_string"}}],"inLanguage":"sv-SE"},{"@type":"Organization","@id":"https:\/\/chemsfine.com\/#organization","name":"Chemsfine","url":"https:\/\/chemsfine.com\/","logo":{"@type":"ImageObject","inLanguage":"sv-SE","@id":"https:\/\/chemsfine.com\/#\/schema\/logo\/image\/","url":"https:\/\/chemsfine.com\/wp-content\/uploads\/2024\/09\/final-logo.png","contentUrl":"https:\/\/chemsfine.com\/wp-content\/uploads\/2024\/09\/final-logo.png","width":340,"height":72,"caption":"Chemsfine"},"image":{"@id":"https:\/\/chemsfine.com\/#\/schema\/logo\/image\/"}}]}},"_links":{"self":[{"href":"https:\/\/chemsfine.com\/sv\/wp-json\/wp\/v2\/product\/1675","targetHints":{"allow":["GET"]}}],"collection":[{"href":"https:\/\/chemsfine.com\/sv\/wp-json\/wp\/v2\/product"}],"about":[{"href":"https:\/\/chemsfine.com\/sv\/wp-json\/wp\/v2\/types\/product"}],"replies":[{"embeddable":true,"href":"https:\/\/chemsfine.com\/sv\/wp-json\/wp\/v2\/comments?post=1675"}],"wp:featuredmedia":[{"embeddable":true,"href":"https:\/\/chemsfine.com\/sv\/wp-json\/wp\/v2\/media\/1911"}],"wp:attachment":[{"href":"https:\/\/chemsfine.com\/sv\/wp-json\/wp\/v2\/media?parent=1675"}],"wp:term":[{"taxonomy":"product_brand","embeddable":true,"href":"https:\/\/chemsfine.com\/sv\/wp-json\/wp\/v2\/product_brand?post=1675"},{"taxonomy":"product_cat","embeddable":true,"href":"https:\/\/chemsfine.com\/sv\/wp-json\/wp\/v2\/product_cat?post=1675"},{"taxonomy":"product_tag","embeddable":true,"href":"https:\/\/chemsfine.com\/sv\/wp-json\/wp\/v2\/product_tag?post=1675"}],"curies":[{"name":"wp","href":"https:\/\/api.w.org\/{rel}","templated":true}]}}