{"id":1700,"date":"2025-06-17T09:37:11","date_gmt":"2025-06-17T09:37:11","guid":{"rendered":"https:\/\/chemsfine.com\/?post_type=product&#038;p=1700"},"modified":"2026-03-25T15:17:02","modified_gmt":"2026-03-25T15:17:02","slug":"buy-heroin-diamorphine","status":"publish","type":"product","link":"https:\/\/chemsfine.com\/sv\/product\/buy-heroin-diamorphine\/","title":{"rendered":"K\u00f6p ren heroin online | Diamorfin av h\u00f6gsta kvalitet"},"content":{"rendered":"<h2>Heroin till salu: K\u00f6p heroin med h\u00f6g renhet online<\/h2>\n<p>P\u00e5 Chemsfine kan du nu <b>K\u00f6p heroin online<\/b>. Vi \u00e4r specialiserade p\u00e5 att tillhandah\u00e5lla billigt Heroin till salu utan att kompromissa med kvaliteten. De st\u00f6rsta typerna av heroin och andra forsknings\u00e4mnen finns tillg\u00e4ngliga fr\u00e5n oss till rimliga kostnader. N\u00e4r du best\u00e4ller fr\u00e5n oss inneh\u00e5ller din leverans en detaljerad broschyr med instruktioner, s\u00e4kerhets\u00e5tg\u00e4rder och anv\u00e4ndningsdetaljer, vilket g\u00f6r den l\u00e4mplig f\u00f6r b\u00e5de nyb\u00f6rjare och veteraner. Vi arbetar inom etablerade regelverk f\u00f6r att s\u00e4kerst\u00e4lla en smidig transaktion. Du f\u00e5r dina varor diskret vid din d\u00f6rr efter att du har lagt en best\u00e4llning hos oss. <b>K\u00f6p rent heroin till salu<\/b> idag och upplev Chemsfines standard f\u00f6r kvalitet och service.<\/p>\n<h2>Vad \u00e4r rent heroin (diamorfin)?<\/h2>\n<p>Heroin \u00e4r ett mycket beroendeframkallande \u00e4mne som ocks\u00e5 \u00e4r k\u00e4nt under flera andra namn, bland annat diamorfin (dope, junk, horse etc.). P\u00e5 grund av dess effekter av extrem upprymdhet och eufori \u00e4r det en opioid som ofta anv\u00e4nds f\u00f6r n\u00f6je eller fritid. Denna kraftfulla f\u00f6rening \u00e4r minuti\u00f6st syntetiserad. Heroin framst\u00e4lls av k\u00e5da fr\u00e5n vallmov\u00e4xten, som extraheras fr\u00e5n vallmoblommans skida f\u00f6r att utvinna mj\u00f6lkigt opium. Detta opium raffineras sedan f\u00f6r att producera morfin, som ytterligare raffineras f\u00f6r att producera den distinkta kemiska strukturen hos heroin. Att f\u00f6rst\u00e5 denna process \u00e4r nyckeln till att uppskatta renheten hos v\u00e5r produkt.<\/p>\n<p>N\u00e4r du k\u00f6per <b>Rent heroin av h\u00f6gsta kvalitet<\/b> online fr\u00e5n v\u00e5r butik, f\u00f6rv\u00e4rvar du en produkt med en anm\u00e4rkningsv\u00e4rd historia. Det tyska l\u00e4kemedelsf\u00f6retaget Bayer skapade heroin f\u00f6rst som ett botemedel mot tuberkulos. Dessutom finns en behandling f\u00f6r morfinberoende ocks\u00e5 tillg\u00e4nglig, vilket \u00e4r mer beroendeframkallande \u00e4n morfin sj\u00e4lv. Den subjektiva upplevelsen efter att ha anv\u00e4nt heroin \u00e4r djupg\u00e5ende; du k\u00e4nner dig som om v\u00e4rlden har saktat ner och att allt h\u00e4nder i din takt omedelbart efter att ha anv\u00e4nt heroin. M\u00e5nga beskriver k\u00e4nslan som att man sover under en mysig filt p\u00e5 en plats d\u00e4r problem inte existerar. Heroinet vi s\u00e4ljer h\u00e4r \u00e4r extremt rent, vilket garanterar en konsekvent och p\u00e5litlig produkt. N\u00e4r du \u00e4r redo att <b>K\u00f6p heroin online<\/b>, erbjuder v\u00e5r plattform ett s\u00e4kert och enkelt s\u00e4tt att g\u00f6ra det.<\/p>\n<h2>Varf\u00f6r k\u00f6pa rent heroin online fr\u00e5n Chemsfine?<\/h2>\n<p>Att v\u00e4lja en p\u00e5litlig leverant\u00f6r \u00e4r det mest kritiska steget. Vi \u00e4r p\u00e5litliga och diskreta leverant\u00f6rer av <b>heroin av b\u00e4sta kvalitet online<\/b> och p\u00e5 den m\u00f6rka webben och runt om i v\u00e4rlden. Hos oss \u00e4r det enkelt att best\u00e4lla eller k\u00f6pa heroin online och f\u00e5 det levererat till din d\u00f6rr, s\u00e4kert och diskret. V\u00e5rt \u00e5tagande \u00e4r kvalitet, s\u00e4kerhet och kundn\u00f6jdhet. V\u00e5ra tj\u00e4nster och priser \u00e4r strukturerade f\u00f6r att vara de b\u00e4sta, s\u00e5 att alla har r\u00e5d med minst ett par gram. Vi \u00e4r huvudsakligen en grossistleverant\u00f6r men g\u00f6r ocks\u00e5 detaljhandel. Det hindrar oss dock inte fr\u00e5n att leverera till kunder som bara vill ha ett par gram. V\u00e5rt rykte g\u00f6r oss till nummer ett online-leverant\u00f6r f\u00f6r m\u00e5nga kunder som s\u00f6ker <b>B\u00e4sta tillg\u00e4ngliga rena heroin<\/b>.<\/p>\n<h3>Betrodda heroinleverant\u00f6rer<\/h3>\n<p>Det globala landskapet f\u00f6r substanser som heroin \u00e4r komplext. Heroin \u00e4r mycket begr\u00e4nsat i s\u00e5 m\u00e5nga l\u00e4nder och d\u00e4rf\u00f6r b\u00f6r k\u00f6p av det g\u00f6ras diskret. Vi kan leverera till vilken plats som helst tryggt och s\u00e4kert med v\u00e5ra omfattande och s\u00e4kra n\u00e4tverk. Vi \u00e4r legitima leverant\u00f6rer av heroin och alla dess derivat, men vi \u00e4r inte de enda som finns tillg\u00e4ngliga online. Vi \u00e4r mycket erfarna i att hantera online. Vi \u00e4r p\u00e5 m\u00e5nga deepweb-plattformar och vi har handlat i flera darknet-plattformar och har en beh\u00e4rskning av hur saker fungerar. Denna erfarenhet \u00f6vers\u00e4tts till en smidig, s\u00e4ker och p\u00e5litlig ink\u00f6psprocess f\u00f6r dig n\u00e4r du k\u00f6per p\u00e5 Chemsfine.<\/p>\n<h2>Hur man best\u00e4ller heroin online p\u00e5 ett s\u00e4kert s\u00e4tt<\/h2>\n<p>V\u00e5r plattform f\u00f6renklar k\u00f6pprocessen samtidigt som vi prioriterar din integritet. Heroinpulver \u00e4r ett starkt stimulerande medel f\u00f6r centrala nervsystemet. Det \u00f6kar niv\u00e5erna av neurotransmittorn dopamin i hj\u00e4rnkretsarna som reglerar n\u00f6je och r\u00f6relse. Dessutom \u00e4r det faktiskt anv\u00e4ndbart f\u00f6r kroppen och i vissa medicinska situationer. \u00c4ven om de flesta regeringar har f\u00f6rd\u00f6mt f\u00f6rekomsten av denna produkt, finner vi fortfarande dess betydelse f\u00f6r m\u00e4nniskor. Det h\u00e4r \u00e4r anledningen till att vi best\u00e4mde oss f\u00f6r att g\u00f6ra ett enkelt s\u00e4tt att f\u00f6rse dig med vitt heroinpulver, svart heroinpulver och svart tj\u00e4raheroin. Du kan med s\u00e4kerhet <b>Best\u00e4ll ren heroin online<\/b> fr\u00e5n oss.<\/p>\n<p>Att f\u00f6rv\u00e4rva <b>Heroin till salu<\/b>, bes\u00f6k helt enkelt v\u00e5r butikssida nu och g\u00f6r en provbest\u00e4llning f\u00f6r att testa v\u00e5r produkt och dess kvalitet. Vi skickar diskret till din hemadress n\u00e4r du slutf\u00f6r betalningen. D\u00e4rf\u00f6r, om du letar efter var du kan k\u00f6pa rent heroinpulver online, s\u00e5 \u00e4r du p\u00e5 r\u00e4tt plats. V\u00e5r str\u00f6mlinjeformade process s\u00e4kerst\u00e4ller att din best\u00e4llning hanteras effektivt fr\u00e5n kassan till leverans.<\/p>\n<h2>Slutsats: Din fr\u00e4msta k\u00e4lla f\u00f6r rent heroin<\/h2>\n<p>Sammanfattningsvis st\u00e5r Chemsfine som en f\u00f6rstklassig och p\u00e5litlig k\u00e4lla f\u00f6r h\u00f6gkvalitativt heroin. Vi kombinerar omfattande erfarenhet med ett engagemang f\u00f6r kundintegritet och produktrenhet. V\u00e5r konkurrenskraftiga priss\u00e4ttning och diskreta globala frakt g\u00f6r oss till det perfekta valet f\u00f6r b\u00e5de nya och \u00e5terkommande kunder. Vi tillhandah\u00e5ller all n\u00f6dv\u00e4ndig information f\u00f6r att s\u00e4kerst\u00e4lla en s\u00e4ker och informerad upplevelse. F\u00f6r en tillf\u00f6rlitlig leverans av diamorfin av h\u00f6gsta kvalitet beh\u00f6ver du inte leta l\u00e4ngre. <b>K\u00f6p rent heroin till salu<\/b> fr\u00e5n v\u00e5r butik idag f\u00f6r att f\u00e5 en \u00f6verl\u00e4gsen produkt som st\u00f6ds av professionell service.<\/p>","protected":false},"excerpt":{"rendered":"<p><b>K\u00f6p Heroin<\/b> av exceptionell renhet fr\u00e5n Chemsfine. Denna potenta opioid, \u00e4ven k\u00e4nd som diamorfin, h\u00e4rr\u00f6r fr\u00e5n morfin och \u00e4r k\u00e4nd f\u00f6r sina euforiska effekter. V\u00e5r produkt \u00e4r av h\u00f6gsta kvalitet, vilket s\u00e4kerst\u00e4ller konsistens f\u00f6r dina behov. <b>K\u00f6p hos Chemsfine<\/b> f\u00f6r p\u00e5litlig och diskret service.<\/p>","protected":false},"featured_media":1964,"comment_status":"closed","ping_status":"closed","template":"","meta":{"_joinchat":[]},"product_brand":[],"product_cat":[943],"product_tag":[],"class_list":{"0":"post-1700","1":"product","2":"type-product","3":"status-publish","4":"has-post-thumbnail","6":"product_cat-heroin","8":"first","9":"instock","10":"shipping-taxable","11":"purchasable","12":"product-type-variable"},"yoast_head":"<!-- This site is optimized with the Yoast SEO plugin v27.2 - https:\/\/yoast.com\/product\/yoast-seo-wordpress\/ -->\n<title>Buy Pure Heroin Online | Best Price &amp; Quality Guaranteed<\/title>\n<meta name=\"description\" content=\"Looking to buy pure heroin online? Chemsfine offers top-grade diamorphine for sale. Secure, discreet shipping and the best prices available. Order today.\" \/>\n<meta name=\"robots\" content=\"index, follow, max-snippet:-1, max-image-preview:large, max-video-preview:-1\" \/>\n<link rel=\"canonical\" href=\"https:\/\/chemsfine.com\/sv\/produkt\/buy-heroin-diamorphine\/\" \/>\n<meta property=\"og:locale\" content=\"sv_SE\" \/>\n<meta property=\"og:type\" content=\"article\" \/>\n<meta property=\"og:title\" content=\"Buy Pure Heroin Online | Best Price &amp; Quality Guaranteed\" \/>\n<meta property=\"og:description\" content=\"Looking to buy pure heroin online? Chemsfine offers top-grade diamorphine for sale. Secure, discreet shipping and the best prices available. Order today.\" \/>\n<meta property=\"og:url\" content=\"https:\/\/chemsfine.com\/sv\/produkt\/buy-heroin-diamorphine\/\" \/>\n<meta property=\"og:site_name\" content=\"Chemsfine\" \/>\n<meta property=\"article:modified_time\" content=\"2026-03-25T15:17:02+00:00\" \/>\n<meta property=\"og:image\" content=\"https:\/\/chemsfine.com\/wp-content\/uploads\/2025\/06\/Pure-Heroin-1kg.jpg\" \/>\n\t<meta property=\"og:image:width\" content=\"600\" \/>\n\t<meta property=\"og:image:height\" content=\"600\" \/>\n\t<meta property=\"og:image:type\" content=\"image\/jpeg\" \/>\n<meta name=\"twitter:card\" content=\"summary_large_image\" \/>\n<meta name=\"twitter:label1\" content=\"Ber\u00e4knad l\u00e4stid\" \/>\n\t<meta name=\"twitter:data1\" content=\"3 minuter\" \/>\n<script type=\"application\/ld+json\" class=\"yoast-schema-graph\">{\"@context\":\"https:\/\/schema.org\",\"@graph\":[{\"@type\":\"WebPage\",\"@id\":\"https:\/\/chemsfine.com\/product\/buy-heroin-diamorphine\/\",\"url\":\"https:\/\/chemsfine.com\/product\/buy-heroin-diamorphine\/\",\"name\":\"Buy Pure Heroin Online | Best Price & Quality Guaranteed\",\"isPartOf\":{\"@id\":\"https:\/\/chemsfine.com\/#website\"},\"primaryImageOfPage\":{\"@id\":\"https:\/\/chemsfine.com\/product\/buy-heroin-diamorphine\/#primaryimage\"},\"image\":{\"@id\":\"https:\/\/chemsfine.com\/product\/buy-heroin-diamorphine\/#primaryimage\"},\"thumbnailUrl\":\"https:\/\/chemsfine.com\/wp-content\/uploads\/2025\/06\/Pure-Heroin-1kg.jpg\",\"datePublished\":\"2025-06-17T09:37:11+00:00\",\"dateModified\":\"2026-03-25T15:17:02+00:00\",\"description\":\"Looking to buy pure heroin online? Chemsfine offers top-grade diamorphine for sale. Secure, discreet shipping and the best prices available. Order today.\",\"breadcrumb\":{\"@id\":\"https:\/\/chemsfine.com\/product\/buy-heroin-diamorphine\/#breadcrumb\"},\"inLanguage\":\"sv-SE\",\"potentialAction\":[{\"@type\":\"ReadAction\",\"target\":[\"https:\/\/chemsfine.com\/product\/buy-heroin-diamorphine\/\"]}]},{\"@type\":\"ImageObject\",\"inLanguage\":\"sv-SE\",\"@id\":\"https:\/\/chemsfine.com\/product\/buy-heroin-diamorphine\/#primaryimage\",\"url\":\"https:\/\/chemsfine.com\/wp-content\/uploads\/2025\/06\/Pure-Heroin-1kg.jpg\",\"contentUrl\":\"https:\/\/chemsfine.com\/wp-content\/uploads\/2025\/06\/Pure-Heroin-1kg.jpg\",\"width\":600,\"height\":600,\"caption\":\"Pure-Heroin\"},{\"@type\":\"BreadcrumbList\",\"@id\":\"https:\/\/chemsfine.com\/product\/buy-heroin-diamorphine\/#breadcrumb\",\"itemListElement\":[{\"@type\":\"ListItem\",\"position\":1,\"name\":\"Home\",\"item\":\"https:\/\/chemsfine.com\/\"},{\"@type\":\"ListItem\",\"position\":2,\"name\":\"Shop\",\"item\":\"https:\/\/chemsfine.com\/shop\/\"},{\"@type\":\"ListItem\",\"position\":3,\"name\":\"Buy Pure Heroin Online | Top-Grade Diamorphine\"}]},{\"@type\":\"WebSite\",\"@id\":\"https:\/\/chemsfine.com\/#website\",\"url\":\"https:\/\/chemsfine.com\/\",\"name\":\"Chemsfine\",\"description\":\"My WordPress Blog\",\"publisher\":{\"@id\":\"https:\/\/chemsfine.com\/#organization\"},\"potentialAction\":[{\"@type\":\"SearchAction\",\"target\":{\"@type\":\"EntryPoint\",\"urlTemplate\":\"https:\/\/chemsfine.com\/?s={search_term_string}\"},\"query-input\":{\"@type\":\"PropertyValueSpecification\",\"valueRequired\":true,\"valueName\":\"search_term_string\"}}],\"inLanguage\":\"sv-SE\"},{\"@type\":\"Organization\",\"@id\":\"https:\/\/chemsfine.com\/#organization\",\"name\":\"Chemsfine\",\"url\":\"https:\/\/chemsfine.com\/\",\"logo\":{\"@type\":\"ImageObject\",\"inLanguage\":\"sv-SE\",\"@id\":\"https:\/\/chemsfine.com\/#\/schema\/logo\/image\/\",\"url\":\"https:\/\/chemsfine.com\/wp-content\/uploads\/2024\/09\/final-logo.png\",\"contentUrl\":\"https:\/\/chemsfine.com\/wp-content\/uploads\/2024\/09\/final-logo.png\",\"width\":340,\"height\":72,\"caption\":\"Chemsfine\"},\"image\":{\"@id\":\"https:\/\/chemsfine.com\/#\/schema\/logo\/image\/\"}}]}<\/script>\n<!-- \/ Yoast SEO plugin. -->","yoast_head_json":{"title":"K\u00f6p ren heroin online | B\u00e4sta pris och kvalitet garanterad","description":"Vill du k\u00f6pa rent heroin online? Chemsfine erbjuder diamorfin av h\u00f6gsta kvalitet till salu. S\u00e4ker, diskret frakt och de b\u00e4sta priserna som finns. Best\u00e4ll idag.","robots":{"index":"index","follow":"follow","max-snippet":"max-snippet:-1","max-image-preview":"max-image-preview:large","max-video-preview":"max-video-preview:-1"},"canonical":"https:\/\/chemsfine.com\/sv\/produkt\/buy-heroin-diamorphine\/","og_locale":"sv_SE","og_type":"article","og_title":"Buy Pure Heroin Online | Best Price & Quality Guaranteed","og_description":"Looking to buy pure heroin online? Chemsfine offers top-grade diamorphine for sale. Secure, discreet shipping and the best prices available. Order today.","og_url":"https:\/\/chemsfine.com\/sv\/produkt\/buy-heroin-diamorphine\/","og_site_name":"Chemsfine","article_modified_time":"2026-03-25T15:17:02+00:00","og_image":[{"width":600,"height":600,"url":"https:\/\/chemsfine.com\/wp-content\/uploads\/2025\/06\/Pure-Heroin-1kg.jpg","type":"image\/jpeg"}],"twitter_card":"summary_large_image","twitter_misc":{"Ber\u00e4knad l\u00e4stid":"3 minuter"},"schema":{"@context":"https:\/\/schema.org","@graph":[{"@type":"WebPage","@id":"https:\/\/chemsfine.com\/product\/buy-heroin-diamorphine\/","url":"https:\/\/chemsfine.com\/product\/buy-heroin-diamorphine\/","name":"K\u00f6p ren heroin online | B\u00e4sta pris och kvalitet garanterad","isPartOf":{"@id":"https:\/\/chemsfine.com\/#website"},"primaryImageOfPage":{"@id":"https:\/\/chemsfine.com\/product\/buy-heroin-diamorphine\/#primaryimage"},"image":{"@id":"https:\/\/chemsfine.com\/product\/buy-heroin-diamorphine\/#primaryimage"},"thumbnailUrl":"https:\/\/chemsfine.com\/wp-content\/uploads\/2025\/06\/Pure-Heroin-1kg.jpg","datePublished":"2025-06-17T09:37:11+00:00","dateModified":"2026-03-25T15:17:02+00:00","description":"Vill du k\u00f6pa rent heroin online? Chemsfine erbjuder diamorfin av h\u00f6gsta kvalitet till salu. S\u00e4ker, diskret frakt och de b\u00e4sta priserna som finns. Best\u00e4ll idag.","breadcrumb":{"@id":"https:\/\/chemsfine.com\/product\/buy-heroin-diamorphine\/#breadcrumb"},"inLanguage":"sv-SE","potentialAction":[{"@type":"ReadAction","target":["https:\/\/chemsfine.com\/product\/buy-heroin-diamorphine\/"]}]},{"@type":"ImageObject","inLanguage":"sv-SE","@id":"https:\/\/chemsfine.com\/product\/buy-heroin-diamorphine\/#primaryimage","url":"https:\/\/chemsfine.com\/wp-content\/uploads\/2025\/06\/Pure-Heroin-1kg.jpg","contentUrl":"https:\/\/chemsfine.com\/wp-content\/uploads\/2025\/06\/Pure-Heroin-1kg.jpg","width":600,"height":600,"caption":"Pure-Heroin"},{"@type":"BreadcrumbList","@id":"https:\/\/chemsfine.com\/product\/buy-heroin-diamorphine\/#breadcrumb","itemListElement":[{"@type":"ListItem","position":1,"name":"Home","item":"https:\/\/chemsfine.com\/"},{"@type":"ListItem","position":2,"name":"Shop","item":"https:\/\/chemsfine.com\/shop\/"},{"@type":"ListItem","position":3,"name":"Buy Pure Heroin Online | Top-Grade Diamorphine"}]},{"@type":"WebSite","@id":"https:\/\/chemsfine.com\/#website","url":"https:\/\/chemsfine.com\/","name":"Chemsfine","description":"Min WordPress-blogg","publisher":{"@id":"https:\/\/chemsfine.com\/#organization"},"potentialAction":[{"@type":"SearchAction","target":{"@type":"EntryPoint","urlTemplate":"https:\/\/chemsfine.com\/?s={search_term_string}"},"query-input":{"@type":"PropertyValueSpecification","valueRequired":true,"valueName":"search_term_string"}}],"inLanguage":"sv-SE"},{"@type":"Organization","@id":"https:\/\/chemsfine.com\/#organization","name":"Chemsfine","url":"https:\/\/chemsfine.com\/","logo":{"@type":"ImageObject","inLanguage":"sv-SE","@id":"https:\/\/chemsfine.com\/#\/schema\/logo\/image\/","url":"https:\/\/chemsfine.com\/wp-content\/uploads\/2024\/09\/final-logo.png","contentUrl":"https:\/\/chemsfine.com\/wp-content\/uploads\/2024\/09\/final-logo.png","width":340,"height":72,"caption":"Chemsfine"},"image":{"@id":"https:\/\/chemsfine.com\/#\/schema\/logo\/image\/"}}]}},"_links":{"self":[{"href":"https:\/\/chemsfine.com\/sv\/wp-json\/wp\/v2\/product\/1700","targetHints":{"allow":["GET"]}}],"collection":[{"href":"https:\/\/chemsfine.com\/sv\/wp-json\/wp\/v2\/product"}],"about":[{"href":"https:\/\/chemsfine.com\/sv\/wp-json\/wp\/v2\/types\/product"}],"replies":[{"embeddable":true,"href":"https:\/\/chemsfine.com\/sv\/wp-json\/wp\/v2\/comments?post=1700"}],"wp:featuredmedia":[{"embeddable":true,"href":"https:\/\/chemsfine.com\/sv\/wp-json\/wp\/v2\/media\/1964"}],"wp:attachment":[{"href":"https:\/\/chemsfine.com\/sv\/wp-json\/wp\/v2\/media?parent=1700"}],"wp:term":[{"taxonomy":"product_brand","embeddable":true,"href":"https:\/\/chemsfine.com\/sv\/wp-json\/wp\/v2\/product_brand?post=1700"},{"taxonomy":"product_cat","embeddable":true,"href":"https:\/\/chemsfine.com\/sv\/wp-json\/wp\/v2\/product_cat?post=1700"},{"taxonomy":"product_tag","embeddable":true,"href":"https:\/\/chemsfine.com\/sv\/wp-json\/wp\/v2\/product_tag?post=1700"}],"curies":[{"name":"wp","href":"https:\/\/api.w.org\/{rel}","templated":true}]}}