{"id":5197,"date":"2026-02-12T09:45:08","date_gmt":"2026-02-12T09:45:08","guid":{"rendered":"https:\/\/chemsfine.com\/?post_type=product&#038;p=5197"},"modified":"2026-03-25T14:43:47","modified_gmt":"2026-03-25T14:43:47","slug":"buy-3-meo-pce","status":"publish","type":"product","link":"https:\/\/chemsfine.com\/sv\/product\/buy-3-meo-pce\/","title":{"rendered":"3-MEO-PCE - Forskningskemikalie av h\u00f6gsta kvalitet till salu"},"content":{"rendered":"<p>3-Metoxieticyklidin, allm\u00e4nt k\u00e4nt som <b>3-MEO-PCE<\/b>, 3-Methoxy-pce, eller Methoxieticyclidine, \u00e4r ett framst\u00e5ende designerl\u00e4kemedel klassificerat under arylcyklohexylaminklassen. Som en mycket eftertraktad analog av PCE erbjuder den liknande effekter, s\u00e4rskilt kapabla att framkalla betydande dissociativa upplevelser. Detta premiumforsknings\u00e4mne d\u00f6k f\u00f6rst upp p\u00e5 marknaden 2012 och blev snabbt ett erk\u00e4nt alternativ till PCE f\u00f6r vetenskaplig utforskning. Till <b>k\u00f6pa 3-MEO-PCE till salu<\/b>, forskare litar p\u00e5 Chemsfine f\u00f6r dess orubbliga engagemang f\u00f6r produkter med h\u00f6g renhet och kvalitet, vilket s\u00e4kerst\u00e4ller tillf\u00f6rlitliga resultat f\u00f6r deras studier. Vi \u00e4r stolta \u00f6ver att erbjuda de <b>b\u00e4sta tillg\u00e4ngliga 3-MEO-PCE<\/b> p\u00e5 marknaden idag och uppfyller de str\u00e4nga krav som st\u00e4lls inom laboratorieforskning.<\/p>\n<h2>Aktuella priser och tillg\u00e4nglighet f\u00f6r 3-MEO-PCE<\/h2>\n<p>Chemsfine erbjuder konkurrenskraftiga priser f\u00f6r <b>3-MEO-PCE<\/b>, vilket g\u00f6r den tillg\u00e4nglig f\u00f6r olika forskningsskalor. Nedan f\u00f6ljer en detaljerad uppdelning av v\u00e5r prisstruktur:<\/p>\n<table>\n<thead>\n<tr>\n<th>Vikt<\/th>\n<th>Pris (per gram)<\/th>\n<\/tr>\n<\/thead>\n<tbody>\n<tr>\n<td>5g<\/td>\n<td>$20.00<\/td>\n<\/tr>\n<tr>\n<td>10g<\/td>\n<td>$15.00<\/td>\n<\/tr>\n<tr>\n<td>25g<\/td>\n<td>$12.00<\/td>\n<\/tr>\n<tr>\n<td>50g<\/td>\n<td>$8.00<\/td>\n<\/tr>\n<tr>\n<td>100g<\/td>\n<td>$6.50<\/td>\n<\/tr>\n<tr>\n<td>250g<\/td>\n<td>$5.00<\/td>\n<\/tr>\n<tr>\n<td>500g<\/td>\n<td>$4.50<\/td>\n<\/tr>\n<tr>\n<td>1000g<\/td>\n<td>$4.20<\/td>\n<\/tr>\n<\/tbody>\n<\/table>\n<h2>Vad \u00e4r 3-MEO-PCE? Utforska dess kemiska profil<\/h2>\n<p>Den intrikata kemiska strukturen hos <b>3-MEO-PCE<\/b> definieras av en cyklohexanring som \u00e4r noggrant kopplad till en aromatisk ring med en amingrupp. Dessutom inneh\u00e5ller den en fenylring med en metoxisubstituent, som \u00e4r tydligt bunden till cyklohexanringen. En v\u00e4sentlig aminoetylkedja \u00e4r ocks\u00e5 ansluten till denna k\u00e4rncyklohexanring. En viktig s\u00e4rskiljande faktor f\u00f6r dem som vill <b>k\u00f6pa 3-MEO-PCE online<\/b>, Det mest anm\u00e4rkningsv\u00e4rda med MXE, s\u00e4rskilt n\u00e4r man j\u00e4mf\u00f6r den med MXE, \u00e4r att den inte har n\u00e5gon R2-substituerad keton i sin molekyl\u00e4ra sammans\u00e4ttning. Denna strukturella skillnad bidrar till dess unika farmakologiska profil, vilket g\u00f6r den till ett v\u00e4rdefullt \u00e4mne f\u00f6r detaljerad unders\u00f6kning.<\/p>\n<h2>F\u00f6rst\u00e5 effekterna av och forskningen kring 3-MEO-PCE<\/h2>\n<p>Omfattande studier, fr\u00e4mst genomf\u00f6rda p\u00e5 m\u00f6ss, visar konsekvent att 3-Methoxyeticyclidine fungerar som en potent NMDA-receptorantagonist, en mekanism som helt st\u00e5r f\u00f6r dess observerade dissociativa effekter. Forskare som s\u00f6ker att <b>Best\u00e4ll 3-MEO-PCE online<\/b> kommer att hitta dess effekter j\u00e4mf\u00f6rbara med 3-MeO-PCP, men k\u00e4nnetecknas ofta av en mer uttalad euforisk stimulering. Denna speciella forskningskemikalie, erk\u00e4nd f\u00f6r sin exceptionella renhet som finns tillg\u00e4nglig p\u00e5 Chemsfine, uppvisar vanligtvis en mer stimulerande och mindre lugnande profil, med dissipativa effekter och hallucinationer som i allm\u00e4nhet observeras endast vid h\u00f6gre doser. Den dokumenterade listan \u00f6ver fysiska effekter som \u00e4r f\u00f6rknippade med detta \u00e4mne inkluderar anm\u00e4rkningsv\u00e4rd stimulering, djup eufori, m\u00e4rkbara f\u00f6r\u00e4ndringar i k\u00e4nslan av tyngd, en \u00f6kad \u00f6nskan att r\u00f6ra sig, aptitl\u00f6shet, anestesi, f\u00f6rh\u00f6jt blodtryck, olika visuella effekter och levande hallucinationer. Det \u00e4r viktigt f\u00f6r dem som <b>k\u00f6pa 3-MEO-PCE till salu<\/b> att notera att toleransutveckling mot denna substans kommer att ske vid l\u00e5ngvarigt och regelbundet intag. N\u00e4r intaget av substansen upph\u00f6r minskar toleransen gradvis och det tar vanligtvis 1-2 veckor innan den \u00e5terg\u00e5r till den ursprungliga niv\u00e5n.<\/p>\n<h2>3-MEO-PCE Produktspecifikationer och renhet hos Chemsfine<\/h2>\n<p>Chemsfine s\u00e4kerst\u00e4ller att varje batch av <b>3-MEO-PCE<\/b> uppfyller str\u00e4nga kvalitetsstandarder och f\u00f6rser forskare med tillf\u00f6rlitligt och konsekvent material. V\u00e5rt <b>h\u00f6g renhet till salu<\/b> garanterar korrekta experimentella resultat.<\/p>\n<h3>Viktig produktinformation:<\/h3>\n<p><b>IUPAC-namn:<\/b> <i>N<\/i>-etyl-1-(3-metoxifenyl)cyklohexan-1-amin<\/p>\n<p><b>Synonymer:<\/b> 3-Metoxieticyklidin, 3-MEO-PCE, 3-Metoxi-pce, Metoxieticyklidin<\/p>\n<p><b>Formellt namn:<\/b> <i>N<\/i>-etyl-1-(3-metoxifenyl)cyklohexan-1-amin<\/p>\n<p><b>Cas-nummer:<\/b> 1364933-80-1<\/p>\n<p><b>Formel:<\/b> C<sub>15<\/sub>H<sub>23<\/sub>NEJ<\/p>\n<p><b>Molar massa:<\/b> 233,35 g\/mol<\/p>\n<p><b>Renhet:<\/b> 98,0 % min.<\/p>\n<p><b>Formuleringar:<\/b> Ett kristallint fast \u00e4mne<\/p>\n<p><b>Utseende:<\/b> Ett kristallint fast \u00e4mne<\/p>\n<p><b>InChI:<\/b> =1S\/C15H23NO\/c1-3-16-15(10-5-4-6-11-15)13-8-7-9-14(12-13)17-2\/h7-9,12,16H,3-6,10-11H2,1-2H3<\/p>\n<p><b>InChIKey:<\/b> AVGOOZLOGUNDFS-UHFFFAOYSA-N<\/p>\n<h3>Information om l\u00f6slighet:<\/h3>\n<ul>\n<li>DMF: 20 mg\/ml<\/li>\n<li>DMSO: 14 mg\/ml<\/li>\n<li>Etanol: 25 mg\/ml<\/li>\n<li>PBS (pH 7,2): 10 mg\/ml<\/li>\n<\/ul>\n<h2>S\u00e4kerst\u00e4lla s\u00e4ker och kompatibel forskning med 3-MEO-PCE<\/h2>\n<p>Som en designer substance \u00e4r de farmakologiska och toxikologiska egenskaperna hos <b>3-MEO-PCE<\/b> \u00e4r \u00e4nnu inte helt klarlagda. F\u00f6ljaktligen \u00e4r denna produkt med h\u00f6g renhet strikt avsedd f\u00f6r flitig forskning och rigor\u00f6sa tester som uteslutande utf\u00f6rs inom specialutrustade laboratorier. N\u00e4r du \u00f6verv\u00e4ger var du ska <b>k\u00f6pa 3-MEO-PCE online<\/b>, m\u00e5ste forskare vara medvetna om att den r\u00e4ttsliga statusen f\u00f6r detta \u00e4mne fortfarande \u00e4r komplex och inte helt klar i alla jurisdiktioner. \u00c4ven om det kan vara till\u00e5tet f\u00f6r forsknings\u00e4ndam\u00e5l i m\u00e5nga regioner, b\u00f6r potentiella k\u00f6pare alltid kontrollera lokala best\u00e4mmelser. Chemsfine tillhandah\u00e5ller <b>\u00e4kta 3-MEO-PCE<\/b> f\u00f6r legitima vetenskapliga unders\u00f6kningar, med betoning p\u00e5 ansvarsfull hantering och efterlevnad av alla till\u00e4mpliga forskningsriktlinjer. Forskare som \u00e4r intresserade av liknande <b>laboratorieklass<\/b> f\u00f6reningar kan ocks\u00e5 utforska andra alternativ som <a href='https:\/\/chemsfine.com\/sv\/produkt\/buy-2f-dck-online\/'>2F-DCK till salu<\/a>, tillg\u00e4nglig p\u00e5 Chemsfine.<\/p>\n<h2>Varf\u00f6r v\u00e4lja Chemsfine f\u00f6r att k\u00f6pa 3-MEO-PCE?<\/h2>\n<p>Chemsfine \u00e4r dedikerade till att endast tillhandah\u00e5lla <b>b\u00e4sta tillg\u00e4ngliga 3-MEO-PCE<\/b> f\u00f6r dina forskningsbehov. V\u00e5rt \u00e5tagande att <b>h\u00f6g renhet till salu<\/b> s\u00e4kerst\u00e4ller att varje batch uppfyller str\u00e4nga kvalitetskontroller, vilket ger forskarna tillf\u00f6rlitliga och konsekventa resultat. F\u00f6r dem som vill <b>k\u00f6pa 3-MEO-PCE till salu<\/b>, erbjuder vi en s\u00f6ml\u00f6s och smidig <b>s\u00e4kert k\u00f6p<\/b> erfarenhet. Vi garanterar transparenta detaljer, verifierade batchregister och konkurrenskraftiga priser, vilket g\u00f6r oss till det f\u00f6redragna valet f\u00f6r <b>laboratorieklass<\/b> kemikalier. Du kan tryggt och s\u00e4kert <b>Best\u00e4ll 3-MEO-PCE online<\/b> fr\u00e5n Chemsfine och vet att du f\u00e5r en f\u00f6rstklassig produkt. Utforska hela v\u00e5rt sortiment av forskningskemikalier, inklusive <a href='https:\/\/chemsfine.com\/sv\/produkt\/diablo-k2-spray\/'>Diablo K2 Spray<\/a>, f\u00f6r att st\u00f6dja alla dina vetenskapliga str\u00e4vanden.<\/p>","protected":false},"excerpt":{"rendered":"<p>F\u00f6r dem som vill <b>k\u00f6pa 3-MEO-PCE<\/b>, 3-Methoxyeticyclidine \u00e4r en forskningskemikalie av arylcyklohexylamin med h\u00f6g renhet, en analog av PCE, k\u00e4nd f\u00f6r sina dissociativa effekter. Tillg\u00e4nglig f\u00f6r <b>k\u00f6pa p\u00e5 Chemsfine<\/b>, \u00e4r detta premiumkristallina fasta \u00e4mne endast avsett f\u00f6r laboratorieforskning och test\u00e4ndam\u00e5l.<\/p>","protected":false},"featured_media":5234,"comment_status":"open","ping_status":"closed","template":"","meta":{"_joinchat":[]},"product_brand":[],"product_cat":[432],"product_tag":[],"class_list":{"0":"post-5197","1":"product","2":"type-product","3":"status-publish","4":"has-post-thumbnail","6":"product_cat-dissociatives","8":"first","9":"instock","10":"shipping-taxable","11":"purchasable","12":"product-type-variable"},"yoast_head":"<!-- This site is optimized with the Yoast SEO plugin v27.2 - https:\/\/yoast.com\/product\/yoast-seo-wordpress\/ -->\n<title>Buy 3-MEO-PCE Online - Top Quality Research Chemical | Chemsfine<\/title>\n<meta name=\"description\" content=\"Discover high-purity 3-MEO-PCE for sale at Chemsfine. A top-quality arylcyclohexylamine research chemical, available to buy online for laboratory use.\" \/>\n<meta name=\"robots\" content=\"index, follow, max-snippet:-1, max-image-preview:large, max-video-preview:-1\" \/>\n<link rel=\"canonical\" href=\"https:\/\/chemsfine.com\/sv\/produkt\/buy-3-meo-pce\/\" \/>\n<meta property=\"og:locale\" content=\"sv_SE\" \/>\n<meta property=\"og:type\" content=\"article\" \/>\n<meta property=\"og:title\" content=\"Buy 3-MEO-PCE Online - Top Quality Research Chemical | Chemsfine\" \/>\n<meta property=\"og:description\" content=\"Discover high-purity 3-MEO-PCE for sale at Chemsfine. A top-quality arylcyclohexylamine research chemical, available to buy online for laboratory use.\" \/>\n<meta property=\"og:url\" content=\"https:\/\/chemsfine.com\/sv\/produkt\/buy-3-meo-pce\/\" \/>\n<meta property=\"og:site_name\" content=\"Chemsfine\" \/>\n<meta property=\"article:modified_time\" content=\"2026-03-25T14:43:47+00:00\" \/>\n<meta property=\"og:image\" content=\"https:\/\/chemsfine.com\/wp-content\/uploads\/2026\/02\/3-meo-pce-1-1.jpg\" \/>\n\t<meta property=\"og:image:width\" content=\"600\" \/>\n\t<meta property=\"og:image:height\" content=\"451\" \/>\n\t<meta property=\"og:image:type\" content=\"image\/jpeg\" \/>\n<meta name=\"twitter:card\" content=\"summary_large_image\" \/>\n<meta name=\"twitter:label1\" content=\"Ber\u00e4knad l\u00e4stid\" \/>\n\t<meta name=\"twitter:data1\" content=\"4 minuter\" \/>\n<script type=\"application\/ld+json\" class=\"yoast-schema-graph\">{\"@context\":\"https:\/\/schema.org\",\"@graph\":[{\"@type\":\"WebPage\",\"@id\":\"https:\/\/chemsfine.com\/product\/buy-3-meo-pce\/\",\"url\":\"https:\/\/chemsfine.com\/product\/buy-3-meo-pce\/\",\"name\":\"Buy 3-MEO-PCE Online - Top Quality Research Chemical | Chemsfine\",\"isPartOf\":{\"@id\":\"https:\/\/chemsfine.com\/#website\"},\"primaryImageOfPage\":{\"@id\":\"https:\/\/chemsfine.com\/product\/buy-3-meo-pce\/#primaryimage\"},\"image\":{\"@id\":\"https:\/\/chemsfine.com\/product\/buy-3-meo-pce\/#primaryimage\"},\"thumbnailUrl\":\"https:\/\/chemsfine.com\/wp-content\/uploads\/2026\/02\/3-meo-pce-1-1.jpg\",\"datePublished\":\"2026-02-12T09:45:08+00:00\",\"dateModified\":\"2026-03-25T14:43:47+00:00\",\"description\":\"Discover high-purity 3-MEO-PCE for sale at Chemsfine. A top-quality arylcyclohexylamine research chemical, available to buy online for laboratory use.\",\"breadcrumb\":{\"@id\":\"https:\/\/chemsfine.com\/product\/buy-3-meo-pce\/#breadcrumb\"},\"inLanguage\":\"sv-SE\",\"potentialAction\":[{\"@type\":\"ReadAction\",\"target\":[\"https:\/\/chemsfine.com\/product\/buy-3-meo-pce\/\"]}]},{\"@type\":\"ImageObject\",\"inLanguage\":\"sv-SE\",\"@id\":\"https:\/\/chemsfine.com\/product\/buy-3-meo-pce\/#primaryimage\",\"url\":\"https:\/\/chemsfine.com\/wp-content\/uploads\/2026\/02\/3-meo-pce-1-1.jpg\",\"contentUrl\":\"https:\/\/chemsfine.com\/wp-content\/uploads\/2026\/02\/3-meo-pce-1-1.jpg\",\"width\":600,\"height\":451},{\"@type\":\"BreadcrumbList\",\"@id\":\"https:\/\/chemsfine.com\/product\/buy-3-meo-pce\/#breadcrumb\",\"itemListElement\":[{\"@type\":\"ListItem\",\"position\":1,\"name\":\"Home\",\"item\":\"https:\/\/chemsfine.com\/\"},{\"@type\":\"ListItem\",\"position\":2,\"name\":\"Shop\",\"item\":\"https:\/\/chemsfine.com\/shop\/\"},{\"@type\":\"ListItem\",\"position\":3,\"name\":\"3-MEO-PCE &#8211; Premium Quality Research Chemical for Sale\"}]},{\"@type\":\"WebSite\",\"@id\":\"https:\/\/chemsfine.com\/#website\",\"url\":\"https:\/\/chemsfine.com\/\",\"name\":\"Chemsfine\",\"description\":\"My WordPress Blog\",\"publisher\":{\"@id\":\"https:\/\/chemsfine.com\/#organization\"},\"potentialAction\":[{\"@type\":\"SearchAction\",\"target\":{\"@type\":\"EntryPoint\",\"urlTemplate\":\"https:\/\/chemsfine.com\/?s={search_term_string}\"},\"query-input\":{\"@type\":\"PropertyValueSpecification\",\"valueRequired\":true,\"valueName\":\"search_term_string\"}}],\"inLanguage\":\"sv-SE\"},{\"@type\":\"Organization\",\"@id\":\"https:\/\/chemsfine.com\/#organization\",\"name\":\"Chemsfine\",\"url\":\"https:\/\/chemsfine.com\/\",\"logo\":{\"@type\":\"ImageObject\",\"inLanguage\":\"sv-SE\",\"@id\":\"https:\/\/chemsfine.com\/#\/schema\/logo\/image\/\",\"url\":\"https:\/\/chemsfine.com\/wp-content\/uploads\/2024\/09\/final-logo.png\",\"contentUrl\":\"https:\/\/chemsfine.com\/wp-content\/uploads\/2024\/09\/final-logo.png\",\"width\":340,\"height\":72,\"caption\":\"Chemsfine\"},\"image\":{\"@id\":\"https:\/\/chemsfine.com\/#\/schema\/logo\/image\/\"}}]}<\/script>\n<!-- \/ Yoast SEO plugin. -->","yoast_head_json":{"title":"K\u00f6p 3-MEO-PCE online - forskningskemikalie av h\u00f6gsta kvalitet | Chemsfine","description":"Uppt\u00e4ck 3-MEO-PCE med h\u00f6g renhet till salu p\u00e5 Chemsfine. En arylcyklohexylaminforskningskemikalie av h\u00f6gsta kvalitet, tillg\u00e4nglig att k\u00f6pa online f\u00f6r laboratoriebruk.","robots":{"index":"index","follow":"follow","max-snippet":"max-snippet:-1","max-image-preview":"max-image-preview:large","max-video-preview":"max-video-preview:-1"},"canonical":"https:\/\/chemsfine.com\/sv\/produkt\/buy-3-meo-pce\/","og_locale":"sv_SE","og_type":"article","og_title":"Buy 3-MEO-PCE Online - Top Quality Research Chemical | Chemsfine","og_description":"Discover high-purity 3-MEO-PCE for sale at Chemsfine. A top-quality arylcyclohexylamine research chemical, available to buy online for laboratory use.","og_url":"https:\/\/chemsfine.com\/sv\/produkt\/buy-3-meo-pce\/","og_site_name":"Chemsfine","article_modified_time":"2026-03-25T14:43:47+00:00","og_image":[{"width":600,"height":451,"url":"https:\/\/chemsfine.com\/wp-content\/uploads\/2026\/02\/3-meo-pce-1-1.jpg","type":"image\/jpeg"}],"twitter_card":"summary_large_image","twitter_misc":{"Ber\u00e4knad l\u00e4stid":"4 minuter"},"schema":{"@context":"https:\/\/schema.org","@graph":[{"@type":"WebPage","@id":"https:\/\/chemsfine.com\/product\/buy-3-meo-pce\/","url":"https:\/\/chemsfine.com\/product\/buy-3-meo-pce\/","name":"K\u00f6p 3-MEO-PCE online - forskningskemikalie av h\u00f6gsta kvalitet | Chemsfine","isPartOf":{"@id":"https:\/\/chemsfine.com\/#website"},"primaryImageOfPage":{"@id":"https:\/\/chemsfine.com\/product\/buy-3-meo-pce\/#primaryimage"},"image":{"@id":"https:\/\/chemsfine.com\/product\/buy-3-meo-pce\/#primaryimage"},"thumbnailUrl":"https:\/\/chemsfine.com\/wp-content\/uploads\/2026\/02\/3-meo-pce-1-1.jpg","datePublished":"2026-02-12T09:45:08+00:00","dateModified":"2026-03-25T14:43:47+00:00","description":"Uppt\u00e4ck 3-MEO-PCE med h\u00f6g renhet till salu p\u00e5 Chemsfine. En arylcyklohexylaminforskningskemikalie av h\u00f6gsta kvalitet, tillg\u00e4nglig att k\u00f6pa online f\u00f6r laboratoriebruk.","breadcrumb":{"@id":"https:\/\/chemsfine.com\/product\/buy-3-meo-pce\/#breadcrumb"},"inLanguage":"sv-SE","potentialAction":[{"@type":"ReadAction","target":["https:\/\/chemsfine.com\/product\/buy-3-meo-pce\/"]}]},{"@type":"ImageObject","inLanguage":"sv-SE","@id":"https:\/\/chemsfine.com\/product\/buy-3-meo-pce\/#primaryimage","url":"https:\/\/chemsfine.com\/wp-content\/uploads\/2026\/02\/3-meo-pce-1-1.jpg","contentUrl":"https:\/\/chemsfine.com\/wp-content\/uploads\/2026\/02\/3-meo-pce-1-1.jpg","width":600,"height":451},{"@type":"BreadcrumbList","@id":"https:\/\/chemsfine.com\/product\/buy-3-meo-pce\/#breadcrumb","itemListElement":[{"@type":"ListItem","position":1,"name":"Home","item":"https:\/\/chemsfine.com\/"},{"@type":"ListItem","position":2,"name":"Shop","item":"https:\/\/chemsfine.com\/shop\/"},{"@type":"ListItem","position":3,"name":"3-MEO-PCE &#8211; Premium Quality Research Chemical for Sale"}]},{"@type":"WebSite","@id":"https:\/\/chemsfine.com\/#website","url":"https:\/\/chemsfine.com\/","name":"Chemsfine","description":"Min WordPress-blogg","publisher":{"@id":"https:\/\/chemsfine.com\/#organization"},"potentialAction":[{"@type":"SearchAction","target":{"@type":"EntryPoint","urlTemplate":"https:\/\/chemsfine.com\/?s={search_term_string}"},"query-input":{"@type":"PropertyValueSpecification","valueRequired":true,"valueName":"search_term_string"}}],"inLanguage":"sv-SE"},{"@type":"Organization","@id":"https:\/\/chemsfine.com\/#organization","name":"Chemsfine","url":"https:\/\/chemsfine.com\/","logo":{"@type":"ImageObject","inLanguage":"sv-SE","@id":"https:\/\/chemsfine.com\/#\/schema\/logo\/image\/","url":"https:\/\/chemsfine.com\/wp-content\/uploads\/2024\/09\/final-logo.png","contentUrl":"https:\/\/chemsfine.com\/wp-content\/uploads\/2024\/09\/final-logo.png","width":340,"height":72,"caption":"Chemsfine"},"image":{"@id":"https:\/\/chemsfine.com\/#\/schema\/logo\/image\/"}}]}},"_links":{"self":[{"href":"https:\/\/chemsfine.com\/sv\/wp-json\/wp\/v2\/product\/5197","targetHints":{"allow":["GET"]}}],"collection":[{"href":"https:\/\/chemsfine.com\/sv\/wp-json\/wp\/v2\/product"}],"about":[{"href":"https:\/\/chemsfine.com\/sv\/wp-json\/wp\/v2\/types\/product"}],"replies":[{"embeddable":true,"href":"https:\/\/chemsfine.com\/sv\/wp-json\/wp\/v2\/comments?post=5197"}],"wp:featuredmedia":[{"embeddable":true,"href":"https:\/\/chemsfine.com\/sv\/wp-json\/wp\/v2\/media\/5234"}],"wp:attachment":[{"href":"https:\/\/chemsfine.com\/sv\/wp-json\/wp\/v2\/media?parent=5197"}],"wp:term":[{"taxonomy":"product_brand","embeddable":true,"href":"https:\/\/chemsfine.com\/sv\/wp-json\/wp\/v2\/product_brand?post=5197"},{"taxonomy":"product_cat","embeddable":true,"href":"https:\/\/chemsfine.com\/sv\/wp-json\/wp\/v2\/product_cat?post=5197"},{"taxonomy":"product_tag","embeddable":true,"href":"https:\/\/chemsfine.com\/sv\/wp-json\/wp\/v2\/product_tag?post=5197"}],"curies":[{"name":"wp","href":"https:\/\/api.w.org\/{rel}","templated":true}]}}