{"id":5518,"date":"2026-02-12T09:48:44","date_gmt":"2026-02-12T09:48:44","guid":{"rendered":"https:\/\/chemsfine.com\/?post_type=product&#038;p=5518"},"modified":"2026-03-25T14:14:21","modified_gmt":"2026-03-25T14:14:21","slug":"buy-nm-2-ai","status":"publish","type":"product","link":"https:\/\/chemsfine.com\/sv\/product\/buy-nm-2-ai\/","title":{"rendered":"NM-2-AI (N-metyl-2-aminoindan) | K\u00f6p online p\u00e5 Chemsfine"},"content":{"rendered":"<p>N\u00e4r forskare s\u00f6ker h\u00f6gkvalitativa forskningsf\u00f6reningar v\u00e4nder de sig konsekvent till p\u00e5litliga leverant\u00f6rer. Du kan med tillf\u00f6rsikt <b>k\u00f6pa NM-2-AI till salu<\/b> p\u00e5 Chemsfine, vilket s\u00e4kerst\u00e4ller att du f\u00e5r en produkt med exceptionell renhet f\u00f6r dina studier. NM-2-AI (N-metyl-2-aminoindan, IUPAC: 2,3-dihydro-N-metyl-1H-inden-2-amin, monohydroklorid) \u00e4r ett anm\u00e4rkningsv\u00e4rt stimulerande l\u00e4kemedel inom aminoindanklassen. Som en strukturell analog av 2-AI och MDAI presenterar den en liknande molekyl\u00e4r struktur, vilket g\u00f6r det till ett \u00f6vertygande \u00e4mne f\u00f6r avancerade laboratorieunders\u00f6kningar. V\u00e5rt \u00e5tagande att tillhandah\u00e5lla autentiska f\u00f6reningar med h\u00f6g renhet positionerar Chemsfine som en f\u00f6rstklassig destination f\u00f6r forskare som vill f\u00f6rv\u00e4rva NM-2-AI.<\/p>\n<h2>F\u00f6rst\u00e5 NM-2-AI: Kemisk identitet och struktur<\/h2>\n<p>NM-2-AI \u00e4r vetenskapligt k\u00e4nt som <i>N<\/i>-Methyl-2,3-dihydro-1<i>H<\/i>-inden-2-amin, med vanliga synonymer inklusive N-metyl-2-aminoindan och N-metyl-2-AI. Dess formella namn \u00e4r 2,3-dihydro-N-metyl-1H-inden-2-amin, monohydroklorid. Denna f\u00f6rening k\u00e4nnetecknas av dess N-metylerade derivat av 2-aminoindan, d\u00e4r det terminala R3-kolet i propankedjan hos amfetamin \u00e4r kopplat till bensenringen f\u00f6r att bilda indan - en bicyklisk struktur som inneh\u00e5ller en bensenring kondenserad till en pentanring. Denna minuti\u00f6sa strukturella detalj understryker den komplexitet och precision som kr\u00e4vs f\u00f6r att syntetisera <b>NM-2-AI av h\u00f6gsta kvalitet<\/b> f\u00f6r forsknings\u00e4ndam\u00e5l.<\/p>\n<h3>NM-2-AI Specifikationer i korthet:<\/h3>\n<table>\n<thead>\n<tr>\n<th>Fastighet<\/th>\n<th>Detalj<\/th>\n<\/tr>\n<\/thead>\n<tbody>\n<tr>\n<td>IUPAC-namn<\/td>\n<td><i>N<\/i>-Methyl-2,3-dihydro-1<i>H<\/i>-inden-2-amin<\/td>\n<\/tr>\n<tr>\n<td>Synonymer<\/td>\n<td>NM-2-AI, N-metyl-2-aminoindan, N-metyl-2-AI<\/td>\n<\/tr>\n<tr>\n<td>Formellt namn<\/td>\n<td>2,3-dihydro-N-metyl-1H-inden-2-amin, monohydroklorid<\/td>\n<\/tr>\n<tr>\n<td>Cas-nummer<\/td>\n<td>24445-44-1, 10408-85-2 HCI<\/td>\n<\/tr>\n<tr>\n<td>Formel<\/td>\n<td>C<sub>10<\/sub>H<sub>13<\/sub>N, C<sub>10<\/sub>H<sub>13<\/sub>N - HCl<\/td>\n<\/tr>\n<tr>\n<td>Mol\u00e4r massa<\/td>\n<td>147,221 g-mol<sup>-1<\/sup><\/td>\n<\/tr>\n<tr>\n<td>Renhet<\/td>\n<td>98,0 % min.<\/td>\n<\/tr>\n<tr>\n<td>Formulering<\/td>\n<td>Pulver, fasta \u00e4mnen, kristaller<\/td>\n<\/tr>\n<tr>\n<td>Utseende<\/td>\n<td>Pulver, kristallint fast \u00e4mne<\/td>\n<\/tr>\n<\/tbody>\n<\/table>\n<h2>Farmakologisk profil och forskningsspecifika effekter<\/h2>\n<p>Effekterna av NM-2-AI liknar i stort sett de som observerats med amfetamin och metamfetamin, fr\u00e4mst genom att \u00f6ka niv\u00e5erna av neurotransmittorerna noradrenalin och dopamin i hj\u00e4rnan. Denna neurokemiska verkan leder till stimulerande och euforiska effekter, vilket g\u00f6r NM-2-AI till en v\u00e4rdefull f\u00f6rening f\u00f6r neurofarmakologisk forskning. \u00c4ven om det delar egenskaper med 2-AI, noteras NM-2-AI f\u00f6r sin j\u00e4mf\u00f6relsevis mindre styrka men l\u00e4ngre varaktighet av \u00e5tg\u00e4rden, vilket ger en distinkt profil f\u00f6r detaljerad studie. Det \u00e4r viktigt att komma ih\u00e5g att NM-2-AI \u00e4r d\u00e5ligt f\u00f6rst\u00e5tt och att begr\u00e4nsade uppgifter finns tillg\u00e4ngliga om dess farmakologiska och toxikologiska egenskaper, vilket reserverar det uteslutande f\u00f6r forskning och testning i specialutrustade laboratorier.<\/p>\n<h2>Flexibla f\u00f6rpackningar och konkurrenskraftiga priser f\u00f6r din forskning<\/h2>\n<p>P\u00e5 Chemsfine erbjuder vi NM-2-AI i olika kvantiteter f\u00f6r att m\u00f6ta de olika kraven fr\u00e5n forskarsamh\u00e4llet, vilket s\u00e4kerst\u00e4ller att du hittar den <b>b\u00e4sta tillg\u00e4ngliga NM-2-AI<\/b> f\u00f6r att passa din projektskala. V\u00e5r differentierade prisstruktur ger \u00f6kat v\u00e4rde vid st\u00f6rre ink\u00f6p, vilket \u00e5terspeglar v\u00e5rt \u00e5tagande att erbjuda konkurrenskraftiga priser f\u00f6r <b>laboratoriekvalitet till salu<\/b> f\u00f6reningar.<\/p>\n<table>\n<thead>\n<tr>\n<th>Vikt<\/th>\n<th>Pris (per gram)<\/th>\n<\/tr>\n<\/thead>\n<tbody>\n<tr>\n<td>5g<\/td>\n<td>$12.50<\/td>\n<\/tr>\n<tr>\n<td>10g<\/td>\n<td>$11.00<\/td>\n<\/tr>\n<tr>\n<td>25g<\/td>\n<td>$8.00<\/td>\n<\/tr>\n<tr>\n<td>50g<\/td>\n<td>$5.50<\/td>\n<\/tr>\n<tr>\n<td>100g<\/td>\n<td>$3.40<\/td>\n<\/tr>\n<tr>\n<td>250g<\/td>\n<td>$2.90<\/td>\n<\/tr>\n<tr>\n<td>500g<\/td>\n<td>$2.60<\/td>\n<\/tr>\n<tr>\n<td>1000g<\/td>\n<td>$2.30<\/td>\n<\/tr>\n<\/tbody>\n<\/table>\n<h2>Information om l\u00f6slighet f\u00f6r laboratoriebruk<\/h2>\n<p>Att f\u00f6rst\u00e5 l\u00f6sligheten hos NM-2-AI \u00e4r avg\u00f6rande f\u00f6r exakta laboratorietill\u00e4mpningar. Den uppvisar varierande l\u00f6slighet i olika l\u00f6sningsmedel, vilket ger flexibilitet f\u00f6r experimentell design. Forskare kommer att uppt\u00e4cka att det l\u00f6ser sig effektivt i:<\/p>\n<ul>\n<li class=\"undefined text-lato-bold\"><span class=\"\">DMF: 25 mg\/ml<\/span><\/li>\n<li class=\"undefined text-lato-bold\"><span class=\"\">DMSO: 20 mg\/ml<\/span><\/li>\n<li class=\"undefined text-lato-bold\"><span class=\"\">Etanol: 3 mg\/ml<\/span><\/li>\n<li class=\"undefined text-lato-bold\"><span class=\"\">PBS (pH 7,2): 10 mg\/ml<\/span><\/li>\n<\/ul>\n<h2>Ansvarsfull forskning och regelefterlevnad<\/h2>\n<p>Med tanke p\u00e5 den begr\u00e4nsade kunskapen och de begr\u00e4nsade uppgifterna om NM-2-AI:s farmakologiska och toxikologiska egenskaper \u00e4r anv\u00e4ndningen strikt f\u00f6rbeh\u00e5llen forskning och testning i specialutrustade laboratorier. Det \u00e4r absolut n\u00f6dv\u00e4ndigt att all forskning som involverar denna f\u00f6rening utf\u00f6rs med l\u00e4mplig personlig skyddsutrustning (PPE) och i en kontrollerad milj\u00f6 f\u00f6r att garantera s\u00e4kerheten och f\u00f6lja etisk forskningspraxis. Dessutom kan N-metyl-2-aminoindan vara f\u00f6rem\u00e5l f\u00f6r f\u00f6rs\u00e4ljningsrestriktioner i olika jurisdiktioner, och kunder uppmanas att kontrollera lokala best\u00e4mmelser innan de f\u00f6rs\u00f6ker <b>k\u00f6pa NM-2-AI<\/b>. Forskare \u00f6ver hela v\u00e4rlden v\u00e4ljer Chemsfine f\u00f6r <a href='https:\/\/chemsfine.com\/sv\/produkt\/buy-2f-dck-online\/'>k\u00f6pa forskningskemikalier online<\/a> p\u00e5 ett ansvarsfullt s\u00e4tt.<\/p>\n<h2>Varf\u00f6r v\u00e4lja Chemsfine f\u00f6r ditt NM-2-AI-k\u00f6p?<\/h2>\n<p>N\u00e4r du best\u00e4mmer dig f\u00f6r att <b>Best\u00e4ll NM-2-AI online<\/b>, Genom att v\u00e4lja Chemsfine f\u00e5r du en p\u00e5litlig partner. Vi \u00e4r dedikerade till att erbjuda <b>\u00e4kta NM-2-AI<\/b> och andra <a href='https:\/\/chemsfine.com\/sv\/produkt\/buy-2f-dck-online\/'>h\u00f6g renhet till salu<\/a> f\u00f6reningar med transparenta detaljer och verifierade batchregister. V\u00e5r konkurrenskraftiga priss\u00e4ttning, i kombination med ett \u00e5tagande om kvalitet, garanterar ett s\u00e4kert k\u00f6p varje g\u00e5ng. P\u00e5 Chemsfine \u00e4r vi stolta \u00f6ver att inte bara erbjuda NM-2-AI, utan \u00e4ven en bred katalog av forskningssubstanser med h\u00f6g renhet. Utforska v\u00e5ra erbjudanden, inklusive specialprodukter som <a href='https:\/\/chemsfine.com\/sv\/produkt\/diablo-k2-spray\/'>Diablo K2 Spray<\/a>, allt med st\u00f6d av v\u00e5rt orubbliga engagemang f\u00f6r vetenskaplig integritet och kundn\u00f6jdhet. Vi str\u00e4var efter att vara din f\u00f6redragna k\u00e4lla till <b>K\u00f6p nu online<\/b>.<\/p>\n<h2>Slutsats: Din fr\u00e4msta k\u00e4lla f\u00f6r NM-2-AI i forskningsklass<\/h2>\n<p>F\u00f6r vetenskapliga unders\u00f6kningar som kr\u00e4ver exakta och p\u00e5litliga f\u00f6reningar st\u00e5r NM-2-AI som ett unikt stimulerande medel i aminoindanklassen. Chemsfine \u00e4r din p\u00e5litliga k\u00e4lla till <b>k\u00f6pa NM-2-AI till salu<\/b>, Chemsfine \u00e4r en ledande leverant\u00f6r av forskningskemikalier som tillhandah\u00e5ller material av laboratoriekvalitet med rigor\u00f6s kvalitetskontroll. Vi inbjuder dig att utforska v\u00e5rt omfattande produktsortiment och uppleva den spetskompetens som g\u00f6r Chemsfine till en ledande leverant\u00f6r p\u00e5 den kemiska forskningsmarknaden.<\/p>","protected":false},"excerpt":{"rendered":"<p>Uppt\u00e4ck <b>NM-2-AI<\/b> (N-metyl-2-aminoindan), ett stimulerande l\u00e4kemedel med h\u00f6g renhet i aminoindanklassen f\u00f6r forsknings\u00e4ndam\u00e5l. Detta pulver av laboratoriekvalitet, en analog av 2-AI och MDAI, \u00e4r tillg\u00e4ngligt f\u00f6r forskare att <b>k\u00f6pa NM-2-AI<\/b> p\u00e5 Chemsfine. K\u00e4nd f\u00f6r sina stimulerande effekter \u00e4r den reserverad f\u00f6r kontrollerade laboratoriemilj\u00f6er. Utforska dess unika kemiska profil och skaffa din forskningssubstans idag.<\/p>","protected":false},"featured_media":5570,"comment_status":"open","ping_status":"closed","template":"","meta":{"_joinchat":[]},"product_brand":[],"product_cat":[951],"product_tag":[],"class_list":{"0":"post-5518","1":"product","2":"type-product","3":"status-publish","4":"has-post-thumbnail","6":"product_cat-stimulants","8":"first","9":"instock","10":"shipping-taxable","11":"purchasable","12":"product-type-variable"},"yoast_head":"<!-- This site is optimized with the Yoast SEO plugin v27.2 - https:\/\/yoast.com\/product\/yoast-seo-wordpress\/ -->\n<title>Buy NM-2-AI Online - High Purity N-methyl-2-aminoindane Available<\/title>\n<meta name=\"description\" content=\"Discover NM-2-AI (N-methyl-2-aminoindane) for your research needs. Purchase high-purity, laboratory-grade NM-2-AI powder online at Chemsfine today.\" \/>\n<meta name=\"robots\" content=\"index, follow, max-snippet:-1, max-image-preview:large, max-video-preview:-1\" \/>\n<link rel=\"canonical\" href=\"https:\/\/chemsfine.com\/sv\/produkt\/buy-nm-2-ai\/\" \/>\n<meta property=\"og:locale\" content=\"sv_SE\" \/>\n<meta property=\"og:type\" content=\"article\" \/>\n<meta property=\"og:title\" content=\"Buy NM-2-AI Online - High Purity N-methyl-2-aminoindane Available\" \/>\n<meta property=\"og:description\" content=\"Discover NM-2-AI (N-methyl-2-aminoindane) for your research needs. Purchase high-purity, laboratory-grade NM-2-AI powder online at Chemsfine today.\" \/>\n<meta property=\"og:url\" content=\"https:\/\/chemsfine.com\/sv\/produkt\/buy-nm-2-ai\/\" \/>\n<meta property=\"og:site_name\" content=\"Chemsfine\" \/>\n<meta property=\"article:modified_time\" content=\"2026-03-25T14:14:21+00:00\" \/>\n<meta property=\"og:image\" content=\"https:\/\/chemsfine.com\/wp-content\/uploads\/2026\/02\/nm-2-ai-1-1.jpg\" \/>\n\t<meta property=\"og:image:width\" content=\"600\" \/>\n\t<meta property=\"og:image:height\" content=\"450\" \/>\n\t<meta property=\"og:image:type\" content=\"image\/jpeg\" \/>\n<meta name=\"twitter:card\" content=\"summary_large_image\" \/>\n<meta name=\"twitter:label1\" content=\"Ber\u00e4knad l\u00e4stid\" \/>\n\t<meta name=\"twitter:data1\" content=\"4 minuter\" \/>\n<script type=\"application\/ld+json\" class=\"yoast-schema-graph\">{\"@context\":\"https:\/\/schema.org\",\"@graph\":[{\"@type\":\"WebPage\",\"@id\":\"https:\/\/chemsfine.com\/product\/buy-nm-2-ai\/\",\"url\":\"https:\/\/chemsfine.com\/product\/buy-nm-2-ai\/\",\"name\":\"Buy NM-2-AI Online - High Purity N-methyl-2-aminoindane Available\",\"isPartOf\":{\"@id\":\"https:\/\/chemsfine.com\/#website\"},\"primaryImageOfPage\":{\"@id\":\"https:\/\/chemsfine.com\/product\/buy-nm-2-ai\/#primaryimage\"},\"image\":{\"@id\":\"https:\/\/chemsfine.com\/product\/buy-nm-2-ai\/#primaryimage\"},\"thumbnailUrl\":\"https:\/\/chemsfine.com\/wp-content\/uploads\/2026\/02\/nm-2-ai-1-1.jpg\",\"datePublished\":\"2026-02-12T09:48:44+00:00\",\"dateModified\":\"2026-03-25T14:14:21+00:00\",\"description\":\"Discover NM-2-AI (N-methyl-2-aminoindane) for your research needs. Purchase high-purity, laboratory-grade NM-2-AI powder online at Chemsfine today.\",\"breadcrumb\":{\"@id\":\"https:\/\/chemsfine.com\/product\/buy-nm-2-ai\/#breadcrumb\"},\"inLanguage\":\"sv-SE\",\"potentialAction\":[{\"@type\":\"ReadAction\",\"target\":[\"https:\/\/chemsfine.com\/product\/buy-nm-2-ai\/\"]}]},{\"@type\":\"ImageObject\",\"inLanguage\":\"sv-SE\",\"@id\":\"https:\/\/chemsfine.com\/product\/buy-nm-2-ai\/#primaryimage\",\"url\":\"https:\/\/chemsfine.com\/wp-content\/uploads\/2026\/02\/nm-2-ai-1-1.jpg\",\"contentUrl\":\"https:\/\/chemsfine.com\/wp-content\/uploads\/2026\/02\/nm-2-ai-1-1.jpg\",\"width\":600,\"height\":450},{\"@type\":\"BreadcrumbList\",\"@id\":\"https:\/\/chemsfine.com\/product\/buy-nm-2-ai\/#breadcrumb\",\"itemListElement\":[{\"@type\":\"ListItem\",\"position\":1,\"name\":\"Home\",\"item\":\"https:\/\/chemsfine.com\/\"},{\"@type\":\"ListItem\",\"position\":2,\"name\":\"Shop\",\"item\":\"https:\/\/chemsfine.com\/shop\/\"},{\"@type\":\"ListItem\",\"position\":3,\"name\":\"NM-2-AI (N-methyl-2-aminoindane) | Buy Online at Chemsfine\"}]},{\"@type\":\"WebSite\",\"@id\":\"https:\/\/chemsfine.com\/#website\",\"url\":\"https:\/\/chemsfine.com\/\",\"name\":\"Chemsfine\",\"description\":\"My WordPress Blog\",\"publisher\":{\"@id\":\"https:\/\/chemsfine.com\/#organization\"},\"potentialAction\":[{\"@type\":\"SearchAction\",\"target\":{\"@type\":\"EntryPoint\",\"urlTemplate\":\"https:\/\/chemsfine.com\/?s={search_term_string}\"},\"query-input\":{\"@type\":\"PropertyValueSpecification\",\"valueRequired\":true,\"valueName\":\"search_term_string\"}}],\"inLanguage\":\"sv-SE\"},{\"@type\":\"Organization\",\"@id\":\"https:\/\/chemsfine.com\/#organization\",\"name\":\"Chemsfine\",\"url\":\"https:\/\/chemsfine.com\/\",\"logo\":{\"@type\":\"ImageObject\",\"inLanguage\":\"sv-SE\",\"@id\":\"https:\/\/chemsfine.com\/#\/schema\/logo\/image\/\",\"url\":\"https:\/\/chemsfine.com\/wp-content\/uploads\/2024\/09\/final-logo.png\",\"contentUrl\":\"https:\/\/chemsfine.com\/wp-content\/uploads\/2024\/09\/final-logo.png\",\"width\":340,\"height\":72,\"caption\":\"Chemsfine\"},\"image\":{\"@id\":\"https:\/\/chemsfine.com\/#\/schema\/logo\/image\/\"}}]}<\/script>\n<!-- \/ Yoast SEO plugin. -->","yoast_head_json":{"title":"K\u00f6p NM-2-AI online - N-metyl-2-aminoindan med h\u00f6g renhet tillg\u00e4nglig","description":"Uppt\u00e4ck NM-2-AI (N-metyl-2-aminoindan) f\u00f6r dina forskningsbehov. K\u00f6p NM-2-AI-pulver med h\u00f6g renhet och laboratoriekvalitet online p\u00e5 Chemsfine idag.","robots":{"index":"index","follow":"follow","max-snippet":"max-snippet:-1","max-image-preview":"max-image-preview:large","max-video-preview":"max-video-preview:-1"},"canonical":"https:\/\/chemsfine.com\/sv\/produkt\/buy-nm-2-ai\/","og_locale":"sv_SE","og_type":"article","og_title":"Buy NM-2-AI Online - High Purity N-methyl-2-aminoindane Available","og_description":"Discover NM-2-AI (N-methyl-2-aminoindane) for your research needs. Purchase high-purity, laboratory-grade NM-2-AI powder online at Chemsfine today.","og_url":"https:\/\/chemsfine.com\/sv\/produkt\/buy-nm-2-ai\/","og_site_name":"Chemsfine","article_modified_time":"2026-03-25T14:14:21+00:00","og_image":[{"width":600,"height":450,"url":"https:\/\/chemsfine.com\/wp-content\/uploads\/2026\/02\/nm-2-ai-1-1.jpg","type":"image\/jpeg"}],"twitter_card":"summary_large_image","twitter_misc":{"Ber\u00e4knad l\u00e4stid":"4 minuter"},"schema":{"@context":"https:\/\/schema.org","@graph":[{"@type":"WebPage","@id":"https:\/\/chemsfine.com\/product\/buy-nm-2-ai\/","url":"https:\/\/chemsfine.com\/product\/buy-nm-2-ai\/","name":"K\u00f6p NM-2-AI online - N-metyl-2-aminoindan med h\u00f6g renhet tillg\u00e4nglig","isPartOf":{"@id":"https:\/\/chemsfine.com\/#website"},"primaryImageOfPage":{"@id":"https:\/\/chemsfine.com\/product\/buy-nm-2-ai\/#primaryimage"},"image":{"@id":"https:\/\/chemsfine.com\/product\/buy-nm-2-ai\/#primaryimage"},"thumbnailUrl":"https:\/\/chemsfine.com\/wp-content\/uploads\/2026\/02\/nm-2-ai-1-1.jpg","datePublished":"2026-02-12T09:48:44+00:00","dateModified":"2026-03-25T14:14:21+00:00","description":"Uppt\u00e4ck NM-2-AI (N-metyl-2-aminoindan) f\u00f6r dina forskningsbehov. K\u00f6p NM-2-AI-pulver med h\u00f6g renhet och laboratoriekvalitet online p\u00e5 Chemsfine idag.","breadcrumb":{"@id":"https:\/\/chemsfine.com\/product\/buy-nm-2-ai\/#breadcrumb"},"inLanguage":"sv-SE","potentialAction":[{"@type":"ReadAction","target":["https:\/\/chemsfine.com\/product\/buy-nm-2-ai\/"]}]},{"@type":"ImageObject","inLanguage":"sv-SE","@id":"https:\/\/chemsfine.com\/product\/buy-nm-2-ai\/#primaryimage","url":"https:\/\/chemsfine.com\/wp-content\/uploads\/2026\/02\/nm-2-ai-1-1.jpg","contentUrl":"https:\/\/chemsfine.com\/wp-content\/uploads\/2026\/02\/nm-2-ai-1-1.jpg","width":600,"height":450},{"@type":"BreadcrumbList","@id":"https:\/\/chemsfine.com\/product\/buy-nm-2-ai\/#breadcrumb","itemListElement":[{"@type":"ListItem","position":1,"name":"Home","item":"https:\/\/chemsfine.com\/"},{"@type":"ListItem","position":2,"name":"Shop","item":"https:\/\/chemsfine.com\/shop\/"},{"@type":"ListItem","position":3,"name":"NM-2-AI (N-methyl-2-aminoindane) | Buy Online at Chemsfine"}]},{"@type":"WebSite","@id":"https:\/\/chemsfine.com\/#website","url":"https:\/\/chemsfine.com\/","name":"Chemsfine","description":"Min WordPress-blogg","publisher":{"@id":"https:\/\/chemsfine.com\/#organization"},"potentialAction":[{"@type":"SearchAction","target":{"@type":"EntryPoint","urlTemplate":"https:\/\/chemsfine.com\/?s={search_term_string}"},"query-input":{"@type":"PropertyValueSpecification","valueRequired":true,"valueName":"search_term_string"}}],"inLanguage":"sv-SE"},{"@type":"Organization","@id":"https:\/\/chemsfine.com\/#organization","name":"Chemsfine","url":"https:\/\/chemsfine.com\/","logo":{"@type":"ImageObject","inLanguage":"sv-SE","@id":"https:\/\/chemsfine.com\/#\/schema\/logo\/image\/","url":"https:\/\/chemsfine.com\/wp-content\/uploads\/2024\/09\/final-logo.png","contentUrl":"https:\/\/chemsfine.com\/wp-content\/uploads\/2024\/09\/final-logo.png","width":340,"height":72,"caption":"Chemsfine"},"image":{"@id":"https:\/\/chemsfine.com\/#\/schema\/logo\/image\/"}}]}},"_links":{"self":[{"href":"https:\/\/chemsfine.com\/sv\/wp-json\/wp\/v2\/product\/5518","targetHints":{"allow":["GET"]}}],"collection":[{"href":"https:\/\/chemsfine.com\/sv\/wp-json\/wp\/v2\/product"}],"about":[{"href":"https:\/\/chemsfine.com\/sv\/wp-json\/wp\/v2\/types\/product"}],"replies":[{"embeddable":true,"href":"https:\/\/chemsfine.com\/sv\/wp-json\/wp\/v2\/comments?post=5518"}],"wp:featuredmedia":[{"embeddable":true,"href":"https:\/\/chemsfine.com\/sv\/wp-json\/wp\/v2\/media\/5570"}],"wp:attachment":[{"href":"https:\/\/chemsfine.com\/sv\/wp-json\/wp\/v2\/media?parent=5518"}],"wp:term":[{"taxonomy":"product_brand","embeddable":true,"href":"https:\/\/chemsfine.com\/sv\/wp-json\/wp\/v2\/product_brand?post=5518"},{"taxonomy":"product_cat","embeddable":true,"href":"https:\/\/chemsfine.com\/sv\/wp-json\/wp\/v2\/product_cat?post=5518"},{"taxonomy":"product_tag","embeddable":true,"href":"https:\/\/chemsfine.com\/sv\/wp-json\/wp\/v2\/product_tag?post=5518"}],"curies":[{"name":"wp","href":"https:\/\/api.w.org\/{rel}","templated":true}]}}