{"id":5802,"date":"2026-02-12T09:51:47","date_gmt":"2026-02-12T09:51:47","guid":{"rendered":"https:\/\/chemsfine.com\/?post_type=product&#038;p=5802"},"modified":"2026-03-25T14:01:22","modified_gmt":"2026-03-25T14:01:22","slug":"buy-mexican-cocaine","status":"publish","type":"product","link":"https:\/\/chemsfine.com\/sv\/product\/buy-mexican-cocaine\/","title":{"rendered":"Mexikanskt kokain"},"content":{"rendered":"<h1 data-start=\"191\" data-end=\"238\">K\u00f6p mexikanskt kokain: <strong>En stark kraft p\u00e5 marknaden f\u00f6r stimulantia<\/strong><\/h1>\n<p class=\"ds-markdown-paragraph\">Mexikansk kokain \u00e4r en formidabel produkt som \u00e4r k\u00e4nd f\u00f6r sina robusta effekter och betydande n\u00e4rvaro p\u00e5 den globala marknaden. Denna variant kommer fr\u00e5n kokaodlingar och bearbetas genom sofistikerade n\u00e4tverk och \u00e4r k\u00e4nd f\u00f6r sina potenta stimulerande egenskaper. Det \u00e4r konstruerat f\u00f6r anv\u00e4ndare som s\u00f6ker en kraftfull och l\u00e5ngvarig euforisk upplevelse, vilket ger betydande energi, \u00f6kad vakenhet och \u00f6kat f\u00f6rtroende f\u00f6r kr\u00e4vande social eller situationell anv\u00e4ndning.<\/p>\n<div>De b\u00f6rjade s\u00e4lja kokain i olika delar av v\u00e4rlden till mycket rimliga priser. M\u00e4nniskor k\u00f6pte kokainet i stor skala p\u00e5 grund av dess renhet och m\u00e5nga anv\u00e4ndningsomr\u00e5den.<\/div>\n<div>Colombiansk kokain-96 ren \u00e4r en av de renaste formerna av kokain som finns i hela v\u00e4rlden. P\u00e5 grund av sin renhet har den en h\u00f6g potential f\u00f6r att arbeta p\u00e5 m\u00e4nniskokroppen. Liksom andra former av kokain fungerar det ocks\u00e5 p\u00e5 centrala nervsystemet f\u00f6r att f\u00e5 \u00f6nskat resultat.<\/div>\n<div>Men det fungerar p\u00e5 ett mycket snabbare s\u00e4tt \u00e4n andra former av kokain. Det g\u00f6r att m\u00e4nniskokroppen kan slappna av genom att gl\u00f6mma livets problem. Det g\u00f6r att m\u00e4nniskokroppen kan f\u00e5 ordentlig s\u00f6mn och slappna av i sinnet.<\/div>\n<div>Mexikansk kokain-96 ren anv\u00e4nds ocks\u00e5 av l\u00e4kare genom att blanda den med olika ingredienser som \u00e4r anv\u00e4ndbara f\u00f6r m\u00e4nniskors h\u00e4lsa. M\u00e4nniskor anv\u00e4nder detta f\u00f6r att bli botade av m\u00e5nga sjukdomar som depression, \u00e5ngest etc.<\/div>\n<div>Det anv\u00e4nds ocks\u00e5 f\u00f6r att f\u00e5 lindring fr\u00e5n alla typer av sm\u00e4rta. Detta inneb\u00e4r sm\u00e4rta som antingen kan orsakas av omedelbara olyckor eller sm\u00e4rta fr\u00e5n l\u00e5ngvariga sjukdomar. L\u00e4karna ordinerar detta l\u00e4kemedel i form av medicin f\u00f6r att f\u00e5 ett botemedel. Dessa funktioner \u00e4r ansvariga f\u00f6r en s\u00e5 stor anv\u00e4ndning av mexikansk kokain-96.<\/div>\n<div>V\u00e5r onlinebutik handlar om alla typer av pro-droger, droger och l\u00e4kemedel. V\u00e5r butik tillhandah\u00e5ller ocks\u00e5 mexikansk kokain-96 ren till mycket rimliga priser. V\u00e5r butik erbjuder ocks\u00e5 snabb leverans av produkten. Vi har ocks\u00e5 de b\u00e4sta K2-badsalterna online<\/div>","protected":false},"excerpt":{"rendered":"<p>K\u00f6p mexikansk kokain 96% ren - kokain till salu silkesv\u00e4g - syntetisk kokain till salu online - ren kokain till salu online - k\u00f6p kokain online fr\u00e5n amsterdam.<\/p>\n<p>&nbsp;<\/p>","protected":false},"featured_media":5850,"comment_status":"open","ping_status":"closed","template":"","meta":{"_joinchat":[]},"product_brand":[],"product_cat":[939],"product_tag":[],"class_list":{"0":"post-5802","1":"product","2":"type-product","3":"status-publish","4":"has-post-thumbnail","6":"product_cat-cocaine","8":"first","9":"instock","10":"shipping-taxable","11":"purchasable","12":"product-type-variable"},"yoast_head":"<!-- This site is optimized with the Yoast SEO plugin v27.2 - https:\/\/yoast.com\/product\/yoast-seo-wordpress\/ -->\n<title>Buy Mexican Cocaine | Mexican Cocaine for Sale |<\/title>\n<meta name=\"description\" content=\"Buy Mexican Cocaine, We have a wide range of Mexican Cocaine for sale which comes from Medellin, Mexico Mexican Cocaine is a strong stimulant most frequently used as a recreational drug.\" \/>\n<meta name=\"robots\" content=\"index, follow, max-snippet:-1, max-image-preview:large, max-video-preview:-1\" \/>\n<link rel=\"canonical\" href=\"https:\/\/chemsfine.com\/sv\/produkt\/buy-mexican-cocaine\/\" \/>\n<meta property=\"og:locale\" content=\"sv_SE\" \/>\n<meta property=\"og:type\" content=\"article\" \/>\n<meta property=\"og:title\" content=\"Buy Mexican Cocaine | Mexican Cocaine for Sale |\" \/>\n<meta property=\"og:description\" content=\"Buy Mexican Cocaine, We have a wide range of Mexican Cocaine for sale which comes from Medellin, Mexico Mexican Cocaine is a strong stimulant most frequently used as a recreational drug.\" \/>\n<meta property=\"og:url\" content=\"https:\/\/chemsfine.com\/sv\/produkt\/buy-mexican-cocaine\/\" \/>\n<meta property=\"og:site_name\" content=\"Chemsfine\" \/>\n<meta property=\"article:modified_time\" content=\"2026-03-25T14:01:22+00:00\" \/>\n<meta property=\"og:image\" content=\"https:\/\/chemsfine.com\/wp-content\/uploads\/2026\/02\/volkswagen-cocaine-buy-cocaine-online-1.jpg\" \/>\n\t<meta property=\"og:image:width\" content=\"510\" \/>\n\t<meta property=\"og:image:height\" content=\"510\" \/>\n\t<meta property=\"og:image:type\" content=\"image\/jpeg\" \/>\n<meta name=\"twitter:card\" content=\"summary_large_image\" \/>\n<meta name=\"twitter:label1\" content=\"Ber\u00e4knad l\u00e4stid\" \/>\n\t<meta name=\"twitter:data1\" content=\"2 minuter\" \/>\n<script type=\"application\/ld+json\" class=\"yoast-schema-graph\">{\"@context\":\"https:\/\/schema.org\",\"@graph\":[{\"@type\":\"WebPage\",\"@id\":\"https:\/\/chemsfine.com\/product\/buy-mexican-cocaine\/\",\"url\":\"https:\/\/chemsfine.com\/product\/buy-mexican-cocaine\/\",\"name\":\"Buy Mexican Cocaine | Mexican Cocaine for Sale |\",\"isPartOf\":{\"@id\":\"https:\/\/chemsfine.com\/#website\"},\"primaryImageOfPage\":{\"@id\":\"https:\/\/chemsfine.com\/product\/buy-mexican-cocaine\/#primaryimage\"},\"image\":{\"@id\":\"https:\/\/chemsfine.com\/product\/buy-mexican-cocaine\/#primaryimage\"},\"thumbnailUrl\":\"https:\/\/chemsfine.com\/wp-content\/uploads\/2026\/02\/volkswagen-cocaine-buy-cocaine-online-1.jpg\",\"datePublished\":\"2026-02-12T09:51:47+00:00\",\"dateModified\":\"2026-03-25T14:01:22+00:00\",\"description\":\"Buy Mexican Cocaine, We have a wide range of Mexican Cocaine for sale which comes from Medellin, Mexico Mexican Cocaine is a strong stimulant most frequently used as a recreational drug.\",\"breadcrumb\":{\"@id\":\"https:\/\/chemsfine.com\/product\/buy-mexican-cocaine\/#breadcrumb\"},\"inLanguage\":\"sv-SE\",\"potentialAction\":[{\"@type\":\"ReadAction\",\"target\":[\"https:\/\/chemsfine.com\/product\/buy-mexican-cocaine\/\"]}]},{\"@type\":\"ImageObject\",\"inLanguage\":\"sv-SE\",\"@id\":\"https:\/\/chemsfine.com\/product\/buy-mexican-cocaine\/#primaryimage\",\"url\":\"https:\/\/chemsfine.com\/wp-content\/uploads\/2026\/02\/volkswagen-cocaine-buy-cocaine-online-1.jpg\",\"contentUrl\":\"https:\/\/chemsfine.com\/wp-content\/uploads\/2026\/02\/volkswagen-cocaine-buy-cocaine-online-1.jpg\",\"width\":510,\"height\":510},{\"@type\":\"BreadcrumbList\",\"@id\":\"https:\/\/chemsfine.com\/product\/buy-mexican-cocaine\/#breadcrumb\",\"itemListElement\":[{\"@type\":\"ListItem\",\"position\":1,\"name\":\"Home\",\"item\":\"https:\/\/chemsfine.com\/\"},{\"@type\":\"ListItem\",\"position\":2,\"name\":\"Shop\",\"item\":\"https:\/\/chemsfine.com\/shop\/\"},{\"@type\":\"ListItem\",\"position\":3,\"name\":\"Mexican Cocaine\"}]},{\"@type\":\"WebSite\",\"@id\":\"https:\/\/chemsfine.com\/#website\",\"url\":\"https:\/\/chemsfine.com\/\",\"name\":\"Chemsfine\",\"description\":\"My WordPress Blog\",\"publisher\":{\"@id\":\"https:\/\/chemsfine.com\/#organization\"},\"potentialAction\":[{\"@type\":\"SearchAction\",\"target\":{\"@type\":\"EntryPoint\",\"urlTemplate\":\"https:\/\/chemsfine.com\/?s={search_term_string}\"},\"query-input\":{\"@type\":\"PropertyValueSpecification\",\"valueRequired\":true,\"valueName\":\"search_term_string\"}}],\"inLanguage\":\"sv-SE\"},{\"@type\":\"Organization\",\"@id\":\"https:\/\/chemsfine.com\/#organization\",\"name\":\"Chemsfine\",\"url\":\"https:\/\/chemsfine.com\/\",\"logo\":{\"@type\":\"ImageObject\",\"inLanguage\":\"sv-SE\",\"@id\":\"https:\/\/chemsfine.com\/#\/schema\/logo\/image\/\",\"url\":\"https:\/\/chemsfine.com\/wp-content\/uploads\/2024\/09\/final-logo.png\",\"contentUrl\":\"https:\/\/chemsfine.com\/wp-content\/uploads\/2024\/09\/final-logo.png\",\"width\":340,\"height\":72,\"caption\":\"Chemsfine\"},\"image\":{\"@id\":\"https:\/\/chemsfine.com\/#\/schema\/logo\/image\/\"}}]}<\/script>\n<!-- \/ Yoast SEO plugin. -->","yoast_head_json":{"title":"K\u00f6p mexikansk kokain | Mexikansk kokain till salu |","description":"K\u00f6p mexikansk kokain, Vi har ett brett utbud av mexikansk kokain till salu som kommer fr\u00e5n Medellin, Mexiko Mexikansk kokain \u00e4r ett starkt stimulerande medel som oftast anv\u00e4nds som ett rekreationsdrog.","robots":{"index":"index","follow":"follow","max-snippet":"max-snippet:-1","max-image-preview":"max-image-preview:large","max-video-preview":"max-video-preview:-1"},"canonical":"https:\/\/chemsfine.com\/sv\/produkt\/buy-mexican-cocaine\/","og_locale":"sv_SE","og_type":"article","og_title":"Buy Mexican Cocaine | Mexican Cocaine for Sale |","og_description":"Buy Mexican Cocaine, We have a wide range of Mexican Cocaine for sale which comes from Medellin, Mexico Mexican Cocaine is a strong stimulant most frequently used as a recreational drug.","og_url":"https:\/\/chemsfine.com\/sv\/produkt\/buy-mexican-cocaine\/","og_site_name":"Chemsfine","article_modified_time":"2026-03-25T14:01:22+00:00","og_image":[{"width":510,"height":510,"url":"https:\/\/chemsfine.com\/wp-content\/uploads\/2026\/02\/volkswagen-cocaine-buy-cocaine-online-1.jpg","type":"image\/jpeg"}],"twitter_card":"summary_large_image","twitter_misc":{"Ber\u00e4knad l\u00e4stid":"2 minuter"},"schema":{"@context":"https:\/\/schema.org","@graph":[{"@type":"WebPage","@id":"https:\/\/chemsfine.com\/product\/buy-mexican-cocaine\/","url":"https:\/\/chemsfine.com\/product\/buy-mexican-cocaine\/","name":"K\u00f6p mexikansk kokain | Mexikansk kokain till salu |","isPartOf":{"@id":"https:\/\/chemsfine.com\/#website"},"primaryImageOfPage":{"@id":"https:\/\/chemsfine.com\/product\/buy-mexican-cocaine\/#primaryimage"},"image":{"@id":"https:\/\/chemsfine.com\/product\/buy-mexican-cocaine\/#primaryimage"},"thumbnailUrl":"https:\/\/chemsfine.com\/wp-content\/uploads\/2026\/02\/volkswagen-cocaine-buy-cocaine-online-1.jpg","datePublished":"2026-02-12T09:51:47+00:00","dateModified":"2026-03-25T14:01:22+00:00","description":"K\u00f6p mexikansk kokain, Vi har ett brett utbud av mexikansk kokain till salu som kommer fr\u00e5n Medellin, Mexiko Mexikansk kokain \u00e4r ett starkt stimulerande medel som oftast anv\u00e4nds som ett rekreationsdrog.","breadcrumb":{"@id":"https:\/\/chemsfine.com\/product\/buy-mexican-cocaine\/#breadcrumb"},"inLanguage":"sv-SE","potentialAction":[{"@type":"ReadAction","target":["https:\/\/chemsfine.com\/product\/buy-mexican-cocaine\/"]}]},{"@type":"ImageObject","inLanguage":"sv-SE","@id":"https:\/\/chemsfine.com\/product\/buy-mexican-cocaine\/#primaryimage","url":"https:\/\/chemsfine.com\/wp-content\/uploads\/2026\/02\/volkswagen-cocaine-buy-cocaine-online-1.jpg","contentUrl":"https:\/\/chemsfine.com\/wp-content\/uploads\/2026\/02\/volkswagen-cocaine-buy-cocaine-online-1.jpg","width":510,"height":510},{"@type":"BreadcrumbList","@id":"https:\/\/chemsfine.com\/product\/buy-mexican-cocaine\/#breadcrumb","itemListElement":[{"@type":"ListItem","position":1,"name":"Home","item":"https:\/\/chemsfine.com\/"},{"@type":"ListItem","position":2,"name":"Shop","item":"https:\/\/chemsfine.com\/shop\/"},{"@type":"ListItem","position":3,"name":"Mexican Cocaine"}]},{"@type":"WebSite","@id":"https:\/\/chemsfine.com\/#website","url":"https:\/\/chemsfine.com\/","name":"Chemsfine","description":"Min WordPress-blogg","publisher":{"@id":"https:\/\/chemsfine.com\/#organization"},"potentialAction":[{"@type":"SearchAction","target":{"@type":"EntryPoint","urlTemplate":"https:\/\/chemsfine.com\/?s={search_term_string}"},"query-input":{"@type":"PropertyValueSpecification","valueRequired":true,"valueName":"search_term_string"}}],"inLanguage":"sv-SE"},{"@type":"Organization","@id":"https:\/\/chemsfine.com\/#organization","name":"Chemsfine","url":"https:\/\/chemsfine.com\/","logo":{"@type":"ImageObject","inLanguage":"sv-SE","@id":"https:\/\/chemsfine.com\/#\/schema\/logo\/image\/","url":"https:\/\/chemsfine.com\/wp-content\/uploads\/2024\/09\/final-logo.png","contentUrl":"https:\/\/chemsfine.com\/wp-content\/uploads\/2024\/09\/final-logo.png","width":340,"height":72,"caption":"Chemsfine"},"image":{"@id":"https:\/\/chemsfine.com\/#\/schema\/logo\/image\/"}}]}},"_links":{"self":[{"href":"https:\/\/chemsfine.com\/sv\/wp-json\/wp\/v2\/product\/5802","targetHints":{"allow":["GET"]}}],"collection":[{"href":"https:\/\/chemsfine.com\/sv\/wp-json\/wp\/v2\/product"}],"about":[{"href":"https:\/\/chemsfine.com\/sv\/wp-json\/wp\/v2\/types\/product"}],"replies":[{"embeddable":true,"href":"https:\/\/chemsfine.com\/sv\/wp-json\/wp\/v2\/comments?post=5802"}],"wp:featuredmedia":[{"embeddable":true,"href":"https:\/\/chemsfine.com\/sv\/wp-json\/wp\/v2\/media\/5850"}],"wp:attachment":[{"href":"https:\/\/chemsfine.com\/sv\/wp-json\/wp\/v2\/media?parent=5802"}],"wp:term":[{"taxonomy":"product_brand","embeddable":true,"href":"https:\/\/chemsfine.com\/sv\/wp-json\/wp\/v2\/product_brand?post=5802"},{"taxonomy":"product_cat","embeddable":true,"href":"https:\/\/chemsfine.com\/sv\/wp-json\/wp\/v2\/product_cat?post=5802"},{"taxonomy":"product_tag","embeddable":true,"href":"https:\/\/chemsfine.com\/sv\/wp-json\/wp\/v2\/product_tag?post=5802"}],"curies":[{"name":"wp","href":"https:\/\/api.w.org\/{rel}","templated":true}]}}