{"id":5845,"date":"2026-02-12T09:53:08","date_gmt":"2026-02-12T09:53:08","guid":{"rendered":"https:\/\/chemsfine.com\/?post_type=product&#038;p=5845"},"modified":"2026-03-25T13:56:27","modified_gmt":"2026-03-25T13:56:27","slug":"buy-potassium-cyanide","status":"publish","type":"product","link":"https:\/\/chemsfine.com\/sv\/product\/buy-potassium-cyanide\/","title":{"rendered":"K\u00f6p kaliumcyanid (KCN) av h\u00f6g kvalitet online"},"content":{"rendered":"<p>\n    V\u00e4lkommen till Chemsfine, din p\u00e5litliga globala k\u00e4lla f\u00f6r h\u00f6gkvalitativa kemiska f\u00f6reningar. N\u00e4r det g\u00e4ller specialiserade industrireagenser \u00e4r det av st\u00f6rsta vikt att s\u00e4kerst\u00e4lla renhet och tillf\u00f6rlitlig leverans. H\u00e4r kan du med s\u00e4kerhet <b>K\u00f6p kaliumcyanid till salu<\/b>, en f\u00f6rening som \u00e4r k\u00e4nd f\u00f6r sina m\u00e5nga olika industriella till\u00e4mpningar, som tillhandah\u00e5lls med v\u00e5rt \u00e5tagande om h\u00f6gsta kvalitet.\n<\/p>\n<p>\n    Inte alla produkter \u00e4r alltid l\u00e4ttillg\u00e4ngliga f\u00f6r k\u00f6p. En s\u00e5dan artikel \u00e4r kaliumcyanid. Men om du vill g\u00f6ra ett kaliumcyanidk\u00f6p online \u00e4r du p\u00e5 r\u00e4tt plats. V\u00e5r onlinebutik distribuerar kalium av b\u00e4sta kvalitet runt om i v\u00e4rlden. V\u00e5r f\u00e4rgl\u00f6sa kristallin \u00e4r k\u00e4nd p\u00e5 grund av dess exceptionella och extremt h\u00f6gkvalitativa egenskaper. Oavsett om du \u00e4r en smyckeshandlare eller en person som vill avsluta sitt liv kommer du att \u00e4lska det.\n<\/p>\n<p>\n    Med tanke p\u00e5 den potenta karakt\u00e4ren hos denna f\u00f6rening \u00e4r det avg\u00f6rande att k\u00f6pa fr\u00e5n en ansedd leverant\u00f6r som chemsfine. Vi prioriterar att tillhandah\u00e5lla KCN av h\u00f6gsta klass, laboratoriekvalitet som uppfyller str\u00e4nga industristandarder f\u00f6r olika professionella anv\u00e4ndningsomr\u00e5den.\n<\/p>\n<h2>Vad \u00e4r kaliumcyanid (KCN)?<\/h2>\n<p>\n    <b>Kaliumcyanid<\/b>, kemiskt representerat som KCN, \u00e4r en oorganisk f\u00f6rening k\u00e4nd f\u00f6r sin extrema toxicitet och m\u00e5ngsidighet i industriella processer. Det framtr\u00e4der vanligtvis som ett f\u00e4rgl\u00f6st kristallint fast \u00e4mne som \u00e4r mycket l\u00f6sligt i vatten. Ren KCN s\u00e4gs vara luktfri, men den kan avge en karakteristisk bittermandelliknande lukt n\u00e4r den uts\u00e4tts f\u00f6r fuktig luft, p\u00e5 grund av hydrolys som producerar v\u00e4tecyanidgas. Dess molekylvikt \u00e4r cirka 65,12 g\/mol och dess CAS-nummer (Chemical Abstracts Service) \u00e4r 151-50-8. Att f\u00f6rst\u00e5 den specifika kemiska identiteten och egenskaperna hos en s\u00e5dan f\u00f6rening \u00e4r grundl\u00e4ggande f\u00f6r att den ska kunna anv\u00e4ndas p\u00e5 ett s\u00e4kert och effektivt s\u00e4tt. Vi s\u00e4kerst\u00e4ller att v\u00e5ra erbjudanden \u00e4r av <b>Kaliumcyanid av h\u00f6gsta kvalitet<\/b>, omsorgsfullt bearbetade och hanterade.\n<\/p>\n<h3>Kemiska egenskaper och karakteristika<\/h3>\n<ul>\n<li><b>Formel:<\/b> KCN<\/li>\n<li><b>CAS-nummer:<\/b> 151-50-8<\/li>\n<li><b>Utseende:<\/b> F\u00e4rgl\u00f6st kristallint fast \u00e4mne (ofta vitt pulver)<\/li>\n<li><b>L\u00f6slighet:<\/b> Mycket l\u00e4ttl\u00f6slig i vatten<\/li>\n<li><b>Lukt:<\/b> Luktl\u00f6s i ren form; doft av bittermandel i fuktig luft<\/li>\n<li><b>Molar massa:<\/b> 65,12 g\/mol<\/li>\n<\/ul>\n<p>\n    Denna mycket reaktiva f\u00f6rening uppskattas inom olika sektorer f\u00f6r sin f\u00f6rm\u00e5ga att bilda stabila komplex med metaller, en egenskap som ligger till grund f\u00f6r m\u00e5nga av dess industriella anv\u00e4ndningsomr\u00e5den.\n<\/p>\n<h2>Varf\u00f6r k\u00f6pa kaliumcyanid online p\u00e5 chemsfine?<\/h2>\n<p>\n    N\u00e4r du funderar p\u00e5 var du ska <b>k\u00f6pa kaliumcyanid online<\/b>, D\u00e4rf\u00f6r \u00e4r tillf\u00f6rlitlighet, kvalitetss\u00e4kring och efterlevnad av s\u00e4kerhetsprotokoll av st\u00f6rsta vikt. P\u00e5 chemsfine utm\u00e4rker vi oss genom att erbjuda en p\u00e5litlig k\u00e4lla f\u00f6r denna specialiserade kemikalie. Vi f\u00f6rst\u00e5r de str\u00e4nga krav som st\u00e4lls p\u00e5 professionella till\u00e4mpningar, fr\u00e5n forskningslaboratorier till industriella tillverkningsanl\u00e4ggningar. V\u00e5rt \u00e5tagande s\u00e4kerst\u00e4ller att du endast f\u00e5r <b>B\u00e4sta tillg\u00e4ngliga kaliumcyanid<\/b> p\u00e5 marknaden.\n<\/p>\n<p>\n    Att v\u00e4lja chemsfine inneb\u00e4r att v\u00e4lja transparens och verifierad produktintegritet. Varje batch av KCN genomg\u00e5r noggranna kvalitetskontroller, vilket garanterar h\u00f6g renhet och konsekvent prestanda. V\u00e5r s\u00e4kra onlineplattform effektiviserar ink\u00f6psprocessen, s\u00e5 att du kan skaffa n\u00f6dv\u00e4ndiga f\u00f6reningar p\u00e5 ett effektivt och s\u00e4kert s\u00e4tt. Vi str\u00e4var efter att vara din f\u00f6redragna partner f\u00f6r alla dina kemiska behov genom att tillhandah\u00e5lla professionell service och \u00f6verl\u00e4gsna produkter.\n<\/p>\n<h2>Anv\u00e4ndningsomr\u00e5den f\u00f6r kaliumcyanid<\/h2>\n<p>\n    Kaliumcyanid spelar en avg\u00f6rande roll i ett brett spektrum av industriella och specialiserade till\u00e4mpningar tack vare sin kemiska reaktivitet, s\u00e4rskilt dess f\u00f6rm\u00e5ga att komplexbinda med metalljoner. Dess m\u00e5ngsidiga egenskaper g\u00f6r den oumb\u00e4rlig inom olika sektorer.\n<\/p>\n<ul>\n<li><b>Guld- och silverutvinning:<\/b> KCN anv\u00e4nds ofta inom hydrometallurgi f\u00f6r att utvinna guld och silver ur malmen genom att bilda l\u00f6sliga cyanidkomplex. Denna process \u00e4r av avg\u00f6rande betydelse f\u00f6r \u00e4delmetallindustrin.<\/li>\n<li><b>Elektropl\u00e4tering:<\/b> Det \u00e4r en nyckelkomponent i elektropl\u00e4teringsbad f\u00f6r deponering av metaller som guld, silver och koppar p\u00e5 olika ytor, vilket f\u00f6rb\u00e4ttrar deras utseende och korrosionsbest\u00e4ndighet.<\/li>\n<li><b>Organisk syntes:<\/b> Inom organisk kemi anv\u00e4nds KCN som reagens f\u00f6r syntes av nitriler, som \u00e4r viktiga mellanprodukter vid framst\u00e4llning av l\u00e4kemedel, polymerer och andra finkemikalier.<\/li>\n<li><b>Analytisk kemi:<\/b> Det fungerar som ett analytiskt reagens i vissa titreringsmetoder och kvalitativa tester f\u00f6r metalljoner p\u00e5 grund av dess komplexbildande f\u00f6rm\u00e5ga.<\/li>\n<li><b>Tillverkning av smycken:<\/b> Historiskt och idag anv\u00e4nds KCN inom smyckestillverkning f\u00f6r reng\u00f6ring, polering och elektropl\u00e4tering f\u00f6r att uppn\u00e5 en \u00f6verl\u00e4gsen finish p\u00e5 \u00e4delmetaller.<\/li>\n<li><b>Fotografering:<\/b> I traditionella fotografiska processer anv\u00e4ndes det i tonings- och reduktionsmedel, \u00e4ven om anv\u00e4ndningen har minskat avsev\u00e4rt med modern digitalfotografering.<\/li>\n<\/ul>\n<p>\n    Den precision som kr\u00e4vs i dessa applikationer understryker behovet av <b>Kaliumcyanid med h\u00f6g renhet till salu<\/b>, f\u00f6r att s\u00e4kerst\u00e4lla optimala resultat och minimera orenheter. Utforska v\u00e5rt omfattande utbud av specialiserade f\u00f6reningar, inklusive v\u00e5ra erbjudanden f\u00f6r <a href=\"https:\/\/chemsfine.com\/sv\/produkt\/back-home-cannabis-maui-wowie-sativa-buy-online\/\">forskning och utveckling<\/a>.\n<\/p>\n<h2>S\u00e4kerhet och efterlevnad f\u00f6r hantering av KCN<\/h2>\n<p>\n    P\u00e5 grund av dess extremt farliga natur \u00e4r hantering, lagring och bortskaffande av kaliumcyanid f\u00f6rem\u00e5l f\u00f6r strikta f\u00f6reskrifter och kr\u00e4ver noggrann uppm\u00e4rksamhet p\u00e5 s\u00e4kerhetsprotokoll. KCN \u00e4r mycket giftigt om det intas, inandas eller absorberas genom huden och st\u00f6r cellandningen.\n<\/p>\n<p>\n    \n    <\/p>\n<table>\n<thead>\n<tr>\n<th>S\u00e4kerhetsaspekt<\/th>\n<th>Beskrivning<\/th>\n<\/tr>\n<\/thead>\n<tbody>\n<tr>\n<td><b>Personlig skyddsutrustning (PPE)<\/b><\/td>\n<td>Obligatorisk anv\u00e4ndning av kemikalieresistenta handskar, \u00f6gonskydd (skyddsglas\u00f6gon\/ansiktsskydd), labbrockar och andningsskydd vid exponering f\u00f6r damm eller \u00e5ngor.<\/td>\n<\/tr>\n<tr>\n<td><b>Ventilation<\/b><\/td>\n<td>Hantering m\u00e5ste ske i ett v\u00e4l ventilerat utrymme eller under ett dragsk\u00e5p f\u00f6r att f\u00f6rhindra inandning av cyanv\u00e4tegas.<\/td>\n<\/tr>\n<tr>\n<td><b>F\u00f6rvaring<\/b><\/td>\n<td>F\u00f6rvara i ett svalt, torrt, v\u00e4lventilerat, s\u00e4kert och tydligt m\u00e4rkt utrymme, skyddat fr\u00e5n syror, fukt och of\u00f6renliga \u00e4mnen.<\/td>\n<\/tr>\n<tr>\n<td><b>Avfallshantering<\/b><\/td>\n<td>Strikt efterlevnad av lokala och internationella best\u00e4mmelser f\u00f6r bortskaffande av farligt avfall \u00e4r avg\u00f6rande. Kasta aldrig KCN i avloppet eller i vanliga sopor.<\/td>\n<\/tr>\n<\/tbody>\n<\/table>\n<p>\n    Alla anv\u00e4ndare m\u00e5ste l\u00e4sa s\u00e4kerhetsdatabladet (SDS) som medf\u00f6ljer produkten f\u00f6r omfattande information om faror, s\u00e4ker hantering, n\u00f6d\u00e5tg\u00e4rder och avfallshantering. Dessutom finns analyscertifikat (CoA) tillg\u00e4ngliga p\u00e5 beg\u00e4ran, som beskriver renheten och sammans\u00e4ttningen av v\u00e5ra <b>KCN av laboratoriekvalitet till salu<\/b>, vilket garanterar fullst\u00e4ndig efterlevnad och sinnesfrid f\u00f6r professionella anv\u00e4ndare.\n<\/p>\n<h2>Varf\u00f6r v\u00e4lja chemsfine f\u00f6r dina kaliumcyanidbehov?<\/h2>\n<p>\n    Att v\u00e4lja r\u00e4tt leverant\u00f6r f\u00f6r en f\u00f6rening som <b>Kaliumcyanid<\/b> \u00e4r ett beslut som p\u00e5verkar s\u00e4kerheten, effektiviteten och framg\u00e5ngen f\u00f6r din verksamhet. P\u00e5 chemsfine \u00e4r vi dedikerade till att vara en p\u00e5litlig partner som erbjuder en s\u00f6ml\u00f6s och s\u00e4ker ink\u00f6psupplevelse. N\u00e4r du <b>Best\u00e4ll kaliumcyanid online<\/b> fr\u00e5n oss, drar du nytta av flera viktiga f\u00f6rdelar.\n<\/p>\n<p>\n    Vi uppr\u00e4tth\u00e5ller en standard med transparenta detaljer och ger tydlig information om v\u00e5ra produktspecifikationer och kvalitetskontroll\u00e5tg\u00e4rder. V\u00e5ra verifierade batchregister ger en dokumenterad f\u00f6rs\u00e4kran om renhet och konsekvens, vilket \u00e4r avg\u00f6rande f\u00f6r k\u00e4nsliga till\u00e4mpningar. Dessutom str\u00e4var vi efter att erbjuda konkurrenskraftiga priser utan att kompromissa med kvalitet eller s\u00e4kerhet. V\u00e5rt \u00e5tagande str\u00e4cker sig till att s\u00e4kerst\u00e4lla en <b>S\u00e4kert k\u00f6p<\/b> skydda dina transaktionsuppgifter och leverera din best\u00e4llning p\u00e5 ett diskret och ansvarsfullt s\u00e4tt.\n<\/p>\n<p>\n    Ut\u00f6ver kaliumcyanid erbjuder chemsfine en bred portf\u00f6lj av specialiserade kemikalier. Du kanske till exempel \u00e4r intresserad av v\u00e5rt sortiment av <a href=\"https:\/\/chemsfine.com\/sv\/produkt\/kopa-fencyklidin-pcp-online\/\">avancerade forskningskemikalier<\/a>.\n<\/p>\n<h2>Slutsats<\/h2>\n<p>\n    Sammanfattningsvis, f\u00f6r dem som beh\u00f6ver h\u00f6gkvalitativa <b>Kaliumcyanid (KCN)<\/b>, \u00e4r chemsfine en f\u00f6rstklassig k\u00e4lla. V\u00e5rt orubbliga engagemang f\u00f6r produktrenhet, strikt kvalitetskontroll och kundn\u00f6jdhet g\u00f6r oss till en idealisk partner f\u00f6r industri-, laboratorie- och specialapplikationer. Vi ser till att n\u00e4r du <b>K\u00f6p kaliumcyanid till salu<\/b> genom v\u00e5r plattform investerar du i en produkt som uppfyller de h\u00f6gsta standarderna. Lita p\u00e5 chemsfine f\u00f6r dina behov av kemikalieink\u00f6p, d\u00e4r kvalitet, s\u00e4kerhet och tillf\u00f6rlitlighet samverkar f\u00f6r att st\u00f6dja din framg\u00e5ng.<\/p>","protected":false},"excerpt":{"rendered":"<p>Uppt\u00e4ck h\u00f6g renhet <b>Kaliumcyanid (KCN)<\/b>, en f\u00e4rgl\u00f6s kristallin f\u00f6rening som \u00e4r n\u00f6dv\u00e4ndig f\u00f6r olika till\u00e4mpningar. K\u00f6p s\u00e4kert kaliumcyanid p\u00e5 chemsfine, k\u00e4nt f\u00f6r sin exceptionella kvalitet och breda distribution. V\u00e5r KCN \u00e4r rigor\u00f6st testad f\u00f6r att s\u00e4kerst\u00e4lla h\u00f6gsta prestanda f\u00f6r kr\u00e4sna anv\u00e4ndare. F\u00e5 den b\u00e4sta kaliumcyaniden tillg\u00e4nglig online idag.<\/p>","protected":false},"featured_media":5897,"comment_status":"open","ping_status":"closed","template":"","meta":{"_joinchat":[]},"product_brand":[],"product_cat":[936],"product_tag":[],"class_list":{"0":"post-5845","1":"product","2":"type-product","3":"status-publish","4":"has-post-thumbnail","6":"product_cat-research-chemicals","8":"first","9":"instock","10":"shipping-taxable","11":"purchasable","12":"product-type-variable"},"yoast_head":"<!-- This site is optimized with the Yoast SEO plugin v27.2 - https:\/\/yoast.com\/product\/yoast-seo-wordpress\/ -->\n<title>Buy Potassium Cyanide (KCN) Online - Best Price, High Quality<\/title>\n<meta name=\"description\" content=\"Discover high-purity Potassium Cyanide (KCN) for sale. Buy online securely at chemsfine. Top-quality KCN available with professional service.\" \/>\n<meta name=\"robots\" content=\"index, follow, max-snippet:-1, max-image-preview:large, max-video-preview:-1\" \/>\n<link rel=\"canonical\" href=\"https:\/\/chemsfine.com\/sv\/produkt\/buy-potassium-cyanide\/\" \/>\n<meta property=\"og:locale\" content=\"sv_SE\" \/>\n<meta property=\"og:type\" content=\"article\" \/>\n<meta property=\"og:title\" content=\"Buy Potassium Cyanide (KCN) Online - Best Price, High Quality\" \/>\n<meta property=\"og:description\" content=\"Discover high-purity Potassium Cyanide (KCN) for sale. Buy online securely at chemsfine. Top-quality KCN available with professional service.\" \/>\n<meta property=\"og:url\" content=\"https:\/\/chemsfine.com\/sv\/produkt\/buy-potassium-cyanide\/\" \/>\n<meta property=\"og:site_name\" content=\"Chemsfine\" \/>\n<meta property=\"article:modified_time\" content=\"2026-03-25T13:56:27+00:00\" \/>\n<meta property=\"og:image\" content=\"https:\/\/chemsfine.com\/wp-content\/uploads\/2026\/02\/buy-potassium-cyanide-kcn-online-1.jpg\" \/>\n\t<meta property=\"og:image:width\" content=\"342\" \/>\n\t<meta property=\"og:image:height\" content=\"400\" \/>\n\t<meta property=\"og:image:type\" content=\"image\/jpeg\" \/>\n<meta name=\"twitter:card\" content=\"summary_large_image\" \/>\n<meta name=\"twitter:label1\" content=\"Ber\u00e4knad l\u00e4stid\" \/>\n\t<meta name=\"twitter:data1\" content=\"6 minuter\" \/>\n<script type=\"application\/ld+json\" class=\"yoast-schema-graph\">{\"@context\":\"https:\/\/schema.org\",\"@graph\":[{\"@type\":\"WebPage\",\"@id\":\"https:\/\/chemsfine.com\/product\/buy-potassium-cyanide\/\",\"url\":\"https:\/\/chemsfine.com\/product\/buy-potassium-cyanide\/\",\"name\":\"Buy Potassium Cyanide (KCN) Online - Best Price, High Quality\",\"isPartOf\":{\"@id\":\"https:\/\/chemsfine.com\/#website\"},\"primaryImageOfPage\":{\"@id\":\"https:\/\/chemsfine.com\/product\/buy-potassium-cyanide\/#primaryimage\"},\"image\":{\"@id\":\"https:\/\/chemsfine.com\/product\/buy-potassium-cyanide\/#primaryimage\"},\"thumbnailUrl\":\"https:\/\/chemsfine.com\/wp-content\/uploads\/2026\/02\/buy-potassium-cyanide-kcn-online-1.jpg\",\"datePublished\":\"2026-02-12T09:53:08+00:00\",\"dateModified\":\"2026-03-25T13:56:27+00:00\",\"description\":\"Discover high-purity Potassium Cyanide (KCN) for sale. Buy online securely at chemsfine. Top-quality KCN available with professional service.\",\"breadcrumb\":{\"@id\":\"https:\/\/chemsfine.com\/product\/buy-potassium-cyanide\/#breadcrumb\"},\"inLanguage\":\"sv-SE\",\"potentialAction\":[{\"@type\":\"ReadAction\",\"target\":[\"https:\/\/chemsfine.com\/product\/buy-potassium-cyanide\/\"]}]},{\"@type\":\"ImageObject\",\"inLanguage\":\"sv-SE\",\"@id\":\"https:\/\/chemsfine.com\/product\/buy-potassium-cyanide\/#primaryimage\",\"url\":\"https:\/\/chemsfine.com\/wp-content\/uploads\/2026\/02\/buy-potassium-cyanide-kcn-online-1.jpg\",\"contentUrl\":\"https:\/\/chemsfine.com\/wp-content\/uploads\/2026\/02\/buy-potassium-cyanide-kcn-online-1.jpg\",\"width\":342,\"height\":400},{\"@type\":\"BreadcrumbList\",\"@id\":\"https:\/\/chemsfine.com\/product\/buy-potassium-cyanide\/#breadcrumb\",\"itemListElement\":[{\"@type\":\"ListItem\",\"position\":1,\"name\":\"Home\",\"item\":\"https:\/\/chemsfine.com\/\"},{\"@type\":\"ListItem\",\"position\":2,\"name\":\"Shop\",\"item\":\"https:\/\/chemsfine.com\/shop\/\"},{\"@type\":\"ListItem\",\"position\":3,\"name\":\"Buy High-Quality Potassium Cyanide (KCN) Online\"}]},{\"@type\":\"WebSite\",\"@id\":\"https:\/\/chemsfine.com\/#website\",\"url\":\"https:\/\/chemsfine.com\/\",\"name\":\"Chemsfine\",\"description\":\"My WordPress Blog\",\"publisher\":{\"@id\":\"https:\/\/chemsfine.com\/#organization\"},\"potentialAction\":[{\"@type\":\"SearchAction\",\"target\":{\"@type\":\"EntryPoint\",\"urlTemplate\":\"https:\/\/chemsfine.com\/?s={search_term_string}\"},\"query-input\":{\"@type\":\"PropertyValueSpecification\",\"valueRequired\":true,\"valueName\":\"search_term_string\"}}],\"inLanguage\":\"sv-SE\"},{\"@type\":\"Organization\",\"@id\":\"https:\/\/chemsfine.com\/#organization\",\"name\":\"Chemsfine\",\"url\":\"https:\/\/chemsfine.com\/\",\"logo\":{\"@type\":\"ImageObject\",\"inLanguage\":\"sv-SE\",\"@id\":\"https:\/\/chemsfine.com\/#\/schema\/logo\/image\/\",\"url\":\"https:\/\/chemsfine.com\/wp-content\/uploads\/2024\/09\/final-logo.png\",\"contentUrl\":\"https:\/\/chemsfine.com\/wp-content\/uploads\/2024\/09\/final-logo.png\",\"width\":340,\"height\":72,\"caption\":\"Chemsfine\"},\"image\":{\"@id\":\"https:\/\/chemsfine.com\/#\/schema\/logo\/image\/\"}}]}<\/script>\n<!-- \/ Yoast SEO plugin. -->","yoast_head_json":{"title":"K\u00f6p kaliumcyanid (KCN) online - B\u00e4sta pris, h\u00f6g kvalitet","description":"Uppt\u00e4ck kaliumcyanid (KCN) med h\u00f6g renhet till salu. K\u00f6p online p\u00e5 ett s\u00e4kert s\u00e4tt p\u00e5 chemsfine. KCN av h\u00f6gsta kvalitet tillg\u00e4nglig med professionell service.","robots":{"index":"index","follow":"follow","max-snippet":"max-snippet:-1","max-image-preview":"max-image-preview:large","max-video-preview":"max-video-preview:-1"},"canonical":"https:\/\/chemsfine.com\/sv\/produkt\/buy-potassium-cyanide\/","og_locale":"sv_SE","og_type":"article","og_title":"Buy Potassium Cyanide (KCN) Online - Best Price, High Quality","og_description":"Discover high-purity Potassium Cyanide (KCN) for sale. Buy online securely at chemsfine. Top-quality KCN available with professional service.","og_url":"https:\/\/chemsfine.com\/sv\/produkt\/buy-potassium-cyanide\/","og_site_name":"Chemsfine","article_modified_time":"2026-03-25T13:56:27+00:00","og_image":[{"width":342,"height":400,"url":"https:\/\/chemsfine.com\/wp-content\/uploads\/2026\/02\/buy-potassium-cyanide-kcn-online-1.jpg","type":"image\/jpeg"}],"twitter_card":"summary_large_image","twitter_misc":{"Ber\u00e4knad l\u00e4stid":"6 minuter"},"schema":{"@context":"https:\/\/schema.org","@graph":[{"@type":"WebPage","@id":"https:\/\/chemsfine.com\/product\/buy-potassium-cyanide\/","url":"https:\/\/chemsfine.com\/product\/buy-potassium-cyanide\/","name":"K\u00f6p kaliumcyanid (KCN) online - B\u00e4sta pris, h\u00f6g kvalitet","isPartOf":{"@id":"https:\/\/chemsfine.com\/#website"},"primaryImageOfPage":{"@id":"https:\/\/chemsfine.com\/product\/buy-potassium-cyanide\/#primaryimage"},"image":{"@id":"https:\/\/chemsfine.com\/product\/buy-potassium-cyanide\/#primaryimage"},"thumbnailUrl":"https:\/\/chemsfine.com\/wp-content\/uploads\/2026\/02\/buy-potassium-cyanide-kcn-online-1.jpg","datePublished":"2026-02-12T09:53:08+00:00","dateModified":"2026-03-25T13:56:27+00:00","description":"Uppt\u00e4ck kaliumcyanid (KCN) med h\u00f6g renhet till salu. K\u00f6p online p\u00e5 ett s\u00e4kert s\u00e4tt p\u00e5 chemsfine. KCN av h\u00f6gsta kvalitet tillg\u00e4nglig med professionell service.","breadcrumb":{"@id":"https:\/\/chemsfine.com\/product\/buy-potassium-cyanide\/#breadcrumb"},"inLanguage":"sv-SE","potentialAction":[{"@type":"ReadAction","target":["https:\/\/chemsfine.com\/product\/buy-potassium-cyanide\/"]}]},{"@type":"ImageObject","inLanguage":"sv-SE","@id":"https:\/\/chemsfine.com\/product\/buy-potassium-cyanide\/#primaryimage","url":"https:\/\/chemsfine.com\/wp-content\/uploads\/2026\/02\/buy-potassium-cyanide-kcn-online-1.jpg","contentUrl":"https:\/\/chemsfine.com\/wp-content\/uploads\/2026\/02\/buy-potassium-cyanide-kcn-online-1.jpg","width":342,"height":400},{"@type":"BreadcrumbList","@id":"https:\/\/chemsfine.com\/product\/buy-potassium-cyanide\/#breadcrumb","itemListElement":[{"@type":"ListItem","position":1,"name":"Home","item":"https:\/\/chemsfine.com\/"},{"@type":"ListItem","position":2,"name":"Shop","item":"https:\/\/chemsfine.com\/shop\/"},{"@type":"ListItem","position":3,"name":"Buy High-Quality Potassium Cyanide (KCN) Online"}]},{"@type":"WebSite","@id":"https:\/\/chemsfine.com\/#website","url":"https:\/\/chemsfine.com\/","name":"Chemsfine","description":"Min WordPress-blogg","publisher":{"@id":"https:\/\/chemsfine.com\/#organization"},"potentialAction":[{"@type":"SearchAction","target":{"@type":"EntryPoint","urlTemplate":"https:\/\/chemsfine.com\/?s={search_term_string}"},"query-input":{"@type":"PropertyValueSpecification","valueRequired":true,"valueName":"search_term_string"}}],"inLanguage":"sv-SE"},{"@type":"Organization","@id":"https:\/\/chemsfine.com\/#organization","name":"Chemsfine","url":"https:\/\/chemsfine.com\/","logo":{"@type":"ImageObject","inLanguage":"sv-SE","@id":"https:\/\/chemsfine.com\/#\/schema\/logo\/image\/","url":"https:\/\/chemsfine.com\/wp-content\/uploads\/2024\/09\/final-logo.png","contentUrl":"https:\/\/chemsfine.com\/wp-content\/uploads\/2024\/09\/final-logo.png","width":340,"height":72,"caption":"Chemsfine"},"image":{"@id":"https:\/\/chemsfine.com\/#\/schema\/logo\/image\/"}}]}},"_links":{"self":[{"href":"https:\/\/chemsfine.com\/sv\/wp-json\/wp\/v2\/product\/5845","targetHints":{"allow":["GET"]}}],"collection":[{"href":"https:\/\/chemsfine.com\/sv\/wp-json\/wp\/v2\/product"}],"about":[{"href":"https:\/\/chemsfine.com\/sv\/wp-json\/wp\/v2\/types\/product"}],"replies":[{"embeddable":true,"href":"https:\/\/chemsfine.com\/sv\/wp-json\/wp\/v2\/comments?post=5845"}],"wp:featuredmedia":[{"embeddable":true,"href":"https:\/\/chemsfine.com\/sv\/wp-json\/wp\/v2\/media\/5897"}],"wp:attachment":[{"href":"https:\/\/chemsfine.com\/sv\/wp-json\/wp\/v2\/media?parent=5845"}],"wp:term":[{"taxonomy":"product_brand","embeddable":true,"href":"https:\/\/chemsfine.com\/sv\/wp-json\/wp\/v2\/product_brand?post=5845"},{"taxonomy":"product_cat","embeddable":true,"href":"https:\/\/chemsfine.com\/sv\/wp-json\/wp\/v2\/product_cat?post=5845"},{"taxonomy":"product_tag","embeddable":true,"href":"https:\/\/chemsfine.com\/sv\/wp-json\/wp\/v2\/product_tag?post=5845"}],"curies":[{"name":"wp","href":"https:\/\/api.w.org\/{rel}","templated":true}]}}