{"id":6087,"date":"2026-02-12T09:57:01","date_gmt":"2026-02-12T09:57:01","guid":{"rendered":"https:\/\/chemsfine.com\/?post_type=product&#038;p=6087"},"modified":"2026-03-25T13:46:03","modified_gmt":"2026-03-25T13:46:03","slug":"buy-rainbow-takashi-xtc","status":"publish","type":"product","link":"https:\/\/chemsfine.com\/sv\/product\/buy-rainbow-takashi-xtc\/","title":{"rendered":"130 XTC Rainbow Takashi 69 MDMA-piller - 265 mg - K\u00f6p online"},"content":{"rendered":"<p>\u00c4r du ute efter att <b>k\u00f6pa XTC Rainbow Takashi 69 MDMA piller till salu<\/b>? D\u00e5 har du kommit till r\u00e4tt st\u00e4lle. Chemsfine erbjuder premiumkvalitetsprodukter designade f\u00f6r kr\u00e4sna anv\u00e4ndare som s\u00f6ker en exceptionell upplevelse. Varje sats av v\u00e5r XTC Rainbow Takashi 69 \u00e4r tillverkad med noggrann uppm\u00e4rksamhet p\u00e5 detaljer, vilket garanterar en autentisk och potent produkt.<\/p>\n<p>XTC Rainbow Takashi 69. Rena v\u00e4lpressade Mojo jojo-piller. Genomsnittlig dos 2cb piller p\u00e5 20mg f\u00f6r enkel dosering. Denna euforiska psykedeliska blandning ger effekten av LSD och xtc kombinerat till en ren resa av lycka. Resan kommer att framkalla en varm fridfull k\u00e4nsla med en mjuk euforisk k\u00e4nsla. I kombination med t.ex. psy-trans musik och\/eller intressanta bilder blir det en av de mer intressanta psykedeliska upplevelserna du kan ha. Med 265 mg MDMA per piller \u00e4r dessa enheter beredda att leverera en betydande inverkan, vilket g\u00f6r dem till ett f\u00f6redraget val f\u00f6r dem som uppskattar intensitet och renhet i sin upplevelse. Vi \u00e4r stolta \u00f6ver att tillhandah\u00e5lla <b>h\u00f6g renhet till salu<\/b>, vilket s\u00e4kerst\u00e4ller att varje ink\u00f6p fr\u00e5n Chemsfine uppfyller str\u00e4nga kvalitetsstandarder.<\/p>\n<h2>Vad \u00e4r XTC Rainbow Takashi 69?<\/h2>\n<p>Den <b>XTC Rainbow Takashi 69<\/b> erbjudande \u00e4r en distinkt f\u00f6rening i omr\u00e5det f\u00f6r euforiska \u00e4mnen. MDMA, eller 3,4-metylendioximetamfetamin (CAS: 42542-10-9, formel: C<sub>11<\/sub>H<sub>15<\/sub>NEJ<sub>2<\/sub>), \u00e4r en psykoaktiv substans som fr\u00e4mst \u00e4r k\u00e4nd f\u00f6r sin anv\u00e4ndning i rekreationssyfte. Det \u00e4r k\u00e4nt f\u00f6r sina empatogena och entaktogena effekter, som kan fr\u00e4mja k\u00e4nslor av eufori, \u00f6kad energi, empati och sensorisk uppfattning. V\u00e5r <b>h\u00f6gsta kvalitet XTC Rainbow Takashi 69<\/b> pressas av experter f\u00f6r att s\u00e4kerst\u00e4lla j\u00e4mn dosering och kvalitet.<\/p>\n<p>Till skillnad fr\u00e5n typiska rekreationsf\u00f6reningar \u00e4r den specifika formuleringen av dessa <b>piller<\/b> \u00e4r utformat f\u00f6r att ge en djupg\u00e5ende k\u00e4nsla av v\u00e4lbefinnande och samh\u00f6righet. Originalbeskrivningen lyfter fram dess f\u00f6rm\u00e5ga att ge en \u2018ren lyckoresa\u2019 och en \u2018varm fridfull k\u00e4nsla med en mjuk euforisk k\u00e4nsla\u2019, effekter som st\u00e4mmer \u00f6verens med de centrala egenskaperna hos h\u00f6gklassig MDMA. Denna produkt representerar ett noggrant utformat f\u00f6rem\u00e5l som syftar till att ge en verkligt minnesv\u00e4rd upplevelse. Detta g\u00f6r dem till ett utm\u00e4rkt exempel p\u00e5 en <b>laboratoriekvalitet till salu<\/b> f\u00f6rening i ett anv\u00e4ndarv\u00e4nligt format.<\/p>\n<h2>Varf\u00f6r k\u00f6pa XTC Rainbow Takashi 69 online p\u00e5 Chemsfine?<\/h2>\n<p>N\u00e4r du best\u00e4mmer dig f\u00f6r att <b>k\u00f6pa XTC Rainbow Takashi 69 online<\/b>, \u00e4r f\u00f6rtroende och tillf\u00f6rlitlighet av st\u00f6rsta vikt. P\u00e5 Chemsfine \u00e4r vi fast beslutna att tillhandah\u00e5lla <b>b\u00e4sta XTC Rainbow Takashi 69 tillg\u00e4ngliga<\/b> p\u00e5 marknaden. V\u00e5r str\u00e4van efter excellens inneb\u00e4r att varje produkt genomg\u00e5r str\u00e4nga kvalitetskontroller f\u00f6r att garantera styrka och s\u00e4kerhet. Vi f\u00f6rst\u00e5r vikten av att f\u00e5 exakt vad du f\u00f6rv\u00e4ntar dig n\u00e4r du k\u00f6per s\u00e5dana specifika artiklar.<\/p>\n<p>Dessutom erbjuder v\u00e5r onlineplattform en s\u00f6ml\u00f6s och diskret shoppingupplevelse. Vi ser till att dina transaktioner \u00e4r s\u00e4kra och att din integritet skyddas. Att v\u00e4lja Chemsfine inneb\u00e4r att v\u00e4lja en leverant\u00f6r som prioriterar kundn\u00f6jdhet och produktintegritet. V\u00e5rt engagemang f\u00f6r att leverera konsekvent h\u00f6gkvalitativa f\u00f6reningar skiljer oss \u00e5t, vilket g\u00f6r oss till k\u00e4llan f\u00f6r autentiska produkter. N\u00e4r du <b>K\u00f6p nu online<\/b> fr\u00e5n oss, investerar du i garanterad tillfredsst\u00e4llelse och \u00f6verl\u00e4gsen produktstandard.<\/p>\n<h2>Till\u00e4mpningar<\/h2>\n<p>Den prim\u00e4ra \u2018till\u00e4mpningen\u2019 av <b>XTC Rainbow Takashi 69<\/b>, \u00e4r enligt beskrivningen avsedd f\u00f6r personligt rekreationsbruk, med euforiska och psykedeliska upplevelser som m\u00e5l. Ut\u00f6ver individuell njutning \u00e4r det dock avg\u00f6rande att f\u00f6rst\u00e5 dess natur. Vanliga \u2018anv\u00e4ndningsomr\u00e5den\u2019 eller sammanhang f\u00f6r s\u00e5dana f\u00f6reningar, n\u00e4r de f\u00f6rv\u00e4rvas, \u00e4r bl.a:<\/p>\n<ul>\n<li>Njutning av rekreation och f\u00f6rb\u00e4ttring av sociala upplevelser.<\/li>\n<li>Utforskande av medvetandet i kontrollerade, privata milj\u00f6er.<\/li>\n<li>Stimulering av sinnesf\u00f6rnimmelser, s\u00e4rskilt med musik och bilder.<\/li>\n<li>Underl\u00e4ttande av introspektiva och empatiska tillst\u00e5nd.<\/li>\n<li>Anv\u00e4nds inom specifika subkulturer f\u00f6r unika psykedeliska resor.<\/li>\n<li>M\u00f6jlighet till forskning om entaktogena effekter (enligt strikta juridiska och etiska riktlinjer).<\/li>\n<li>Samlas in som ett s\u00e4rskilt parti (\u2018Takashi 69\u2019) av entusiaster.<\/li>\n<\/ul>\n<h2>S\u00e4kerhet och efterlevnad<\/h2>\n<p>Med tanke p\u00e5 arten av <b>XTC Rainbow Takashi 69<\/b>, \u00e4r det absolut n\u00f6dv\u00e4ndigt att prioritera s\u00e4kerheten och f\u00f6lja lokala best\u00e4mmelser. Hantera alltid s\u00e5dana \u00e4mnen p\u00e5 ett ansvarsfullt s\u00e4tt och var medveten om deras kraftiga effekter. Det rekommenderas att man anv\u00e4nder l\u00e4mplig personlig skyddsutrustning (PPE) om man \u00e4gnar sig \u00e5t n\u00e5gon form av hantering ut\u00f6ver personlig konsumtion, och att man arbetar i en kontrollerad, v\u00e4lventilerad milj\u00f6. Det \u00e4r viktigt att f\u00f6rst\u00e5 de regionala best\u00e4mmelser som g\u00e4ller f\u00f6r MDMA, eftersom lagarna varierar avsev\u00e4rt. Chemsfine fr\u00e4mjar ansvarsfull anv\u00e4ndning och efterlevnad av alla till\u00e4mpliga r\u00e4ttsliga ramar.<\/p>\n<p>F\u00f6r dem som beh\u00f6ver detaljerad information kan s\u00e4kerhetsdatablad (SDS) och analyscertifikat (CoA) finnas tillg\u00e4ngliga p\u00e5 beg\u00e4ran f\u00f6r specifika produktpartier, vilket bekr\u00e4ftar v\u00e5rt engagemang f\u00f6r transparens och kvalitetss\u00e4kring. S\u00e4kerst\u00e4lla en <b>s\u00e4kert k\u00f6p<\/b> inneb\u00e4r ocks\u00e5 att vara informerad om produktens profil.<\/p>\n<h2>Varf\u00f6r v\u00e4lja oss?<\/h2>\n<p>Chemsfine st\u00e5r som en ledstj\u00e4rna f\u00f6r tillf\u00f6rlitlighet och kvalitet p\u00e5 marknaden. N\u00e4r du v\u00e4ljer att <b>best\u00e4lla XTC Rainbow Takashi 69 online<\/b> Med oss v\u00e4ljer du en partner som \u00e4r dedikerad till din tillfredsst\u00e4llelse. Vi erbjuder transparenta detaljer om v\u00e5ra produkter, s\u00e5 att du \u00e4r fullt informerad innan du g\u00f6r ett k\u00f6p. V\u00e5ra batchregister \u00e4r noggrant verifierade, vilket garanterar \u00e4ktheten och den angivna dosen av varje piller.<\/p>\n<p>Vi str\u00e4var ocks\u00e5 efter att erbjuda konkurrenskraftiga priser utan att kompromissa med den \u00f6verl\u00e4gsna kvaliteten p\u00e5 v\u00e5ra erbjudanden. V\u00e5r kundsupport \u00e4r alltid redo att hj\u00e4lpa till med eventuella f\u00f6rfr\u00e5gningar, vilket g\u00f6r din k\u00f6pupplevelse smidig och p\u00e5litlig. F\u00f6r de som \u00e4r intresserade av att utforska bortom, \u00f6verv\u00e4ga v\u00e5ra andra h\u00f6gkvalitativa forskningskemikalier som <a href=\"https:\/\/chemsfine.com\/sv\/produkt\/buy-5cl-adb-a-online-for-sale\/\"><b>5CL-ADB-A<\/b><\/a>, eller uppt\u00e4ck fler f\u00f6reningar s\u00e5som <a href=\"https:\/\/chemsfine.com\/sv\/produkt\/buy-4f-methylphenidate-4f-mph-online\/\"><b>4F-metylfenidat (4F-MPH)<\/b><\/a>, alla tillg\u00e4ngliga med samma engagemang f\u00f6r excellens. Du \u00e4r garanterad en <b>\u00e4kta XTC Rainbow Takashi 69<\/b> upplevelse varje g\u00e5ng.<\/p>\n<h2>Produktspecifikationer<\/h2>\n<table>\n<thead>\n<tr>\n<th>Funktion<\/th>\n<th>Detalj<\/th>\n<\/tr>\n<\/thead>\n<tbody>\n<tr>\n<td>Produktens namn<\/td>\n<td>XTC Rainbow Takashi 69<\/td>\n<\/tr>\n<tr>\n<td>Aktiv best\u00e5ndsdel<\/td>\n<td>MDMA (3,4-metylendioxymetamfetamin)<\/td>\n<\/tr>\n<tr>\n<td>Dosering per tablett<\/td>\n<td>265 mg<\/td>\n<\/tr>\n<tr>\n<td>Kvantitet<\/td>\n<td>130 piller<\/td>\n<\/tr>\n<tr>\n<td>Typ av piller<\/td>\n<td>Ren, v\u00e4lpressad \u201cMojo jojo\u201d<\/td>\n<\/tr>\n<tr>\n<td>Prim\u00e4r effekt<\/td>\n<td>Euforisk, psykedelisk, varm, fridfull k\u00e4nsla<\/td>\n<\/tr>\n<tr>\n<td>Rekommenderad anv\u00e4ndningskontext<\/td>\n<td>Med psy-trans musik och\/eller intressanta visuals<\/td>\n<\/tr>\n<\/tbody>\n<\/table>\n<h2>Slutsats<\/h2>\n<p>Sammanfattningsvis kan s\u00e4gas att <b>XTC Rainbow Takashi 69<\/b> fr\u00e5n Chemsfine erbjuder ett unikt och h\u00f6gkvalitativt alternativ f\u00f6r dem som s\u00f6ker specifika euforiska och psykedeliska upplevelser. Med 265 mg ren MDMA per piller, och ett rykte om ren pressning, levererar dessa piller sitt l\u00f6fte om en \u2018ren lyckoresa\u2019. Vi inbjuder dig att utforska v\u00e5rt urval och tryggt <b>k\u00f6pa XTC Rainbow Takashi 69 till salu<\/b>, Du kommer att k\u00e4nna dig trygg med att du v\u00e4ljer en p\u00e5litlig k\u00e4lla f\u00f6r exceptionell kvalitet och diskret service. Upplev skillnaden med Chemsfine - din p\u00e5litliga partner f\u00f6r premiumf\u00f6reningar.<\/p>","protected":false},"excerpt":{"rendered":"<p>Uppt\u00e4ck <b>XTC Rainbow Takashi 69 MDMA-tabletter<\/b>, k\u00e4nd f\u00f6r sin 265 mg dos och rena press. Denna unika blandning erbjuder en euforisk, fridfull resa som kombinerar det b\u00e4sta av psykedeliska upplevelser. <b>K\u00f6p hos Chemsfine<\/b> f\u00f6r MDMA-piller av h\u00f6gsta kvalitet online.<\/p>","protected":false},"featured_media":6123,"comment_status":"open","ping_status":"closed","template":"","meta":{"_joinchat":[]},"product_brand":[],"product_cat":[973],"product_tag":[],"class_list":{"0":"post-6087","1":"product","2":"type-product","3":"status-publish","4":"has-post-thumbnail","6":"product_cat-pills","8":"first","9":"instock","10":"shipping-taxable","11":"purchasable","12":"product-type-variable"},"yoast_head":"<!-- This site is optimized with the Yoast SEO plugin v27.2 - https:\/\/yoast.com\/product\/yoast-seo-wordpress\/ -->\n<title>Buy XTC Rainbow Takashi 69 MDMA Pills Online - Best Price<\/title>\n<meta name=\"description\" content=\"Discover XTC Rainbow Takashi 69 MDMA pills for sale online at Chemsfine. Experience high-quality, authentic 265mg MDMA for a clean journey of happiness. Order now!\" \/>\n<meta name=\"robots\" content=\"index, follow, max-snippet:-1, max-image-preview:large, max-video-preview:-1\" \/>\n<link rel=\"canonical\" href=\"https:\/\/chemsfine.com\/sv\/produkt\/buy-rainbow-takashi-xtc\/\" \/>\n<meta property=\"og:locale\" content=\"sv_SE\" \/>\n<meta property=\"og:type\" content=\"article\" \/>\n<meta property=\"og:title\" content=\"Buy XTC Rainbow Takashi 69 MDMA Pills Online - Best Price\" \/>\n<meta property=\"og:description\" content=\"Discover XTC Rainbow Takashi 69 MDMA pills for sale online at Chemsfine. Experience high-quality, authentic 265mg MDMA for a clean journey of happiness. Order now!\" \/>\n<meta property=\"og:url\" content=\"https:\/\/chemsfine.com\/sv\/produkt\/buy-rainbow-takashi-xtc\/\" \/>\n<meta property=\"og:site_name\" content=\"Chemsfine\" \/>\n<meta property=\"article:modified_time\" content=\"2026-03-25T13:46:03+00:00\" \/>\n<meta property=\"og:image\" content=\"https:\/\/chemsfine.com\/wp-content\/uploads\/2026\/02\/130-pills-xtc-rainbow-takashi-69-sixnine-265mg-mdma-1.png\" \/>\n\t<meta property=\"og:image:width\" content=\"619\" \/>\n\t<meta property=\"og:image:height\" content=\"527\" \/>\n\t<meta property=\"og:image:type\" content=\"image\/png\" \/>\n<meta name=\"twitter:card\" content=\"summary_large_image\" \/>\n<meta name=\"twitter:label1\" content=\"Ber\u00e4knad l\u00e4stid\" \/>\n\t<meta name=\"twitter:data1\" content=\"5 minuter\" \/>\n<script type=\"application\/ld+json\" class=\"yoast-schema-graph\">{\"@context\":\"https:\/\/schema.org\",\"@graph\":[{\"@type\":\"WebPage\",\"@id\":\"https:\/\/chemsfine.com\/product\/buy-rainbow-takashi-xtc\/\",\"url\":\"https:\/\/chemsfine.com\/product\/buy-rainbow-takashi-xtc\/\",\"name\":\"Buy XTC Rainbow Takashi 69 MDMA Pills Online - Best Price\",\"isPartOf\":{\"@id\":\"https:\/\/chemsfine.com\/#website\"},\"primaryImageOfPage\":{\"@id\":\"https:\/\/chemsfine.com\/product\/buy-rainbow-takashi-xtc\/#primaryimage\"},\"image\":{\"@id\":\"https:\/\/chemsfine.com\/product\/buy-rainbow-takashi-xtc\/#primaryimage\"},\"thumbnailUrl\":\"https:\/\/chemsfine.com\/wp-content\/uploads\/2026\/02\/130-pills-xtc-rainbow-takashi-69-sixnine-265mg-mdma-1.png\",\"datePublished\":\"2026-02-12T09:57:01+00:00\",\"dateModified\":\"2026-03-25T13:46:03+00:00\",\"description\":\"Discover XTC Rainbow Takashi 69 MDMA pills for sale online at Chemsfine. Experience high-quality, authentic 265mg MDMA for a clean journey of happiness. Order now!\",\"breadcrumb\":{\"@id\":\"https:\/\/chemsfine.com\/product\/buy-rainbow-takashi-xtc\/#breadcrumb\"},\"inLanguage\":\"sv-SE\",\"potentialAction\":[{\"@type\":\"ReadAction\",\"target\":[\"https:\/\/chemsfine.com\/product\/buy-rainbow-takashi-xtc\/\"]}]},{\"@type\":\"ImageObject\",\"inLanguage\":\"sv-SE\",\"@id\":\"https:\/\/chemsfine.com\/product\/buy-rainbow-takashi-xtc\/#primaryimage\",\"url\":\"https:\/\/chemsfine.com\/wp-content\/uploads\/2026\/02\/130-pills-xtc-rainbow-takashi-69-sixnine-265mg-mdma-1.png\",\"contentUrl\":\"https:\/\/chemsfine.com\/wp-content\/uploads\/2026\/02\/130-pills-xtc-rainbow-takashi-69-sixnine-265mg-mdma-1.png\",\"width\":619,\"height\":527},{\"@type\":\"BreadcrumbList\",\"@id\":\"https:\/\/chemsfine.com\/product\/buy-rainbow-takashi-xtc\/#breadcrumb\",\"itemListElement\":[{\"@type\":\"ListItem\",\"position\":1,\"name\":\"Home\",\"item\":\"https:\/\/chemsfine.com\/\"},{\"@type\":\"ListItem\",\"position\":2,\"name\":\"Shop\",\"item\":\"https:\/\/chemsfine.com\/shop\/\"},{\"@type\":\"ListItem\",\"position\":3,\"name\":\"130 XTC Rainbow Takashi 69 MDMA Pills &#8211; 265mg &#8211; Buy Online\"}]},{\"@type\":\"WebSite\",\"@id\":\"https:\/\/chemsfine.com\/#website\",\"url\":\"https:\/\/chemsfine.com\/\",\"name\":\"Chemsfine\",\"description\":\"My WordPress Blog\",\"publisher\":{\"@id\":\"https:\/\/chemsfine.com\/#organization\"},\"potentialAction\":[{\"@type\":\"SearchAction\",\"target\":{\"@type\":\"EntryPoint\",\"urlTemplate\":\"https:\/\/chemsfine.com\/?s={search_term_string}\"},\"query-input\":{\"@type\":\"PropertyValueSpecification\",\"valueRequired\":true,\"valueName\":\"search_term_string\"}}],\"inLanguage\":\"sv-SE\"},{\"@type\":\"Organization\",\"@id\":\"https:\/\/chemsfine.com\/#organization\",\"name\":\"Chemsfine\",\"url\":\"https:\/\/chemsfine.com\/\",\"logo\":{\"@type\":\"ImageObject\",\"inLanguage\":\"sv-SE\",\"@id\":\"https:\/\/chemsfine.com\/#\/schema\/logo\/image\/\",\"url\":\"https:\/\/chemsfine.com\/wp-content\/uploads\/2024\/09\/final-logo.png\",\"contentUrl\":\"https:\/\/chemsfine.com\/wp-content\/uploads\/2024\/09\/final-logo.png\",\"width\":340,\"height\":72,\"caption\":\"Chemsfine\"},\"image\":{\"@id\":\"https:\/\/chemsfine.com\/#\/schema\/logo\/image\/\"}}]}<\/script>\n<!-- \/ Yoast SEO plugin. -->","yoast_head_json":{"title":"K\u00f6p XTC Rainbow Takashi 69 MDMA-piller online - B\u00e4sta pris","description":"Uppt\u00e4ck XTC Rainbow Takashi 69 MDMA-piller till salu online p\u00e5 Chemsfine. Upplev h\u00f6gkvalitativ, autentisk 265mg MDMA f\u00f6r en ren resa av lycka. Best\u00e4ll nu!","robots":{"index":"index","follow":"follow","max-snippet":"max-snippet:-1","max-image-preview":"max-image-preview:large","max-video-preview":"max-video-preview:-1"},"canonical":"https:\/\/chemsfine.com\/sv\/produkt\/buy-rainbow-takashi-xtc\/","og_locale":"sv_SE","og_type":"article","og_title":"Buy XTC Rainbow Takashi 69 MDMA Pills Online - Best Price","og_description":"Discover XTC Rainbow Takashi 69 MDMA pills for sale online at Chemsfine. Experience high-quality, authentic 265mg MDMA for a clean journey of happiness. Order now!","og_url":"https:\/\/chemsfine.com\/sv\/produkt\/buy-rainbow-takashi-xtc\/","og_site_name":"Chemsfine","article_modified_time":"2026-03-25T13:46:03+00:00","og_image":[{"width":619,"height":527,"url":"https:\/\/chemsfine.com\/wp-content\/uploads\/2026\/02\/130-pills-xtc-rainbow-takashi-69-sixnine-265mg-mdma-1.png","type":"image\/png"}],"twitter_card":"summary_large_image","twitter_misc":{"Ber\u00e4knad l\u00e4stid":"5 minuter"},"schema":{"@context":"https:\/\/schema.org","@graph":[{"@type":"WebPage","@id":"https:\/\/chemsfine.com\/product\/buy-rainbow-takashi-xtc\/","url":"https:\/\/chemsfine.com\/product\/buy-rainbow-takashi-xtc\/","name":"K\u00f6p XTC Rainbow Takashi 69 MDMA-piller online - B\u00e4sta pris","isPartOf":{"@id":"https:\/\/chemsfine.com\/#website"},"primaryImageOfPage":{"@id":"https:\/\/chemsfine.com\/product\/buy-rainbow-takashi-xtc\/#primaryimage"},"image":{"@id":"https:\/\/chemsfine.com\/product\/buy-rainbow-takashi-xtc\/#primaryimage"},"thumbnailUrl":"https:\/\/chemsfine.com\/wp-content\/uploads\/2026\/02\/130-pills-xtc-rainbow-takashi-69-sixnine-265mg-mdma-1.png","datePublished":"2026-02-12T09:57:01+00:00","dateModified":"2026-03-25T13:46:03+00:00","description":"Uppt\u00e4ck XTC Rainbow Takashi 69 MDMA-piller till salu online p\u00e5 Chemsfine. Upplev h\u00f6gkvalitativ, autentisk 265mg MDMA f\u00f6r en ren resa av lycka. Best\u00e4ll nu!","breadcrumb":{"@id":"https:\/\/chemsfine.com\/product\/buy-rainbow-takashi-xtc\/#breadcrumb"},"inLanguage":"sv-SE","potentialAction":[{"@type":"ReadAction","target":["https:\/\/chemsfine.com\/product\/buy-rainbow-takashi-xtc\/"]}]},{"@type":"ImageObject","inLanguage":"sv-SE","@id":"https:\/\/chemsfine.com\/product\/buy-rainbow-takashi-xtc\/#primaryimage","url":"https:\/\/chemsfine.com\/wp-content\/uploads\/2026\/02\/130-pills-xtc-rainbow-takashi-69-sixnine-265mg-mdma-1.png","contentUrl":"https:\/\/chemsfine.com\/wp-content\/uploads\/2026\/02\/130-pills-xtc-rainbow-takashi-69-sixnine-265mg-mdma-1.png","width":619,"height":527},{"@type":"BreadcrumbList","@id":"https:\/\/chemsfine.com\/product\/buy-rainbow-takashi-xtc\/#breadcrumb","itemListElement":[{"@type":"ListItem","position":1,"name":"Home","item":"https:\/\/chemsfine.com\/"},{"@type":"ListItem","position":2,"name":"Shop","item":"https:\/\/chemsfine.com\/shop\/"},{"@type":"ListItem","position":3,"name":"130 XTC Rainbow Takashi 69 MDMA Pills &#8211; 265mg &#8211; Buy Online"}]},{"@type":"WebSite","@id":"https:\/\/chemsfine.com\/#website","url":"https:\/\/chemsfine.com\/","name":"Chemsfine","description":"Min WordPress-blogg","publisher":{"@id":"https:\/\/chemsfine.com\/#organization"},"potentialAction":[{"@type":"SearchAction","target":{"@type":"EntryPoint","urlTemplate":"https:\/\/chemsfine.com\/?s={search_term_string}"},"query-input":{"@type":"PropertyValueSpecification","valueRequired":true,"valueName":"search_term_string"}}],"inLanguage":"sv-SE"},{"@type":"Organization","@id":"https:\/\/chemsfine.com\/#organization","name":"Chemsfine","url":"https:\/\/chemsfine.com\/","logo":{"@type":"ImageObject","inLanguage":"sv-SE","@id":"https:\/\/chemsfine.com\/#\/schema\/logo\/image\/","url":"https:\/\/chemsfine.com\/wp-content\/uploads\/2024\/09\/final-logo.png","contentUrl":"https:\/\/chemsfine.com\/wp-content\/uploads\/2024\/09\/final-logo.png","width":340,"height":72,"caption":"Chemsfine"},"image":{"@id":"https:\/\/chemsfine.com\/#\/schema\/logo\/image\/"}}]}},"_links":{"self":[{"href":"https:\/\/chemsfine.com\/sv\/wp-json\/wp\/v2\/product\/6087","targetHints":{"allow":["GET"]}}],"collection":[{"href":"https:\/\/chemsfine.com\/sv\/wp-json\/wp\/v2\/product"}],"about":[{"href":"https:\/\/chemsfine.com\/sv\/wp-json\/wp\/v2\/types\/product"}],"replies":[{"embeddable":true,"href":"https:\/\/chemsfine.com\/sv\/wp-json\/wp\/v2\/comments?post=6087"}],"wp:featuredmedia":[{"embeddable":true,"href":"https:\/\/chemsfine.com\/sv\/wp-json\/wp\/v2\/media\/6123"}],"wp:attachment":[{"href":"https:\/\/chemsfine.com\/sv\/wp-json\/wp\/v2\/media?parent=6087"}],"wp:term":[{"taxonomy":"product_brand","embeddable":true,"href":"https:\/\/chemsfine.com\/sv\/wp-json\/wp\/v2\/product_brand?post=6087"},{"taxonomy":"product_cat","embeddable":true,"href":"https:\/\/chemsfine.com\/sv\/wp-json\/wp\/v2\/product_cat?post=6087"},{"taxonomy":"product_tag","embeddable":true,"href":"https:\/\/chemsfine.com\/sv\/wp-json\/wp\/v2\/product_tag?post=6087"}],"curies":[{"name":"wp","href":"https:\/\/api.w.org\/{rel}","templated":true}]}}