{"id":6184,"date":"2026-02-12T09:59:31","date_gmt":"2026-02-12T09:59:31","guid":{"rendered":"https:\/\/chemsfine.com\/?post_type=product&#038;p=6184"},"modified":"2026-03-25T13:31:57","modified_gmt":"2026-03-25T13:31:57","slug":"buy-mdpihp-online","status":"publish","type":"product","link":"https:\/\/chemsfine.com\/sv\/product\/buy-mdpihp-online\/","title":{"rendered":"K\u00f6p MDPiHP online | Premium forskningskemikalier p\u00e5 Chemsfine"},"content":{"rendered":"<p>V\u00e4lkommen till Chemsfine, din fr\u00e4msta destination f\u00f6r <b>k\u00f6pa MDPiHP till salu<\/b> online. Vi \u00e4r stolta \u00f6ver att erbjuda h\u00f6gkvalitativ MDPiHP, en ledande f\u00f6rening i v\u00e4rlden av forskningskemikalier. V\u00e5rt \u00e5tagande s\u00e4kerst\u00e4ller att varje produkt, inklusive MDPiHP, konsekvent \u00f6verstiger 99% renhet, vilket g\u00f6r den idealisk f\u00f6r rigor\u00f6sa laboratorie- och vetenskapliga unders\u00f6kningar. N\u00e4r du v\u00e4ljer Chemsfine k\u00f6per du inte bara en kemikalie, utan du investerar i tillf\u00f6rlitlighet och precision. Utforska v\u00e5rt omfattande sortiment av forskningskemikalier med h\u00f6g renhet till f\u00f6rs\u00e4ljning och upplev en o\u00f6vertr\u00e4ffad service. Vi f\u00f6rst\u00e5r det kritiska behovet av autentiska material av forskningskvalitet i dina studier.<\/p>\n<h2>Vad \u00e4r MDPiHP?<\/h2>\n<p>MDPiHP, eller 3,4-metylendioxy-\u03b1-pyrrolidinylhexanofenon, \u00e4r en syntetisk stimulerande forskningskemikalie som tillh\u00f6r katinonklassen. Forskare studerar ofta MDPiHP f\u00f6r att f\u00f6rst\u00e5 dess farmakologiska profil, verkningsmekanismer och potentiella till\u00e4mpningar inom olika vetenskapliga discipliner. P\u00e5 Chemsfine ser vi till att du f\u00e5r <b>MDPiHP av h\u00f6gsta kvalitet<\/b>, \u00e4r noggrant syntetiserad och rigor\u00f6st testad f\u00f6r att uppfylla de h\u00f6gsta industristandarderna. Dess distinkta egenskaper g\u00f6r den till ett v\u00e4rdefullt tillskott till alla v\u00e4lutrustade forskningsanl\u00e4ggningar med fokus p\u00e5 syntetiska f\u00f6reningar.<\/p>\n<p>Att f\u00f6rst\u00e5 den exakta kemiska identiteten hos forskningsmaterial \u00e4r avg\u00f6rande f\u00f6r korrekta experimentella resultat. Den molekyl\u00e4ra formeln f\u00f6r MDPiHP \u00e4r C<sub>17<\/sub>H<sub>23<\/sub>NEJ<sub>3<\/sub>, med en molmassa p\u00e5 cirka 289,37 g\/mol. F\u00f6reningen f\u00f6rekommer vanligen som ett kristallint fast \u00e4mne med en f\u00e4rg som varierar fr\u00e5n vit till benvit. Dess stabilitet och konsistens \u00e4r kritiska faktorer f\u00f6r dess anv\u00e4ndbarhet i kontrollerade laboratoriemilj\u00f6er. Att f\u00f6rv\u00e4rva v\u00e4lkarakteriserade f\u00f6reningar som MDPiHP \u00e4r en h\u00f6rnsten i effektiv forskning.<\/p>\n<h3>MDPiHP Produktspecifikationer<\/h3>\n<table>\n<thead>\n<tr>\n<th>Parameter<\/th>\n<th>Detalj<\/th>\n<\/tr>\n<\/thead>\n<tbody>\n<tr>\n<td>Produktens namn<\/td>\n<td>MDPiHP<\/td>\n<\/tr>\n<tr>\n<td>Kemiskt namn<\/td>\n<td>3,4-metylendioxy-\u03b1-pyrrolidinylhexanofenon<\/td>\n<\/tr>\n<tr>\n<td>Molekylformel<\/td>\n<td>C<sub>17<\/sub>H<sub>23<\/sub>NEJ<sub>3<\/sub><\/td>\n<\/tr>\n<tr>\n<td>Mol\u00e4r massa<\/td>\n<td>~289,37 g\/mol<\/td>\n<\/tr>\n<tr>\n<td>Renhet<\/td>\n<td>&gt;99%<\/td>\n<\/tr>\n<tr>\n<td>Utseende<\/td>\n<td>Kristallint fast \u00e4mne (vitt till benvitt)<\/td>\n<\/tr>\n<tr>\n<td>Betyg<\/td>\n<td>Forskningsgrad \/ Laboratoriegrad<\/td>\n<\/tr>\n<\/tbody>\n<\/table>\n<h2>Varf\u00f6r k\u00f6pa MDPiHP online fr\u00e5n Chemsfine?<\/h2>\n<p>P\u00e5 Chemsfine f\u00f6rst\u00e5r vi de str\u00e4nga kraven p\u00e5 vetenskaplig forskning, och det \u00e4r d\u00e4rf\u00f6r vi \u00e4r dedikerade till att tillhandah\u00e5lla de <b>b\u00e4sta tillg\u00e4ngliga MDPiHP<\/b> p\u00e5 marknaden. V\u00e5rt rykte bygger p\u00e5 f\u00f6rtroende, kvalitet och enast\u00e5ende kundsupport. N\u00e4r du uppt\u00e4cker h\u00f6gkvalitativ MDPiHP p\u00e5 Chemsfine \u00e4r du s\u00e4ker p\u00e5 att du f\u00e5r en produkt som inte bara uppfyller utan ofta \u00f6vertr\u00e4ffar branschens renhetsriktm\u00e4rken, som konsekvent \u00f6verstiger 99%. Vi genomf\u00f6r avancerade kvalitetskontroll\u00e5tg\u00e4rder, inklusive omfattande laboratorietester, f\u00f6r att verifiera integriteten och styrkan i varje batch. V\u00e5rt \u00e5tagande att leverera forskningskemikalier med h\u00f6g renhet inneb\u00e4r att du kan forts\u00e4tta med dina experiment med absolut tillf\u00f6rsikt.<\/p>\n<p>Dessutom s\u00e4kerst\u00e4ller v\u00e5r kundcentrerade strategi en s\u00f6ml\u00f6s k\u00f6pupplevelse. V\u00e5rt dedikerade 24\/7 supportteam \u00e4r alltid redo att hj\u00e4lpa dig med alla f\u00f6rfr\u00e5gningar, fr\u00e5n produktspecifikationer till orderstatus. Vi prioriterar s\u00e4kra transaktioner och diskret frakt f\u00f6r att skydda din integritet och se till att din best\u00e4llning kommer fram s\u00e4kert och effektivt. Chemsfine \u00e4r din p\u00e5litliga partner f\u00f6r att erh\u00e5lla autentisk MDPiHP av forskningskvalitet till salu. Vi str\u00e4var efter att erbjuda konkurrenskraftiga priser utan att kompromissa med den \u00f6verl\u00e4gsna kvalitet som forskare f\u00f6rv\u00e4ntar sig och f\u00f6rtj\u00e4nar. V\u00e4lj Chemsfine f\u00f6r ett s\u00e4kert k\u00f6p och tillg\u00e5ng till ett brett utbud av kemikalier av laboratoriekvalitet.<\/p>\n<h2>Till\u00e4mpningar<\/h2>\n<p>MDPiHP \u00e4r en m\u00e5ngsidig f\u00f6rening som \u00e4r h\u00f6gt v\u00e4rderad i olika specialiserade forskningsapplikationer. Dess unika kemiska struktur g\u00f6r den s\u00e4rskilt intressant f\u00f6r:<\/p>\n<ul>\n<li><b>Farmakologisk forskning:<\/b> Studera receptorinteraktioner och neurokemiska reaktioner.<\/li>\n<li><b>Analytisk kemi:<\/b> Utveckling och validering av nya detektionsmetoder f\u00f6r syntetiska katinoner.<\/li>\n<li><b>Metaboliska studier:<\/b> Unders\u00f6kning av v\u00e4gar f\u00f6r biologisk nedbrytning och identifiering av metaboliter.<\/li>\n<li><b>Forensisk vetenskap:<\/b> Uppr\u00e4ttande av referensstandarder f\u00f6r toxikologiska unders\u00f6kningar och identifiering av substanser.<\/li>\n<li><b>Neurovetenskap:<\/b> Unders\u00f6kning av potentiella effekter p\u00e5 mekanismerna f\u00f6r \u00e5terupptag av signalsubstanser.<\/li>\n<li><b>L\u00e4kemedelsuppt\u00e4ckt:<\/b> Fungerar som referenssubstans i prekliniska studier i tidig fas.<\/li>\n<li><b>Kemisk syntes:<\/b> Som prekursor eller intermedi\u00e4r i syntesen av andra komplexa organiska f\u00f6reningar.<\/li>\n<li><b>Utbildnings\u00e4ndam\u00e5l:<\/b> Demonstration av principer f\u00f6r organisk kemi och psykofarmakologi i kontrollerade akademiska milj\u00f6er.<\/li>\n<\/ul>\n<h2>S\u00e4kerhet och efterlevnad<\/h2>\n<p>Att arbeta med forskningskemikalier som MDPiHP kr\u00e4ver strikt efterlevnad av s\u00e4kerhetsprotokoll och regulatoriska riktlinjer. Det \u00e4r absolut n\u00f6dv\u00e4ndigt att alla forskare anv\u00e4nder l\u00e4mplig personlig skyddsutrustning (PPE), inklusive laboratorierockar, skyddsglas\u00f6gon och handskar, f\u00f6r att minimera exponeringsriskerna. Alla experiment som involverar MDPiHP ska utf\u00f6ras i en kontrollerad laboratoriemilj\u00f6 som \u00e4r utrustad med l\u00e4mpliga ventilationssystem, t.ex. dragsk\u00e5p, f\u00f6r att garantera personalens s\u00e4kerhet. Forskare m\u00e5ste alltid konsultera s\u00e4kerhetsdatabladet (MSDS) eller s\u00e4kerhetsdatabladet (SDS) f\u00f6r detaljerad information om s\u00e4ker hantering, lagring och n\u00f6dprocedurer som \u00e4r specifika f\u00f6r MDPiHP.<\/p>\n<p>Dessutom \u00e4r efterlevnad av regionala och internationella best\u00e4mmelser som styr anv\u00e4ndning och upphandling av forskningskemikalier inte f\u00f6rhandlingsbar. Det \u00e4r k\u00f6parens ansvar att vara medveten om och f\u00f6lja alla lokala lagar och restriktioner som g\u00e4ller MDPiHP. P\u00e5 Chemsfine tillhandah\u00e5ller vi analyscertifikat (CoA) f\u00f6r v\u00e5ra produkter p\u00e5 beg\u00e4ran, vilket s\u00e4kerst\u00e4ller transparens och hj\u00e4lper forskare att uppr\u00e4tth\u00e5lla sina efterlevnadsregister. Vi f\u00f6respr\u00e5kar ansvarsfull forskningspraxis och tillhandah\u00e5ller f\u00f6reningar med h\u00f6g renhet f\u00f6r f\u00f6rs\u00e4ljning uteslutande f\u00f6r legitima vetenskapliga och laboratorie\u00e4ndam\u00e5l. S\u00e4kra ink\u00f6p av forskningskemikalier \u00e4r av st\u00f6rsta vikt.<\/p>\n<h2>Varf\u00f6r v\u00e4lja oss?<\/h2>\n<p>N\u00e4r du best\u00e4mmer dig f\u00f6r att <b>Best\u00e4ll MDPiHP online<\/b>, att v\u00e4lja Chemsfine erbjuder flera tydliga f\u00f6rdelar. V\u00e5rt orubbliga engagemang f\u00f6r transparens inneb\u00e4r att du f\u00e5r detaljerad information om varje produkt. Vi tillhandah\u00e5ller verifierade batchregister, vilket ger full sp\u00e5rbarhet och bekr\u00e4ftar kvaliteten och \u00e4ktheten i ditt k\u00f6p. Dessutom \u00e4r v\u00e5r prisstruktur utformad f\u00f6r att vara mycket konkurrenskraftig, vilket s\u00e4kerst\u00e4ller att du f\u00e5r det b\u00e4sta v\u00e4rdet f\u00f6r autentiska f\u00f6reningar med h\u00f6g renhet. Vi f\u00f6rst\u00e5r att inom forskning \u00e4r varje detalj viktig.<\/p>\n<p>Chemsfine \u00e4r mer \u00e4n bara en leverant\u00f6r; vi \u00e4r en partner i dina vetenskapliga str\u00e4vanden. Vi erbjuder ett omfattande urval av forskningsklassade f\u00f6reningar, alla uppbackade av v\u00e5rt l\u00f6fte om exceptionell kvalitet och tillf\u00f6rlitlighet. V\u00e5ra diskreta leveransmetoder s\u00e4kerst\u00e4ller att dina best\u00e4llningar kommer fram s\u00e4kert och konfidentiellt. F\u00f6r dem som s\u00f6ker andra premiumf\u00f6reningar, kom ih\u00e5g att utforska v\u00e5rt sortiment, som inneh\u00e5ller artiklar som <a href=\"https:\/\/chemsfine.com\/sv\/produkt\/jack-herer-sativa-strain-buy-online\/\">Jack Herer Sativa Strain<\/a> f\u00f6r specialiserad botanisk forskning eller kanske <a href=\"https:\/\/chemsfine.com\/sv\/produkt\/kopa-ur-144-online\/\">UR-144<\/a> f\u00f6r studier av cannabinoidreceptorer. Uppt\u00e4ck v\u00e5rt bredare urval av <a href=\"https:\/\/chemsfine.com\/sv\/forskningskemikalier\/\">forskningskemikalier online<\/a> p\u00e5 Chemsfine g\u00f6r att du kan konsolidera din upphandling med en betrodd k\u00e4lla. V\u00e4lj Chemsfine f\u00f6r ett s\u00f6ml\u00f6st, s\u00e4kert k\u00f6p av alla dina krav p\u00e5 laboratoriekvalitet.<\/p>\n<h2>Slutsats<\/h2>\n<p>Sammanfattningsvis framst\u00e5r Chemsfine som den ledande leverant\u00f6ren f\u00f6r forskare som vill <b>k\u00f6pa MDPiHP till salu<\/b> med garanterad renhet och professionell support. V\u00e5rt engagemang f\u00f6r att tillhandah\u00e5lla h\u00f6gkvalitativa kemikalier av forskningskvalitet, i kombination med diskret frakt och kundtj\u00e4nst dygnet runt, garanterar en o\u00f6vertr\u00e4ffad upplevelse. Vi st\u00e4rker dina vetenskapliga anstr\u00e4ngningar genom att endast leverera de mest tillf\u00f6rlitliga och autentiska f\u00f6reningarna. Handla nu p\u00e5 Chemsfine f\u00f6r att f\u00f6rb\u00e4ttra din forskning med premium MDPiHP och andra laboratoriekvalitativa material. Din s\u00f6kning efter den b\u00e4sta MDPiHP som finns tillg\u00e4nglig slutar h\u00e4r, p\u00e5 en plattform som \u00e4r dedikerad till vetenskaplig excellens och s\u00e4kra transaktioner.<\/p>","protected":false},"excerpt":{"rendered":"<p>Uppt\u00e4ck premium MDPiHP med h\u00f6g renhet, en banbrytande forskningskemikalie. V\u00e5r MDPiHP \u00e4r idealisk f\u00f6r avancerade laboratoriestudier och \u00f6verskrider konsekvent 99%-renheten. Med sj\u00e4lvf\u00f6rtroende <b>k\u00f6pa MDPiHP<\/b> p\u00e5 Chemsfine f\u00f6r p\u00e5litliga och \u00e4kta f\u00f6reningar.<\/p>","protected":false},"featured_media":6228,"comment_status":"open","ping_status":"closed","template":"","meta":{"_joinchat":[]},"product_brand":[],"product_cat":[951],"product_tag":[],"class_list":{"0":"post-6184","1":"product","2":"type-product","3":"status-publish","4":"has-post-thumbnail","6":"product_cat-stimulants","8":"first","9":"instock","10":"shipping-taxable","11":"purchasable","12":"product-type-variable"},"yoast_head":"<!-- This site is optimized with the Yoast SEO plugin v27.2 - https:\/\/yoast.com\/product\/yoast-seo-wordpress\/ -->\n<title>Buy MDPiHP Online \u2013 Premium Research Chemicals Available<\/title>\n<meta name=\"description\" content=\"Discover high-quality MDPiHP online at Chemsfine. Buy research-grade MDPiHP with over 99% purity, discreet shipping, and 24\/7 support. Best prices available!\" \/>\n<meta name=\"robots\" content=\"index, follow, max-snippet:-1, max-image-preview:large, max-video-preview:-1\" \/>\n<link rel=\"canonical\" href=\"https:\/\/chemsfine.com\/sv\/produkt\/buy-mdpihp-online\/\" \/>\n<meta property=\"og:locale\" content=\"sv_SE\" \/>\n<meta property=\"og:type\" content=\"article\" \/>\n<meta property=\"og:title\" content=\"Buy MDPiHP Online \u2013 Premium Research Chemicals Available\" \/>\n<meta property=\"og:description\" content=\"Discover high-quality MDPiHP online at Chemsfine. Buy research-grade MDPiHP with over 99% purity, discreet shipping, and 24\/7 support. Best prices available!\" \/>\n<meta property=\"og:url\" content=\"https:\/\/chemsfine.com\/sv\/produkt\/buy-mdpihp-online\/\" \/>\n<meta property=\"og:site_name\" content=\"Chemsfine\" \/>\n<meta property=\"article:modified_time\" content=\"2026-03-25T13:31:57+00:00\" \/>\n<meta property=\"og:image\" content=\"https:\/\/chemsfine.com\/wp-content\/uploads\/2026\/02\/buy-mdpihp-online-premium-research-chemicals-at-research-stimulants-2.jpg\" \/>\n\t<meta property=\"og:image:width\" content=\"474\" \/>\n\t<meta property=\"og:image:height\" content=\"271\" \/>\n\t<meta property=\"og:image:type\" content=\"image\/jpeg\" \/>\n<meta name=\"twitter:card\" content=\"summary_large_image\" \/>\n<meta name=\"twitter:label1\" content=\"Ber\u00e4knad l\u00e4stid\" \/>\n\t<meta name=\"twitter:data1\" content=\"5 minuter\" \/>\n<script type=\"application\/ld+json\" class=\"yoast-schema-graph\">{\"@context\":\"https:\/\/schema.org\",\"@graph\":[{\"@type\":\"WebPage\",\"@id\":\"https:\/\/chemsfine.com\/product\/buy-mdpihp-online\/\",\"url\":\"https:\/\/chemsfine.com\/product\/buy-mdpihp-online\/\",\"name\":\"Buy MDPiHP Online \u2013 Premium Research Chemicals Available\",\"isPartOf\":{\"@id\":\"https:\/\/chemsfine.com\/#website\"},\"primaryImageOfPage\":{\"@id\":\"https:\/\/chemsfine.com\/product\/buy-mdpihp-online\/#primaryimage\"},\"image\":{\"@id\":\"https:\/\/chemsfine.com\/product\/buy-mdpihp-online\/#primaryimage\"},\"thumbnailUrl\":\"https:\/\/chemsfine.com\/wp-content\/uploads\/2026\/02\/buy-mdpihp-online-premium-research-chemicals-at-research-stimulants-2.jpg\",\"datePublished\":\"2026-02-12T09:59:31+00:00\",\"dateModified\":\"2026-03-25T13:31:57+00:00\",\"description\":\"Discover high-quality MDPiHP online at Chemsfine. Buy research-grade MDPiHP with over 99% purity, discreet shipping, and 24\/7 support. Best prices available!\",\"breadcrumb\":{\"@id\":\"https:\/\/chemsfine.com\/product\/buy-mdpihp-online\/#breadcrumb\"},\"inLanguage\":\"sv-SE\",\"potentialAction\":[{\"@type\":\"ReadAction\",\"target\":[\"https:\/\/chemsfine.com\/product\/buy-mdpihp-online\/\"]}]},{\"@type\":\"ImageObject\",\"inLanguage\":\"sv-SE\",\"@id\":\"https:\/\/chemsfine.com\/product\/buy-mdpihp-online\/#primaryimage\",\"url\":\"https:\/\/chemsfine.com\/wp-content\/uploads\/2026\/02\/buy-mdpihp-online-premium-research-chemicals-at-research-stimulants-2.jpg\",\"contentUrl\":\"https:\/\/chemsfine.com\/wp-content\/uploads\/2026\/02\/buy-mdpihp-online-premium-research-chemicals-at-research-stimulants-2.jpg\",\"width\":474,\"height\":271},{\"@type\":\"BreadcrumbList\",\"@id\":\"https:\/\/chemsfine.com\/product\/buy-mdpihp-online\/#breadcrumb\",\"itemListElement\":[{\"@type\":\"ListItem\",\"position\":1,\"name\":\"Home\",\"item\":\"https:\/\/chemsfine.com\/\"},{\"@type\":\"ListItem\",\"position\":2,\"name\":\"Shop\",\"item\":\"https:\/\/chemsfine.com\/shop\/\"},{\"@type\":\"ListItem\",\"position\":3,\"name\":\"Buy MDPiHP Online | Premium Research Chemicals at Chemsfine\"}]},{\"@type\":\"WebSite\",\"@id\":\"https:\/\/chemsfine.com\/#website\",\"url\":\"https:\/\/chemsfine.com\/\",\"name\":\"Chemsfine\",\"description\":\"My WordPress Blog\",\"publisher\":{\"@id\":\"https:\/\/chemsfine.com\/#organization\"},\"potentialAction\":[{\"@type\":\"SearchAction\",\"target\":{\"@type\":\"EntryPoint\",\"urlTemplate\":\"https:\/\/chemsfine.com\/?s={search_term_string}\"},\"query-input\":{\"@type\":\"PropertyValueSpecification\",\"valueRequired\":true,\"valueName\":\"search_term_string\"}}],\"inLanguage\":\"sv-SE\"},{\"@type\":\"Organization\",\"@id\":\"https:\/\/chemsfine.com\/#organization\",\"name\":\"Chemsfine\",\"url\":\"https:\/\/chemsfine.com\/\",\"logo\":{\"@type\":\"ImageObject\",\"inLanguage\":\"sv-SE\",\"@id\":\"https:\/\/chemsfine.com\/#\/schema\/logo\/image\/\",\"url\":\"https:\/\/chemsfine.com\/wp-content\/uploads\/2024\/09\/final-logo.png\",\"contentUrl\":\"https:\/\/chemsfine.com\/wp-content\/uploads\/2024\/09\/final-logo.png\",\"width\":340,\"height\":72,\"caption\":\"Chemsfine\"},\"image\":{\"@id\":\"https:\/\/chemsfine.com\/#\/schema\/logo\/image\/\"}}]}<\/script>\n<!-- \/ Yoast SEO plugin. -->","yoast_head_json":{"title":"K\u00f6p MDPiHP online - Premium forskningskemikalier tillg\u00e4ngliga","description":"Uppt\u00e4ck h\u00f6gkvalitativ MDPiHP online p\u00e5 Chemsfine. K\u00f6p MDPiHP av forskningskvalitet med \u00f6ver 99% renhet, diskret frakt och 24\/7 support. B\u00e4sta tillg\u00e4ngliga priser!","robots":{"index":"index","follow":"follow","max-snippet":"max-snippet:-1","max-image-preview":"max-image-preview:large","max-video-preview":"max-video-preview:-1"},"canonical":"https:\/\/chemsfine.com\/sv\/produkt\/buy-mdpihp-online\/","og_locale":"sv_SE","og_type":"article","og_title":"Buy MDPiHP Online \u2013 Premium Research Chemicals Available","og_description":"Discover high-quality MDPiHP online at Chemsfine. Buy research-grade MDPiHP with over 99% purity, discreet shipping, and 24\/7 support. Best prices available!","og_url":"https:\/\/chemsfine.com\/sv\/produkt\/buy-mdpihp-online\/","og_site_name":"Chemsfine","article_modified_time":"2026-03-25T13:31:57+00:00","og_image":[{"width":474,"height":271,"url":"https:\/\/chemsfine.com\/wp-content\/uploads\/2026\/02\/buy-mdpihp-online-premium-research-chemicals-at-research-stimulants-2.jpg","type":"image\/jpeg"}],"twitter_card":"summary_large_image","twitter_misc":{"Ber\u00e4knad l\u00e4stid":"5 minuter"},"schema":{"@context":"https:\/\/schema.org","@graph":[{"@type":"WebPage","@id":"https:\/\/chemsfine.com\/product\/buy-mdpihp-online\/","url":"https:\/\/chemsfine.com\/product\/buy-mdpihp-online\/","name":"K\u00f6p MDPiHP online - Premium forskningskemikalier tillg\u00e4ngliga","isPartOf":{"@id":"https:\/\/chemsfine.com\/#website"},"primaryImageOfPage":{"@id":"https:\/\/chemsfine.com\/product\/buy-mdpihp-online\/#primaryimage"},"image":{"@id":"https:\/\/chemsfine.com\/product\/buy-mdpihp-online\/#primaryimage"},"thumbnailUrl":"https:\/\/chemsfine.com\/wp-content\/uploads\/2026\/02\/buy-mdpihp-online-premium-research-chemicals-at-research-stimulants-2.jpg","datePublished":"2026-02-12T09:59:31+00:00","dateModified":"2026-03-25T13:31:57+00:00","description":"Uppt\u00e4ck h\u00f6gkvalitativ MDPiHP online p\u00e5 Chemsfine. K\u00f6p MDPiHP av forskningskvalitet med \u00f6ver 99% renhet, diskret frakt och 24\/7 support. B\u00e4sta tillg\u00e4ngliga priser!","breadcrumb":{"@id":"https:\/\/chemsfine.com\/product\/buy-mdpihp-online\/#breadcrumb"},"inLanguage":"sv-SE","potentialAction":[{"@type":"ReadAction","target":["https:\/\/chemsfine.com\/product\/buy-mdpihp-online\/"]}]},{"@type":"ImageObject","inLanguage":"sv-SE","@id":"https:\/\/chemsfine.com\/product\/buy-mdpihp-online\/#primaryimage","url":"https:\/\/chemsfine.com\/wp-content\/uploads\/2026\/02\/buy-mdpihp-online-premium-research-chemicals-at-research-stimulants-2.jpg","contentUrl":"https:\/\/chemsfine.com\/wp-content\/uploads\/2026\/02\/buy-mdpihp-online-premium-research-chemicals-at-research-stimulants-2.jpg","width":474,"height":271},{"@type":"BreadcrumbList","@id":"https:\/\/chemsfine.com\/product\/buy-mdpihp-online\/#breadcrumb","itemListElement":[{"@type":"ListItem","position":1,"name":"Home","item":"https:\/\/chemsfine.com\/"},{"@type":"ListItem","position":2,"name":"Shop","item":"https:\/\/chemsfine.com\/shop\/"},{"@type":"ListItem","position":3,"name":"Buy MDPiHP Online | Premium Research Chemicals at Chemsfine"}]},{"@type":"WebSite","@id":"https:\/\/chemsfine.com\/#website","url":"https:\/\/chemsfine.com\/","name":"Chemsfine","description":"Min WordPress-blogg","publisher":{"@id":"https:\/\/chemsfine.com\/#organization"},"potentialAction":[{"@type":"SearchAction","target":{"@type":"EntryPoint","urlTemplate":"https:\/\/chemsfine.com\/?s={search_term_string}"},"query-input":{"@type":"PropertyValueSpecification","valueRequired":true,"valueName":"search_term_string"}}],"inLanguage":"sv-SE"},{"@type":"Organization","@id":"https:\/\/chemsfine.com\/#organization","name":"Chemsfine","url":"https:\/\/chemsfine.com\/","logo":{"@type":"ImageObject","inLanguage":"sv-SE","@id":"https:\/\/chemsfine.com\/#\/schema\/logo\/image\/","url":"https:\/\/chemsfine.com\/wp-content\/uploads\/2024\/09\/final-logo.png","contentUrl":"https:\/\/chemsfine.com\/wp-content\/uploads\/2024\/09\/final-logo.png","width":340,"height":72,"caption":"Chemsfine"},"image":{"@id":"https:\/\/chemsfine.com\/#\/schema\/logo\/image\/"}}]}},"_links":{"self":[{"href":"https:\/\/chemsfine.com\/sv\/wp-json\/wp\/v2\/product\/6184","targetHints":{"allow":["GET"]}}],"collection":[{"href":"https:\/\/chemsfine.com\/sv\/wp-json\/wp\/v2\/product"}],"about":[{"href":"https:\/\/chemsfine.com\/sv\/wp-json\/wp\/v2\/types\/product"}],"replies":[{"embeddable":true,"href":"https:\/\/chemsfine.com\/sv\/wp-json\/wp\/v2\/comments?post=6184"}],"wp:featuredmedia":[{"embeddable":true,"href":"https:\/\/chemsfine.com\/sv\/wp-json\/wp\/v2\/media\/6228"}],"wp:attachment":[{"href":"https:\/\/chemsfine.com\/sv\/wp-json\/wp\/v2\/media?parent=6184"}],"wp:term":[{"taxonomy":"product_brand","embeddable":true,"href":"https:\/\/chemsfine.com\/sv\/wp-json\/wp\/v2\/product_brand?post=6184"},{"taxonomy":"product_cat","embeddable":true,"href":"https:\/\/chemsfine.com\/sv\/wp-json\/wp\/v2\/product_cat?post=6184"},{"taxonomy":"product_tag","embeddable":true,"href":"https:\/\/chemsfine.com\/sv\/wp-json\/wp\/v2\/product_tag?post=6184"}],"curies":[{"name":"wp","href":"https:\/\/api.w.org\/{rel}","templated":true}]}}