{"id":6191,"date":"2026-02-12T09:59:31","date_gmt":"2026-02-12T09:59:31","guid":{"rendered":"https:\/\/chemsfine.com\/?post_type=product&#038;p=6191"},"modified":"2026-03-25T13:29:34","modified_gmt":"2026-03-25T13:29:34","slug":"buy-mmc-pellets-online","status":"publish","type":"product","link":"https:\/\/chemsfine.com\/sv\/product\/buy-mmc-pellets-online\/","title":{"rendered":"K\u00f6p 3 MMC-pellets online | H\u00f6gkvalitativa forskningsstimulerande medel"},"content":{"rendered":"<p>N\u00e4r du f\u00f6rs\u00f6ker <b>K\u00f6p 3 MMC Pellets till salu<\/b>, Chemsfine st\u00e5r som din fr\u00e4msta destination. Vi \u00e4r dedikerade till att f\u00f6rse forskare och vetenskapliga institutioner med premiumkvalitet 3-Methylmethcathinone. V\u00e5rt engagemang s\u00e4kerst\u00e4ller att varje parti av <b>3 MMC Pellets<\/b> \u00e4r f\u00f6rem\u00e5l f\u00f6r rigor\u00f6s laboratorieverifiering, vilket garanterar exceptionell renhet och den exakta dosering som \u00e4r avg\u00f6rande f\u00f6r tillf\u00f6rlitliga experimentella resultat. Research Stimulants litar p\u00e5 att v\u00e5r snabba globala frakt s\u00e4kerst\u00e4ller att dina vitala f\u00f6reningar anl\u00e4nder snabbt, vilket st\u00f6der oavbrutna forskningsanstr\u00e4ngningar.<\/p>\n<h2>Vad \u00e4r 3 MMC Pellets?<\/h2>\n<p><b>3 MMC Pellets<\/b> inneh\u00e5ller 3-metylmetkatinon, en framst\u00e5ende syntetisk katinon som \u00e4r erk\u00e4nd f\u00f6r sina stimulerande egenskaper i forskningsmilj\u00f6er. Denna f\u00f6rening, med den kemiska formeln C<sub>11<\/sub>H<sub>15<\/sub>NO, \u00e4r noggrant syntetiserat f\u00f6r att uppn\u00e5 h\u00f6gsta renhet, vilket g\u00f6r det till ett ov\u00e4rderligt verktyg f\u00f6r farmakologiska och neurovetenskapliga unders\u00f6kningar. Den erbjuds i pelletsform och underl\u00e4ttar mycket noggrann och konsekvent dosering, vilket \u00e4r avg\u00f6rande f\u00f6r k\u00e4nsliga laboratorieexperiment. V\u00e5rt <b>3 MMC-pellets av h\u00f6gsta kvalitet<\/b> \u00e4r s\u00e4rskilt utformade f\u00f6r forskare som kr\u00e4ver precision och konsekvens i sina studier och utg\u00f6r en tillf\u00f6rlitlig plattform f\u00f6r att f\u00f6rst\u00e5 komplexa biologiska interaktioner.<\/p>\n<h2>Varf\u00f6r k\u00f6pa 3 MMC Pellets online p\u00e5 Chemsfine?<\/h2>\n<p>V\u00e4lja att <b>k\u00f6pa 3 MMC Pellets online<\/b> fr\u00e5n Chemsfine inneb\u00e4r att v\u00e4lja o\u00f6vertr\u00e4ffad tillf\u00f6rlitlighet och \u00f6verl\u00e4gsen kvalitet. Vi \u00e4r stolta \u00f6ver att kunna erbjuda <b>B\u00e4sta tillg\u00e4ngliga 3 MMC-pellets<\/b>, som backas upp av omfattande laboratorieverifierade renhetsrapporter. Varje pellet tillverkas med exakta doseringsstandarder, vilket eliminerar inkonsekvenser som kan \u00e4ventyra dina forskningsdata. P\u00e5 Chemsfine s\u00e4kerst\u00e4ller v\u00e5ra s\u00e4kra ink\u00f6psprocesser och robusta kvalitetskontroll\u00e5tg\u00e4rder att du f\u00e5r exakt vad du f\u00f6rv\u00e4ntar dig: forskningsmaterial med h\u00f6g renhet. V\u00e5rt rykte som en p\u00e5litlig leverant\u00f6r av stimulantia f\u00f6r forskning bygger p\u00e5 att vi levererar excellens och s\u00e4kerst\u00e4ller kundn\u00f6jdhet vid varje transaktion.<\/p>\n<h2>Anv\u00e4ndningsomr\u00e5den f\u00f6r 3 MMC-pellets<\/h2>\n<p>Applikationerna f\u00f6r h\u00f6grena <b>3 MMC Pellets<\/b> inom vetenskapssamh\u00e4llet \u00e4r m\u00e5ngsidiga och kritiska, fr\u00e4mst inriktade p\u00e5 kontrollerade laboratoriemilj\u00f6er. Dessa pellets \u00e4r avg\u00f6rande f\u00f6r olika avancerade forskningsprojekt:<\/p>\n<ul>\n<li>Farmakologiska studier av stimulerande mekanismer.<\/li>\n<li>Neurokemisk analys av serotonin-, dopamin- och noradrenalinv\u00e4gar.<\/li>\n<li>Experiment in vitro och in vivo f\u00f6r analys av receptorbindning.<\/li>\n<li>Analytiska referensstandarder f\u00f6r r\u00e4ttsmedicinsk toxikologi.<\/li>\n<li>Unders\u00f6kning av nya f\u00f6reningars metabolism och farmakokinetik.<\/li>\n<li>Forskning om effekterna av substituerade katinoner p\u00e5 centrala nervsystem.<\/li>\n<\/ul>\n<p>Chemsfine st\u00f6der ocks\u00e5 bredare vetenskaplig utforskning genom att erbjuda ett omfattande utbud av forskningsf\u00f6reningar och specialiserade material f\u00f6r olika experimentella uppst\u00e4llningar, fr\u00e5n organiska f\u00f6reningar som finns i produkter som <a href=\"https:\/\/chemsfine.com\/sv\/produkt\/northern-lights-indica-strain-30-85-thc\/\">Northern Lights Indica-stam<\/a> till viktiga labbkomponenter som t.ex. <a href=\"https:\/\/chemsfine.com\/sv\/produkt\/buy-xlr-11-connectors-online\/\">XLR-11-kontakter<\/a>, och se till att alla dina forskningsbehov tillgodoses.<\/p>\n<h2>S\u00e4kerhet och efterlevnad f\u00f6r 3 MMC Pellets<\/h2>\n<p>Vid hantering av <b>3 MMC Pellets<\/b>, Det \u00e4r d\u00e4rf\u00f6r absolut n\u00f6dv\u00e4ndigt att f\u00f6lja strikta s\u00e4kerhetsprotokoll och f\u00f6lja g\u00e4llande regler. Forskare m\u00e5ste alltid anv\u00e4nda l\u00e4mplig personlig skyddsutrustning (PPE) och utf\u00f6ra experiment i kontrollerade laboratoriemilj\u00f6er, t.ex. dragsk\u00e5p, f\u00f6r att garantera s\u00e4kerheten. Det \u00e4r absolut n\u00f6dv\u00e4ndigt att vara medveten om och f\u00f6lja alla regionala och nationella best\u00e4mmelser om ink\u00f6p, f\u00f6rvaring och anv\u00e4ndning av forskningskemikalier. Chemsfine st\u00f6djer ansvarsfull forskning genom att tillhandah\u00e5lla detaljerade s\u00e4kerhetsdatablad (SDS) och analyscertifikat (CoA) med varje best\u00e4llning, vilket s\u00e4kerst\u00e4ller transparens och bidrar till s\u00e4kra laboratoriemetoder. Vi f\u00f6respr\u00e5kar etisk och laglig anv\u00e4ndning av alla v\u00e5ra produkter av forskningskvalitet.<\/p>\n<h2>Varf\u00f6r v\u00e4lja Chemsfine f\u00f6r dina 3 MMC-behov?<\/h2>\n<p>N\u00e4r det \u00e4r dags att <b>Best\u00e4ll 3 MMC Pellets online<\/b>, Chemsfine framst\u00e5r som branschledande. V\u00e5rt orubbliga engagemang f\u00f6r transparenta detaljer, i kombination med noggrant verifierade batchregister, ger forskare fullst\u00e4ndigt f\u00f6rtroende f\u00f6r sina ink\u00f6p. Vi erbjuder mycket konkurrenskraftiga priser utan att n\u00e5gonsin kompromissa med kvaliteten, vilket g\u00f6r premiumforskningskemikalier tillg\u00e4ngliga. V\u00e5r robusta infrastruktur m\u00f6jligg\u00f6r dessutom snabb global leverans, vilket s\u00e4kerst\u00e4ller att dina kritiska leveranser levereras effektivt och diskret. V\u00e5rt dedikerade kundtj\u00e4nstteam \u00e4r alltid redo att hj\u00e4lpa till och s\u00e4kerst\u00e4lla en s\u00f6ml\u00f6s upplevelse fr\u00e5n urval till leverans.<\/p>\n<h3>Produktspecifikationer: 3 MMC-pellets<\/h3>\n<table>\n<thead>\n<tr>\n<th>Specifikation<\/th>\n<th>Detalj<\/th>\n<\/tr>\n<\/thead>\n<tbody>\n<tr>\n<td>Produktens namn<\/td>\n<td>3 MMC Pellets<\/td>\n<\/tr>\n<tr>\n<td>Kemiskt namn<\/td>\n<td>3-metylmetkatinon<\/td>\n<\/tr>\n<tr>\n<td>Kemisk formel<\/td>\n<td>C<sub>11<\/sub>H<sub>15<\/sub>NEJ<\/td>\n<\/tr>\n<tr>\n<td>Renhet<\/td>\n<td>\u226598% (Lab-verifierad)<\/td>\n<\/tr>\n<tr>\n<td>Form<\/td>\n<td>Pellets<\/td>\n<\/tr>\n<tr>\n<td>Avsedd anv\u00e4ndning<\/td>\n<td>Endast f\u00f6r forsknings\u00e4ndam\u00e5l<\/td>\n<\/tr>\n<\/tbody>\n<\/table>\n<h2>Slutsats: S\u00e4kra dina MMC-pellets av forskningsklass 3<\/h2>\n<p>Sammanfattningsvis, f\u00f6r forskare som vill <b>K\u00f6p 3 MMC Pellets till salu<\/b>, Chemsfine erbjuder en o\u00f6vertr\u00e4ffad kombination av renhet, precision och p\u00e5litlig service. V\u00e5ra laboratorieverifierade, h\u00f6gkvalitativa 3-metylmetkatinonpellets \u00e4r noggrant f\u00f6rberedda f\u00f6r att uppfylla de str\u00e4nga kraven p\u00e5 avancerad vetenskaplig unders\u00f6kning. Lita p\u00e5 Chemsfine f\u00f6r ditt n\u00e4sta forskningsprojekt f\u00f6r att s\u00e4kerst\u00e4lla konsekventa och korrekta resultat. Upplev skillnaden som h\u00e4ngivenhet till excellens g\u00f6r i dina kritiska experiment. K\u00f6p din forskningskvalitet 3 MMC Pellets fr\u00e5n oss idag och fr\u00e4mja dina vetenskapliga uppt\u00e4ckter med f\u00f6rtroende och sinnesfrid.<\/p>","protected":false},"excerpt":{"rendered":"<p>Uppt\u00e4ck premium <b>3 MMC Pellets<\/b> p\u00e5 Chemsfine, perfekt f\u00f6r avancerad forskning. V\u00e5r laboratoriekvalitet 3-Methylmethcathinone garanterar verifierbar renhet och konsekventa resultat. <b>K\u00f6p 3 MMC Pellets<\/b> f\u00f6r dina vetenskapliga studier idag p\u00e5 Chemsfine, vilket garanterar exceptionell kvalitet f\u00f6r varje experiment.<\/p>","protected":false},"featured_media":6243,"comment_status":"open","ping_status":"closed","template":"","meta":{"_joinchat":[]},"product_brand":[],"product_cat":[951],"product_tag":[],"class_list":{"0":"post-6191","1":"product","2":"type-product","3":"status-publish","4":"has-post-thumbnail","6":"product_cat-stimulants","8":"first","9":"instock","10":"shipping-taxable","11":"purchasable","12":"product-type-variable"},"yoast_head":"<!-- This site is optimized with the Yoast SEO plugin v27.2 - https:\/\/yoast.com\/product\/yoast-seo-wordpress\/ -->\n<title>Buy 3 MMC Pellets Online | Research Grade for Sale at Chemsfine<\/title>\n<meta name=\"description\" content=\"Purchase high-quality 3 MMC Pellets for sale online. Lab-verified purity, precise dosing, and fast global shipping. Best research-grade 3 MMC available. Buy now at Chemsfine.\" \/>\n<meta name=\"robots\" content=\"index, follow, max-snippet:-1, max-image-preview:large, max-video-preview:-1\" \/>\n<link rel=\"canonical\" href=\"https:\/\/chemsfine.com\/sv\/produkt\/buy-mmc-pellets-online\/\" \/>\n<meta property=\"og:locale\" content=\"sv_SE\" \/>\n<meta property=\"og:type\" content=\"article\" \/>\n<meta property=\"og:title\" content=\"Buy 3 MMC Pellets Online | Research Grade for Sale at Chemsfine\" \/>\n<meta property=\"og:description\" content=\"Purchase high-quality 3 MMC Pellets for sale online. Lab-verified purity, precise dosing, and fast global shipping. Best research-grade 3 MMC available. Buy now at Chemsfine.\" \/>\n<meta property=\"og:url\" content=\"https:\/\/chemsfine.com\/sv\/produkt\/buy-mmc-pellets-online\/\" \/>\n<meta property=\"og:site_name\" content=\"Chemsfine\" \/>\n<meta property=\"article:modified_time\" content=\"2026-03-25T13:29:34+00:00\" \/>\n<meta property=\"og:image\" content=\"https:\/\/chemsfine.com\/wp-content\/uploads\/2026\/02\/quality-3-mmc-pellets-for-sale-online-research-stimulants-2.jpg\" \/>\n\t<meta property=\"og:image:width\" content=\"800\" \/>\n\t<meta property=\"og:image:height\" content=\"1066\" \/>\n\t<meta property=\"og:image:type\" content=\"image\/jpeg\" \/>\n<meta name=\"twitter:card\" content=\"summary_large_image\" \/>\n<meta name=\"twitter:label1\" content=\"Ber\u00e4knad l\u00e4stid\" \/>\n\t<meta name=\"twitter:data1\" content=\"4 minuter\" \/>\n<script type=\"application\/ld+json\" class=\"yoast-schema-graph\">{\"@context\":\"https:\/\/schema.org\",\"@graph\":[{\"@type\":\"WebPage\",\"@id\":\"https:\/\/chemsfine.com\/product\/buy-mmc-pellets-online\/\",\"url\":\"https:\/\/chemsfine.com\/product\/buy-mmc-pellets-online\/\",\"name\":\"Buy 3 MMC Pellets Online | Research Grade for Sale at Chemsfine\",\"isPartOf\":{\"@id\":\"https:\/\/chemsfine.com\/#website\"},\"primaryImageOfPage\":{\"@id\":\"https:\/\/chemsfine.com\/product\/buy-mmc-pellets-online\/#primaryimage\"},\"image\":{\"@id\":\"https:\/\/chemsfine.com\/product\/buy-mmc-pellets-online\/#primaryimage\"},\"thumbnailUrl\":\"https:\/\/chemsfine.com\/wp-content\/uploads\/2026\/02\/quality-3-mmc-pellets-for-sale-online-research-stimulants-2.jpg\",\"datePublished\":\"2026-02-12T09:59:31+00:00\",\"dateModified\":\"2026-03-25T13:29:34+00:00\",\"description\":\"Purchase high-quality 3 MMC Pellets for sale online. Lab-verified purity, precise dosing, and fast global shipping. Best research-grade 3 MMC available. Buy now at Chemsfine.\",\"breadcrumb\":{\"@id\":\"https:\/\/chemsfine.com\/product\/buy-mmc-pellets-online\/#breadcrumb\"},\"inLanguage\":\"sv-SE\",\"potentialAction\":[{\"@type\":\"ReadAction\",\"target\":[\"https:\/\/chemsfine.com\/product\/buy-mmc-pellets-online\/\"]}]},{\"@type\":\"ImageObject\",\"inLanguage\":\"sv-SE\",\"@id\":\"https:\/\/chemsfine.com\/product\/buy-mmc-pellets-online\/#primaryimage\",\"url\":\"https:\/\/chemsfine.com\/wp-content\/uploads\/2026\/02\/quality-3-mmc-pellets-for-sale-online-research-stimulants-2.jpg\",\"contentUrl\":\"https:\/\/chemsfine.com\/wp-content\/uploads\/2026\/02\/quality-3-mmc-pellets-for-sale-online-research-stimulants-2.jpg\",\"width\":800,\"height\":1066},{\"@type\":\"BreadcrumbList\",\"@id\":\"https:\/\/chemsfine.com\/product\/buy-mmc-pellets-online\/#breadcrumb\",\"itemListElement\":[{\"@type\":\"ListItem\",\"position\":1,\"name\":\"Home\",\"item\":\"https:\/\/chemsfine.com\/\"},{\"@type\":\"ListItem\",\"position\":2,\"name\":\"Shop\",\"item\":\"https:\/\/chemsfine.com\/shop\/\"},{\"@type\":\"ListItem\",\"position\":3,\"name\":\"Buy 3 MMC Pellets Online | High-Quality Research Stimulants\"}]},{\"@type\":\"WebSite\",\"@id\":\"https:\/\/chemsfine.com\/#website\",\"url\":\"https:\/\/chemsfine.com\/\",\"name\":\"Chemsfine\",\"description\":\"My WordPress Blog\",\"publisher\":{\"@id\":\"https:\/\/chemsfine.com\/#organization\"},\"potentialAction\":[{\"@type\":\"SearchAction\",\"target\":{\"@type\":\"EntryPoint\",\"urlTemplate\":\"https:\/\/chemsfine.com\/?s={search_term_string}\"},\"query-input\":{\"@type\":\"PropertyValueSpecification\",\"valueRequired\":true,\"valueName\":\"search_term_string\"}}],\"inLanguage\":\"sv-SE\"},{\"@type\":\"Organization\",\"@id\":\"https:\/\/chemsfine.com\/#organization\",\"name\":\"Chemsfine\",\"url\":\"https:\/\/chemsfine.com\/\",\"logo\":{\"@type\":\"ImageObject\",\"inLanguage\":\"sv-SE\",\"@id\":\"https:\/\/chemsfine.com\/#\/schema\/logo\/image\/\",\"url\":\"https:\/\/chemsfine.com\/wp-content\/uploads\/2024\/09\/final-logo.png\",\"contentUrl\":\"https:\/\/chemsfine.com\/wp-content\/uploads\/2024\/09\/final-logo.png\",\"width\":340,\"height\":72,\"caption\":\"Chemsfine\"},\"image\":{\"@id\":\"https:\/\/chemsfine.com\/#\/schema\/logo\/image\/\"}}]}<\/script>\n<!-- \/ Yoast SEO plugin. -->","yoast_head_json":{"title":"K\u00f6p 3 MMC Pellets Online | Research Grade till salu p\u00e5 Chemsfine","description":"K\u00f6p h\u00f6gkvalitativa 3 MMC Pellets till salu online. Lab-verifierad renhet, exakt dosering och snabb global frakt. B\u00e4sta tillg\u00e4ngliga 3 MMC av forskningskvalitet. K\u00f6p nu p\u00e5 Chemsfine.","robots":{"index":"index","follow":"follow","max-snippet":"max-snippet:-1","max-image-preview":"max-image-preview:large","max-video-preview":"max-video-preview:-1"},"canonical":"https:\/\/chemsfine.com\/sv\/produkt\/buy-mmc-pellets-online\/","og_locale":"sv_SE","og_type":"article","og_title":"Buy 3 MMC Pellets Online | Research Grade for Sale at Chemsfine","og_description":"Purchase high-quality 3 MMC Pellets for sale online. Lab-verified purity, precise dosing, and fast global shipping. Best research-grade 3 MMC available. Buy now at Chemsfine.","og_url":"https:\/\/chemsfine.com\/sv\/produkt\/buy-mmc-pellets-online\/","og_site_name":"Chemsfine","article_modified_time":"2026-03-25T13:29:34+00:00","og_image":[{"width":800,"height":1066,"url":"https:\/\/chemsfine.com\/wp-content\/uploads\/2026\/02\/quality-3-mmc-pellets-for-sale-online-research-stimulants-2.jpg","type":"image\/jpeg"}],"twitter_card":"summary_large_image","twitter_misc":{"Ber\u00e4knad l\u00e4stid":"4 minuter"},"schema":{"@context":"https:\/\/schema.org","@graph":[{"@type":"WebPage","@id":"https:\/\/chemsfine.com\/product\/buy-mmc-pellets-online\/","url":"https:\/\/chemsfine.com\/product\/buy-mmc-pellets-online\/","name":"K\u00f6p 3 MMC Pellets Online | Research Grade till salu p\u00e5 Chemsfine","isPartOf":{"@id":"https:\/\/chemsfine.com\/#website"},"primaryImageOfPage":{"@id":"https:\/\/chemsfine.com\/product\/buy-mmc-pellets-online\/#primaryimage"},"image":{"@id":"https:\/\/chemsfine.com\/product\/buy-mmc-pellets-online\/#primaryimage"},"thumbnailUrl":"https:\/\/chemsfine.com\/wp-content\/uploads\/2026\/02\/quality-3-mmc-pellets-for-sale-online-research-stimulants-2.jpg","datePublished":"2026-02-12T09:59:31+00:00","dateModified":"2026-03-25T13:29:34+00:00","description":"K\u00f6p h\u00f6gkvalitativa 3 MMC Pellets till salu online. Lab-verifierad renhet, exakt dosering och snabb global frakt. B\u00e4sta tillg\u00e4ngliga 3 MMC av forskningskvalitet. K\u00f6p nu p\u00e5 Chemsfine.","breadcrumb":{"@id":"https:\/\/chemsfine.com\/product\/buy-mmc-pellets-online\/#breadcrumb"},"inLanguage":"sv-SE","potentialAction":[{"@type":"ReadAction","target":["https:\/\/chemsfine.com\/product\/buy-mmc-pellets-online\/"]}]},{"@type":"ImageObject","inLanguage":"sv-SE","@id":"https:\/\/chemsfine.com\/product\/buy-mmc-pellets-online\/#primaryimage","url":"https:\/\/chemsfine.com\/wp-content\/uploads\/2026\/02\/quality-3-mmc-pellets-for-sale-online-research-stimulants-2.jpg","contentUrl":"https:\/\/chemsfine.com\/wp-content\/uploads\/2026\/02\/quality-3-mmc-pellets-for-sale-online-research-stimulants-2.jpg","width":800,"height":1066},{"@type":"BreadcrumbList","@id":"https:\/\/chemsfine.com\/product\/buy-mmc-pellets-online\/#breadcrumb","itemListElement":[{"@type":"ListItem","position":1,"name":"Home","item":"https:\/\/chemsfine.com\/"},{"@type":"ListItem","position":2,"name":"Shop","item":"https:\/\/chemsfine.com\/shop\/"},{"@type":"ListItem","position":3,"name":"Buy 3 MMC Pellets Online | High-Quality Research Stimulants"}]},{"@type":"WebSite","@id":"https:\/\/chemsfine.com\/#website","url":"https:\/\/chemsfine.com\/","name":"Chemsfine","description":"Min WordPress-blogg","publisher":{"@id":"https:\/\/chemsfine.com\/#organization"},"potentialAction":[{"@type":"SearchAction","target":{"@type":"EntryPoint","urlTemplate":"https:\/\/chemsfine.com\/?s={search_term_string}"},"query-input":{"@type":"PropertyValueSpecification","valueRequired":true,"valueName":"search_term_string"}}],"inLanguage":"sv-SE"},{"@type":"Organization","@id":"https:\/\/chemsfine.com\/#organization","name":"Chemsfine","url":"https:\/\/chemsfine.com\/","logo":{"@type":"ImageObject","inLanguage":"sv-SE","@id":"https:\/\/chemsfine.com\/#\/schema\/logo\/image\/","url":"https:\/\/chemsfine.com\/wp-content\/uploads\/2024\/09\/final-logo.png","contentUrl":"https:\/\/chemsfine.com\/wp-content\/uploads\/2024\/09\/final-logo.png","width":340,"height":72,"caption":"Chemsfine"},"image":{"@id":"https:\/\/chemsfine.com\/#\/schema\/logo\/image\/"}}]}},"_links":{"self":[{"href":"https:\/\/chemsfine.com\/sv\/wp-json\/wp\/v2\/product\/6191","targetHints":{"allow":["GET"]}}],"collection":[{"href":"https:\/\/chemsfine.com\/sv\/wp-json\/wp\/v2\/product"}],"about":[{"href":"https:\/\/chemsfine.com\/sv\/wp-json\/wp\/v2\/types\/product"}],"replies":[{"embeddable":true,"href":"https:\/\/chemsfine.com\/sv\/wp-json\/wp\/v2\/comments?post=6191"}],"wp:featuredmedia":[{"embeddable":true,"href":"https:\/\/chemsfine.com\/sv\/wp-json\/wp\/v2\/media\/6243"}],"wp:attachment":[{"href":"https:\/\/chemsfine.com\/sv\/wp-json\/wp\/v2\/media?parent=6191"}],"wp:term":[{"taxonomy":"product_brand","embeddable":true,"href":"https:\/\/chemsfine.com\/sv\/wp-json\/wp\/v2\/product_brand?post=6191"},{"taxonomy":"product_cat","embeddable":true,"href":"https:\/\/chemsfine.com\/sv\/wp-json\/wp\/v2\/product_cat?post=6191"},{"taxonomy":"product_tag","embeddable":true,"href":"https:\/\/chemsfine.com\/sv\/wp-json\/wp\/v2\/product_tag?post=6191"}],"curies":[{"name":"wp","href":"https:\/\/api.w.org\/{rel}","templated":true}]}}