{"id":6425,"date":"2026-02-12T10:05:06","date_gmt":"2026-02-12T10:05:06","guid":{"rendered":"https:\/\/chemsfine.com\/?post_type=product&#038;p=6425"},"modified":"2026-03-25T13:10:49","modified_gmt":"2026-03-25T13:10:49","slug":"buy-fluoroamphetamine-online","status":"publish","type":"product","link":"https:\/\/chemsfine.com\/sv\/product\/buy-fluoroamphetamine-online\/","title":{"rendered":"2-Fluoroamfetamin"},"content":{"rendered":"<p>N\u00e4r du funderar p\u00e5 att <b>K\u00f6p 2-Fluoroamfetamin till salu<\/b>, \u00e4r det av yttersta vikt att hitta en p\u00e5litlig leverant\u00f6r. P\u00e5 chemsfine f\u00f6rst\u00e5r vi det kritiska behovet av renhet och konsekvens i forskningskemikalier. Det \u00e4r d\u00e4rf\u00f6r vi noggrant v\u00e4ljer ut och testar v\u00e5ra produkter, s\u00e5 att du kan vara s\u00e4ker p\u00e5 att n\u00e4r du <b>Best\u00e4ll 2-Fluoroamfetamin online<\/b>, f\u00e5r du inget annat \u00e4n spetskompetens. V\u00e5rt engagemang str\u00e4cker sig till att ge omfattande st\u00f6d f\u00f6r dina laboratoriebehov. Vi \u00e4r specialiserade p\u00e5 att erbjuda f\u00f6rstklassiga forskningskemikalier, vilket g\u00f6r oss till det sj\u00e4lvklara valet f\u00f6r kr\u00e4sna forskare och institutioner \u00f6ver hela v\u00e4rlden. Utforska v\u00e5rt urval av h\u00f6gkvalitativa forskningskemikalier, inklusive <a href=\"https:\/\/chemsfine.com\/sv\/produkt\/buy-a-phip-online-research-grade\/\">A-PHP online<\/a>, som \u00e4r utformade f\u00f6r att uppfylla de rigor\u00f6sa kraven i dina studier. Din s\u00f6kning efter p\u00e5litliga och h\u00f6gkvalitativa <b>Fluoroamfetamin online<\/b> slutar h\u00e4r med chemsfine.<\/p>\n<h2>Vad \u00e4r 2-Fluoroamfetamin?<\/h2>\n<p><b>2-Fluoroamfetamin<\/b>, ofta f\u00f6rkortat som 2-FA, \u00e4r en syntetisk forskningskemikalie som tillh\u00f6r klassen substituerad amfetamin. Dess molekylformel \u00e4r <b>C<sub>9<\/sub>H<sub>12<\/sub>FN<\/b>, och den k\u00e4nnetecknas av n\u00e4rvaron av en fluoratom i amfetaminmolekylens 2-position. Denna f\u00f6rening anv\u00e4nds fr\u00e4mst i vetenskapliga forskningsinst\u00e4llningar f\u00f6r att unders\u00f6ka dess unika kemiska egenskaper och potentiella interaktioner inom olika biologiska system. Forskare s\u00f6ker <b>2-Fluoroamfetamin av h\u00f6gsta kvalitet<\/b> f\u00f6r att s\u00e4kerst\u00e4lla korrekta och reproducerbara experimentella resultat. Det \u00e4r viktigt att f\u00f6rst\u00e5 dess struktur och potentiella till\u00e4mpningar innan den anv\u00e4nds i n\u00e5gon studie. Som ett v\u00e4rdefullt verktyg f\u00f6r avancerad kemisk analys och farmakologisk utforskning \u00e4r 2-FA en nyckelf\u00f6rening i m\u00e5nga moderna forskningsstr\u00e4vanden. Uppt\u00e4ck andra viktiga forskningssubstanser som <a href=\"https:\/\/chemsfine.com\/sv\/produkt\/kop-k2-papper-1blad-online\/\">K2 papper<\/a> ocks\u00e5 tillg\u00e4ngliga f\u00f6r dina olika forskningskrav.<\/p>\n<h2>Varf\u00f6r k\u00f6pa 2-Fluoroamfetamin online p\u00e5 chemsfine?<\/h2>\n<p>Att v\u00e4lja chemsfine f\u00f6r din <b>2-Fluoroamfetamin<\/b> V\u00e5ra behov inneb\u00e4r att vi v\u00e4ljer o\u00f6vertr\u00e4ffad kvalitet och service. Vi \u00e4r stolta \u00f6ver att vara en p\u00e5litlig leverant\u00f6r av forskningskemikalier och ser till att varje sats uppfyller str\u00e4nga renhetsstandarder. N\u00e4r du best\u00e4mmer dig f\u00f6r att <b>K\u00f6p Fluoroamfetamin online<\/b> fr\u00e5n oss, drar du nytta av v\u00e5rt \u00e5tagande att endast leverera de b\u00e4sta <b>B\u00e4sta tillg\u00e4ngliga 2-Fluoroamfetamin<\/b> p\u00e5 marknaden. V\u00e5r s\u00e4kra och diskreta ink\u00f6psprocess, i kombination med v\u00e5ra robusta kvalitetskontroll\u00e5tg\u00e4rder, garanterar sinnesfrid f\u00f6r v\u00e5ra kunder. Vi f\u00f6rst\u00e5r att precision inom forskning kr\u00e4ver reagenser av h\u00f6gsta kvalitet, och det \u00e4r precis vad vi erbjuder. Lita p\u00e5 att chemsfine \u00e4r din p\u00e5litliga partner i vetenskapliga uppt\u00e4ckter och tillhandah\u00e5ller 2-Fluoroamphetamine av laboratoriekvalitet med integritet och professionalism.<\/p>\n<h2>Till\u00e4mpningar<\/h2>\n<p><b>2-Fluoroamfetamin<\/b>, \u00e4r en m\u00e5ngsidig forskningskemikalie som kan anv\u00e4ndas inom ett brett spektrum av vetenskapliga och laboratoriem\u00e4ssiga till\u00e4mpningar. Dess unika kemiska struktur g\u00f6r den ov\u00e4rderlig f\u00f6r:<\/p>\n<ul>\n<li>Analytiskt referensmaterial: Anv\u00e4nds som standard i laboratorier f\u00f6r r\u00e4ttsmedicinsk toxikologi och drogtester.<\/li>\n<li>Farmakologisk forskning: Unders\u00f6kning av dess effekter p\u00e5 olika biologiska v\u00e4gar och receptorinteraktioner.<\/li>\n<li>Studier i neurovetenskap: Utforskar dess inverkan p\u00e5 neurotransmittorsystem och neuronal aktivitet.<\/li>\n<li>Kemisk syntes: Anv\u00e4nds som prekursor eller reagens vid syntes av andra komplexa organiska f\u00f6reningar.<\/li>\n<li>Metabolismstudier: Analys av dess metaboliska v\u00e4gar och biprodukter i biologiska matriser.<\/li>\n<li>Akademisk forskning: Bidrar till studier vid universitet och forskningsinstitut som utforskar nya f\u00f6reningar.<\/li>\n<li>Kvalitetskontroll: Benchmarking av andra liknande f\u00f6reningar f\u00f6r renhet och identifiering.<\/li>\n<\/ul>\n<h2>S\u00e4kerhet och efterlevnad<\/h2>\n<p>Hantering och f\u00f6rvaring av <b>2-Fluoroamfetamin<\/b> kr\u00e4ver strikt efterlevnad av s\u00e4kerhetsprotokoll och regulatoriska riktlinjer. Eftersom det \u00e4r en potent forskningskemikalie b\u00f6r den endast anv\u00e4ndas av utbildad personal i en kontrollerad laboratoriemilj\u00f6. L\u00e4mplig personlig skyddsutrustning (PPE), inklusive handskar, skyddsglas\u00f6gon och labbrockar, m\u00e5ste alltid anv\u00e4ndas. Tillr\u00e4cklig ventilation \u00e4r avg\u00f6rande f\u00f6r att minimera exponeringen. Alla forskare som k\u00f6per <b>Fluoroamfetamin online<\/b> fr\u00e5n Chemsfine uppmanas att l\u00e4sa det s\u00e4kerhetsdatablad (SDS) som medf\u00f6ljer produkten f\u00f6r omfattande s\u00e4kerhetsinformation. Vi ser till att alla v\u00e5ra produkter \u00e5tf\u00f6ljs av analyscertifikat (CoA) som verifierar deras renhet och sammans\u00e4ttning. Efterlevnad av lokala och internationella best\u00e4mmelser om forskningskemikalier \u00e4r k\u00f6parens eget ansvar.<\/p>\n<h2>Viktiga produktattribut<\/h2>\n<table class=\"woocommerce-product-attributes shop_attributes\" aria-label=\"Detaljer om produkten\">\n<tbody>\n<tr class=\"woocommerce-product-attributes-item woocommerce-product-attributes-item--attribute_purity\">\n<th class=\"woocommerce-product-attributes-item__label\" scope=\"row\">Renhet<\/th>\n<td class=\"woocommerce-product-attributes-item__value\">98%+<\/td>\n<\/tr>\n<tr class=\"woocommerce-product-attributes-item woocommerce-product-attributes-item--attribute_appearance\">\n<th class=\"woocommerce-product-attributes-item__label\" scope=\"row\">Utseende<\/th>\n<td class=\"woocommerce-product-attributes-item__value\">Kristallint pulver<\/td>\n<\/tr>\n<tr class=\"woocommerce-product-attributes-item woocommerce-product-attributes-item--attribute_formula\">\n<th class=\"woocommerce-product-attributes-item__label\" scope=\"row\">Kemisk formel<\/th>\n<td class=\"woocommerce-product-attributes-item__value\">C<sub>9<\/sub>H<sub>12<\/sub>FN<\/td>\n<\/tr>\n<tr class=\"woocommerce-product-attributes-item woocommerce-product-attributes-item--attribute_cas\">\n<th class=\"woocommerce-product-attributes-item__label\" scope=\"row\">CAS-nummer<\/th>\n<td class=\"woocommerce-product-attributes-item__value\">1626-68-2<\/td>\n<\/tr>\n<tr class=\"woocommerce-product-attributes-item woocommerce-product-attributes-item--attribute_storage\">\n<th class=\"woocommerce-product-attributes-item__label\" scope=\"row\">F\u00f6rvaringsf\u00f6rh\u00e5llanden<\/th>\n<td class=\"woocommerce-product-attributes-item__value\">Sval, torr plats, f\u00f6rseglad beh\u00e5llare<\/td>\n<\/tr>\n<\/tbody>\n<\/table>\n<h2>Varf\u00f6r v\u00e4lja oss?<\/h2>\n<p>P\u00e5 chemsfine garanterar v\u00e5r str\u00e4van efter h\u00f6gsta kvalitet att du f\u00e5r f\u00f6rstklassiga <b>2-Fluoroamfetamin<\/b> varje g\u00e5ng. Vi str\u00e4var efter transparens och tillhandah\u00e5ller detaljerad produktinformation och verifierade batchregister som st\u00f6d f\u00f6r din forskning. V\u00e5ra konkurrenskraftiga priser f\u00f6r h\u00f6gkvalitativa forskningskemikalier g\u00f6r oss till ett tillg\u00e4ngligt val f\u00f6r laboratorier av alla storlekar. N\u00e4r du v\u00e4ljer att <b>Best\u00e4ll 2-Fluoroamfetamin online<\/b> med chemsfine v\u00e4ljer du en partner som \u00e4r dedikerad till din vetenskapliga framg\u00e5ng. Vi effektiviserar upphandlingsprocessen s\u00e5 att du kan fokusera p\u00e5 ditt banbrytande arbete i st\u00e4llet f\u00f6r logistiska utmaningar. Upplev skillnaden med att k\u00f6pa f\u00f6rstklassiga <b>Fluoroamfetamin online<\/b> med en leverant\u00f6r som prioriterar din forskningsintegritet.<\/p>\n<h2>Slutsats<\/h2>\n<p>F\u00f6r forskare som s\u00f6ker tillf\u00f6rlitliga och h\u00f6grena <b>2-Fluoroamfetamin<\/b>, chemsfine st\u00e5r som den definitiva k\u00e4llan. Vi inbjuder dig att uppleva v\u00e5rt orubbliga engagemang f\u00f6r kvalitet och kundn\u00f6jdhet. Ta n\u00e4sta steg i din forskningsresa genom att v\u00e4lja chemsfine f\u00f6r dina kemiska behov. S\u00e4kra din leverans idag och <b>K\u00f6p 2-Fluoroamfetamin till salu<\/b> fr\u00e5n ett p\u00e5litligt namn inom forskningskemikalier. Din framg\u00e5ng \u00e4r v\u00e5r prioritet, och vi finns h\u00e4r f\u00f6r att st\u00f6dja varje experiment med \u00f6verl\u00e4gsna produkter och service. Bli en del av den v\u00e4xande gruppen forskare som f\u00f6rlitar sig p\u00e5 Chemsfine f\u00f6r sina viktiga f\u00f6reningar, inklusive rena <b>Fluoroamfetamin online<\/b>.<\/p>","protected":false},"excerpt":{"rendered":"<p>Uppt\u00e4ck <b>Fluoroamfetamin online<\/b> f\u00f6r dina forskningsbehov. P\u00e5 <b>chemsfine<\/b>, Vi erbjuder 2-Fluoroamfetamin med h\u00f6g renhet, en viktig f\u00f6rening f\u00f6r olika laboratoriestudier. S\u00e4kerst\u00e4ll tillf\u00f6rlitliga resultat med v\u00e5ra kvalitetskontrollerade forskningskemikalier. Idealisk f\u00f6r akademisk och industriell forskning, tillg\u00e4nglig nu.<\/p>","protected":false},"featured_media":6453,"comment_status":"open","ping_status":"closed","template":"","meta":{"_joinchat":[]},"product_brand":[],"product_cat":[936],"product_tag":[],"class_list":{"0":"post-6425","1":"product","2":"type-product","3":"status-publish","4":"has-post-thumbnail","6":"product_cat-research-chemicals","8":"first","9":"instock","10":"shipping-taxable","11":"purchasable","12":"product-type-variable"},"yoast_head":"<!-- This site is optimized with the Yoast SEO plugin v27.2 - https:\/\/yoast.com\/product\/yoast-seo-wordpress\/ -->\n<title>Buy 2-Fluoroamphetamine Online - High Purity 2-FA<\/title>\n<meta name=\"description\" content=\"Explore top-quality 2-Fluoroamphetamine for research at chemsfine. Buy Fluoroamphetamine online with confidence for laboratory applications and excellent purity.\" \/>\n<meta name=\"robots\" content=\"index, follow, max-snippet:-1, max-image-preview:large, max-video-preview:-1\" \/>\n<link rel=\"canonical\" href=\"https:\/\/chemsfine.com\/sv\/produkt\/buy-fluoroamphetamine-online\/\" \/>\n<meta property=\"og:locale\" content=\"sv_SE\" \/>\n<meta property=\"og:type\" content=\"article\" \/>\n<meta property=\"og:title\" content=\"Buy 2-Fluoroamphetamine Online - High Purity 2-FA\" \/>\n<meta property=\"og:description\" content=\"Explore top-quality 2-Fluoroamphetamine for research at chemsfine. Buy Fluoroamphetamine online with confidence for laboratory applications and excellent purity.\" \/>\n<meta property=\"og:url\" content=\"https:\/\/chemsfine.com\/sv\/produkt\/buy-fluoroamphetamine-online\/\" \/>\n<meta property=\"og:site_name\" content=\"Chemsfine\" \/>\n<meta property=\"article:modified_time\" content=\"2026-03-25T13:10:49+00:00\" \/>\n<meta property=\"og:image\" content=\"https:\/\/chemsfine.com\/wp-content\/uploads\/2026\/02\/2-fluoroamphetamine-2.jpg\" \/>\n\t<meta property=\"og:image:width\" content=\"194\" \/>\n\t<meta property=\"og:image:height\" content=\"259\" \/>\n\t<meta property=\"og:image:type\" content=\"image\/jpeg\" \/>\n<meta name=\"twitter:card\" content=\"summary_large_image\" \/>\n<meta name=\"twitter:label1\" content=\"Ber\u00e4knad l\u00e4stid\" \/>\n\t<meta name=\"twitter:data1\" content=\"4 minuter\" \/>\n<script type=\"application\/ld+json\" class=\"yoast-schema-graph\">{\"@context\":\"https:\/\/schema.org\",\"@graph\":[{\"@type\":\"WebPage\",\"@id\":\"https:\/\/chemsfine.com\/product\/buy-fluoroamphetamine-online\/\",\"url\":\"https:\/\/chemsfine.com\/product\/buy-fluoroamphetamine-online\/\",\"name\":\"Buy 2-Fluoroamphetamine Online - High Purity 2-FA\",\"isPartOf\":{\"@id\":\"https:\/\/chemsfine.com\/#website\"},\"primaryImageOfPage\":{\"@id\":\"https:\/\/chemsfine.com\/product\/buy-fluoroamphetamine-online\/#primaryimage\"},\"image\":{\"@id\":\"https:\/\/chemsfine.com\/product\/buy-fluoroamphetamine-online\/#primaryimage\"},\"thumbnailUrl\":\"https:\/\/chemsfine.com\/wp-content\/uploads\/2026\/02\/2-fluoroamphetamine-2.jpg\",\"datePublished\":\"2026-02-12T10:05:06+00:00\",\"dateModified\":\"2026-03-25T13:10:49+00:00\",\"description\":\"Explore top-quality 2-Fluoroamphetamine for research at chemsfine. Buy Fluoroamphetamine online with confidence for laboratory applications and excellent purity.\",\"breadcrumb\":{\"@id\":\"https:\/\/chemsfine.com\/product\/buy-fluoroamphetamine-online\/#breadcrumb\"},\"inLanguage\":\"sv-SE\",\"potentialAction\":[{\"@type\":\"ReadAction\",\"target\":[\"https:\/\/chemsfine.com\/product\/buy-fluoroamphetamine-online\/\"]}]},{\"@type\":\"ImageObject\",\"inLanguage\":\"sv-SE\",\"@id\":\"https:\/\/chemsfine.com\/product\/buy-fluoroamphetamine-online\/#primaryimage\",\"url\":\"https:\/\/chemsfine.com\/wp-content\/uploads\/2026\/02\/2-fluoroamphetamine-2.jpg\",\"contentUrl\":\"https:\/\/chemsfine.com\/wp-content\/uploads\/2026\/02\/2-fluoroamphetamine-2.jpg\",\"width\":194,\"height\":259},{\"@type\":\"BreadcrumbList\",\"@id\":\"https:\/\/chemsfine.com\/product\/buy-fluoroamphetamine-online\/#breadcrumb\",\"itemListElement\":[{\"@type\":\"ListItem\",\"position\":1,\"name\":\"Home\",\"item\":\"https:\/\/chemsfine.com\/\"},{\"@type\":\"ListItem\",\"position\":2,\"name\":\"Shop\",\"item\":\"https:\/\/chemsfine.com\/shop\/\"},{\"@type\":\"ListItem\",\"position\":3,\"name\":\"2-Fluoroamphetamine\"}]},{\"@type\":\"WebSite\",\"@id\":\"https:\/\/chemsfine.com\/#website\",\"url\":\"https:\/\/chemsfine.com\/\",\"name\":\"Chemsfine\",\"description\":\"My WordPress Blog\",\"publisher\":{\"@id\":\"https:\/\/chemsfine.com\/#organization\"},\"potentialAction\":[{\"@type\":\"SearchAction\",\"target\":{\"@type\":\"EntryPoint\",\"urlTemplate\":\"https:\/\/chemsfine.com\/?s={search_term_string}\"},\"query-input\":{\"@type\":\"PropertyValueSpecification\",\"valueRequired\":true,\"valueName\":\"search_term_string\"}}],\"inLanguage\":\"sv-SE\"},{\"@type\":\"Organization\",\"@id\":\"https:\/\/chemsfine.com\/#organization\",\"name\":\"Chemsfine\",\"url\":\"https:\/\/chemsfine.com\/\",\"logo\":{\"@type\":\"ImageObject\",\"inLanguage\":\"sv-SE\",\"@id\":\"https:\/\/chemsfine.com\/#\/schema\/logo\/image\/\",\"url\":\"https:\/\/chemsfine.com\/wp-content\/uploads\/2024\/09\/final-logo.png\",\"contentUrl\":\"https:\/\/chemsfine.com\/wp-content\/uploads\/2024\/09\/final-logo.png\",\"width\":340,\"height\":72,\"caption\":\"Chemsfine\"},\"image\":{\"@id\":\"https:\/\/chemsfine.com\/#\/schema\/logo\/image\/\"}}]}<\/script>\n<!-- \/ Yoast SEO plugin. -->","yoast_head_json":{"title":"K\u00f6p 2-Fluoroamfetamin online - 2-FA med h\u00f6g renhet","description":"Utforska 2-Fluoroamfetamin av h\u00f6gsta kvalitet f\u00f6r forskning p\u00e5 chemsfine. K\u00f6p Fluoroamphetamine online med f\u00f6rtroende f\u00f6r laboratorieapplikationer och utm\u00e4rkt renhet.","robots":{"index":"index","follow":"follow","max-snippet":"max-snippet:-1","max-image-preview":"max-image-preview:large","max-video-preview":"max-video-preview:-1"},"canonical":"https:\/\/chemsfine.com\/sv\/produkt\/buy-fluoroamphetamine-online\/","og_locale":"sv_SE","og_type":"article","og_title":"Buy 2-Fluoroamphetamine Online - High Purity 2-FA","og_description":"Explore top-quality 2-Fluoroamphetamine for research at chemsfine. Buy Fluoroamphetamine online with confidence for laboratory applications and excellent purity.","og_url":"https:\/\/chemsfine.com\/sv\/produkt\/buy-fluoroamphetamine-online\/","og_site_name":"Chemsfine","article_modified_time":"2026-03-25T13:10:49+00:00","og_image":[{"width":194,"height":259,"url":"https:\/\/chemsfine.com\/wp-content\/uploads\/2026\/02\/2-fluoroamphetamine-2.jpg","type":"image\/jpeg"}],"twitter_card":"summary_large_image","twitter_misc":{"Ber\u00e4knad l\u00e4stid":"4 minuter"},"schema":{"@context":"https:\/\/schema.org","@graph":[{"@type":"WebPage","@id":"https:\/\/chemsfine.com\/product\/buy-fluoroamphetamine-online\/","url":"https:\/\/chemsfine.com\/product\/buy-fluoroamphetamine-online\/","name":"K\u00f6p 2-Fluoroamfetamin online - 2-FA med h\u00f6g renhet","isPartOf":{"@id":"https:\/\/chemsfine.com\/#website"},"primaryImageOfPage":{"@id":"https:\/\/chemsfine.com\/product\/buy-fluoroamphetamine-online\/#primaryimage"},"image":{"@id":"https:\/\/chemsfine.com\/product\/buy-fluoroamphetamine-online\/#primaryimage"},"thumbnailUrl":"https:\/\/chemsfine.com\/wp-content\/uploads\/2026\/02\/2-fluoroamphetamine-2.jpg","datePublished":"2026-02-12T10:05:06+00:00","dateModified":"2026-03-25T13:10:49+00:00","description":"Utforska 2-Fluoroamfetamin av h\u00f6gsta kvalitet f\u00f6r forskning p\u00e5 chemsfine. K\u00f6p Fluoroamphetamine online med f\u00f6rtroende f\u00f6r laboratorieapplikationer och utm\u00e4rkt renhet.","breadcrumb":{"@id":"https:\/\/chemsfine.com\/product\/buy-fluoroamphetamine-online\/#breadcrumb"},"inLanguage":"sv-SE","potentialAction":[{"@type":"ReadAction","target":["https:\/\/chemsfine.com\/product\/buy-fluoroamphetamine-online\/"]}]},{"@type":"ImageObject","inLanguage":"sv-SE","@id":"https:\/\/chemsfine.com\/product\/buy-fluoroamphetamine-online\/#primaryimage","url":"https:\/\/chemsfine.com\/wp-content\/uploads\/2026\/02\/2-fluoroamphetamine-2.jpg","contentUrl":"https:\/\/chemsfine.com\/wp-content\/uploads\/2026\/02\/2-fluoroamphetamine-2.jpg","width":194,"height":259},{"@type":"BreadcrumbList","@id":"https:\/\/chemsfine.com\/product\/buy-fluoroamphetamine-online\/#breadcrumb","itemListElement":[{"@type":"ListItem","position":1,"name":"Home","item":"https:\/\/chemsfine.com\/"},{"@type":"ListItem","position":2,"name":"Shop","item":"https:\/\/chemsfine.com\/shop\/"},{"@type":"ListItem","position":3,"name":"2-Fluoroamphetamine"}]},{"@type":"WebSite","@id":"https:\/\/chemsfine.com\/#website","url":"https:\/\/chemsfine.com\/","name":"Chemsfine","description":"Min WordPress-blogg","publisher":{"@id":"https:\/\/chemsfine.com\/#organization"},"potentialAction":[{"@type":"SearchAction","target":{"@type":"EntryPoint","urlTemplate":"https:\/\/chemsfine.com\/?s={search_term_string}"},"query-input":{"@type":"PropertyValueSpecification","valueRequired":true,"valueName":"search_term_string"}}],"inLanguage":"sv-SE"},{"@type":"Organization","@id":"https:\/\/chemsfine.com\/#organization","name":"Chemsfine","url":"https:\/\/chemsfine.com\/","logo":{"@type":"ImageObject","inLanguage":"sv-SE","@id":"https:\/\/chemsfine.com\/#\/schema\/logo\/image\/","url":"https:\/\/chemsfine.com\/wp-content\/uploads\/2024\/09\/final-logo.png","contentUrl":"https:\/\/chemsfine.com\/wp-content\/uploads\/2024\/09\/final-logo.png","width":340,"height":72,"caption":"Chemsfine"},"image":{"@id":"https:\/\/chemsfine.com\/#\/schema\/logo\/image\/"}}]}},"_links":{"self":[{"href":"https:\/\/chemsfine.com\/sv\/wp-json\/wp\/v2\/product\/6425","targetHints":{"allow":["GET"]}}],"collection":[{"href":"https:\/\/chemsfine.com\/sv\/wp-json\/wp\/v2\/product"}],"about":[{"href":"https:\/\/chemsfine.com\/sv\/wp-json\/wp\/v2\/types\/product"}],"replies":[{"embeddable":true,"href":"https:\/\/chemsfine.com\/sv\/wp-json\/wp\/v2\/comments?post=6425"}],"wp:featuredmedia":[{"embeddable":true,"href":"https:\/\/chemsfine.com\/sv\/wp-json\/wp\/v2\/media\/6453"}],"wp:attachment":[{"href":"https:\/\/chemsfine.com\/sv\/wp-json\/wp\/v2\/media?parent=6425"}],"wp:term":[{"taxonomy":"product_brand","embeddable":true,"href":"https:\/\/chemsfine.com\/sv\/wp-json\/wp\/v2\/product_brand?post=6425"},{"taxonomy":"product_cat","embeddable":true,"href":"https:\/\/chemsfine.com\/sv\/wp-json\/wp\/v2\/product_cat?post=6425"},{"taxonomy":"product_tag","embeddable":true,"href":"https:\/\/chemsfine.com\/sv\/wp-json\/wp\/v2\/product_tag?post=6425"}],"curies":[{"name":"wp","href":"https:\/\/api.w.org\/{rel}","templated":true}]}}