{"id":6431,"date":"2026-02-12T10:05:06","date_gmt":"2026-02-12T10:05:06","guid":{"rendered":"https:\/\/chemsfine.com\/?post_type=product&#038;p=6431"},"modified":"2026-03-25T13:08:04","modified_gmt":"2026-03-25T13:08:04","slug":"buy-fluoroamphetamine-powder","status":"publish","type":"product","link":"https:\/\/chemsfine.com\/sv\/product\/buy-fluoroamphetamine-powder\/","title":{"rendered":"4-Fluoroamfetaminpulver - K\u00f6p 4-FA med h\u00f6g renhet online"},"content":{"rendered":"<p>Ser till <b>k\u00f6pa 4-Fluoroamfetamin till salu<\/b>? Du har kommit till den fr\u00e4msta destinationen f\u00f6r 4-FA-pulver med h\u00f6g renhet. Vi ser till att v\u00e5r produkt uppfyller str\u00e4nga kvalitetsstandarder, vilket g\u00f6r den till det perfekta valet f\u00f6r kr\u00e4vande forskningsapplikationer. K\u00f6p 4-FA-pulver 1 oz rent online billigt.<br \/>4-FA (4-fluoramfetamin) \u00e4r ett amfetaminliknande \u00e4mne som just har dykt upp p\u00e5 marknaden under en m\u00e5ttligt kort tidsram. Under perioden 2007-2009 s\u00e5ldes det i huvudsak som speed eller MDMA. Detta berodde p\u00e5 att det vid den tiden fanns en brist p\u00e5 r\u00e5material f\u00f6r dessa specialister, s\u00e5 4-FA anv\u00e4ndes som ett sk\u00e4rmedel. Sedan 2010 har dock 4-FA successivt s\u00e5lts som 4-FA av s\u00e4ljare, vilket ocks\u00e5 inneb\u00e4r att k\u00f6pare anser att det \u00e4r ett \u201cvalfritt \u00e4mne\u201d. P\u00e5 chemsfine underl\u00e4ttar vi ett s\u00e4kert k\u00f6p f\u00f6r forskare \u00f6ver hela v\u00e4rlden.<\/p>\n<h2>Vad \u00e4r 4-Fluoroamfetamin?<\/h2>\n<p>Att f\u00f6rst\u00e5 den kemiska identiteten och klassificeringen av 4-Fluoroamfetamin (4-FA) \u00e4r avg\u00f6rande f\u00f6r alla kr\u00e4sna forskare. Olika namn f\u00f6r 4-FA inkluderar 4-FMP, 4-Fluor, 4-Flava, 4-F eller Flux. Det \u00e4r en substans som faller under de nya psykoaktiva substanserna (NPS). Det \u00e4r substanser som nyligen har blivit tillg\u00e4ngliga och som har utvecklats som ett alternativ till vanliga olagliga substanser. NPS \u00e4r annars k\u00e4nda som forskningskemikalier eller designerdroger. Genom att \u00e4ndra n\u00e5got mindre i en befintlig sammansatt struktur \u00e4ndras substansens namn och omfattas d\u00e4rf\u00f6r inte vid n\u00e5gon tidpunkt av befintlig lagstiftning och kan d\u00e4rf\u00f6r anses vara olaglig i vissa jurisdiktioner. Detta g\u00f6r det sv\u00e5rare att f\u00f6rhindra produktion, f\u00f6rs\u00e4ljning och \u00e4gande. N\u00e4r du s\u00f6ker <b>4-Fluoroamfetamin av h\u00f6gsta kvalitet<\/b>, \u00e4r det viktigt att erk\u00e4nna dess status som forskningskemikalie. F\u00f6r dem som utforskar relaterade f\u00f6reningar kan du ocks\u00e5 \u00f6verv\u00e4ga egenskaperna hos <a href=\"https:\/\/chemsfine.com\/sv\/produkt\/kopa-dmt-kristaller-online\/\">DMT-kristaller finns att k\u00f6pa<\/a> fr\u00e5n v\u00e5r omfattande katalog.<\/p>\n<h2>Varf\u00f6r k\u00f6pa 4-Fluoroamfetamin online fr\u00e5n chemsfine?<\/h2>\n<p>Att v\u00e4lja en v\u00e4lrenommerad leverant\u00f6r f\u00f6r dina forskningskemikalier \u00e4r av yttersta vikt. P\u00e5 Chemsfine \u00e4r vi dedikerade till att tillhandah\u00e5lla de <b>b\u00e4sta tillg\u00e4ngliga 4-Fluoroamfetamin<\/b> online, vilket garanterar b\u00e5de h\u00f6g renhet och diskret leverans. V\u00e5rt engagemang f\u00f6r kvalitet inneb\u00e4r att varje parti genomg\u00e5r rigor\u00f6sa tester f\u00f6r att verifiera dess sammans\u00e4ttning och integritet. Vi f\u00f6rst\u00e5r v\u00e5ra kunders specifika behov och erbjuder en s\u00f6ml\u00f6s och s\u00e4ker k\u00f6pupplevelse. N\u00e4r du best\u00e4mmer dig f\u00f6r att <b>k\u00f6pa 4-FA<\/b> v\u00e4ljer du en partner som \u00e4r engagerad i excellens och transparens. V\u00e5r s\u00e4kra onlineplattform g\u00f6r det enkelt att navigera och s\u00e4kerst\u00e4ller att din transaktion hanteras med st\u00f6rsta m\u00f6jliga konfidentialitet, vilket g\u00f6r oss till en p\u00e5litlig k\u00e4lla f\u00f6r material av forskningskvalitet.<\/p>\n<h2>Anv\u00e4ndningsomr\u00e5den f\u00f6r 4-Fluoroamfetamin<\/h2>\n<p>Som en erk\u00e4nd forskningskemikalie har 4-Fluoroamfetamin (4-FA) olika till\u00e4mpningar inom kontrollerade vetenskapliga milj\u00f6er. Dess unika farmakologiska profil g\u00f6r den v\u00e4rdefull f\u00f6r specifika studier relaterade till amfetaminliknande f\u00f6reningar.<\/p>\n<ul>\n<li>Forsknings\u00e4ndam\u00e5l i kontrollerade laboratoriemilj\u00f6er.<\/li>\n<li>Utforskning av amfetaminliknande f\u00f6reningar och deras farmakologi.<\/li>\n<li>Analytiskt referensmaterial f\u00f6r r\u00e4ttsmedicinska och toxikologiska laboratorier.<\/li>\n<li>Utredning av nya psykoaktiva substanser (NPS).<\/li>\n<li>Studie av stimulerande och entaktogena effekter p\u00e5 biologiska system.<\/li>\n<li>Utveckling av detektionsmetoder f\u00f6r nya designer drugs.<\/li>\n<\/ul>\n<p>Dessa applikationer understryker vikten av att f\u00f6rv\u00e4rva 4-FA av h\u00f6g renhet, laboratoriekvalitet f\u00f6r exakta och tillf\u00f6rlitliga experimentella resultat. V\u00e5r 4-FA till salu \u00e4r l\u00e4mplig f\u00f6r dessa exakta krav.<\/p>\n<h2>Formul\u00e4r och administration av 4-FA<\/h2>\n<p>4-FA finns mest regelbundet som pulver eller piller. I pillerstruktur tas 4-FA oralt. Kunderna l\u00e4gger pulver i ett fodral eller ett r\u00f6rligt papper (bomb) eller bryts i vissa fall ner i en dryck. Det finns ingen v\u00e4sentlig skillnad mellan 4-FA-piller, 4-FA-pulver eller fall med 4-FA.<br \/>Containrar tillverkas av ett matt eller s\u00f6tt \u00e4mne och kan vara enkla eller ha olika toner. Ett fodral kan laddas med en m\u00e4ngd olika substanser. 4-FA, men dessutom olika substanser, till exempel amfetamin (speed), MDMA, koffein eller ingenting alls. En del av de varor som s\u00e4ljs i butikerna finns ocks\u00e5 i l\u00e5dor. L\u00e5dorna ligger som regel i en s\u00e4ck och p\u00e5 s\u00e4cken st\u00e5r det d\u00e5 vad som finns i den. Om kunderna sj\u00e4lva fyller en beh\u00e5llare kan de anv\u00e4nda en mg-skala f\u00f6r att best\u00e4mma en exakt portion. F\u00f6r dem som \u00e4r intresserade av olika forskningsmaterial erbjuder vi ocks\u00e5 <a href=\"https:\/\/chemsfine.com\/sv\/produkt\/kopa-mdpv-metylendioxypyrovaleron\/\">MDVP Methylenedioxypyrovalerone till salu<\/a>, vilket ger ett brett utbud av alternativ f\u00f6r dina laboratoriebehov.<\/p>\n<h2>Effekter och varaktighet av 4-Fluoroamfetamin<\/h2>\n<p>De fysiologiska och psykologiska effekter som observeras efter administrering av 4-FA \u00e4r i h\u00f6g grad beroende av dosen. F\u00f6r att fastst\u00e4lla specifika egenskaper kan 4-FA testas vid en specialiserad tj\u00e4nst. Efter oralt intag av 4-FA upptr\u00e4der effekterna vanligtvis inom cirka 20 minuter till en timme. De prim\u00e4ra effekterna av 4-FA avtar i allm\u00e4nhet efter 4 till 8 timmar, \u00e4ven om vissa individer rapporterar att kvarst\u00e5ende effekter kan kvarst\u00e5 i upp till eller \u00f6ver 12 timmar.<\/p>\n<p>De rapporterade effekterna inkluderar:<\/p>\n<ul>\n<li><b>Eldsj\u00e4l, klar, frisk och alert<\/b> k\u00e4nsla.<\/li>\n<li>Erfarenhet av <b>l\u00e4tt eufori, vilket leder till ett glatt och ljust hum\u00f6r<\/b>.<\/li>\n<li>A <b>stark k\u00e4nsla av samh\u00f6righet<\/b> och social anknytning.<\/li>\n<li>En <b>intensiv upplevelse av ber\u00f6ring och musik<\/b>, vilket f\u00f6rb\u00e4ttrar den sensoriska uppfattningen.<\/li>\n<li>A <b>starkt behov av kontakt, samtal och n\u00e4rhet<\/b>, vilket fr\u00e4mjar s\u00e4llskaplighet.<\/li>\n<\/ul>\n<h2>S\u00e4kerhet och efterlevnad f\u00f6r forskning om 4-Fluoroamfetamin<\/h2>\n<p>Hantering av alla forskningskemikalier, inklusive 4-Fluoroamfetamin, kr\u00e4ver strikt efterlevnad av s\u00e4kerhetsprotokoll och efterlevnad av relevanta best\u00e4mmelser. Det \u00e4r absolut n\u00f6dv\u00e4ndigt att anv\u00e4nda l\u00e4mplig personlig skyddsutrustning (PPE), t.ex. handskar, \u00f6gonskydd och labbrockar, f\u00f6r att minimera exponeringen. Alla forskningsaktiviteter som involverar 4-FA ska utf\u00f6ras i en kontrollerad milj\u00f6, helst i ett v\u00e4lventilerat laboratorium, f\u00f6r att f\u00f6rhindra oavsiktlig inandning eller kontaminering. Forskare m\u00e5ste vara medvetna om och f\u00f6lja alla institutionella riktlinjer som styr ink\u00f6p, f\u00f6rvaring och anv\u00e4ndning av s\u00e5dana \u00e4mnen. S\u00e4kerhetsdatablad (SDS) ger viktig information om faror, hantering och n\u00f6d\u00e5tg\u00e4rder, medan analyscertifikat (CoA) bekr\u00e4ftar produktens renhet och identitet. Att se till att dessa dokument \u00e4r l\u00e4ttillg\u00e4ngliga och begripliga \u00e4r grundl\u00e4ggande f\u00f6r ansvarsfull forskning och f\u00f6r att uppr\u00e4tth\u00e5lla en s\u00e4ker laboratoriemilj\u00f6.<\/p>\n<h2>Viktiga produktdetaljer f\u00f6r 4-Fluoroamfetamin<\/h2>\n<table>\n<thead>\n<tr>\n<th>Funktion<\/th>\n<th>Detalj<\/th>\n<\/tr>\n<\/thead>\n<tbody>\n<tr>\n<td>Produktens namn<\/td>\n<td>4-Fluoroamfetamin (4-FA)<\/td>\n<\/tr>\n<tr>\n<td>Vanliga formul\u00e4r<\/td>\n<td>Pulver, piller<\/td>\n<\/tr>\n<tr>\n<td>Renhet<\/td>\n<td>Forskningsgrad med h\u00f6g renhet<\/td>\n<\/tr>\n<tr>\n<td>Klassificering<\/td>\n<td>Ny psykoaktiv substans (NPS)<\/td>\n<\/tr>\n<tr>\n<td>Prim\u00e4r anv\u00e4ndning<\/td>\n<td>Forskning, analytisk referens<\/td>\n<\/tr>\n<tr>\n<td>Uppkomst av effekter<\/td>\n<td>20 minuter till 1 timme (oral)<\/td>\n<\/tr>\n<tr>\n<td>Effekternas varaktighet<\/td>\n<td>4-8 timmar (upp till 12+ kvarvarande)<\/td>\n<\/tr>\n<\/tbody>\n<\/table>\n<h2>Varf\u00f6r v\u00e4lja chemsfine f\u00f6r ditt k\u00f6p av 4-fluoramfetamin?<\/h2>\n<p>N\u00e4r du best\u00e4mmer dig f\u00f6r att <b>Best\u00e4ll 4-Fluoroamfetamin online<\/b>, Att v\u00e4lja chemsfine inneb\u00e4r att v\u00e4lja transparens, verifierad kvalitet och konkurrenskraftiga priser. Vi \u00e4r stolta \u00f6ver att erbjuda detaljerad produktinformation, vilket s\u00e4kerst\u00e4ller att forskare har alla n\u00f6dv\u00e4ndiga uppgifter innan de g\u00f6r ett k\u00f6p. V\u00e5ra batchregister underh\u00e5lls och verifieras noggrant, vilket garanterar \u00e4ktheten och den h\u00f6ga renheten hos varje produkt. Vi erbjuder en s\u00f6ml\u00f6s k\u00f6pupplevelse, vilket g\u00f6r det enkelt att <b>k\u00f6pa 4-FA<\/b> med f\u00f6rtroende. V\u00e5rt engagemang str\u00e4cker sig till kundn\u00f6jdhet och ger snabb support f\u00f6r alla fr\u00e5gor du kan ha ang\u00e5ende ditt k\u00f6p. Upplev skillnaden n\u00e4r du <b>k\u00f6pa p\u00e5 chemsfine<\/b> - d\u00e4r kvalitet m\u00f6ter tillf\u00f6rlitlighet f\u00f6r alla dina behov av forskningskemikalier.<\/p>\n<h2>Slutsats<\/h2>\n<p>F\u00f6r dem som vill <b>k\u00f6pa 4-Fluoroamfetamin till salu<\/b>, chemsfine erbjuder en premiumprodukt med h\u00f6g renhet som backas upp av str\u00e4ng kvalitetskontroll. Oavsett om det g\u00e4ller akademisk forskning, analytisk testning eller andra legitima till\u00e4mpningar ger v\u00e5rt 4-FA-pulver den tillf\u00f6rlitlighet och konsekvens som kr\u00e4vs. Vi \u00e4r dedikerade till att leverera en o\u00f6vertr\u00e4ffad ink\u00f6psupplevelse och se till att varje kund endast f\u00e5r det b\u00e4sta tillg\u00e4ngliga materialet av forskningskvalitet. Utforska v\u00e5rt sortiment och g\u00f6r ditt s\u00e4kra k\u00f6p idag, tryggt f\u00f6rvissad om att du k\u00f6per fr\u00e5n en p\u00e5litlig leverant\u00f6r av laboratoriekemikalier.<\/p>","protected":false},"excerpt":{"rendered":"<p><b>K\u00f6p 4-FA<\/b> pulver p\u00e5 chemsfine. Denna amfetaminliknande forskningskemikalie, \u00e4ven k\u00e4nd som 4-fluoramfetamin, \u00e4r tillg\u00e4nglig f\u00f6r online-k\u00f6p. K\u00e4nd f\u00f6r sina distinkta effekter och m\u00e5ngsidiga former \u00e4r v\u00e5r 4-FA med h\u00f6g renhet idealisk f\u00f6r forskning.<\/p>","protected":false},"featured_media":6459,"comment_status":"open","ping_status":"closed","template":"","meta":{"_joinchat":[]},"product_brand":[],"product_cat":[936],"product_tag":[],"class_list":{"0":"post-6431","1":"product","2":"type-product","3":"status-publish","4":"has-post-thumbnail","6":"product_cat-research-chemicals","8":"first","9":"instock","10":"shipping-taxable","11":"purchasable","12":"product-type-variable"},"yoast_head":"<!-- This site is optimized with the Yoast SEO plugin v27.2 - https:\/\/yoast.com\/product\/yoast-seo-wordpress\/ -->\n<title>Buy 4-FA Online: Best Quality 4-Fluoroamphetamine Available<\/title>\n<meta name=\"description\" content=\"Purchase high-purity 4-Fluoroamphetamine (4-FA) powder online at chemsfine. Top-quality research chemical available for secure purchase.\" \/>\n<meta name=\"robots\" content=\"index, follow, max-snippet:-1, max-image-preview:large, max-video-preview:-1\" \/>\n<link rel=\"canonical\" href=\"https:\/\/chemsfine.com\/sv\/produkt\/buy-fluoroamphetamine-powder\/\" \/>\n<meta property=\"og:locale\" content=\"sv_SE\" \/>\n<meta property=\"og:type\" content=\"article\" \/>\n<meta property=\"og:title\" content=\"Buy 4-FA Online: Best Quality 4-Fluoroamphetamine Available\" \/>\n<meta property=\"og:description\" content=\"Purchase high-purity 4-Fluoroamphetamine (4-FA) powder online at chemsfine. Top-quality research chemical available for secure purchase.\" \/>\n<meta property=\"og:url\" content=\"https:\/\/chemsfine.com\/sv\/produkt\/buy-fluoroamphetamine-powder\/\" \/>\n<meta property=\"og:site_name\" content=\"Chemsfine\" \/>\n<meta property=\"article:modified_time\" content=\"2026-03-25T13:08:04+00:00\" \/>\n<meta property=\"og:image\" content=\"https:\/\/chemsfine.com\/wp-content\/uploads\/2026\/02\/4-fluoroamphetamine-2.jpg\" \/>\n\t<meta property=\"og:image:width\" content=\"300\" \/>\n\t<meta property=\"og:image:height\" content=\"400\" \/>\n\t<meta property=\"og:image:type\" content=\"image\/jpeg\" \/>\n<meta name=\"twitter:card\" content=\"summary_large_image\" \/>\n<meta name=\"twitter:label1\" content=\"Ber\u00e4knad l\u00e4stid\" \/>\n\t<meta name=\"twitter:data1\" content=\"6 minuter\" \/>\n<script type=\"application\/ld+json\" class=\"yoast-schema-graph\">{\"@context\":\"https:\/\/schema.org\",\"@graph\":[{\"@type\":\"WebPage\",\"@id\":\"https:\/\/chemsfine.com\/product\/buy-fluoroamphetamine-powder\/\",\"url\":\"https:\/\/chemsfine.com\/product\/buy-fluoroamphetamine-powder\/\",\"name\":\"Buy 4-FA Online: Best Quality 4-Fluoroamphetamine Available\",\"isPartOf\":{\"@id\":\"https:\/\/chemsfine.com\/#website\"},\"primaryImageOfPage\":{\"@id\":\"https:\/\/chemsfine.com\/product\/buy-fluoroamphetamine-powder\/#primaryimage\"},\"image\":{\"@id\":\"https:\/\/chemsfine.com\/product\/buy-fluoroamphetamine-powder\/#primaryimage\"},\"thumbnailUrl\":\"https:\/\/chemsfine.com\/wp-content\/uploads\/2026\/02\/4-fluoroamphetamine-2.jpg\",\"datePublished\":\"2026-02-12T10:05:06+00:00\",\"dateModified\":\"2026-03-25T13:08:04+00:00\",\"description\":\"Purchase high-purity 4-Fluoroamphetamine (4-FA) powder online at chemsfine. Top-quality research chemical available for secure purchase.\",\"breadcrumb\":{\"@id\":\"https:\/\/chemsfine.com\/product\/buy-fluoroamphetamine-powder\/#breadcrumb\"},\"inLanguage\":\"sv-SE\",\"potentialAction\":[{\"@type\":\"ReadAction\",\"target\":[\"https:\/\/chemsfine.com\/product\/buy-fluoroamphetamine-powder\/\"]}]},{\"@type\":\"ImageObject\",\"inLanguage\":\"sv-SE\",\"@id\":\"https:\/\/chemsfine.com\/product\/buy-fluoroamphetamine-powder\/#primaryimage\",\"url\":\"https:\/\/chemsfine.com\/wp-content\/uploads\/2026\/02\/4-fluoroamphetamine-2.jpg\",\"contentUrl\":\"https:\/\/chemsfine.com\/wp-content\/uploads\/2026\/02\/4-fluoroamphetamine-2.jpg\",\"width\":300,\"height\":400},{\"@type\":\"BreadcrumbList\",\"@id\":\"https:\/\/chemsfine.com\/product\/buy-fluoroamphetamine-powder\/#breadcrumb\",\"itemListElement\":[{\"@type\":\"ListItem\",\"position\":1,\"name\":\"Home\",\"item\":\"https:\/\/chemsfine.com\/\"},{\"@type\":\"ListItem\",\"position\":2,\"name\":\"Shop\",\"item\":\"https:\/\/chemsfine.com\/shop\/\"},{\"@type\":\"ListItem\",\"position\":3,\"name\":\"4-Fluoroamphetamine Powder &#8211; Buy High Purity 4-FA Online\"}]},{\"@type\":\"WebSite\",\"@id\":\"https:\/\/chemsfine.com\/#website\",\"url\":\"https:\/\/chemsfine.com\/\",\"name\":\"Chemsfine\",\"description\":\"My WordPress Blog\",\"publisher\":{\"@id\":\"https:\/\/chemsfine.com\/#organization\"},\"potentialAction\":[{\"@type\":\"SearchAction\",\"target\":{\"@type\":\"EntryPoint\",\"urlTemplate\":\"https:\/\/chemsfine.com\/?s={search_term_string}\"},\"query-input\":{\"@type\":\"PropertyValueSpecification\",\"valueRequired\":true,\"valueName\":\"search_term_string\"}}],\"inLanguage\":\"sv-SE\"},{\"@type\":\"Organization\",\"@id\":\"https:\/\/chemsfine.com\/#organization\",\"name\":\"Chemsfine\",\"url\":\"https:\/\/chemsfine.com\/\",\"logo\":{\"@type\":\"ImageObject\",\"inLanguage\":\"sv-SE\",\"@id\":\"https:\/\/chemsfine.com\/#\/schema\/logo\/image\/\",\"url\":\"https:\/\/chemsfine.com\/wp-content\/uploads\/2024\/09\/final-logo.png\",\"contentUrl\":\"https:\/\/chemsfine.com\/wp-content\/uploads\/2024\/09\/final-logo.png\",\"width\":340,\"height\":72,\"caption\":\"Chemsfine\"},\"image\":{\"@id\":\"https:\/\/chemsfine.com\/#\/schema\/logo\/image\/\"}}]}<\/script>\n<!-- \/ Yoast SEO plugin. -->","yoast_head_json":{"title":"K\u00f6p 4-FA online: 4-Fluoroamfetamin av b\u00e4sta tillg\u00e4ngliga kvalitet","description":"K\u00f6p 4-Fluoroamfetamin (4-FA) pulver med h\u00f6g renhet online p\u00e5 chemsfine. Forskningskemikalie av h\u00f6gsta kvalitet tillg\u00e4nglig f\u00f6r s\u00e4kert k\u00f6p.","robots":{"index":"index","follow":"follow","max-snippet":"max-snippet:-1","max-image-preview":"max-image-preview:large","max-video-preview":"max-video-preview:-1"},"canonical":"https:\/\/chemsfine.com\/sv\/produkt\/buy-fluoroamphetamine-powder\/","og_locale":"sv_SE","og_type":"article","og_title":"Buy 4-FA Online: Best Quality 4-Fluoroamphetamine Available","og_description":"Purchase high-purity 4-Fluoroamphetamine (4-FA) powder online at chemsfine. Top-quality research chemical available for secure purchase.","og_url":"https:\/\/chemsfine.com\/sv\/produkt\/buy-fluoroamphetamine-powder\/","og_site_name":"Chemsfine","article_modified_time":"2026-03-25T13:08:04+00:00","og_image":[{"width":300,"height":400,"url":"https:\/\/chemsfine.com\/wp-content\/uploads\/2026\/02\/4-fluoroamphetamine-2.jpg","type":"image\/jpeg"}],"twitter_card":"summary_large_image","twitter_misc":{"Ber\u00e4knad l\u00e4stid":"6 minuter"},"schema":{"@context":"https:\/\/schema.org","@graph":[{"@type":"WebPage","@id":"https:\/\/chemsfine.com\/product\/buy-fluoroamphetamine-powder\/","url":"https:\/\/chemsfine.com\/product\/buy-fluoroamphetamine-powder\/","name":"K\u00f6p 4-FA online: 4-Fluoroamfetamin av b\u00e4sta tillg\u00e4ngliga kvalitet","isPartOf":{"@id":"https:\/\/chemsfine.com\/#website"},"primaryImageOfPage":{"@id":"https:\/\/chemsfine.com\/product\/buy-fluoroamphetamine-powder\/#primaryimage"},"image":{"@id":"https:\/\/chemsfine.com\/product\/buy-fluoroamphetamine-powder\/#primaryimage"},"thumbnailUrl":"https:\/\/chemsfine.com\/wp-content\/uploads\/2026\/02\/4-fluoroamphetamine-2.jpg","datePublished":"2026-02-12T10:05:06+00:00","dateModified":"2026-03-25T13:08:04+00:00","description":"K\u00f6p 4-Fluoroamfetamin (4-FA) pulver med h\u00f6g renhet online p\u00e5 chemsfine. Forskningskemikalie av h\u00f6gsta kvalitet tillg\u00e4nglig f\u00f6r s\u00e4kert k\u00f6p.","breadcrumb":{"@id":"https:\/\/chemsfine.com\/product\/buy-fluoroamphetamine-powder\/#breadcrumb"},"inLanguage":"sv-SE","potentialAction":[{"@type":"ReadAction","target":["https:\/\/chemsfine.com\/product\/buy-fluoroamphetamine-powder\/"]}]},{"@type":"ImageObject","inLanguage":"sv-SE","@id":"https:\/\/chemsfine.com\/product\/buy-fluoroamphetamine-powder\/#primaryimage","url":"https:\/\/chemsfine.com\/wp-content\/uploads\/2026\/02\/4-fluoroamphetamine-2.jpg","contentUrl":"https:\/\/chemsfine.com\/wp-content\/uploads\/2026\/02\/4-fluoroamphetamine-2.jpg","width":300,"height":400},{"@type":"BreadcrumbList","@id":"https:\/\/chemsfine.com\/product\/buy-fluoroamphetamine-powder\/#breadcrumb","itemListElement":[{"@type":"ListItem","position":1,"name":"Home","item":"https:\/\/chemsfine.com\/"},{"@type":"ListItem","position":2,"name":"Shop","item":"https:\/\/chemsfine.com\/shop\/"},{"@type":"ListItem","position":3,"name":"4-Fluoroamphetamine Powder &#8211; Buy High Purity 4-FA Online"}]},{"@type":"WebSite","@id":"https:\/\/chemsfine.com\/#website","url":"https:\/\/chemsfine.com\/","name":"Chemsfine","description":"Min WordPress-blogg","publisher":{"@id":"https:\/\/chemsfine.com\/#organization"},"potentialAction":[{"@type":"SearchAction","target":{"@type":"EntryPoint","urlTemplate":"https:\/\/chemsfine.com\/?s={search_term_string}"},"query-input":{"@type":"PropertyValueSpecification","valueRequired":true,"valueName":"search_term_string"}}],"inLanguage":"sv-SE"},{"@type":"Organization","@id":"https:\/\/chemsfine.com\/#organization","name":"Chemsfine","url":"https:\/\/chemsfine.com\/","logo":{"@type":"ImageObject","inLanguage":"sv-SE","@id":"https:\/\/chemsfine.com\/#\/schema\/logo\/image\/","url":"https:\/\/chemsfine.com\/wp-content\/uploads\/2024\/09\/final-logo.png","contentUrl":"https:\/\/chemsfine.com\/wp-content\/uploads\/2024\/09\/final-logo.png","width":340,"height":72,"caption":"Chemsfine"},"image":{"@id":"https:\/\/chemsfine.com\/#\/schema\/logo\/image\/"}}]}},"_links":{"self":[{"href":"https:\/\/chemsfine.com\/sv\/wp-json\/wp\/v2\/product\/6431","targetHints":{"allow":["GET"]}}],"collection":[{"href":"https:\/\/chemsfine.com\/sv\/wp-json\/wp\/v2\/product"}],"about":[{"href":"https:\/\/chemsfine.com\/sv\/wp-json\/wp\/v2\/types\/product"}],"replies":[{"embeddable":true,"href":"https:\/\/chemsfine.com\/sv\/wp-json\/wp\/v2\/comments?post=6431"}],"wp:featuredmedia":[{"embeddable":true,"href":"https:\/\/chemsfine.com\/sv\/wp-json\/wp\/v2\/media\/6459"}],"wp:attachment":[{"href":"https:\/\/chemsfine.com\/sv\/wp-json\/wp\/v2\/media?parent=6431"}],"wp:term":[{"taxonomy":"product_brand","embeddable":true,"href":"https:\/\/chemsfine.com\/sv\/wp-json\/wp\/v2\/product_brand?post=6431"},{"taxonomy":"product_cat","embeddable":true,"href":"https:\/\/chemsfine.com\/sv\/wp-json\/wp\/v2\/product_cat?post=6431"},{"taxonomy":"product_tag","embeddable":true,"href":"https:\/\/chemsfine.com\/sv\/wp-json\/wp\/v2\/product_tag?post=6431"}],"curies":[{"name":"wp","href":"https:\/\/api.w.org\/{rel}","templated":true}]}}