{"id":6461,"date":"2026-02-12T10:05:33","date_gmt":"2026-02-12T10:05:33","guid":{"rendered":"https:\/\/chemsfine.com\/?post_type=product&#038;p=6461"},"modified":"2026-03-25T12:57:40","modified_gmt":"2026-03-25T12:57:40","slug":"buy-jwh-200-online","status":"publish","type":"product","link":"https:\/\/chemsfine.com\/sv\/product\/buy-jwh-200-online\/","title":{"rendered":"K\u00f6p JWH-200 Online - Premiumkvalitet och diskret leverans"},"content":{"rendered":"<p>S\u00f6ker du ett enkelt s\u00e4tt att best\u00e4lla JWH-200 online? Du har hittat r\u00e4tt k\u00e4lla. Chemsfine erbjuder <b>JWH-200 av h\u00f6gsta kvalitet till salu<\/b>, Vi \u00e4r en av de st\u00f6rsta leverant\u00f6rerna av JWH-200, vilket garanterar diskret frakt och h\u00f6gsta standard f\u00f6r alla dina forsknings- och laboratoriebehov. V\u00e5rt engagemang f\u00f6r renhet och kundn\u00f6jdhet g\u00f6r oss till det f\u00f6redragna valet f\u00f6r dem som vill k\u00f6pa JWH-200, en syntetisk cannabinoid som \u00e4r k\u00e4nd f\u00f6r sina distinkta egenskaper i forskningsmilj\u00f6er. Upplev ett s\u00f6ml\u00f6st f\u00f6rv\u00e4rv av forskningskemikalier av h\u00f6gsta klass med Chemsfine.<\/p>\n<h2>Vad \u00e4r JWH-200?<\/h2>\n<p>JWH-200, \u00e4ven k\u00e4nd som 1-pentyl-3-(2-klorfenylacetyl)indol, \u00e4r en syntetisk cannabinoid fr\u00e5n naftoylindolfamiljen. Dess kemiska formel \u00e4r C<sub>26<\/sub>H<sub>23<\/sub>NO, med CAS-nummer 864445-54-5 och en molmassa p\u00e5 365,46 g\/mol. Detta <b>forskningskemikalie<\/b> studeras i stor utstr\u00e4ckning f\u00f6r dess interaktioner med cannabinoidreceptorer, vilket g\u00f6r det till en v\u00e4rdefull f\u00f6rening inom farmakologisk och neurovetenskaplig forskning. Forskare v\u00e4ljer <b>JWH-200 av h\u00f6gsta kvalitet<\/b> f\u00f6r sina konsekventa egenskaper och tillf\u00f6rlitliga resultat i kontrollerade laboratoriemilj\u00f6er, vilket ger insikter i olika fysiologiska och neurologiska v\u00e4gar. Att f\u00f6rst\u00e5 den exakta kemiska strukturen hos JWH-200 \u00e4r avg\u00f6rande f\u00f6r korrekt experimentell design och analys. F\u00f6r liknande forskningsintressen, \u00f6verv\u00e4ga att utforska andra f\u00f6reningar som <a href=\"https:\/\/chemsfine.com\/sv\/produkt\/kopa-4f-bca-online\/\">4F-BCA<\/a> tillg\u00e4nglig p\u00e5 Chemsfine.<\/p>\n<h3>Viktiga specifikationer f\u00f6r JWH-200<\/h3>\n<table>\n<thead>\n<tr>\n<th>Fastighet<\/th>\n<th>Detalj<\/th>\n<\/tr>\n<\/thead>\n<tbody>\n<tr>\n<td>Kemiskt namn<\/td>\n<td>1-pentyl-3-(2-klorfenylacetyl)indol<\/td>\n<\/tr>\n<tr>\n<td>Synonymer<\/td>\n<td>JWH-200<\/td>\n<\/tr>\n<tr>\n<td>CAS-nummer<\/td>\n<td>864445-54-5<\/td>\n<\/tr>\n<tr>\n<td>Kemisk formel<\/td>\n<td>C<sub>26<\/sub>H<sub>23<\/sub>NEJ<\/td>\n<\/tr>\n<tr>\n<td>Mol\u00e4r massa<\/td>\n<td>365,46 g\/mol<\/td>\n<\/tr>\n<tr>\n<td>Renhet<\/td>\n<td>\u226598% (forskningsgrad)<\/td>\n<\/tr>\n<\/tbody>\n<\/table>\n<h2>Varf\u00f6r k\u00f6pa JWH-200 online fr\u00e5n Chemsfine?<\/h2>\n<p>N\u00e4r du best\u00e4mmer dig f\u00f6r att <b>k\u00f6pa JWH-200 online<\/b>, \u00e4r f\u00f6rtroende och kvalitet av st\u00f6rsta vikt. P\u00e5 Chemsfine prioriterar vi b\u00e5da, och erbjuder <b>b\u00e4sta tillg\u00e4ngliga JWH-200<\/b> p\u00e5 marknaden. V\u00e5ra rigor\u00f6sa kvalitetskontrollprocesser s\u00e4kerst\u00e4ller att varje parti av JWH-200 uppfyller str\u00e4nga renhetsstandarder. Vi f\u00f6rst\u00e5r forskningskemikaliers kritiska natur, vilket \u00e4r anledningen till att vi tillhandah\u00e5ller omfattande data om v\u00e5ra produkter, s\u00e5 att du kan forts\u00e4tta med f\u00f6rtroende. Att v\u00e4lja Chemsfine inneb\u00e4r att v\u00e4lja tillf\u00f6rlitlighet, transparens och enast\u00e5ende kundservice. Dessutom garanterar v\u00e5r s\u00e4kra ink\u00f6psplattform en smidig och s\u00e4ker transaktionsprocess, fr\u00e5n urval till leverans. Vi st\u00e5r f\u00f6r v\u00e5ra produkters integritet och underl\u00e4ttar din forskning utan kompromisser. Precis som vi garanterar kvaliteten p\u00e5 JWH-200, erbjuder vi ocks\u00e5 <a href=\"https:\/\/chemsfine.com\/sv\/produkt\/kop-4-mmc-online\/\">premium 4-MMC online<\/a> f\u00f6r olika forskningsapplikationer.<\/p>\n<h2>Till\u00e4mpningar<\/h2>\n<p>Anv\u00e4ndningsomr\u00e5dena f\u00f6r JWH-200 ligger fr\u00e4mst inom avancerad vetenskaplig forskning. Dess unika kemiska struktur och k\u00e4nda interaktioner g\u00f6r den l\u00e4mplig f\u00f6r olika studier:<\/p>\n<ul>\n<li>Unders\u00f6kning av cannabinoidreceptorers aktivitet och signalv\u00e4gar.<\/li>\n<li>Farmakologiska studier som utforskar potentiella terapeutiska m\u00e5l.<\/li>\n<li>Forskning om syntetiska cannabinoiders metaboliska \u00f6de och toxikologi.<\/li>\n<li>Utveckling av analysmetoder f\u00f6r detektion i biologiska prover.<\/li>\n<li>Anv\u00e4nds som referensstandard i laboratorier f\u00f6r r\u00e4ttsmedicinsk och klinisk toxikologi.<\/li>\n<li>Utforskning av nya psykoaktiva substansprofiler f\u00f6r utbildnings\u00e4ndam\u00e5l.<\/li>\n<li>Studier av receptorernas bindningsaffinitet och funktionella aktivitet.<\/li>\n<\/ul>\n<h2>S\u00e4kerhet och efterlevnad<\/h2>\n<p>Hantering av JWH-200 kr\u00e4ver strikt efterlevnad av s\u00e4kerhetsprotokoll och regelefterlevnad. Forskare m\u00e5ste alltid anv\u00e4nda l\u00e4mplig personlig skyddsutrustning (PPE), inklusive handskar, \u00f6gonskydd och labbrockar, i en v\u00e4lventilerad och kontrollerad laboratoriemilj\u00f6. Det \u00e4r absolut n\u00f6dv\u00e4ndigt att konsultera s\u00e4kerhetsdatabladet (SDS) f\u00f6r JWH-200 f\u00f6re all hantering eller experiment, eftersom det inneh\u00e5ller viktig information om faror, s\u00e4ker hantering och n\u00f6dprocedurer. Chemsfine tillhandah\u00e5ller analyscertifikat (CoA) f\u00f6r alla v\u00e5ra produkter, vilket bekr\u00e4ftar deras <b>h\u00f6g renhet<\/b> och sammans\u00e4ttning. Vi uppmanar alla k\u00f6pare att vara medvetna om och f\u00f6lja alla regionala best\u00e4mmelser om ink\u00f6p, f\u00f6rvaring och anv\u00e4ndning av forskningskemikalier som JWH-200 f\u00f6r att s\u00e4kerst\u00e4lla ansvarsfull vetenskaplig praxis.<\/p>\n<h2>Varf\u00f6r v\u00e4lja oss?<\/h2>\n<p>Att v\u00e4lja Chemsfine f\u00f6r din upphandling av JWH-200 inneb\u00e4r att du samarbetar med en leverant\u00f6r som \u00e4r dedikerad till vetenskaplig excellens. Vi erbjuder transparenta detaljer om alla v\u00e5ra f\u00f6reningar, med st\u00f6d av verifierade batchregister, vilket s\u00e4kerst\u00e4ller att du f\u00e5r konsekventa och <b>\u00e4kta JWH-200<\/b>. V\u00e5r konkurrenskraftiga prisstruktur g\u00f6r <b>h\u00f6gkvalitativa forskningskemikalier<\/b> tillg\u00e4ngliga utan att kompromissa med standarden. N\u00e4r du <b>Best\u00e4ll JWH-200 online<\/b> N\u00e4r du handlar av oss drar du nytta av v\u00e5rt engagemang f\u00f6r s\u00e4kra transaktioner och effektiv, diskret leverans. F\u00f6r ytterligare forskningsmaterial, bl\u00e4ddra igenom v\u00e5rt kompletta sortiment av <a href=\"https:\/\/chemsfine.com\/sv\/produkt\/kopa-4f-bca-online\/\">forskningskemikalier<\/a>. Vi str\u00e4var efter att ge en o\u00f6vertr\u00e4ffad k\u00f6pupplevelse och f\u00f6rst\u00e4rka v\u00e5rt rykte som en p\u00e5litlig k\u00e4lla f\u00f6r <b>material av h\u00f6gsta forskningskvalitet<\/b>. V\u00e5rt m\u00e5l \u00e4r att st\u00e4rka din forskning med tillf\u00f6rlitliga kemikalier med h\u00f6g renhet.<\/p>\n<h2>Slutsats<\/h2>\n<p>F\u00f6r forskare och laboratorier som beh\u00f6ver <b>JWH-200 med h\u00f6g renhet<\/b>, Chemsfine sticker ut som den fr\u00e4msta onlinek\u00e4llan. V\u00e5rt engagemang f\u00f6r kvalitet, s\u00e4kerhet och kundn\u00f6jdhet s\u00e4kerst\u00e4ller ett enkelt s\u00e4tt att <b>k\u00f6pa JWH-200 till salu<\/b>. Lita p\u00e5 Chemsfine f\u00f6r dina syntetiska cannabinoidforskningsbehov och upplev skillnaden som \u00e4kta kvalitet och professionell service g\u00f6r. Vi \u00e4r fast beslutna att st\u00f6dja dina vetenskapliga anstr\u00e4ngningar med produkter av h\u00f6gsta klass och en s\u00f6ml\u00f6s upphandlingsprocess. Investera i din forskning med tillf\u00f6rsikt, eftersom du vet att du har samarbetat med en p\u00e5litlig leverant\u00f6r som erbjuder det b\u00e4sta inom <b>laboratorieklass<\/b> f\u00f6reningar.<\/p>","protected":false},"excerpt":{"rendered":"<p>Uppt\u00e4ck <b>JWH-200 online<\/b> p\u00e5 Chemsfine, en premium syntetisk cannabinoid (C<sub>26<\/sub>H<sub>23<\/sub>NO) f\u00f6r avancerad forskning. V\u00e5r h\u00f6grena produkt av laboratoriekvalitet ger konsekventa resultat f\u00f6r vetenskapliga studier. K\u00f6p p\u00e5 Chemsfine f\u00f6r p\u00e5litliga, \u00e4kta forskningskemikalier.<\/p>","protected":false},"featured_media":6507,"comment_status":"open","ping_status":"closed","template":"","meta":{"_joinchat":[]},"product_brand":[],"product_cat":[936],"product_tag":[],"class_list":{"0":"post-6461","1":"product","2":"type-product","3":"status-publish","4":"has-post-thumbnail","6":"product_cat-research-chemicals","8":"first","9":"instock","10":"shipping-taxable","11":"purchasable","12":"product-type-variable"},"yoast_head":"<!-- This site is optimized with the Yoast SEO plugin v27.2 - https:\/\/yoast.com\/product\/yoast-seo-wordpress\/ -->\n<title>Buy JWH-200 Online - Premium Quality Available at Chemsfine<\/title>\n<meta name=\"description\" content=\"Order JWH-200 online with discreet shipping. Get premium quality JWH-200 available at Chemsfine at the best price for your research needs.\" \/>\n<meta name=\"robots\" content=\"index, follow, max-snippet:-1, max-image-preview:large, max-video-preview:-1\" \/>\n<link rel=\"canonical\" href=\"https:\/\/chemsfine.com\/sv\/produkt\/buy-jwh-200-online\/\" \/>\n<meta property=\"og:locale\" content=\"sv_SE\" \/>\n<meta property=\"og:type\" content=\"article\" \/>\n<meta property=\"og:title\" content=\"Buy JWH-200 Online - Premium Quality Available at Chemsfine\" \/>\n<meta property=\"og:description\" content=\"Order JWH-200 online with discreet shipping. Get premium quality JWH-200 available at Chemsfine at the best price for your research needs.\" \/>\n<meta property=\"og:url\" content=\"https:\/\/chemsfine.com\/sv\/produkt\/buy-jwh-200-online\/\" \/>\n<meta property=\"og:site_name\" content=\"Chemsfine\" \/>\n<meta property=\"article:modified_time\" content=\"2026-03-25T12:57:40+00:00\" \/>\n<meta property=\"og:image\" content=\"https:\/\/chemsfine.com\/wp-content\/uploads\/2026\/02\/jwh-200-3.jpg\" \/>\n\t<meta property=\"og:image:width\" content=\"617\" \/>\n\t<meta property=\"og:image:height\" content=\"550\" \/>\n\t<meta property=\"og:image:type\" content=\"image\/jpeg\" \/>\n<meta name=\"twitter:card\" content=\"summary_large_image\" \/>\n<meta name=\"twitter:label1\" content=\"Ber\u00e4knad l\u00e4stid\" \/>\n\t<meta name=\"twitter:data1\" content=\"4 minuter\" \/>\n<script type=\"application\/ld+json\" class=\"yoast-schema-graph\">{\"@context\":\"https:\/\/schema.org\",\"@graph\":[{\"@type\":\"WebPage\",\"@id\":\"https:\/\/chemsfine.com\/product\/buy-jwh-200-online\/\",\"url\":\"https:\/\/chemsfine.com\/product\/buy-jwh-200-online\/\",\"name\":\"Buy JWH-200 Online - Premium Quality Available at Chemsfine\",\"isPartOf\":{\"@id\":\"https:\/\/chemsfine.com\/#website\"},\"primaryImageOfPage\":{\"@id\":\"https:\/\/chemsfine.com\/product\/buy-jwh-200-online\/#primaryimage\"},\"image\":{\"@id\":\"https:\/\/chemsfine.com\/product\/buy-jwh-200-online\/#primaryimage\"},\"thumbnailUrl\":\"https:\/\/chemsfine.com\/wp-content\/uploads\/2026\/02\/jwh-200-3.jpg\",\"datePublished\":\"2026-02-12T10:05:33+00:00\",\"dateModified\":\"2026-03-25T12:57:40+00:00\",\"description\":\"Order JWH-200 online with discreet shipping. Get premium quality JWH-200 available at Chemsfine at the best price for your research needs.\",\"breadcrumb\":{\"@id\":\"https:\/\/chemsfine.com\/product\/buy-jwh-200-online\/#breadcrumb\"},\"inLanguage\":\"sv-SE\",\"potentialAction\":[{\"@type\":\"ReadAction\",\"target\":[\"https:\/\/chemsfine.com\/product\/buy-jwh-200-online\/\"]}]},{\"@type\":\"ImageObject\",\"inLanguage\":\"sv-SE\",\"@id\":\"https:\/\/chemsfine.com\/product\/buy-jwh-200-online\/#primaryimage\",\"url\":\"https:\/\/chemsfine.com\/wp-content\/uploads\/2026\/02\/jwh-200-3.jpg\",\"contentUrl\":\"https:\/\/chemsfine.com\/wp-content\/uploads\/2026\/02\/jwh-200-3.jpg\",\"width\":617,\"height\":550},{\"@type\":\"BreadcrumbList\",\"@id\":\"https:\/\/chemsfine.com\/product\/buy-jwh-200-online\/#breadcrumb\",\"itemListElement\":[{\"@type\":\"ListItem\",\"position\":1,\"name\":\"Home\",\"item\":\"https:\/\/chemsfine.com\/\"},{\"@type\":\"ListItem\",\"position\":2,\"name\":\"Shop\",\"item\":\"https:\/\/chemsfine.com\/shop\/\"},{\"@type\":\"ListItem\",\"position\":3,\"name\":\"Buy JWH-200 Online \u2013 Premium Quality and Discreet Shipping\"}]},{\"@type\":\"WebSite\",\"@id\":\"https:\/\/chemsfine.com\/#website\",\"url\":\"https:\/\/chemsfine.com\/\",\"name\":\"Chemsfine\",\"description\":\"My WordPress Blog\",\"publisher\":{\"@id\":\"https:\/\/chemsfine.com\/#organization\"},\"potentialAction\":[{\"@type\":\"SearchAction\",\"target\":{\"@type\":\"EntryPoint\",\"urlTemplate\":\"https:\/\/chemsfine.com\/?s={search_term_string}\"},\"query-input\":{\"@type\":\"PropertyValueSpecification\",\"valueRequired\":true,\"valueName\":\"search_term_string\"}}],\"inLanguage\":\"sv-SE\"},{\"@type\":\"Organization\",\"@id\":\"https:\/\/chemsfine.com\/#organization\",\"name\":\"Chemsfine\",\"url\":\"https:\/\/chemsfine.com\/\",\"logo\":{\"@type\":\"ImageObject\",\"inLanguage\":\"sv-SE\",\"@id\":\"https:\/\/chemsfine.com\/#\/schema\/logo\/image\/\",\"url\":\"https:\/\/chemsfine.com\/wp-content\/uploads\/2024\/09\/final-logo.png\",\"contentUrl\":\"https:\/\/chemsfine.com\/wp-content\/uploads\/2024\/09\/final-logo.png\",\"width\":340,\"height\":72,\"caption\":\"Chemsfine\"},\"image\":{\"@id\":\"https:\/\/chemsfine.com\/#\/schema\/logo\/image\/\"}}]}<\/script>\n<!-- \/ Yoast SEO plugin. -->","yoast_head_json":{"title":"K\u00f6p JWH-200 Online - Premiumkvalitet tillg\u00e4nglig p\u00e5 Chemsfine","description":"Best\u00e4ll JWH-200 online med diskret frakt. F\u00e5 premiumkvalitet JWH-200 tillg\u00e4nglig p\u00e5 Chemsfine till b\u00e4sta pris f\u00f6r dina forskningsbehov.","robots":{"index":"index","follow":"follow","max-snippet":"max-snippet:-1","max-image-preview":"max-image-preview:large","max-video-preview":"max-video-preview:-1"},"canonical":"https:\/\/chemsfine.com\/sv\/produkt\/buy-jwh-200-online\/","og_locale":"sv_SE","og_type":"article","og_title":"Buy JWH-200 Online - Premium Quality Available at Chemsfine","og_description":"Order JWH-200 online with discreet shipping. Get premium quality JWH-200 available at Chemsfine at the best price for your research needs.","og_url":"https:\/\/chemsfine.com\/sv\/produkt\/buy-jwh-200-online\/","og_site_name":"Chemsfine","article_modified_time":"2026-03-25T12:57:40+00:00","og_image":[{"width":617,"height":550,"url":"https:\/\/chemsfine.com\/wp-content\/uploads\/2026\/02\/jwh-200-3.jpg","type":"image\/jpeg"}],"twitter_card":"summary_large_image","twitter_misc":{"Ber\u00e4knad l\u00e4stid":"4 minuter"},"schema":{"@context":"https:\/\/schema.org","@graph":[{"@type":"WebPage","@id":"https:\/\/chemsfine.com\/product\/buy-jwh-200-online\/","url":"https:\/\/chemsfine.com\/product\/buy-jwh-200-online\/","name":"K\u00f6p JWH-200 Online - Premiumkvalitet tillg\u00e4nglig p\u00e5 Chemsfine","isPartOf":{"@id":"https:\/\/chemsfine.com\/#website"},"primaryImageOfPage":{"@id":"https:\/\/chemsfine.com\/product\/buy-jwh-200-online\/#primaryimage"},"image":{"@id":"https:\/\/chemsfine.com\/product\/buy-jwh-200-online\/#primaryimage"},"thumbnailUrl":"https:\/\/chemsfine.com\/wp-content\/uploads\/2026\/02\/jwh-200-3.jpg","datePublished":"2026-02-12T10:05:33+00:00","dateModified":"2026-03-25T12:57:40+00:00","description":"Best\u00e4ll JWH-200 online med diskret frakt. F\u00e5 premiumkvalitet JWH-200 tillg\u00e4nglig p\u00e5 Chemsfine till b\u00e4sta pris f\u00f6r dina forskningsbehov.","breadcrumb":{"@id":"https:\/\/chemsfine.com\/product\/buy-jwh-200-online\/#breadcrumb"},"inLanguage":"sv-SE","potentialAction":[{"@type":"ReadAction","target":["https:\/\/chemsfine.com\/product\/buy-jwh-200-online\/"]}]},{"@type":"ImageObject","inLanguage":"sv-SE","@id":"https:\/\/chemsfine.com\/product\/buy-jwh-200-online\/#primaryimage","url":"https:\/\/chemsfine.com\/wp-content\/uploads\/2026\/02\/jwh-200-3.jpg","contentUrl":"https:\/\/chemsfine.com\/wp-content\/uploads\/2026\/02\/jwh-200-3.jpg","width":617,"height":550},{"@type":"BreadcrumbList","@id":"https:\/\/chemsfine.com\/product\/buy-jwh-200-online\/#breadcrumb","itemListElement":[{"@type":"ListItem","position":1,"name":"Home","item":"https:\/\/chemsfine.com\/"},{"@type":"ListItem","position":2,"name":"Shop","item":"https:\/\/chemsfine.com\/shop\/"},{"@type":"ListItem","position":3,"name":"Buy JWH-200 Online \u2013 Premium Quality and Discreet Shipping"}]},{"@type":"WebSite","@id":"https:\/\/chemsfine.com\/#website","url":"https:\/\/chemsfine.com\/","name":"Chemsfine","description":"Min WordPress-blogg","publisher":{"@id":"https:\/\/chemsfine.com\/#organization"},"potentialAction":[{"@type":"SearchAction","target":{"@type":"EntryPoint","urlTemplate":"https:\/\/chemsfine.com\/?s={search_term_string}"},"query-input":{"@type":"PropertyValueSpecification","valueRequired":true,"valueName":"search_term_string"}}],"inLanguage":"sv-SE"},{"@type":"Organization","@id":"https:\/\/chemsfine.com\/#organization","name":"Chemsfine","url":"https:\/\/chemsfine.com\/","logo":{"@type":"ImageObject","inLanguage":"sv-SE","@id":"https:\/\/chemsfine.com\/#\/schema\/logo\/image\/","url":"https:\/\/chemsfine.com\/wp-content\/uploads\/2024\/09\/final-logo.png","contentUrl":"https:\/\/chemsfine.com\/wp-content\/uploads\/2024\/09\/final-logo.png","width":340,"height":72,"caption":"Chemsfine"},"image":{"@id":"https:\/\/chemsfine.com\/#\/schema\/logo\/image\/"}}]}},"_links":{"self":[{"href":"https:\/\/chemsfine.com\/sv\/wp-json\/wp\/v2\/product\/6461","targetHints":{"allow":["GET"]}}],"collection":[{"href":"https:\/\/chemsfine.com\/sv\/wp-json\/wp\/v2\/product"}],"about":[{"href":"https:\/\/chemsfine.com\/sv\/wp-json\/wp\/v2\/types\/product"}],"replies":[{"embeddable":true,"href":"https:\/\/chemsfine.com\/sv\/wp-json\/wp\/v2\/comments?post=6461"}],"wp:featuredmedia":[{"embeddable":true,"href":"https:\/\/chemsfine.com\/sv\/wp-json\/wp\/v2\/media\/6507"}],"wp:attachment":[{"href":"https:\/\/chemsfine.com\/sv\/wp-json\/wp\/v2\/media?parent=6461"}],"wp:term":[{"taxonomy":"product_brand","embeddable":true,"href":"https:\/\/chemsfine.com\/sv\/wp-json\/wp\/v2\/product_brand?post=6461"},{"taxonomy":"product_cat","embeddable":true,"href":"https:\/\/chemsfine.com\/sv\/wp-json\/wp\/v2\/product_cat?post=6461"},{"taxonomy":"product_tag","embeddable":true,"href":"https:\/\/chemsfine.com\/sv\/wp-json\/wp\/v2\/product_tag?post=6461"}],"curies":[{"name":"wp","href":"https:\/\/api.w.org\/{rel}","templated":true}]}}