{"id":6465,"date":"2026-02-12T10:05:33","date_gmt":"2026-02-12T10:05:33","guid":{"rendered":"https:\/\/chemsfine.com\/?post_type=product&#038;p=6465"},"modified":"2026-03-25T12:55:22","modified_gmt":"2026-03-25T12:55:22","slug":"buy-mam-2201","status":"publish","type":"product","link":"https:\/\/chemsfine.com\/sv\/product\/buy-mam-2201\/","title":{"rendered":"MAM-2201 Forskningskemikalie till salu online | Chemsfine"},"content":{"rendered":"<p>V\u00e4lkommen till Chemsfine, din p\u00e5litliga k\u00e4lla f\u00f6r h\u00f6gkvalitativa forskningskemikalier. H\u00e4r kan du p\u00e5 ett tillf\u00f6rlitligt s\u00e4tt <b>k\u00f6pa MAM-2201 till salu<\/b>, en h\u00f6gkvalitativ f\u00f6rening som \u00e4r noggrant f\u00f6rberedd f\u00f6r dina vetenskapliga unders\u00f6kningar. Vi s\u00e4kerst\u00e4ller en s\u00e4ker och enkel k\u00f6pupplevelse f\u00f6r alla v\u00e5ra kunder som vill f\u00f6rv\u00e4rva toppklassiga forskningsf\u00f6reningar online. V\u00e5rt \u00e5tagande p\u00e5 Chemsfine \u00e4r att tillhandah\u00e5lla o\u00f6vertr\u00e4ffad tillg\u00e5ng till specialiserade kemikalier, vilket g\u00f6r dina forskningsinsatser mer effektiva och kostnadseffektiva. Vi f\u00f6rst\u00e5r de exakta behoven hos modern vetenskaplig forskning, och v\u00e5ra erbjudanden \u00e5terspeglar v\u00e5rt engagemang f\u00f6r att st\u00f6dja banbrytande arbete \u00f6ver hela v\u00e4rlden.<\/p>\n<h2>Vad \u00e4r MAM-2201?<\/h2>\n<p>Forskningskemikalien k\u00e4nd som MAM-2201 identifieras som ett designerl\u00e4kemedel, k\u00e4nnetecknat av dess betydande fysiologiska och psykoaktiva effekter. Denna f\u00f6rening har en molekylformel av C<sub>25<\/sub>H<sub>24<\/sub>FNO, vilket tyder p\u00e5 en komplex struktur som \u00e4r avg\u00f6rande f\u00f6r dess observerade egenskaper. Den exakta formelvikten f\u00f6r MAM-2201 m\u00e4ter 373,5 g\/mol, en viktig identifierare f\u00f6r forskare i noggrann kemisk analys och hantering. N\u00e4r du f\u00f6rs\u00f6ker <b>k\u00f6pa MAM-2201 online<\/b>, Genom att f\u00f6rst\u00e5 dessa grundl\u00e4ggande kemiska identifierare s\u00e4kerst\u00e4ller du att du k\u00f6per r\u00e4tt substans f\u00f6r dina studier. \u00c4ven om de toxikologiska och fysiologiska egenskaperna hos MAM-2201 f\u00f6r n\u00e4rvarande inte \u00e4r helt k\u00e4nda, tyder tidig forskning p\u00e5 att den, som en syntetisk cannabinoid, kan uppvisa en h\u00f6g affinitet f\u00f6r b\u00e5de perifera CB1- och CB2-cannabinoidreceptorer. Denna potentiella interaktionsprofil g\u00f6r MAM-2201 till ett \u00e4mne av intensivt vetenskapligt intresse f\u00f6r vidare utforskning av cannabinoidreceptorsystemets dynamik. Chemsfine \u00e4r dedikerade till att leverera <b>h\u00f6gsta kvalitet MAM-2201<\/b>, vilket s\u00e4kerst\u00e4ller att forskarna f\u00e5r en konsekvent och tillf\u00f6rlitlig produkt f\u00f6r sina analytiska och experimentella behov.<\/p>\n<h2>Varf\u00f6r k\u00f6pa MAM-2201 online fr\u00e5n Chemsfine?<\/h2>\n<p>P\u00e5 Chemsfine prioriterar vi f\u00f6rtroende och kvalitet framf\u00f6r allt annat n\u00e4r du best\u00e4mmer dig f\u00f6r att <b>Best\u00e4ll MAM-2201 online<\/b>. Vi inser den avg\u00f6rande betydelsen av att erh\u00e5lla autentiska forskningskemikalier med h\u00f6g renhet. Det \u00e4r d\u00e4rf\u00f6r vi tillhandah\u00e5ller en s\u00f6ml\u00f6s och diskret plattform f\u00f6r dig att k\u00f6pa MAM-2201 utan on\u00f6diga kr\u00e5ngel eller besv\u00e4r. V\u00e5ra rigor\u00f6sa kvalitetskontrollprocesser s\u00e4kerst\u00e4ller att varje parti av MAM-2201 som finns till f\u00f6rs\u00e4ljning uppfyller str\u00e4nga renhetsstandarder, vilket ger dig f\u00f6rtroende f\u00f6r dina forskningsresultat. Vi arbetar st\u00e4ndigt f\u00f6r att f\u00f6rb\u00e4ttra v\u00e5r service och se till att du inte bara sparar pengar utan ocks\u00e5 f\u00e5r sinnesfrid varje g\u00e5ng du v\u00e4ljer att k\u00f6pa MAM-2201 fr\u00e5n v\u00e5r dedikerade Research Chemicals Shop. Vi \u00e4r stolta \u00f6ver att kunna erbjuda <b>b\u00e4sta MAM-2201 tillg\u00e4ngliga<\/b>, med st\u00f6d av v\u00e5rt engagemang f\u00f6r kundn\u00f6jdhet och vetenskaplig integritet. V\u00e5rt uppdrag \u00e4r att st\u00e4rka forskare genom att g\u00f6ra viktiga f\u00f6reningar tillg\u00e4ngliga, s\u00e5 att du kan betala mindre och uppn\u00e5 mer med varje f\u00f6rv\u00e4rv. F\u00f6r andra h\u00f6gkvalitativa f\u00f6reningar kan du ocks\u00e5 \u00f6verv\u00e4ga att <a href=\"https:\/\/chemsfine.com\/sv\/produkt\/kopa-bromazolam-online\/\">k\u00f6pa Bromazolam online<\/a>, en h\u00f6gt ansedd forskningskemikalie.<\/p>\n<h2>Anv\u00e4ndningsomr\u00e5den f\u00f6r MAM-2201<\/h2>\n<p>MAM-2201 \u00e4r p\u00e5 grund av sin klassificering som forskningskemikalie och sina potentiella interaktioner med cannabinoidreceptorer fr\u00e4mst avsedd f\u00f6r kontrollerade laboratoriemilj\u00f6er. Dess till\u00e4mpningar \u00e4r inriktade p\u00e5 vetenskapliga unders\u00f6kningar snarare \u00e4n andra anv\u00e4ndningsomr\u00e5den. Forskare k\u00f6per ofta MAM-2201 f\u00f6r olika experimentella \u00e4ndam\u00e5l, vilket bidrar till en bredare f\u00f6rst\u00e5else f\u00f6r dess klass. De prim\u00e4ra applikationerna f\u00f6r detta designerl\u00e4kemedel inkluderar:<\/p>\n<ul>\n<li><b>Analytisk forskning:<\/b> Unders\u00f6kning av den kemiska strukturen och renheten hos MAM-2201 f\u00f6r att fastst\u00e4lla referensstandarder.<\/li>\n<li><b>Farmakologiska studier:<\/b> Unders\u00f6ka dess interaktioner med cannabinoidreceptorer (CB1 och CB2) f\u00f6r att f\u00f6rst\u00e5 potentiella fysiologiska och psykoaktiva effekter.<\/li>\n<li><b>Metabolismforskning:<\/b> Utforska de metaboliska v\u00e4garna och nedbrytningsprodukterna f\u00f6r MAM-2201 i biologiska system.<\/li>\n<li><b>Toxikologisk screening:<\/b> Genomf\u00f6ra prelimin\u00e4ra utv\u00e4rderingar av dess potentiella toxicitet, s\u00e4rskilt med tanke p\u00e5 att dess egenskaper \u00e4r ok\u00e4nda.<\/li>\n<li><b>Utveckling av analyser:<\/b> Anv\u00e4nda MAM-2201 som en standard- eller kontrollsubstans vid utveckling av nya analytiska eller biologiska analyser.<\/li>\n<li><b>Forskning om ligander f\u00f6r cannabinoidreceptorer:<\/b> Bidrar till det bredare omr\u00e5det f\u00f6r syntetisk cannabinoidforskning och uppt\u00e4ckten av nya ligander.<\/li>\n<\/ul>\n<p>Dessa applikationer understryker vikten av att f\u00f6rv\u00e4rva MAM-2201 med h\u00f6g renhet till salu, vilket s\u00e4kerst\u00e4ller experimentell noggrannhet och tillf\u00f6rlitlig datainsamling. F\u00f6r liknande forskningsbehov, \u00f6verv\u00e4ga att utforska andra f\u00f6reningar som <a href=\"https:\/\/chemsfine.com\/sv\/produkt\/kopa-ab-fubinaca-online\/\">k\u00f6pa AB-Fubinaca online<\/a>, \u00e4ven tillg\u00e4nglig p\u00e5 Chemsfine.<\/p>\n<h2>S\u00e4kerhet och regelefterlevnad f\u00f6r MAM-2201<\/h2>\n<p>Med tanke p\u00e5 att de toxikologiska och fysiologiska egenskaperna hos MAM-2201 inte \u00e4r helt k\u00e4nda \u00e4r det absolut n\u00f6dv\u00e4ndigt att all hantering och alla experiment med denna forskningskemikalie utf\u00f6rs med st\u00f6rsta f\u00f6rsiktighet och strikt efterlevnad av s\u00e4kerhetsprotokoll. Forskare uppmanas att alltid anv\u00e4nda l\u00e4mplig personlig skyddsutrustning (PPE), inklusive handskar, \u00f6gonskydd och labbrockar. Allt arbete som involverar MAM-2201 ska ske i en kontrollerad laboratoriemilj\u00f6, helst under ett dragsk\u00e5p, f\u00f6r att minimera exponeringsriskerna. Det \u00e4r obligatoriskt att f\u00f6lja alla regionala och institutionella best\u00e4mmelser om hantering och f\u00f6rvaring av forskningskemikalier. \u00c4ven om Chemsfine s\u00e4kerst\u00e4ller leverans av h\u00f6gkvalitativ MAM-2201, \u00e4r anv\u00e4ndarna ansvariga f\u00f6r att f\u00f6rst\u00e5 och f\u00f6lja lokala lagar och s\u00e4kerhetsriktlinjer. S\u00e4kerhetsdatablad (SDS) och analyscertifikat (CoA) \u00e4r viktiga dokument som ger kritisk information om f\u00f6reningens egenskaper, f\u00f6rsiktighets\u00e5tg\u00e4rder vid hantering och renhet. Vi rekommenderar att du l\u00e4ser igenom dessa dokument noggrant innan du b\u00f6rjar experimentera. V\u00e5rt \u00e5tagande \u00e4r att underl\u00e4tta ansvarsfull forskning genom att tillhandah\u00e5lla omfattande produktinformation till forskare som beslutar sig f\u00f6r att <b>k\u00f6pa MAM-2201<\/b> f\u00f6r sina studier.<\/p>\n<h2>MAM-2201 Produktspecifikationer Tabell<\/h2>\n<p>F\u00f6r att ytterligare illustrera de viktigaste specifikationerna f\u00f6r MAM-2201, se tabellen nedan:<\/p>\n<table>\n<thead>\n<tr>\n<th>Fastighet<\/th>\n<th>Detalj<\/th>\n<\/tr>\n<\/thead>\n<tbody>\n<tr>\n<td><b>Produktens namn<\/b><\/td>\n<td>MAM-2201<\/td>\n<\/tr>\n<tr>\n<td><b>Kategori<\/b><\/td>\n<td>Forskningskemikalie, syntetisk cannabinoid<\/td>\n<\/tr>\n<tr>\n<td><b>Molekylformel<\/b><\/td>\n<td>C<sub>25<\/sub>H<sub>24<\/sub>FNO<\/td>\n<\/tr>\n<tr>\n<td><b>Formel Vikt<\/b><\/td>\n<td>373,5 g\/mol<\/td>\n<\/tr>\n<tr>\n<td><b>K\u00e4nda effekter<\/b><\/td>\n<td>Utpr\u00e4glade fysiologiska och psykoaktiva effekter (designerdrog)<\/td>\n<\/tr>\n<tr>\n<td><b>Receptoraffinitet (potentiell)<\/b><\/td>\n<td>Perifera CB1- och CB2-cannabinoidreceptorer<\/td>\n<\/tr>\n<tr>\n<td><b>Toxikologisk status<\/b><\/td>\n<td>Egenskaper inte helt k\u00e4nda; endast avsedda f\u00f6r forsknings\u00e4ndam\u00e5l<\/td>\n<\/tr>\n<tr>\n<td><b>Tillg\u00e4nglighet online<\/b><\/td>\n<td>Finns att k\u00f6pa online p\u00e5 Chemsfine<\/td>\n<\/tr>\n<\/tbody>\n<\/table>\n<h2>Slutsats: Din k\u00e4lla f\u00f6r MAM-2201 forskningskemikalier<\/h2>\n<p>Sammanfattningsvis st\u00e5r MAM-2201 som en betydande forskningskemikalie och erbjuder v\u00e4rdefulla v\u00e4gar f\u00f6r vetenskaplig utforskning, s\u00e4rskilt inom omr\u00e5det syntetiska cannabinoider. F\u00f6r forskare som syftar till att <b>k\u00f6pa MAM-2201 till salu<\/b>, Chemsfine tillhandah\u00e5ller en tillf\u00f6rlitlig, s\u00e4ker och kostnadseffektiv l\u00f6sning. V\u00e5rt orubbliga engagemang f\u00f6r kvalitet, i kombination med ett \u00e5tagande att underl\u00e4tta ansvarsfull forskning, g\u00f6r oss till din idealiska partner. Upplev hur enkelt och tryggt det \u00e4r att k\u00f6pa dina viktiga forskningskemikalier fr\u00e5n en p\u00e5litlig leverant\u00f6r. Vi inbjuder dig att utforska v\u00e5rt omfattande sortiment och g\u00f6ra din n\u00e4sta avg\u00f6rande uppt\u00e4ckt med produkter av j\u00e4mn kvalitet exklusivt fr\u00e5n Chemsfine. Kom ih\u00e5g att f\u00f6r tillf\u00f6rlitliga ink\u00f6p kan du alltid <a href=\"https:\/\/chemsfine.com\/sv\/produkt\/kopa-ab-fubinaca-online\/\">k\u00f6pa AB-Fubinaca online<\/a> eller andra specialiserade f\u00f6reningar fr\u00e5n oss.<\/p>","protected":false},"excerpt":{"rendered":"<p>MAM-2201 \u00e4r en syntetisk cannabinoid (C<sub>25<\/sub>H<sub>24<\/sub>FNO, 373,5 g\/mol) som \u00e4r k\u00e4nd f\u00f6r sina fysiologiska och psykoaktiva effekter. Dess toxikologiska profil h\u00e5ller fortfarande p\u00e5 att unders\u00f6kas och den kan potentiellt interagera med CB1- och CB2-receptorer. Forskare kan med s\u00e4kerhet <b>k\u00f6pa MAM-2201<\/b> vid Chemsfine f\u00f6r laboratoriebruk med h\u00f6g renhet.<\/p>","protected":false},"featured_media":6519,"comment_status":"open","ping_status":"closed","template":"","meta":{"_joinchat":[]},"product_brand":[],"product_cat":[936],"product_tag":[],"class_list":{"0":"post-6465","1":"product","2":"type-product","3":"status-publish","4":"has-post-thumbnail","6":"product_cat-research-chemicals","8":"first","9":"instock","10":"shipping-taxable","11":"purchasable","12":"product-type-variable"},"yoast_head":"<!-- This site is optimized with the Yoast SEO plugin v27.2 - https:\/\/yoast.com\/product\/yoast-seo-wordpress\/ -->\n<title>Buy MAM-2201 Online | Top Quality Research Chemical<\/title>\n<meta name=\"description\" content=\"Looking to buy MAM-2201 online? Chemsfine offers top-quality MAM-2201 research chemical for sale. Order now for secure, reliable purchase.\" \/>\n<meta name=\"robots\" content=\"index, follow, max-snippet:-1, max-image-preview:large, max-video-preview:-1\" \/>\n<link rel=\"canonical\" href=\"https:\/\/chemsfine.com\/sv\/produkt\/buy-mam-2201\/\" \/>\n<meta property=\"og:locale\" content=\"sv_SE\" \/>\n<meta property=\"og:type\" content=\"article\" \/>\n<meta property=\"og:title\" content=\"Buy MAM-2201 Online | Top Quality Research Chemical\" \/>\n<meta property=\"og:description\" content=\"Looking to buy MAM-2201 online? Chemsfine offers top-quality MAM-2201 research chemical for sale. Order now for secure, reliable purchase.\" \/>\n<meta property=\"og:url\" content=\"https:\/\/chemsfine.com\/sv\/produkt\/buy-mam-2201\/\" \/>\n<meta property=\"og:site_name\" content=\"Chemsfine\" \/>\n<meta property=\"article:modified_time\" content=\"2026-03-25T12:55:22+00:00\" \/>\n<meta property=\"og:image\" content=\"https:\/\/chemsfine.com\/wp-content\/uploads\/2026\/02\/mam-2201-1.jpg\" \/>\n\t<meta property=\"og:image:width\" content=\"363\" \/>\n\t<meta property=\"og:image:height\" content=\"363\" \/>\n\t<meta property=\"og:image:type\" content=\"image\/jpeg\" \/>\n<meta name=\"twitter:card\" content=\"summary_large_image\" \/>\n<meta name=\"twitter:label1\" content=\"Ber\u00e4knad l\u00e4stid\" \/>\n\t<meta name=\"twitter:data1\" content=\"5 minuter\" \/>\n<script type=\"application\/ld+json\" class=\"yoast-schema-graph\">{\"@context\":\"https:\/\/schema.org\",\"@graph\":[{\"@type\":\"WebPage\",\"@id\":\"https:\/\/chemsfine.com\/product\/buy-mam-2201\/\",\"url\":\"https:\/\/chemsfine.com\/product\/buy-mam-2201\/\",\"name\":\"Buy MAM-2201 Online | Top Quality Research Chemical\",\"isPartOf\":{\"@id\":\"https:\/\/chemsfine.com\/#website\"},\"primaryImageOfPage\":{\"@id\":\"https:\/\/chemsfine.com\/product\/buy-mam-2201\/#primaryimage\"},\"image\":{\"@id\":\"https:\/\/chemsfine.com\/product\/buy-mam-2201\/#primaryimage\"},\"thumbnailUrl\":\"https:\/\/chemsfine.com\/wp-content\/uploads\/2026\/02\/mam-2201-1.jpg\",\"datePublished\":\"2026-02-12T10:05:33+00:00\",\"dateModified\":\"2026-03-25T12:55:22+00:00\",\"description\":\"Looking to buy MAM-2201 online? Chemsfine offers top-quality MAM-2201 research chemical for sale. Order now for secure, reliable purchase.\",\"breadcrumb\":{\"@id\":\"https:\/\/chemsfine.com\/product\/buy-mam-2201\/#breadcrumb\"},\"inLanguage\":\"sv-SE\",\"potentialAction\":[{\"@type\":\"ReadAction\",\"target\":[\"https:\/\/chemsfine.com\/product\/buy-mam-2201\/\"]}]},{\"@type\":\"ImageObject\",\"inLanguage\":\"sv-SE\",\"@id\":\"https:\/\/chemsfine.com\/product\/buy-mam-2201\/#primaryimage\",\"url\":\"https:\/\/chemsfine.com\/wp-content\/uploads\/2026\/02\/mam-2201-1.jpg\",\"contentUrl\":\"https:\/\/chemsfine.com\/wp-content\/uploads\/2026\/02\/mam-2201-1.jpg\",\"width\":363,\"height\":363},{\"@type\":\"BreadcrumbList\",\"@id\":\"https:\/\/chemsfine.com\/product\/buy-mam-2201\/#breadcrumb\",\"itemListElement\":[{\"@type\":\"ListItem\",\"position\":1,\"name\":\"Home\",\"item\":\"https:\/\/chemsfine.com\/\"},{\"@type\":\"ListItem\",\"position\":2,\"name\":\"Shop\",\"item\":\"https:\/\/chemsfine.com\/shop\/\"},{\"@type\":\"ListItem\",\"position\":3,\"name\":\"MAM-2201 Research Chemical For Sale Online | Chemsfine\"}]},{\"@type\":\"WebSite\",\"@id\":\"https:\/\/chemsfine.com\/#website\",\"url\":\"https:\/\/chemsfine.com\/\",\"name\":\"Chemsfine\",\"description\":\"My WordPress Blog\",\"publisher\":{\"@id\":\"https:\/\/chemsfine.com\/#organization\"},\"potentialAction\":[{\"@type\":\"SearchAction\",\"target\":{\"@type\":\"EntryPoint\",\"urlTemplate\":\"https:\/\/chemsfine.com\/?s={search_term_string}\"},\"query-input\":{\"@type\":\"PropertyValueSpecification\",\"valueRequired\":true,\"valueName\":\"search_term_string\"}}],\"inLanguage\":\"sv-SE\"},{\"@type\":\"Organization\",\"@id\":\"https:\/\/chemsfine.com\/#organization\",\"name\":\"Chemsfine\",\"url\":\"https:\/\/chemsfine.com\/\",\"logo\":{\"@type\":\"ImageObject\",\"inLanguage\":\"sv-SE\",\"@id\":\"https:\/\/chemsfine.com\/#\/schema\/logo\/image\/\",\"url\":\"https:\/\/chemsfine.com\/wp-content\/uploads\/2024\/09\/final-logo.png\",\"contentUrl\":\"https:\/\/chemsfine.com\/wp-content\/uploads\/2024\/09\/final-logo.png\",\"width\":340,\"height\":72,\"caption\":\"Chemsfine\"},\"image\":{\"@id\":\"https:\/\/chemsfine.com\/#\/schema\/logo\/image\/\"}}]}<\/script>\n<!-- \/ Yoast SEO plugin. -->","yoast_head_json":{"title":"K\u00f6p MAM-2201 online | Forskningskemikalie av h\u00f6gsta kvalitet","description":"Vill du k\u00f6pa MAM-2201 online? Chemsfine erbjuder h\u00f6gkvalitativ MAM-2201 forskningskemikalie till salu. Best\u00e4ll nu f\u00f6r ett s\u00e4kert och p\u00e5litligt k\u00f6p.","robots":{"index":"index","follow":"follow","max-snippet":"max-snippet:-1","max-image-preview":"max-image-preview:large","max-video-preview":"max-video-preview:-1"},"canonical":"https:\/\/chemsfine.com\/sv\/produkt\/buy-mam-2201\/","og_locale":"sv_SE","og_type":"article","og_title":"Buy MAM-2201 Online | Top Quality Research Chemical","og_description":"Looking to buy MAM-2201 online? Chemsfine offers top-quality MAM-2201 research chemical for sale. Order now for secure, reliable purchase.","og_url":"https:\/\/chemsfine.com\/sv\/produkt\/buy-mam-2201\/","og_site_name":"Chemsfine","article_modified_time":"2026-03-25T12:55:22+00:00","og_image":[{"width":363,"height":363,"url":"https:\/\/chemsfine.com\/wp-content\/uploads\/2026\/02\/mam-2201-1.jpg","type":"image\/jpeg"}],"twitter_card":"summary_large_image","twitter_misc":{"Ber\u00e4knad l\u00e4stid":"5 minuter"},"schema":{"@context":"https:\/\/schema.org","@graph":[{"@type":"WebPage","@id":"https:\/\/chemsfine.com\/product\/buy-mam-2201\/","url":"https:\/\/chemsfine.com\/product\/buy-mam-2201\/","name":"K\u00f6p MAM-2201 online | Forskningskemikalie av h\u00f6gsta kvalitet","isPartOf":{"@id":"https:\/\/chemsfine.com\/#website"},"primaryImageOfPage":{"@id":"https:\/\/chemsfine.com\/product\/buy-mam-2201\/#primaryimage"},"image":{"@id":"https:\/\/chemsfine.com\/product\/buy-mam-2201\/#primaryimage"},"thumbnailUrl":"https:\/\/chemsfine.com\/wp-content\/uploads\/2026\/02\/mam-2201-1.jpg","datePublished":"2026-02-12T10:05:33+00:00","dateModified":"2026-03-25T12:55:22+00:00","description":"Vill du k\u00f6pa MAM-2201 online? Chemsfine erbjuder h\u00f6gkvalitativ MAM-2201 forskningskemikalie till salu. Best\u00e4ll nu f\u00f6r ett s\u00e4kert och p\u00e5litligt k\u00f6p.","breadcrumb":{"@id":"https:\/\/chemsfine.com\/product\/buy-mam-2201\/#breadcrumb"},"inLanguage":"sv-SE","potentialAction":[{"@type":"ReadAction","target":["https:\/\/chemsfine.com\/product\/buy-mam-2201\/"]}]},{"@type":"ImageObject","inLanguage":"sv-SE","@id":"https:\/\/chemsfine.com\/product\/buy-mam-2201\/#primaryimage","url":"https:\/\/chemsfine.com\/wp-content\/uploads\/2026\/02\/mam-2201-1.jpg","contentUrl":"https:\/\/chemsfine.com\/wp-content\/uploads\/2026\/02\/mam-2201-1.jpg","width":363,"height":363},{"@type":"BreadcrumbList","@id":"https:\/\/chemsfine.com\/product\/buy-mam-2201\/#breadcrumb","itemListElement":[{"@type":"ListItem","position":1,"name":"Home","item":"https:\/\/chemsfine.com\/"},{"@type":"ListItem","position":2,"name":"Shop","item":"https:\/\/chemsfine.com\/shop\/"},{"@type":"ListItem","position":3,"name":"MAM-2201 Research Chemical For Sale Online | Chemsfine"}]},{"@type":"WebSite","@id":"https:\/\/chemsfine.com\/#website","url":"https:\/\/chemsfine.com\/","name":"Chemsfine","description":"Min WordPress-blogg","publisher":{"@id":"https:\/\/chemsfine.com\/#organization"},"potentialAction":[{"@type":"SearchAction","target":{"@type":"EntryPoint","urlTemplate":"https:\/\/chemsfine.com\/?s={search_term_string}"},"query-input":{"@type":"PropertyValueSpecification","valueRequired":true,"valueName":"search_term_string"}}],"inLanguage":"sv-SE"},{"@type":"Organization","@id":"https:\/\/chemsfine.com\/#organization","name":"Chemsfine","url":"https:\/\/chemsfine.com\/","logo":{"@type":"ImageObject","inLanguage":"sv-SE","@id":"https:\/\/chemsfine.com\/#\/schema\/logo\/image\/","url":"https:\/\/chemsfine.com\/wp-content\/uploads\/2024\/09\/final-logo.png","contentUrl":"https:\/\/chemsfine.com\/wp-content\/uploads\/2024\/09\/final-logo.png","width":340,"height":72,"caption":"Chemsfine"},"image":{"@id":"https:\/\/chemsfine.com\/#\/schema\/logo\/image\/"}}]}},"_links":{"self":[{"href":"https:\/\/chemsfine.com\/sv\/wp-json\/wp\/v2\/product\/6465","targetHints":{"allow":["GET"]}}],"collection":[{"href":"https:\/\/chemsfine.com\/sv\/wp-json\/wp\/v2\/product"}],"about":[{"href":"https:\/\/chemsfine.com\/sv\/wp-json\/wp\/v2\/types\/product"}],"replies":[{"embeddable":true,"href":"https:\/\/chemsfine.com\/sv\/wp-json\/wp\/v2\/comments?post=6465"}],"wp:featuredmedia":[{"embeddable":true,"href":"https:\/\/chemsfine.com\/sv\/wp-json\/wp\/v2\/media\/6519"}],"wp:attachment":[{"href":"https:\/\/chemsfine.com\/sv\/wp-json\/wp\/v2\/media?parent=6465"}],"wp:term":[{"taxonomy":"product_brand","embeddable":true,"href":"https:\/\/chemsfine.com\/sv\/wp-json\/wp\/v2\/product_brand?post=6465"},{"taxonomy":"product_cat","embeddable":true,"href":"https:\/\/chemsfine.com\/sv\/wp-json\/wp\/v2\/product_cat?post=6465"},{"taxonomy":"product_tag","embeddable":true,"href":"https:\/\/chemsfine.com\/sv\/wp-json\/wp\/v2\/product_tag?post=6465"}],"curies":[{"name":"wp","href":"https:\/\/api.w.org\/{rel}","templated":true}]}}