{"id":6545,"date":"2026-02-12T10:07:37","date_gmt":"2026-02-12T10:07:37","guid":{"rendered":"https:\/\/chemsfine.com\/?post_type=product&#038;p=6545"},"modified":"2026-03-25T12:45:52","modified_gmt":"2026-03-25T12:45:52","slug":"buy-salvia-powder-online","status":"publish","type":"product","link":"https:\/\/chemsfine.com\/sv\/product\/buy-salvia-powder-online\/","title":{"rendered":"Salvia pulver - K\u00f6p premiumkvalitet online"},"content":{"rendered":"<p>V\u00e4lkommen till Chemsfine, din p\u00e5litliga k\u00e4lla f\u00f6r premium <a href=\"https:\/\/chemsfine.com\/sv\/produkt\/1937-princess-haze-sativa-hybrid-buy-online\/\" style=\"text-decoration:none;color:inherit\"><b>Salvia pulver<\/b><\/a>. Salvia divinorum \u00e4r en helig medicin i olika traditionella kulturer och erbjuder djupt unika upplevelser. Lyckligtvis \u00e4r tillg\u00e5ngen till denna anm\u00e4rkningsv\u00e4rda substans nu globalt underl\u00e4ttad genom Chemsfine, vilket eliminerar behovet av omfattande resor. \u00c4ven om Salvia inte \u00e4r en allm\u00e4nt k\u00e4nd substans, g\u00f6r dess rika historia och kraftfulla effekter den till ett fascinerande \u00e4mne f\u00f6r dem som s\u00f6ker en autentisk upplevelse. Denna \u00f6rt erbjuds fr\u00e4mst i form av potenta blad eller h\u00f6gkoncentrerade extrakt, vilket tillgodoser olika preferenser och erfarenhetsniv\u00e5er. P\u00e5 Chemsfine erbjuder vi stolt denna unika \u00f6rt, vilket garanterar kvalitet och diskretion f\u00f6r varje f\u00f6rv\u00e4rv av Salvia Powder till salu.<\/p>\n<h2>Vad \u00e4r Salvia Divinorum Powder?<\/h2>\n<p>Salvia divinorum \u00e4r en s\u00e4rpr\u00e4glad \u00f6rt som historiskt sett har anv\u00e4nts av ursprungsbefolkningar f\u00f6r sina kraftfulla psykoaktiva egenskaper. Det \u00e4r inte bara vilken \u00f6rt som helst; det \u00e4r ett djupg\u00e5ende verktyg f\u00f6r andliga och introspektiva resor. Mazatec-shamanerna, till exempel, inf\u00f6rlivade traditionellt Salvia i heliga ritualer och v\u00e4rderade det f\u00f6r de starka, transformativa hallucinationerna som det kan framkalla. N\u00e4r du v\u00e4ljer att <a href=\"https:\/\/chemsfine.com\/sv\/produkt\/1937-princess-haze-sativa-hybrid-buy-online\/\" style=\"text-decoration:none;color:inherit\"><b>k\u00f6pa Salvia pulver online<\/b><\/a> fr\u00e5n Chemsfine v\u00e4ljer du en produkt som \u00e4r genomsyrad av tradition och potent effekt. Vi ser till att v\u00e5ra erbjudanden representerar de <b>Salviapulver av h\u00f6gsta kvalitet<\/b> tillg\u00e4ngliga p\u00e5 marknaden idag. Vi fokuserar p\u00e5 att tillhandah\u00e5lla \u00e4kta Salvia divinorum-extrakt och blad, noggrant bearbetade f\u00f6r att bevara deras naturliga styrka.<\/p>\n<h2>Varf\u00f6r v\u00e4lja Chemsfine f\u00f6r Salvia-pulver?<\/h2>\n<p>P\u00e5 Chemsfine f\u00f6rst\u00e5r vi hur viktigt det \u00e4r med tillf\u00f6rlitlighet och kvalitet n\u00e4r det g\u00e4ller unika botaniska substanser. Vi str\u00e4var efter att bli erk\u00e4nda som leverant\u00f6r av de <b>B\u00e4sta tillg\u00e4ngliga Salvia-pulver<\/b>, Vi erbjuder produkter som \u00e4r noggrant utvalda och tillagade. V\u00e5rt orubbliga engagemang f\u00f6r excellens s\u00e4kerst\u00e4ller att varje sats uppfyller rigor\u00f6sa standarder, vilket ger dig <b>\u00c4kta Salvia-pulver<\/b> som ger konsekventa och f\u00f6ruts\u00e4gbara resultat. N\u00e4r du \u00e4r ute efter att <b>k\u00f6pa Salvia pulver online<\/b>, Chemsfine framst\u00e5r som en ansedd leverant\u00f6r som \u00e4r dedikerad till kundn\u00f6jdhet och produktintegritet. Vi g\u00f6r det enkelt f\u00f6r dig att <b>K\u00f6p nu online<\/b> med fullt f\u00f6rtroende, i vetskap om att du f\u00e5r en \u00f6verl\u00e4gsen produkt.<\/p>\n<h2>Traditionella anv\u00e4ndningsomr\u00e5den och moderna konsumtionsmetoder<\/h2>\n<p>Salvia divinorum erbjuder olika metoder f\u00f6r konsumtion, var och en ger olika intensitet och varaktighet av upplevelsen. Historiskt sett innebar traditionella metoder direkt intag av de f\u00e4rska bladen. Bland moderna anv\u00e4ndare har flera tekniker vunnit popularitet f\u00f6r att konsumera denna potenta \u00f6rt:<\/p>\n<ul>\n<li><b>&#039;Plommon&#039; (Tuggar blad):<\/b> Denna metod inneb\u00e4r att man f\u00f6rsiktigt rullar ihop de f\u00e4rska eller rehydrerade Salvia-bladen till en cigarrliknande form som sedan tuggas l\u00e5ngsamt. M\u00e5nga anv\u00e4ndare rapporterar att detta tillv\u00e4gag\u00e5ngss\u00e4tt ger en starkare, mer l\u00e5ngvarig och djupt hallucinogen resa j\u00e4mf\u00f6rt med r\u00f6kning. Det rekommenderas ofta f\u00f6r initiala upplevelser eftersom uppkomsten \u00e4r gradvis, varaktigheten f\u00f6rl\u00e4ngs och den \u00f6vergripande resan tenderar att vara lugnare och mer introspektiv.<\/li>\n<li><b>R\u00f6ker l\u00f6ven:<\/b> F\u00f6r dem som s\u00f6ker en mer omedelbar och intensiv effekt \u00e4r r\u00f6kning av Salvia-blad ett vanligt val. I likhet med att r\u00f6ka en joint eller en cigarett kr\u00e4ver denna metod vanligtvis betydligt mindre r\u00e5material \u00e4n tuggning. Effekterna \u00e4r dock vanligtvis mer abrupta och kan vara ganska kraftfulla, vilket g\u00f6r noggrann dosering n\u00f6dv\u00e4ndig.<\/li>\n<li><b>Extrakt och f\u00f6r\u00e5ngare:<\/b> \u00c4ven om dessa koncentrerade former finns tillg\u00e4ngliga rekommenderas extrem f\u00f6rsiktighet p\u00e5 grund av den inneboende sv\u00e5righeten att exakt bed\u00f6ma dosering och individuell k\u00e4nslighet. En oprecis dosering av potenta Salvia-extrakt kan leda till ov\u00e4ntat intensiva eller djupt \u00f6verv\u00e4ldigande konsekvenser. Det \u00e4r av yttersta vikt att noggrant f\u00f6rst\u00e5 din personliga k\u00e4nslighet f\u00f6r denna unika \u00f6rt innan du f\u00f6rs\u00f6ker dessa avancerade metoder.<\/li>\n<\/ul>\n<h2>F\u00f6rst\u00e5 Salvia Divinorum effekter och varaktighet<\/h2>\n<p>De psykoaktiva effekter som Salvia divinorum ger upphov till skiljer sig fr\u00e5n m\u00e5nga andra substanser, s\u00e4rskilt genom sin varaktighet och djupg\u00e5ende intensitet. En typisk Salvia-upplevelse \u00e4r s\u00e4rskilt kortlivad och varar i allm\u00e4nhet mellan 30 och 60 minuter totalt. N\u00e4r det konsumeras via \u2018plommon\u2019 -metoden blir n\u00e4rvaron av Salvia subtilt m\u00e4rkbar inom ungef\u00e4r en minut. Effekterna n\u00e5r vanligtvis sin h\u00f6gsta intensitet inom fem till femton minuter och avtar gradvis under tjugo till fyrtio minuter. \u00c4ven om resan kan vara kort, beskrivs dess intensitet ofta som djupt uppslukande och till skillnad fr\u00e5n n\u00e5gon annan k\u00e4nd upplevelse. Den erbjuder en unik inblick i f\u00f6r\u00e4ndrade medvetandetillst\u00e5nd.<\/p>\n<p>Individuella erfarenheter av Salvia kan variera mycket, formad av personlig fysiologi, tankes\u00e4tt och milj\u00f6. Vanliga rapporterade effekter inkluderar dock ofta:<\/p>\n<table border=\"1\" style=\"width:100%;border-collapse: collapse;margin-top: 15px\">\n<thead>\n<tr>\n<th style=\"padding: 8px;border: 1px solid #ddd;text-align: left\">Effekt Kategori<\/th>\n<th style=\"padding: 8px;border: 1px solid #ddd;text-align: left\">Beskrivning<\/th>\n<\/tr>\n<\/thead>\n<tbody>\n<tr>\n<td style=\"padding: 8px;border: 1px solid #ddd\">Visuella f\u00f6r\u00e4ndringar<\/td>\n<td style=\"padding: 8px;border: 1px solid #ddd\">Upplever visioner som tv\u00e5dimensionella; f\u00f6rvr\u00e4ngningar i verklighetsuppfattningen.<\/td>\n<\/tr>\n<tr>\n<td style=\"padding: 8px;border: 1px solid #ddd\">Identitet och kroppsf\u00f6r\u00e4ndringar<\/td>\n<td style=\"padding: 8px;border: 1px solid #ddd\">K\u00e4nsla av att vara ett livl\u00f6st objekt; djupg\u00e5ende f\u00f6rlust av kropp eller identitet; en k\u00e4nsla av att agera och leva livet i en annan m\u00e4nniskas kropp.<\/td>\n<\/tr>\n<tr>\n<td style=\"padding: 8px;border: 1px solid #ddd\">Temporala och spatiala f\u00f6rvr\u00e4ngningar<\/td>\n<td style=\"padding: 8px;border: 1px solid #ddd\">Rum och tid uppfattas p\u00e5 djupt olika, ofta icke-linj\u00e4ra s\u00e4tt; en \u00f6vertygande k\u00e4nsla av att resa tillbaka i tiden, s\u00e4rskilt till sin ungdom.<\/td>\n<\/tr>\n<tr>\n<td style=\"padding: 8px;border: 1px solid #ddd\">Utomkroppsliga upplevelser och m\u00f6ten<\/td>\n<td style=\"padding: 8px;border: 1px solid #ddd\">En tydlig k\u00e4nsla av att komma utanf\u00f6r den fysiska kroppen; m\u00f6ten med olika k\u00e4nnande varelser eller enheter.<\/td>\n<\/tr>\n<tr>\n<td style=\"padding: 8px;border: 1px solid #ddd\">Fysiska och k\u00e4nslom\u00e4ssiga f\u00f6rnimmelser<\/td>\n<td style=\"padding: 8px;border: 1px solid #ddd\">En allm\u00e4n &#039;stenad&#039; k\u00e4nsla; starka k\u00e4nslor av r\u00f6relse eller dragande krafter; episoder av okontrollerbart skratt.<\/td>\n<\/tr>\n<tr>\n<td style=\"padding: 8px;border: 1px solid #ddd\">\u00d6verlappning av verkligheten<\/td>\n<td style=\"padding: 8px;border: 1px solid #ddd\">Upplevelse av \u00f6verlappande verkligheter, vilket kan yttra sig som en k\u00e4nsla av att vara n\u00e4rvarande p\u00e5 flera platser samtidigt.<\/td>\n<\/tr>\n<tr>\n<td style=\"padding: 8px;border: 1px solid #ddd\">Hallucinationer<\/td>\n<td style=\"padding: 8px;border: 1px solid #ddd\">Mycket livfulla och omslutande hallucinationer som kan vara djupt insiktsfulla eller f\u00f6rvirrande.<\/td>\n<\/tr>\n<\/tbody>\n<\/table>\n<h2>Extrakt av Salvia Divinorum: Riktlinjer f\u00f6r styrka och dosering<\/h2>\n<p>V\u00e5r <a href=\"https:\/\/chemsfine.com\/sv\/produkt\/1937-princess-haze-sativa-hybrid-buy-online\/\" style=\"text-decoration:none;color:inherit\"><b>Extrakt av Salvia divinorum<\/b><\/a>, inklusive specialiserade former som salvia miltiorrhiza pulver, \u00e4r noggrant standardiserade. Denna viktiga process s\u00e4kerst\u00e4ller att de inneh\u00e5ller en exakt, uppm\u00e4tt m\u00e4ngd ren Salvinorin A, den prim\u00e4ra aktiva f\u00f6reningen som f\u00f6rekommer naturligt i Salvia divinorum-v\u00e4xten. Till skillnad fr\u00e5n r\u00e5a extrakt d\u00e4r styrkan ofta \u00e4r en uppskattning, erbjuder v\u00e5ra standardiserade produkter tillf\u00f6rlitliga och konsekventa effekter, vilket \u00e4r s\u00e4rskilt viktigt f\u00f6r \u00e4mnen som kr\u00e4vs i minimala m\u00e4ngder. Detta engagemang f\u00f6r standardisering s\u00e4kerst\u00e4ller en konsekvent och f\u00f6ruts\u00e4gbar upplevelse f\u00f6r anv\u00e4ndaren.<\/p>\n<p>Vid best\u00e4mning av r\u00e4tt dosering, s\u00e4rskilt utan specialiserade v\u00e5gar, \u00e4r ett noggrant och \u00f6verv\u00e4gt tillv\u00e4gag\u00e5ngss\u00e4tt absolut n\u00f6dv\u00e4ndigt f\u00f6r att undvika \u00f6verv\u00e4ldigande effekter:<\/p>\n<ul>\n<li><b>Initial dosering:<\/b> F\u00f6r f\u00f6rstag\u00e5ngsanv\u00e4ndare rekommenderas starkt en m\u00e5ttlig dos. Detta motsvarar vanligtvis en genomsnittlig inandning av ett 5x extrakt. Observera din k\u00e4nslighet noggrant.<\/li>\n<li><b>Erfarna anv\u00e4ndare:<\/b> Om den initiala m\u00e5ttliga dosen inte \u00e4r tillr\u00e4cklig f\u00f6r att uppn\u00e5 \u00f6nskad effekt kan en full dos, motsvarande en djup inandning av 5x-extraktet, \u00f6verv\u00e4gas noga vid senare f\u00f6rs\u00f6k.<\/li>\n<li><b>Rekommendationer f\u00f6r utrustning:<\/b> Anv\u00e4nd alltid en vanlig pipa av ren metall, glas eller tr\u00e4 f\u00f6r konsumtion. Vattenpipor rekommenderas i allm\u00e4nhet inte eftersom de kan ge en alltf\u00f6r stark och potentiellt \u00f6verv\u00e4ldigande dos, som kan vara sv\u00e5r att hantera.<\/li>\n<\/ul>\n<p>Chemsfine erbjuder en rad olika extraktstyrkor, som b\u00f6rjar med den l\u00e4ttillg\u00e4ngliga 5x och g\u00e5r vidare till 10x, 15x, 20x och till och med extrema 30x till 40x koncentrationer. F\u00f6r de som \u00e4r nya f\u00f6r denna djupa upplevelse rekommenderas 5x-extraktet starkt, eftersom det m\u00f6jligg\u00f6r enklare och mer kontrollerad dosering. N\u00e4r din erfarenhet och f\u00f6rtrogenhet v\u00e4xer kan du gradvis och p\u00e5 ett ansvarsfullt s\u00e4tt utforska h\u00f6gre styrkor. Vi prioriterar att erbjuda <b>H\u00f6g renhet till salu<\/b> i hela v\u00e5rt sortiment f\u00f6r att s\u00e4kerst\u00e4lla j\u00e4mn kvalitet och anv\u00e4ndars\u00e4kerhet.<\/p>\n<h2>S\u00e4ker och ansvarsfull anv\u00e4ndning av Salvia Divinorum<\/h2>\n<p>Ansvarsfull anv\u00e4ndning \u00e4r av st\u00f6rsta vikt f\u00f6r en s\u00e4ker och v\u00e4lg\u00f6rande Salvia-upplevelse. Se alltid till att du befinner dig i en bekv\u00e4m, tyst och bekant milj\u00f6 d\u00e4r du kan koppla av eller l\u00e4gga dig ner. Det \u00e4r mycket tillr\u00e5dligt att ha en nykter och p\u00e5litlig f\u00f6ljeslagare n\u00e4rvarande under hela upplevelsen. Salvia kan ibland framkalla en pl\u00f6tslig lust att r\u00f6ra p\u00e5 sig, och om du inte \u00e4r medveten om din omgivning kan detta leda till oavsiktliga eller os\u00e4kra situationer. Andas in r\u00f6ken djupt och h\u00e5ll kvar den s\u00e5 l\u00e4nge som m\u00f6jligt f\u00f6r att maximera absorptionen. Effekterna visar sig vanligtvis n\u00e4stan omedelbart och varar vanligtvis i cirka 15 minuter och f\u00f6rsvinner helt utan att l\u00e4mna en l\u00e5ngvarig baksm\u00e4lla eller kvarvarande effekter. Det \u00e4r viktigt att notera att Salvia-extrakt inte \u00e4r avsedda f\u00f6r oral konsumtion.<\/p>\n<h2>Best\u00e4ll Salvia-pulver s\u00e4kert online fr\u00e5n Chemsfine<\/h2>\n<p>Letar du efter var du kan <a href=\"https:\/\/chemsfine.com\/sv\/produkt\/kopa-fenibutpulver-online\/\" style=\"text-decoration:none;color:inherit\"><b>k\u00f6pa Salvia pulver online<\/b><\/a> fr\u00e5n en p\u00e5litlig och diskret k\u00e4lla? Chemsfine \u00e4r din fr\u00e4msta online-destination f\u00f6r premium Salvia divinorum-produkter. Vi f\u00f6rst\u00e5r den kritiska vikten av en <b>S\u00e4kert k\u00f6p<\/b> och effektiv, diskret leverans. N\u00e4r du v\u00e4ljer att <b>Best\u00e4ll Salvia-pulver online<\/b> Genom Chemsfine v\u00e4ljer du en p\u00e5litlig tj\u00e4nst som v\u00e4rdes\u00e4tter din integritet, tillfredsst\u00e4llelse och kvaliteten p\u00e5 din produkt. Vi tillhandah\u00e5ller ocks\u00e5 omfattande information om Salvia divinorum-dosering f\u00f6r att v\u00e4gleda din upplevelse effektivt. F\u00e5 den b\u00e4sta kvaliteten och o\u00f6vertr\u00e4ffad service n\u00e4r du v\u00e4ljer Chemsfine f\u00f6r alla dina botaniska behov.<\/p>\n<h2>Slutsats: Din ultimata k\u00e4lla f\u00f6r premium Salvia-produkter<\/h2>\n<p>Chemsfine \u00e4r dedikerad till att vara din p\u00e5litliga partner f\u00f6r att f\u00f6rv\u00e4rva h\u00f6gkvalitativ Salvia divinorum. Fr\u00e5n traditionellt beredda blad till potenta standardiserade extrakt erbjuder vi ett omfattande utbud av produkter som passar dina specifika behov och erfarenhetsniv\u00e5er. Vi inbjuder dig att utforska v\u00e5rt noggrant kurerade urval och tryggt <b>K\u00f6p Salvia-pulver till salu<\/b>, Vi vill att du ska k\u00e4nna dig trygg med att du f\u00e5r en \u00e4kta, v\u00e4linformerad och ansvarsfull upplevelse vid varje k\u00f6p. Lita p\u00e5 Chemsfine f\u00f6r renhet, styrka och professionalism i varje interaktion som din ultimata destination f\u00f6r premium Salvia-produkter.<\/p>","protected":false},"excerpt":{"rendered":"<p><b>Salvia pulver<\/b> fr\u00e5n Chemsfine erbjuder en autentisk och potent Salvia divinorum-upplevelse. V\u00e5ra standardiserade extrakt \u00e4r av h\u00f6g kvalitet och ger tillf\u00f6rlitliga effekter f\u00f6r traditionell anv\u00e4ndning. Uppt\u00e4ck varf\u00f6r s\u00e5 m\u00e5nga v\u00e4ljer att <b>k\u00f6pa Salvia pulver online<\/b> p\u00e5 Chemsfine f\u00f6r deras unika behov.<\/p>","protected":false},"featured_media":6583,"comment_status":"open","ping_status":"closed","template":"","meta":{"_joinchat":[]},"product_brand":[],"product_cat":[433],"product_tag":[],"class_list":{"0":"post-6545","1":"product","2":"type-product","3":"status-publish","4":"has-post-thumbnail","6":"product_cat-psychedelics","8":"first","9":"instock","10":"shipping-taxable","11":"purchasable","12":"product-type-variable"},"yoast_head":"<!-- This site is optimized with the Yoast SEO plugin v27.2 - https:\/\/yoast.com\/product\/yoast-seo-wordpress\/ -->\n<title>Buy Salvia Powder Online - Premium Quality at Chemsfine<\/title>\n<meta name=\"description\" content=\"Explore premium Salvia Powder for sale at Chemsfine. Discover authentic Salvia divinorum, understand its traditional uses, effects, and responsible dosage. Order online now!\" \/>\n<meta name=\"robots\" content=\"index, follow, max-snippet:-1, max-image-preview:large, max-video-preview:-1\" \/>\n<link rel=\"canonical\" href=\"https:\/\/chemsfine.com\/sv\/produkt\/buy-salvia-powder-online\/\" \/>\n<meta property=\"og:locale\" content=\"sv_SE\" \/>\n<meta property=\"og:type\" content=\"article\" \/>\n<meta property=\"og:title\" content=\"Buy Salvia Powder Online - Premium Quality at Chemsfine\" \/>\n<meta property=\"og:description\" content=\"Explore premium Salvia Powder for sale at Chemsfine. Discover authentic Salvia divinorum, understand its traditional uses, effects, and responsible dosage. Order online now!\" \/>\n<meta property=\"og:url\" content=\"https:\/\/chemsfine.com\/sv\/produkt\/buy-salvia-powder-online\/\" \/>\n<meta property=\"og:site_name\" content=\"Chemsfine\" \/>\n<meta property=\"article:modified_time\" content=\"2026-03-25T12:45:52+00:00\" \/>\n<meta property=\"og:image\" content=\"https:\/\/chemsfine.com\/wp-content\/uploads\/2026\/02\/salvia-powder-1.jpg\" \/>\n\t<meta property=\"og:image:width\" content=\"458\" \/>\n\t<meta property=\"og:image:height\" content=\"458\" \/>\n\t<meta property=\"og:image:type\" content=\"image\/jpeg\" \/>\n<meta name=\"twitter:card\" content=\"summary_large_image\" \/>\n<meta name=\"twitter:label1\" content=\"Ber\u00e4knad l\u00e4stid\" \/>\n\t<meta name=\"twitter:data1\" content=\"7 minuter\" \/>\n<script type=\"application\/ld+json\" class=\"yoast-schema-graph\">{\"@context\":\"https:\/\/schema.org\",\"@graph\":[{\"@type\":\"WebPage\",\"@id\":\"https:\/\/chemsfine.com\/product\/buy-salvia-powder-online\/\",\"url\":\"https:\/\/chemsfine.com\/product\/buy-salvia-powder-online\/\",\"name\":\"Buy Salvia Powder Online - Premium Quality at Chemsfine\",\"isPartOf\":{\"@id\":\"https:\/\/chemsfine.com\/#website\"},\"primaryImageOfPage\":{\"@id\":\"https:\/\/chemsfine.com\/product\/buy-salvia-powder-online\/#primaryimage\"},\"image\":{\"@id\":\"https:\/\/chemsfine.com\/product\/buy-salvia-powder-online\/#primaryimage\"},\"thumbnailUrl\":\"https:\/\/chemsfine.com\/wp-content\/uploads\/2026\/02\/salvia-powder-1.jpg\",\"datePublished\":\"2026-02-12T10:07:37+00:00\",\"dateModified\":\"2026-03-25T12:45:52+00:00\",\"description\":\"Explore premium Salvia Powder for sale at Chemsfine. Discover authentic Salvia divinorum, understand its traditional uses, effects, and responsible dosage. Order online now!\",\"breadcrumb\":{\"@id\":\"https:\/\/chemsfine.com\/product\/buy-salvia-powder-online\/#breadcrumb\"},\"inLanguage\":\"sv-SE\",\"potentialAction\":[{\"@type\":\"ReadAction\",\"target\":[\"https:\/\/chemsfine.com\/product\/buy-salvia-powder-online\/\"]}]},{\"@type\":\"ImageObject\",\"inLanguage\":\"sv-SE\",\"@id\":\"https:\/\/chemsfine.com\/product\/buy-salvia-powder-online\/#primaryimage\",\"url\":\"https:\/\/chemsfine.com\/wp-content\/uploads\/2026\/02\/salvia-powder-1.jpg\",\"contentUrl\":\"https:\/\/chemsfine.com\/wp-content\/uploads\/2026\/02\/salvia-powder-1.jpg\",\"width\":458,\"height\":458},{\"@type\":\"BreadcrumbList\",\"@id\":\"https:\/\/chemsfine.com\/product\/buy-salvia-powder-online\/#breadcrumb\",\"itemListElement\":[{\"@type\":\"ListItem\",\"position\":1,\"name\":\"Home\",\"item\":\"https:\/\/chemsfine.com\/\"},{\"@type\":\"ListItem\",\"position\":2,\"name\":\"Shop\",\"item\":\"https:\/\/chemsfine.com\/shop\/\"},{\"@type\":\"ListItem\",\"position\":3,\"name\":\"Salvia Powder \u2013 Buy Premium Quality Online\"}]},{\"@type\":\"WebSite\",\"@id\":\"https:\/\/chemsfine.com\/#website\",\"url\":\"https:\/\/chemsfine.com\/\",\"name\":\"Chemsfine\",\"description\":\"My WordPress Blog\",\"publisher\":{\"@id\":\"https:\/\/chemsfine.com\/#organization\"},\"potentialAction\":[{\"@type\":\"SearchAction\",\"target\":{\"@type\":\"EntryPoint\",\"urlTemplate\":\"https:\/\/chemsfine.com\/?s={search_term_string}\"},\"query-input\":{\"@type\":\"PropertyValueSpecification\",\"valueRequired\":true,\"valueName\":\"search_term_string\"}}],\"inLanguage\":\"sv-SE\"},{\"@type\":\"Organization\",\"@id\":\"https:\/\/chemsfine.com\/#organization\",\"name\":\"Chemsfine\",\"url\":\"https:\/\/chemsfine.com\/\",\"logo\":{\"@type\":\"ImageObject\",\"inLanguage\":\"sv-SE\",\"@id\":\"https:\/\/chemsfine.com\/#\/schema\/logo\/image\/\",\"url\":\"https:\/\/chemsfine.com\/wp-content\/uploads\/2024\/09\/final-logo.png\",\"contentUrl\":\"https:\/\/chemsfine.com\/wp-content\/uploads\/2024\/09\/final-logo.png\",\"width\":340,\"height\":72,\"caption\":\"Chemsfine\"},\"image\":{\"@id\":\"https:\/\/chemsfine.com\/#\/schema\/logo\/image\/\"}}]}<\/script>\n<!-- \/ Yoast SEO plugin. -->","yoast_head_json":{"title":"K\u00f6p Salvia-pulver online - Premiumkvalitet p\u00e5 Chemsfine","description":"Utforska premium Salvia Powder till salu p\u00e5 Chemsfine. Uppt\u00e4ck \u00e4kta Salvia divinorum, f\u00f6rst\u00e5 dess traditionella anv\u00e4ndningsomr\u00e5den, effekter och ansvarsfull dosering. Best\u00e4ll online nu!","robots":{"index":"index","follow":"follow","max-snippet":"max-snippet:-1","max-image-preview":"max-image-preview:large","max-video-preview":"max-video-preview:-1"},"canonical":"https:\/\/chemsfine.com\/sv\/produkt\/buy-salvia-powder-online\/","og_locale":"sv_SE","og_type":"article","og_title":"Buy Salvia Powder Online - Premium Quality at Chemsfine","og_description":"Explore premium Salvia Powder for sale at Chemsfine. Discover authentic Salvia divinorum, understand its traditional uses, effects, and responsible dosage. Order online now!","og_url":"https:\/\/chemsfine.com\/sv\/produkt\/buy-salvia-powder-online\/","og_site_name":"Chemsfine","article_modified_time":"2026-03-25T12:45:52+00:00","og_image":[{"width":458,"height":458,"url":"https:\/\/chemsfine.com\/wp-content\/uploads\/2026\/02\/salvia-powder-1.jpg","type":"image\/jpeg"}],"twitter_card":"summary_large_image","twitter_misc":{"Ber\u00e4knad l\u00e4stid":"7 minuter"},"schema":{"@context":"https:\/\/schema.org","@graph":[{"@type":"WebPage","@id":"https:\/\/chemsfine.com\/product\/buy-salvia-powder-online\/","url":"https:\/\/chemsfine.com\/product\/buy-salvia-powder-online\/","name":"K\u00f6p Salvia-pulver online - Premiumkvalitet p\u00e5 Chemsfine","isPartOf":{"@id":"https:\/\/chemsfine.com\/#website"},"primaryImageOfPage":{"@id":"https:\/\/chemsfine.com\/product\/buy-salvia-powder-online\/#primaryimage"},"image":{"@id":"https:\/\/chemsfine.com\/product\/buy-salvia-powder-online\/#primaryimage"},"thumbnailUrl":"https:\/\/chemsfine.com\/wp-content\/uploads\/2026\/02\/salvia-powder-1.jpg","datePublished":"2026-02-12T10:07:37+00:00","dateModified":"2026-03-25T12:45:52+00:00","description":"Utforska premium Salvia Powder till salu p\u00e5 Chemsfine. Uppt\u00e4ck \u00e4kta Salvia divinorum, f\u00f6rst\u00e5 dess traditionella anv\u00e4ndningsomr\u00e5den, effekter och ansvarsfull dosering. Best\u00e4ll online nu!","breadcrumb":{"@id":"https:\/\/chemsfine.com\/product\/buy-salvia-powder-online\/#breadcrumb"},"inLanguage":"sv-SE","potentialAction":[{"@type":"ReadAction","target":["https:\/\/chemsfine.com\/product\/buy-salvia-powder-online\/"]}]},{"@type":"ImageObject","inLanguage":"sv-SE","@id":"https:\/\/chemsfine.com\/product\/buy-salvia-powder-online\/#primaryimage","url":"https:\/\/chemsfine.com\/wp-content\/uploads\/2026\/02\/salvia-powder-1.jpg","contentUrl":"https:\/\/chemsfine.com\/wp-content\/uploads\/2026\/02\/salvia-powder-1.jpg","width":458,"height":458},{"@type":"BreadcrumbList","@id":"https:\/\/chemsfine.com\/product\/buy-salvia-powder-online\/#breadcrumb","itemListElement":[{"@type":"ListItem","position":1,"name":"Home","item":"https:\/\/chemsfine.com\/"},{"@type":"ListItem","position":2,"name":"Shop","item":"https:\/\/chemsfine.com\/shop\/"},{"@type":"ListItem","position":3,"name":"Salvia Powder \u2013 Buy Premium Quality Online"}]},{"@type":"WebSite","@id":"https:\/\/chemsfine.com\/#website","url":"https:\/\/chemsfine.com\/","name":"Chemsfine","description":"Min WordPress-blogg","publisher":{"@id":"https:\/\/chemsfine.com\/#organization"},"potentialAction":[{"@type":"SearchAction","target":{"@type":"EntryPoint","urlTemplate":"https:\/\/chemsfine.com\/?s={search_term_string}"},"query-input":{"@type":"PropertyValueSpecification","valueRequired":true,"valueName":"search_term_string"}}],"inLanguage":"sv-SE"},{"@type":"Organization","@id":"https:\/\/chemsfine.com\/#organization","name":"Chemsfine","url":"https:\/\/chemsfine.com\/","logo":{"@type":"ImageObject","inLanguage":"sv-SE","@id":"https:\/\/chemsfine.com\/#\/schema\/logo\/image\/","url":"https:\/\/chemsfine.com\/wp-content\/uploads\/2024\/09\/final-logo.png","contentUrl":"https:\/\/chemsfine.com\/wp-content\/uploads\/2024\/09\/final-logo.png","width":340,"height":72,"caption":"Chemsfine"},"image":{"@id":"https:\/\/chemsfine.com\/#\/schema\/logo\/image\/"}}]}},"_links":{"self":[{"href":"https:\/\/chemsfine.com\/sv\/wp-json\/wp\/v2\/product\/6545","targetHints":{"allow":["GET"]}}],"collection":[{"href":"https:\/\/chemsfine.com\/sv\/wp-json\/wp\/v2\/product"}],"about":[{"href":"https:\/\/chemsfine.com\/sv\/wp-json\/wp\/v2\/types\/product"}],"replies":[{"embeddable":true,"href":"https:\/\/chemsfine.com\/sv\/wp-json\/wp\/v2\/comments?post=6545"}],"wp:featuredmedia":[{"embeddable":true,"href":"https:\/\/chemsfine.com\/sv\/wp-json\/wp\/v2\/media\/6583"}],"wp:attachment":[{"href":"https:\/\/chemsfine.com\/sv\/wp-json\/wp\/v2\/media?parent=6545"}],"wp:term":[{"taxonomy":"product_brand","embeddable":true,"href":"https:\/\/chemsfine.com\/sv\/wp-json\/wp\/v2\/product_brand?post=6545"},{"taxonomy":"product_cat","embeddable":true,"href":"https:\/\/chemsfine.com\/sv\/wp-json\/wp\/v2\/product_cat?post=6545"},{"taxonomy":"product_tag","embeddable":true,"href":"https:\/\/chemsfine.com\/sv\/wp-json\/wp\/v2\/product_tag?post=6545"}],"curies":[{"name":"wp","href":"https:\/\/api.w.org\/{rel}","templated":true}]}}