{"id":6622,"date":"2026-02-12T10:09:14","date_gmt":"2026-02-12T10:09:14","guid":{"rendered":"https:\/\/chemsfine.com\/?post_type=product&#038;p=6622"},"modified":"2026-03-25T12:41:37","modified_gmt":"2026-03-25T12:41:37","slug":"buy-afghani-bullrider-hash","status":"publish","type":"product","link":"https:\/\/chemsfine.com\/sv\/product\/buy-afghani-bullrider-hash\/","title":{"rendered":"Afghani Bullrider Hash: Premium AAAA-koncentrat | K\u00f6p online nu"},"content":{"rendered":"<h1>K\u00f6p Afghani Bullrider Hash online p\u00e5 chemsfine.<\/h1>\n<p>F\u00f6rb\u00e4ttra din upplevelse med <b>Afghani Bullrider Hash till salu<\/b>, ett exceptionellt koncentrat som f\u00f6rkroppsligar toppen av cannabishantverk. Om du letar efter <b>k\u00f6pa Afghani Bullrider Hash<\/b> online erbjuder chemsfine ett f\u00f6rstklassigt urval f\u00f6r kr\u00e4sna entusiaster. Det h\u00e4r \u00e4r inte vilket koncentrat som helst; det \u00e4r ett vittnesb\u00f6rd om ett rikt arv, noggrant utformat f\u00f6r att ge en o\u00f6vertr\u00e4ffad upplevelse. Uppt\u00e4ck de djupg\u00e5ende effekterna och den uts\u00f6kta profilen hos denna AAAA-klassade hasch, ett definitivt val f\u00f6r dem som uppskattar en djup koppling till klassisk cannabiskultur genom en sofistikerad, h\u00f6gpresterande produkt. Upplev skillnaden som kommer fr\u00e5n att best\u00e4lla <b>\u00e4kta Afghani Bullrider Hash<\/b>, k\u00e4nd f\u00f6r sin orubbliga kvalitet och potenta effekter, exklusivt tillg\u00e4nglig p\u00e5 chemsfine. K\u00f6p nu online och upplev den o\u00f6vertr\u00e4ffade standarden f\u00f6r excellens.<\/p>\n<h2>Vad \u00e4r Afghani Bullrider Hash?<\/h2>\n<p>Afghani Bullrider Hash st\u00e5r som en fyr av kvalitet i v\u00e4rlden av cannabiskoncentrat. Det h\u00e4rr\u00f6r fr\u00e5n en legendarisk sl\u00e4kt, speciellt konstruerad f\u00f6r djupg\u00e5ende p\u00e5verkan. Till skillnad fr\u00e5n typiska cannabisprodukter \u00e4r denna hash en koncentrerad form, skapad av t\u00e4ta, hartsdr\u00e4nkta knoppar f\u00f6r att maximera styrka och smak. Det representerar ett \u00f6verl\u00e4gset koncentrat som erbjuder en intensiv och ren upplevelse. N\u00e4r du s\u00f6ker <b>Afghani Bullrider Hash av h\u00f6gsta kvalitet<\/b>, Du letar efter en produkt som uppr\u00e4tth\u00e5ller rigor\u00f6sa standarder f\u00f6r odling och extraktion, vilket s\u00e4kerst\u00e4ller en rik THC-profil och komplex sensorisk resa. Det h\u00e4r \u00e4r en produkt som ger en potent, l\u00e5ngvarig effekt, l\u00e4mplig f\u00f6r erfarna anv\u00e4ndare som s\u00f6ker allvarlig l\u00e4ttnad och djup avkoppling.<\/p>\n<h2>Varf\u00f6r k\u00f6pa Afghani Bullrider Hash online p\u00e5 chemsfine?<\/h2>\n<p>Att v\u00e4lja var man ska <b>k\u00f6pa Afghani Bullrider Hash online<\/b> \u00e4r av yttersta vikt f\u00f6r att s\u00e4kerst\u00e4lla kvalitet och \u00e4kthet. P\u00e5 chemsfine \u00e4r vi fast beslutna att endast tillhandah\u00e5lla <b>b\u00e4sta Afghani Bullrider Hash tillg\u00e4ngliga<\/b>, som kommer fr\u00e5n expertodlare och bearbetas med noggrann omsorg. V\u00e5r plattform s\u00e4kerst\u00e4ller en <b>s\u00e4kert k\u00f6p<\/b>, vilket ger dig sinnesfrid vid varje best\u00e4llning. Vi f\u00f6rst\u00e5r vikten av f\u00f6rtroende och kvalitet, varf\u00f6r varje sats hanteras med st\u00f6rsta m\u00f6jliga professionalism. Upplev o\u00f6vertr\u00e4ffad kundservice och diskret leverans n\u00e4r du v\u00e4ljer chemsfine f\u00f6r dina premiumbehov av cannabiskoncentrat. Vi str\u00e4var efter att erbjuda <b>h\u00f6g renhet till salu<\/b>, och levererar en produkt som konsekvent uppfyller och \u00f6vertr\u00e4ffar f\u00f6rv\u00e4ntningarna p\u00e5 styrka och terapeutisk effekt. F\u00f6r ett bredare urval, utforska v\u00e5rt breda sortiment av <a href=\"https:\/\/chemsfine.com\/sv\/produkt\/kopa-cannabis-hasch-online-till-salu\/\">premium cannabis hasch online<\/a>.<\/p>\n<h2>Viktiga funktioner<\/h2>\n<ul>\n<li><b><strong>Tung Indica-dominans:<\/strong><\/b> Med en 90% Indica och 10% Sativa-f\u00f6rh\u00e5llande \u00e4r denna formulering konstruerad f\u00f6r djup avslappning och sedering.<\/li>\n<li><b><strong>Profil med h\u00f6g potens:<\/strong><\/b> Med ett THC-inneh\u00e5ll mellan 40-60% s\u00e4kerst\u00e4ller det en kraftfull, l\u00e5ngvarig effekt som \u00e4r l\u00e4mplig f\u00f6r erfarna anv\u00e4ndare.<\/li>\n<li><b><strong>Komplex smakpalett:<\/strong><\/b> En robust blandning av jordig tall, s\u00f6t krydda och tr\u00e4iga \u00f6rttoner skapar en rik smakupplevelse.<\/li>\n<li><b><strong>AAAA Premium Grade:<\/strong><\/b> Representerar h\u00f6gsta kvalitet, tillverkad av t\u00e4ta, hartsdr\u00e4nkta knoppar f\u00f6r att producera ett \u00f6verl\u00e4gset koncentrat.<\/li>\n<\/ul>\n<h2>Terapeutiska f\u00f6rdelar och effekter<\/h2>\n<p>Afghani Bullrider Hash \u00e4r utformad f\u00f6r dem som beh\u00f6ver allvarlig l\u00e4ttnad och utm\u00e4rker sig f\u00f6r att lugna kroppen och lugna sinnet. Dess potenta lugnande egenskaper g\u00f6r det till en exceptionell allierad mot kronisk sm\u00e4rta, muskelspasmer och envis s\u00f6mnl\u00f6shet. N\u00e4r den tunga kroppsk\u00e4nslan tar tag, uppl\u00f6ses mental stress och \u00e5ngest, ersatt av en djup k\u00e4nsla av lugn som enkelt f\u00f6rbereder dig f\u00f6r en vilsam natt. F\u00f6r fler premiumalternativ, \u00f6verv\u00e4ga att utforska v\u00e5rt kompletta sortiment av <a href=\"https:\/\/chemsfine.com\/sv\/produkt\/kopa-cannabis-hasch-online-till-salu\/\">haschprodukter<\/a>.<\/p>\n<h2>Arom och r\u00f6kupplevelse<\/h2>\n<p>F\u00f6rbered dina sinnen f\u00f6r en rik, aromatisk resa med Afghani Bullrider Hash. Detta koncentrat sl\u00e4pper ut en skarp, jordig bukett accentuerad av s\u00f6t tall och traditionella hashnoter. Vid konsumtion producerar den en otroligt sl\u00e4t, kr\u00e4mig r\u00f6k som t\u00e4cker gommen utan h\u00e5rdhet. Upplevelsen \u00e4r taktil och uppslukande och ger en lyxig munk\u00e4nsla fr\u00e5n den f\u00f6rsta inandningen till den l\u00e5ngvariga, kryddiga finishen. Den erbjuder verkligen en unik och tillfredsst\u00e4llande r\u00f6kprofil.<\/p>\n<h2>Effekter och erfarenheter:<\/h2>\n<p>Uppt\u00e4ck de kraftfulla effekterna av Afghani Bullrider Hash: Djup avslappning, eufori och mer<\/p>\n<p>Afghani Bullrider Hash \u00e4r k\u00e4nt f\u00f6r sina kraftfulla och v\u00e4lbalanserade effekter, vilket g\u00f6r det till ett toppval f\u00f6r dem som s\u00f6ker en blandning av avkoppling och eufori. H\u00e4r \u00e4r vad du kan f\u00f6rv\u00e4nta dig av denna premium cannabisprodukt:<\/p>\n<ul>\n<li><strong>Djup avslappning<\/strong>: Med sina indica-dominerande egenskaper erbjuder denna hasch djup avkoppling, perfekt f\u00f6r stressavlastning och varva ner efter en l\u00e5ng dag. Dess lugnande effekter \u00e4r en viktig anledning till att m\u00e5nga v\u00e4nder sig till denna hash f\u00f6r fred och lugn.<\/li>\n<li><strong>Euforisk k\u00e4nsla<\/strong>: Sativa-komponenterna i denna Hash ger en glad och upplyftande upplevelse, f\u00f6rb\u00e4ttrar ditt hum\u00f6r och fr\u00e4mjar en positiv syn. Det \u00e4r ett utm\u00e4rkt alternativ f\u00f6r dem som vill h\u00f6ja sina andar.<\/li>\n<li><strong>F\u00f6rb\u00e4ttrad fokus och mental klarhet<\/strong>: Afghani Bullrider Hash firas ocks\u00e5 f\u00f6r att \u00f6ka fokus och klarhet. Anv\u00e4ndare upplever ofta \u00f6kad kreativitet och introspektion, vilket g\u00f6r den idealisk f\u00f6r konstn\u00e4rliga str\u00e4vanden eller djupt t\u00e4nkande.<\/li>\n<li><strong>Kraftfull kroppsh\u00f6jd<\/strong>: Afghani Bullrider Hash \u00e4r k\u00e4nd f\u00f6r sin intensiva kroppsh\u00f6jd och kan hj\u00e4lpa till att lindra fysiskt obehag och sp\u00e4nning. Dess potenta effekter uppskattas av dem som s\u00f6ker l\u00e4ttnad fr\u00e5n olika sjukdomar.<\/li>\n<\/ul>\n<p>Att inf\u00f6rliva Afghani Bullrider Hash i din rutin kan erbjuda en unik och berikande upplevelse, oavsett om du s\u00f6ker avkoppling, eufori, kreativitet eller l\u00e4ttnad. Utforska f\u00f6rdelarna med Afghani Bullrider Hash och f\u00f6rh\u00f6j din <a href=\"https:\/\/chemsfine.com\/sv\/produkt\/kopa-cannabis-hasch-online-till-salu\/\">cannabiskoncentrat<\/a> erfarenhet. Detta koncentrat ger ett omfattande utbud av \u00f6nskv\u00e4rda effekter.<\/p>\n<h2>Medicinska f\u00f6rm\u00e5ner:<\/h2>\n<p>Afghani Bullrider Hash utvidgar sina terapeutiska f\u00f6rdelar till olika medicinska tillst\u00e5nd och erbjuder naturliga alternativ f\u00f6r v\u00e4lbefinnande:<\/p>\n<ol>\n<li><b>Kronisk sm\u00e4rtlindring:<\/b> Uppt\u00e4ck hur Afghani Bullrider Hash kan erbjuda en naturlig l\u00f6sning f\u00f6r sm\u00e4rtlindring. Dess avslappnande effekter kan hj\u00e4lpa dem som lider av kronisk sm\u00e4rta att f\u00e5 lindring, vilket ger ett alternativ till konventionella behandlingar. Utforska f\u00f6rdelarna med Afghani Bullrider Hash f\u00f6r kronisk sm\u00e4rtlindring idag.<\/li>\n<li><strong>Stress och \u00e5ngest:<\/strong> Upplev de lugnande och euforiska effekterna som hj\u00e4lper till att minska stress och \u00e5ngest, vilket ger l\u00e4ttnad fr\u00e5n dagliga p\u00e5frestningar. Uppt\u00e4ck s\u00e4tt att lindra stress och finna ro i din vardag.<\/li>\n<li><strong>S\u00f6mnl\u00f6shet:<\/strong> Afghani Bullrider Hash lugnande effekter kan fungera som ett naturligt botemedel mot s\u00f6mnl\u00f6shet, vilket hj\u00e4lper individer att uppn\u00e5 en mer lugn och vilsam s\u00f6mn. Detta potentiella s\u00f6mnhj\u00e4lpmedel \u00e4r perfekt f\u00f6r dem som s\u00f6ker naturliga l\u00f6sningar f\u00f6r att f\u00f6rb\u00e4ttra sin s\u00f6mnkvalitet.<\/li>\n<li><strong>Hum\u00f6rst\u00f6rningar:<\/strong> Afghani Bullrider Hash hum\u00f6rh\u00f6jande f\u00f6rdelar kan erbjuda betydande l\u00e4ttnad f\u00f6r dem som k\u00e4mpar med hum\u00f6rst\u00f6rningar, vilket fr\u00e4mjar en mer positiv mental syn. Den h\u00e4r popul\u00e4ra cannabisstammen \u00e4r k\u00e4nd f\u00f6r sin potential att lyfta hum\u00f6ret och kan vara en effektiv naturlig l\u00f6sning f\u00f6r att f\u00f6rb\u00e4ttra mental h\u00e4lsa och v\u00e4lbefinnande.<\/li>\n<\/ol>\n<p>F\u00f6r personer som hanterar dessa tillst\u00e5nd erbjuder Afghani Bullrider Hash ett holistiskt syns\u00e4tt p\u00e5 v\u00e4lbefinnande.<\/p>\n<h2>Till\u00e4mpningar av Afghani Bullrider Hash<\/h2>\n<table>\n<thead>\n<tr>\n<th>Applikationsfokus<\/th>\n<th>F\u00f6rdel\/anv\u00e4ndningsfall<\/th>\n<\/tr>\n<\/thead>\n<tbody>\n<tr>\n<td><b>Djup avslappning<\/b><\/td>\n<td>Idealisk f\u00f6r anv\u00e4ndning p\u00e5 kv\u00e4llen, f\u00f6r att fr\u00e4mja djupt lugn och stresslindring.<\/td>\n<\/tr>\n<tr>\n<td><b>Sm\u00e4rtlindring<\/b><\/td>\n<td>Hj\u00e4lper till att lindra kronisk sm\u00e4rta, muskelspasmer och fysiskt obehag.<\/td>\n<\/tr>\n<tr>\n<td><b>S\u00f6mnmedel<\/b><\/td>\n<td>St\u00f6djer vilsam s\u00f6mn och motverkar envis s\u00f6mnl\u00f6shet genom lugnande egenskaper.<\/td>\n<\/tr>\n<tr>\n<td><b>F\u00f6rb\u00e4ttring av hum\u00f6ret<\/b><\/td>\n<td>Hj\u00e4lper till att lyfta hum\u00f6ret och mildra symtom p\u00e5 stress och \u00e5ngest, vilket fr\u00e4mjar en positiv syn.<\/td>\n<\/tr>\n<tr>\n<td><b>Mental klarhet<\/b><\/td>\n<td>F\u00f6rb\u00e4ttrar fokus, kreativitet och introspektion f\u00f6r konstn\u00e4rliga eller tankev\u00e4ckande sysslor.<\/td>\n<\/tr>\n<tr>\n<td><b>Anv\u00e4ndning f\u00f6r rekreation<\/b><\/td>\n<td>Ger eufori och en kraftfull kroppsh\u00f6jd f\u00f6r erfarna anv\u00e4ndare som s\u00f6ker en premiumupplevelse.<\/td>\n<\/tr>\n<\/tbody>\n<\/tr> <\/tr>.\n<\/table>\n<h2>S\u00e4kerhet och efterlevnad<\/h2>\n<p>N\u00e4r du hanterar ett potent koncentrat som Afghani Bullrider Hash \u00e4r det viktigt att f\u00f6lja s\u00e4kerhetsriktlinjerna. Anv\u00e4ndare b\u00f6r vara medvetna om regionala best\u00e4mmelser om cannabisprodukter. Vi rekommenderar att du b\u00f6rjar med en l\u00e5g dos och justerar den utifr\u00e5n din personliga tolerans. Konsumera alltid ansvarsfullt i en kontrollerad milj\u00f6. Vi tillhandah\u00e5ller omfattande produktinformation och laboratorietestresultat f\u00f6r att s\u00e4kerst\u00e4lla kvalitet och konsuments\u00e4kerhet. K\u00f6p din produkt <a href=\"https:\/\/chemsfine.com\/sv\/produkt\/kopa-cannabis-hasch-online-till-salu\/\">hasch av h\u00f6g kvalitet<\/a> fr\u00e5n v\u00e4lrenommerade k\u00e4llor som chemsfine.<\/p>\n<h2>Varf\u00f6r v\u00e4lja chemsfine f\u00f6r dina premiumkoncentrat?<\/h2>\n<p>P\u00e5 chemsfine utm\u00e4rker vi oss genom att erbjuda en transparent och p\u00e5litlig k\u00f6pupplevelse. N\u00e4r du best\u00e4mmer dig f\u00f6r att <b>Best\u00e4ll Afghani Bullrider Hash online<\/b> Fr\u00e5n oss f\u00e5r du tillg\u00e5ng till verifierade batchregister och konkurrenskraftiga priser. V\u00e5rt engagemang f\u00f6r kvalitet s\u00e4kerst\u00e4ller att du f\u00e5r en \u00e4kta, h\u00f6gkvalitativ produkt varje g\u00e5ng. Vi prioriterar kundn\u00f6jdhet och erbjuder diskret och effektiv service. Lita p\u00e5 att chemsfine \u00e4r din b\u00e4sta k\u00e4lla f\u00f6r premium cannabiskoncentrat. Vi g\u00f6r det enkelt att <b>K\u00f6p nu online<\/b>, som s\u00e4kerst\u00e4ller en s\u00f6ml\u00f6s transaktion fr\u00e5n urval till leverans, och som endast levererar de finaste <b>Afghani Hash<\/b> direkt till dig.<\/p>\n<h2>Slutsats<\/h2>\n<p>Sammanfattningsvis \u00e4r Afghani Bullrider Hash mer \u00e4n bara ett koncentrat; det \u00e4r en upplevelse av djup avslappning, terapeutisk lindring och rik sensorisk njutning. Dess AAAA-klassade kvalitet, i kombination med en potent profil och komplexa smaker, g\u00f6r det till ett enast\u00e5ende val f\u00f6r b\u00e5de finsmakare och de som s\u00f6ker effektiv lindring. Missa inte m\u00f6jligheten att integrera denna exceptionella produkt i din h\u00e4lsorutin. Vi inbjuder dig att <b>k\u00f6pa Afghani Bullrider Hash till salu<\/b> p\u00e5 chemsfine idag och f\u00f6rh\u00f6j din cannabisresa med en verkligt \u00f6verl\u00e4gsen produkt. Upplev den excellens som definierar v\u00e5rt urval.<\/p>","protected":false},"excerpt":{"rendered":"<p>Upplev den legendariska <b>Afghani Bullrider Hash<\/b>, ett AAAA-klassat koncentrat som \u00e4r k\u00e4nt f\u00f6r sin kraftiga indica-dominans och 40-60% THC. Erbjuder djup avslappning, euforiska k\u00e4nslor och betydande terapeutiska f\u00f6rdelar f\u00f6r sm\u00e4rta och s\u00f6mnl\u00f6shet, detta <b>premium Afghani Hash<\/b> levererar en komplex smakpalett av jordn\u00e4ra tall och s\u00f6t krydda. K\u00f6p detta exceptionella koncentrat p\u00e5 chemsfine f\u00f6r en verkligt h\u00f6gpresterande upplevelse.<\/p>","protected":false},"featured_media":6636,"comment_status":"open","ping_status":"closed","template":"","meta":{"_joinchat":[]},"product_brand":[],"product_cat":[942],"product_tag":[],"class_list":{"0":"post-6622","1":"product","2":"type-product","3":"status-publish","4":"has-post-thumbnail","6":"product_cat-hashish","8":"first","9":"instock","10":"shipping-taxable","11":"purchasable","12":"product-type-variable"},"yoast_head":"<!-- This site is optimized with the Yoast SEO plugin v27.2 - https:\/\/yoast.com\/product\/yoast-seo-wordpress\/ -->\n<title>Buy Afghani Bullrider Hash Online: Premium Quality Available<\/title>\n<meta name=\"description\" content=\"Discover Afghani Bullrider Hash, a premium AAAA concentrate. Experience profound relaxation and euphoria. Buy now online at chemsfine for potent effects.\" \/>\n<meta name=\"robots\" content=\"index, follow, max-snippet:-1, max-image-preview:large, max-video-preview:-1\" \/>\n<link rel=\"canonical\" href=\"https:\/\/chemsfine.com\/sv\/produkt\/buy-afghani-bullrider-hash\/\" \/>\n<meta property=\"og:locale\" content=\"sv_SE\" \/>\n<meta property=\"og:type\" content=\"article\" \/>\n<meta property=\"og:title\" content=\"Buy Afghani Bullrider Hash Online: Premium Quality Available\" \/>\n<meta property=\"og:description\" content=\"Discover Afghani Bullrider Hash, a premium AAAA concentrate. Experience profound relaxation and euphoria. Buy now online at chemsfine for potent effects.\" \/>\n<meta property=\"og:url\" content=\"https:\/\/chemsfine.com\/sv\/produkt\/buy-afghani-bullrider-hash\/\" \/>\n<meta property=\"og:site_name\" content=\"Chemsfine\" \/>\n<meta property=\"article:modified_time\" content=\"2026-03-25T12:41:37+00:00\" \/>\n<meta property=\"og:image\" content=\"https:\/\/chemsfine.com\/wp-content\/uploads\/2026\/02\/layer-cake-shatter-bulk-buddy-online-dispensary-canada-2.jpg\" \/>\n\t<meta property=\"og:image:width\" content=\"500\" \/>\n\t<meta property=\"og:image:height\" content=\"500\" \/>\n\t<meta property=\"og:image:type\" content=\"image\/jpeg\" \/>\n<meta name=\"twitter:card\" content=\"summary_large_image\" \/>\n<meta name=\"twitter:label1\" content=\"Ber\u00e4knad l\u00e4stid\" \/>\n\t<meta name=\"twitter:data1\" content=\"7 minuter\" \/>\n<script type=\"application\/ld+json\" class=\"yoast-schema-graph\">{\"@context\":\"https:\/\/schema.org\",\"@graph\":[{\"@type\":\"WebPage\",\"@id\":\"https:\/\/chemsfine.com\/product\/buy-afghani-bullrider-hash\/\",\"url\":\"https:\/\/chemsfine.com\/product\/buy-afghani-bullrider-hash\/\",\"name\":\"Buy Afghani Bullrider Hash Online: Premium Quality Available\",\"isPartOf\":{\"@id\":\"https:\/\/chemsfine.com\/#website\"},\"primaryImageOfPage\":{\"@id\":\"https:\/\/chemsfine.com\/product\/buy-afghani-bullrider-hash\/#primaryimage\"},\"image\":{\"@id\":\"https:\/\/chemsfine.com\/product\/buy-afghani-bullrider-hash\/#primaryimage\"},\"thumbnailUrl\":\"https:\/\/chemsfine.com\/wp-content\/uploads\/2026\/02\/layer-cake-shatter-bulk-buddy-online-dispensary-canada-2.jpg\",\"datePublished\":\"2026-02-12T10:09:14+00:00\",\"dateModified\":\"2026-03-25T12:41:37+00:00\",\"description\":\"Discover Afghani Bullrider Hash, a premium AAAA concentrate. Experience profound relaxation and euphoria. Buy now online at chemsfine for potent effects.\",\"breadcrumb\":{\"@id\":\"https:\/\/chemsfine.com\/product\/buy-afghani-bullrider-hash\/#breadcrumb\"},\"inLanguage\":\"sv-SE\",\"potentialAction\":[{\"@type\":\"ReadAction\",\"target\":[\"https:\/\/chemsfine.com\/product\/buy-afghani-bullrider-hash\/\"]}]},{\"@type\":\"ImageObject\",\"inLanguage\":\"sv-SE\",\"@id\":\"https:\/\/chemsfine.com\/product\/buy-afghani-bullrider-hash\/#primaryimage\",\"url\":\"https:\/\/chemsfine.com\/wp-content\/uploads\/2026\/02\/layer-cake-shatter-bulk-buddy-online-dispensary-canada-2.jpg\",\"contentUrl\":\"https:\/\/chemsfine.com\/wp-content\/uploads\/2026\/02\/layer-cake-shatter-bulk-buddy-online-dispensary-canada-2.jpg\",\"width\":500,\"height\":500},{\"@type\":\"BreadcrumbList\",\"@id\":\"https:\/\/chemsfine.com\/product\/buy-afghani-bullrider-hash\/#breadcrumb\",\"itemListElement\":[{\"@type\":\"ListItem\",\"position\":1,\"name\":\"Home\",\"item\":\"https:\/\/chemsfine.com\/\"},{\"@type\":\"ListItem\",\"position\":2,\"name\":\"Shop\",\"item\":\"https:\/\/chemsfine.com\/shop\/\"},{\"@type\":\"ListItem\",\"position\":3,\"name\":\"Afghani Bullrider Hash: Premium AAAA Concentrate | Buy Online Now\"}]},{\"@type\":\"WebSite\",\"@id\":\"https:\/\/chemsfine.com\/#website\",\"url\":\"https:\/\/chemsfine.com\/\",\"name\":\"Chemsfine\",\"description\":\"My WordPress Blog\",\"publisher\":{\"@id\":\"https:\/\/chemsfine.com\/#organization\"},\"potentialAction\":[{\"@type\":\"SearchAction\",\"target\":{\"@type\":\"EntryPoint\",\"urlTemplate\":\"https:\/\/chemsfine.com\/?s={search_term_string}\"},\"query-input\":{\"@type\":\"PropertyValueSpecification\",\"valueRequired\":true,\"valueName\":\"search_term_string\"}}],\"inLanguage\":\"sv-SE\"},{\"@type\":\"Organization\",\"@id\":\"https:\/\/chemsfine.com\/#organization\",\"name\":\"Chemsfine\",\"url\":\"https:\/\/chemsfine.com\/\",\"logo\":{\"@type\":\"ImageObject\",\"inLanguage\":\"sv-SE\",\"@id\":\"https:\/\/chemsfine.com\/#\/schema\/logo\/image\/\",\"url\":\"https:\/\/chemsfine.com\/wp-content\/uploads\/2024\/09\/final-logo.png\",\"contentUrl\":\"https:\/\/chemsfine.com\/wp-content\/uploads\/2024\/09\/final-logo.png\",\"width\":340,\"height\":72,\"caption\":\"Chemsfine\"},\"image\":{\"@id\":\"https:\/\/chemsfine.com\/#\/schema\/logo\/image\/\"}}]}<\/script>\n<!-- \/ Yoast SEO plugin. -->","yoast_head_json":{"title":"K\u00f6p Afghani Bullrider Hash online: Premiumkvalitet tillg\u00e4nglig","description":"Uppt\u00e4ck Afghani Bullrider Hash, ett premium AAAA-koncentrat. Upplev djup avslappning och eufori. K\u00f6p nu online p\u00e5 chemsfine f\u00f6r potenta effekter.","robots":{"index":"index","follow":"follow","max-snippet":"max-snippet:-1","max-image-preview":"max-image-preview:large","max-video-preview":"max-video-preview:-1"},"canonical":"https:\/\/chemsfine.com\/sv\/produkt\/buy-afghani-bullrider-hash\/","og_locale":"sv_SE","og_type":"article","og_title":"Buy Afghani Bullrider Hash Online: Premium Quality Available","og_description":"Discover Afghani Bullrider Hash, a premium AAAA concentrate. Experience profound relaxation and euphoria. Buy now online at chemsfine for potent effects.","og_url":"https:\/\/chemsfine.com\/sv\/produkt\/buy-afghani-bullrider-hash\/","og_site_name":"Chemsfine","article_modified_time":"2026-03-25T12:41:37+00:00","og_image":[{"width":500,"height":500,"url":"https:\/\/chemsfine.com\/wp-content\/uploads\/2026\/02\/layer-cake-shatter-bulk-buddy-online-dispensary-canada-2.jpg","type":"image\/jpeg"}],"twitter_card":"summary_large_image","twitter_misc":{"Ber\u00e4knad l\u00e4stid":"7 minuter"},"schema":{"@context":"https:\/\/schema.org","@graph":[{"@type":"WebPage","@id":"https:\/\/chemsfine.com\/product\/buy-afghani-bullrider-hash\/","url":"https:\/\/chemsfine.com\/product\/buy-afghani-bullrider-hash\/","name":"K\u00f6p Afghani Bullrider Hash online: Premiumkvalitet tillg\u00e4nglig","isPartOf":{"@id":"https:\/\/chemsfine.com\/#website"},"primaryImageOfPage":{"@id":"https:\/\/chemsfine.com\/product\/buy-afghani-bullrider-hash\/#primaryimage"},"image":{"@id":"https:\/\/chemsfine.com\/product\/buy-afghani-bullrider-hash\/#primaryimage"},"thumbnailUrl":"https:\/\/chemsfine.com\/wp-content\/uploads\/2026\/02\/layer-cake-shatter-bulk-buddy-online-dispensary-canada-2.jpg","datePublished":"2026-02-12T10:09:14+00:00","dateModified":"2026-03-25T12:41:37+00:00","description":"Uppt\u00e4ck Afghani Bullrider Hash, ett premium AAAA-koncentrat. Upplev djup avslappning och eufori. K\u00f6p nu online p\u00e5 chemsfine f\u00f6r potenta effekter.","breadcrumb":{"@id":"https:\/\/chemsfine.com\/product\/buy-afghani-bullrider-hash\/#breadcrumb"},"inLanguage":"sv-SE","potentialAction":[{"@type":"ReadAction","target":["https:\/\/chemsfine.com\/product\/buy-afghani-bullrider-hash\/"]}]},{"@type":"ImageObject","inLanguage":"sv-SE","@id":"https:\/\/chemsfine.com\/product\/buy-afghani-bullrider-hash\/#primaryimage","url":"https:\/\/chemsfine.com\/wp-content\/uploads\/2026\/02\/layer-cake-shatter-bulk-buddy-online-dispensary-canada-2.jpg","contentUrl":"https:\/\/chemsfine.com\/wp-content\/uploads\/2026\/02\/layer-cake-shatter-bulk-buddy-online-dispensary-canada-2.jpg","width":500,"height":500},{"@type":"BreadcrumbList","@id":"https:\/\/chemsfine.com\/product\/buy-afghani-bullrider-hash\/#breadcrumb","itemListElement":[{"@type":"ListItem","position":1,"name":"Home","item":"https:\/\/chemsfine.com\/"},{"@type":"ListItem","position":2,"name":"Shop","item":"https:\/\/chemsfine.com\/shop\/"},{"@type":"ListItem","position":3,"name":"Afghani Bullrider Hash: Premium AAAA Concentrate | Buy Online Now"}]},{"@type":"WebSite","@id":"https:\/\/chemsfine.com\/#website","url":"https:\/\/chemsfine.com\/","name":"Chemsfine","description":"Min WordPress-blogg","publisher":{"@id":"https:\/\/chemsfine.com\/#organization"},"potentialAction":[{"@type":"SearchAction","target":{"@type":"EntryPoint","urlTemplate":"https:\/\/chemsfine.com\/?s={search_term_string}"},"query-input":{"@type":"PropertyValueSpecification","valueRequired":true,"valueName":"search_term_string"}}],"inLanguage":"sv-SE"},{"@type":"Organization","@id":"https:\/\/chemsfine.com\/#organization","name":"Chemsfine","url":"https:\/\/chemsfine.com\/","logo":{"@type":"ImageObject","inLanguage":"sv-SE","@id":"https:\/\/chemsfine.com\/#\/schema\/logo\/image\/","url":"https:\/\/chemsfine.com\/wp-content\/uploads\/2024\/09\/final-logo.png","contentUrl":"https:\/\/chemsfine.com\/wp-content\/uploads\/2024\/09\/final-logo.png","width":340,"height":72,"caption":"Chemsfine"},"image":{"@id":"https:\/\/chemsfine.com\/#\/schema\/logo\/image\/"}}]}},"_links":{"self":[{"href":"https:\/\/chemsfine.com\/sv\/wp-json\/wp\/v2\/product\/6622","targetHints":{"allow":["GET"]}}],"collection":[{"href":"https:\/\/chemsfine.com\/sv\/wp-json\/wp\/v2\/product"}],"about":[{"href":"https:\/\/chemsfine.com\/sv\/wp-json\/wp\/v2\/types\/product"}],"replies":[{"embeddable":true,"href":"https:\/\/chemsfine.com\/sv\/wp-json\/wp\/v2\/comments?post=6622"}],"wp:featuredmedia":[{"embeddable":true,"href":"https:\/\/chemsfine.com\/sv\/wp-json\/wp\/v2\/media\/6636"}],"wp:attachment":[{"href":"https:\/\/chemsfine.com\/sv\/wp-json\/wp\/v2\/media?parent=6622"}],"wp:term":[{"taxonomy":"product_brand","embeddable":true,"href":"https:\/\/chemsfine.com\/sv\/wp-json\/wp\/v2\/product_brand?post=6622"},{"taxonomy":"product_cat","embeddable":true,"href":"https:\/\/chemsfine.com\/sv\/wp-json\/wp\/v2\/product_cat?post=6622"},{"taxonomy":"product_tag","embeddable":true,"href":"https:\/\/chemsfine.com\/sv\/wp-json\/wp\/v2\/product_tag?post=6622"}],"curies":[{"name":"wp","href":"https:\/\/api.w.org\/{rel}","templated":true}]}}