{"id":6627,"date":"2026-02-12T10:09:15","date_gmt":"2026-02-12T10:09:15","guid":{"rendered":"https:\/\/chemsfine.com\/?post_type=product&#038;p=6627"},"modified":"2026-03-25T12:40:08","modified_gmt":"2026-03-25T12:40:08","slug":"buy-bc-king-hash","status":"publish","type":"product","link":"https:\/\/chemsfine.com\/sv\/product\/buy-bc-king-hash\/","title":{"rendered":"BC King Hash | Online k\u00f6p - Premium Cannabis-koncentrat"},"content":{"rendered":"<p>V\u00e4lkommen till Chemsfine, din p\u00e5litliga k\u00e4lla till <b>K\u00f6p BC King Hash till salu<\/b> online. Vi presenterar stolt BC King Hash, ett mycket eftertraktat cannabiskoncentrat som \u00e4r utformat f\u00f6r att leverera b\u00e5de exceptionell kvalitet och enast\u00e5ende v\u00e4rde. Denna produkt erbjuder en kostnadseffektiv l\u00f6sning f\u00f6r cannabisentusiaster som vill njuta av de djupg\u00e5ende f\u00f6rdelarna med hasch utan att \u00f6verskrida sin budget. P\u00e5 Chemsfine ser vi till att varje batch av BC King Hash \u00e4r noggrant beredd med traditionella metoder och premium cannabisknoppar, vilket garanterar en rik, fyllig och tillfredsst\u00e4llande upplevelse vid varje anv\u00e4ndning. N\u00e4r du v\u00e4ljer att k\u00f6pa fr\u00e5n oss investerar du i en autentisk, h\u00f6gkvalitativ produkt som sticker ut p\u00e5 marknaden.<\/p>\n<h2>Vad \u00e4r BC King Hash?<\/h2>\n<p>BC King Hash \u00e4r k\u00e4nt som ett m\u00e5ngsidigt och l\u00e4ttillg\u00e4ngligt cannabiskoncentrat. Oavsett om du \u00e4r ny i haschv\u00e4rlden eller en erfaren k\u00e4nnare, ger den h\u00e4r produkten en diskret och bekv\u00e4m metod f\u00f6r att njuta av de djupg\u00e5ende effekterna av cannabis. \u00c4ven om den kanske inte alltid kan skryta med den absolut h\u00f6gsta styrkan eller renheten j\u00e4mf\u00f6rt med vissa andra tillg\u00e4ngliga premiumalternativ, levererar BC King Hash konsekvent en anm\u00e4rkningsv\u00e4rt tillfredsst\u00e4llande h\u00f6g till en verkligt oslagbar prispunkt. V\u00e5rt \u00e5tagande \u00e4r att tillhandah\u00e5lla <b>BC King Hash av h\u00f6gsta kvalitet<\/b> som uppfyller dina f\u00f6rv\u00e4ntningar p\u00e5 b\u00e5de upplevelse och v\u00e4rde. Detta koncentrat \u00e4r ett bevis p\u00e5 traditionellt hantverk, vilket s\u00e4kerst\u00e4ller en konsekvent och njutbar produkt f\u00f6r v\u00e5ra kunder.<\/p>\n<p>Hasch, som \u00e4r en bredare kategori av cannabiskoncentrat, erbjuder ett unikt s\u00e4tt att uppleva cannabisplantans rena essens och arom. Det k\u00e4nnetecknas av sin klibbiga, ofta torra konsistens och typiskt h\u00f6ga THC-niv\u00e5er, vilket g\u00f6r det till ett f\u00f6redraget val bland konsumenter som s\u00f6ker en potent effekt. Till skillnad fr\u00e5n m\u00e5nga andra koncentrat \u00e4r hasch ber\u00f6mt f\u00f6r sin fylliga konsistens och djupa, tilltalande f\u00e4rger, som kan variera fr\u00e5n olika nyanser av brunt till m\u00f6rkgr\u00f6nt, vilket tyder p\u00e5 dess naturliga ursprung.<\/p>\n<h2>Varf\u00f6r k\u00f6pa BC King Hash online p\u00e5 Chemsfine?<\/h2>\n<p>F\u00f6r personer som s\u00f6ker ett premiumalternativ f\u00f6r cannabis p\u00e5 en budget \u00e4r BC King Hash det perfekta valet. Det g\u00f6r att du kan uppleva de djupt avkopplande och njutbara effekterna av hash utan att anstr\u00e4nga din ekonomi. Som en v\u00e4lrenommerad onlineleverant\u00f6r prioriterar Chemsfine fullst\u00e4ndig \u00f6ppenhet i v\u00e5ra ink\u00f6ps- och produktionsprocesser, vilket garanterar att du konsekvent f\u00e5r en produkt av obestridlig kvalitet. Vi f\u00f6rs\u00e4krar dig att v\u00e5rt urval inkluderar <b>B\u00e4sta tillg\u00e4ngliga BC King Hash<\/b>, noggrant utvalda f\u00f6r att uppfylla h\u00f6ga krav. N\u00e4r du letar efter <b>Best\u00e4ll BC King Hash online<\/b>, Genom att v\u00e4lja Chemsfine f\u00e5r du en produkt som \u00e4r b\u00e5de \u00e4kta och p\u00e5litlig.<\/p>\n<p>Det \u00e4r av yttersta vikt att v\u00e4lja en p\u00e5litlig leverant\u00f6r n\u00e4r du vill k\u00f6pa n\u00e5got cannabiskoncentrat, inklusive BC King Hash. P\u00e5 Chemsfine garanterar vi otvetydigt kvaliteten och \u00e4ktheten hos varje produkt vi erbjuder. Vi tillhandah\u00e5ller omfattande detaljer om THC- och CBD-inneh\u00e5ll, tillsammans med annan viktig information, s\u00e5 att du kan fatta v\u00e4lgrundade beslut. Detta orubbliga \u00e5tagande f\u00f6r transparens inneb\u00e4r att du kan njuta av din BC King Hash med fullst\u00e4ndigt f\u00f6rtroende, eftersom du vet att du har f\u00e5tt en <b>\u00c4kta BC King Hash<\/b> produkt.<\/p>\n<h2>Till\u00e4mpningar och anv\u00e4ndning<\/h2>\n<p>F\u00f6r nyb\u00f6rjare som utforskar konsumtionen av hash \u00e4r det alltid tillr\u00e5dligt att b\u00f6rja med en l\u00e5g dos och forts\u00e4tta med f\u00f6rsiktighet f\u00f6r att m\u00e4ta dess effekter. Popul\u00e4ra och effektiva metoder f\u00f6r att konsumera hash, allm\u00e4nt gynnade av entusiaster f\u00f6r deras renhet av erfarenhet, inkluderar dabbing eller vaping. Dessa metoder m\u00f6jligg\u00f6r snabb start och rena smakprofiler. Att blanda hasch i traditionella joints eller bowls \u00e4r dessutom fortfarande en vanlig och m\u00e5ngsidig metod f\u00f6r dem som vill ha en mer varierad och l\u00e5ngvarig upplevelse. Hasch, med sin h\u00f6ga THC-koncentration, \u00e4r idealisk f\u00f6r dem som vill r\u00f6ka eller vape en kraftfull och intensivt aromatisk cannabisprodukt. Oavsett om du \u00e4r en erfaren konsument eller ny i v\u00e4rlden av cannabiskoncentrat ger hasch en distinkt och f\u00e4ngslande upplevelse som verkligen f\u00f6rkroppsligar cannabisandan.<\/p>\n<ul>\n<li><b>Dabbing:<\/b> En mycket effektiv metod d\u00e4r man anv\u00e4nder en dab-rigg f\u00f6r att f\u00f6r\u00e5nga sm\u00e5 m\u00e4ngder f\u00f6r kraftiga effekter.<\/li>\n<li><b>Vaping:<\/b> Anv\u00e4nda specialiserade f\u00f6r\u00e5ngare utformade f\u00f6r koncentrat f\u00f6r att njuta av en ren, smakfull upplevelse.<\/li>\n<li><b>Leder\/sk\u00e5lar:<\/b> Smulas s\u00f6nder och blandas med blomma f\u00f6r \u00f6kad styrka och en fylligare r\u00f6k.<\/li>\n<li><b>\u00c4tbart:<\/b> Kan dekarboxyleras och infunderas i oljor eller sm\u00f6r f\u00f6r hemlagade \u00e4tbara produkter, vilket ger l\u00e4ngre effekter.<\/li>\n<li><b>Aktuella fr\u00e5gor:<\/b> \u00c4ven om det \u00e4r mindre vanligt kan hasch ing\u00e5 i balsam och lotioner f\u00f6r lokal lindring.<\/li>\n<\/ul>\n<p>Att anv\u00e4nda ett dab-verktyg rekommenderas starkt f\u00f6r s\u00e4ker hantering och exakt m\u00e4tning av koncentratet. Vid dabbing \u00e4r det i allm\u00e4nhet l\u00e4mpligt att anv\u00e4nda l\u00e4gre temperaturer f\u00f6r att fullt ut uppskatta det invecklade utbudet av smaker som hash har att erbjuda. Detta tillv\u00e4gag\u00e5ngss\u00e4tt hj\u00e4lper ocks\u00e5 till att f\u00f6rhindra h\u00e5rdhet och bevarar terpenerna. Utforska andra premium cannabisprodukter, som den potenta <a href=\"https:\/\/chemsfine.com\/sv\/produkt\/jack-herer-sativa-strain-buy-online\/\">Jack Herer Sativa Strain<\/a>, f\u00f6r att diversifiera din erfarenhet.<\/p>\n<h2>Kvalitetss\u00e4kring &amp; hantering<\/h2>\n<p>Att bibeh\u00e5lla kvaliteten och integriteten hos ditt haschkoncentrat \u00e4r avg\u00f6rande. Korrekt lagring \u00e4r avg\u00f6rande f\u00f6r att bevara dess styrka, arom och konsistens \u00f6ver tiden. Silikonbeh\u00e5llare rekommenderas starkt f\u00f6r f\u00f6rvaring av klibbiga \u00e4mnen som haschkoncentrat p\u00e5 grund av deras non-stick-egenskaper och f\u00f6rm\u00e5ga att skapa en luftt\u00e4t f\u00f6rsegling, vilket skyddar produkten fr\u00e5n luft- och fuktnedbrytning. P\u00e5 Chemsfine ser vi till att v\u00e5rt BC King Hash f\u00f6ljer strikta standarder f\u00f6r kvalitetskontroll, vilket g\u00f6r det till ett p\u00e5litligt val f\u00f6r konsumenter som s\u00f6ker <b>H\u00f6g renhet till salu<\/b>. Vi testar v\u00e5ra produkter noggrant f\u00f6r att bekr\u00e4fta deras sammans\u00e4ttning och s\u00e4kerhet, vilket ger sinnesfrid vid varje k\u00f6p.<\/p>\n<h3>Viktiga produktspecifikationer f\u00f6r BC King Hash<\/h3>\n<table>\n<thead>\n<tr>\n<th>Funktion<\/th>\n<th>Detalj<\/th>\n<\/tr>\n<\/thead>\n<tbody>\n<tr>\n<td>Produkttyp<\/td>\n<td>Cannabiskoncentrat (Hasch)<\/td>\n<\/tr>\n<tr>\n<td>Prim\u00e4r effekt<\/td>\n<td>Avslappnande, njutbar h\u00f6g<\/td>\n<\/tr>\n<tr>\n<td>Hantverksmetod<\/td>\n<td>Traditionell, l\u00f6sningsmedelsfri<\/td>\n<\/tr>\n<tr>\n<td>Rekommenderad anv\u00e4ndning<\/td>\n<td>Dabbing, Vaping, Joints\/Bowls<\/td>\n<\/tr>\n<tr>\n<td>F\u00f6rvaring<\/td>\n<td>Luftt\u00e4ta silikonbeh\u00e5llare<\/td>\n<\/tr>\n<\/tbody>\n<\/table>\n<h2>Varf\u00f6r v\u00e4lja Chemsfine f\u00f6r ditt haschk\u00f6p?<\/h2>\n<p>Chemsfine \u00e4r dedikerad till att tillhandah\u00e5lla en o\u00f6vertr\u00e4ffad k\u00f6pupplevelse f\u00f6r alla cannabisentusiaster. V\u00e5rt engagemang f\u00f6r transparenta detaljer, verifierade batchregister och konkurrenskraftiga priser skiljer oss \u00e5t. N\u00e4r du best\u00e4mmer dig f\u00f6r att <b>Best\u00e4ll BC King Hash online<\/b> fr\u00e5n oss drar du nytta av v\u00e5ra rigor\u00f6sa kvalitetskontroller och kundfokuserad service. Vi str\u00e4var efter att vara din f\u00f6redragna partner f\u00f6r alla behov av cannabiskoncentrat och erbjuder en s\u00f6ml\u00f6s och <b>S\u00e4kert k\u00f6p<\/b> processen fr\u00e5n b\u00f6rjan till slut. V\u00e5r omfattande katalog inneh\u00e5ller \u00e4ven andra premiumerbjudanden; du kanske till exempel \u00e4r intresserad av att utforska v\u00e5rt utbud av forskningskemikalier som <a href=\"https:\/\/chemsfine.com\/sv\/produkt\/kopa-ur-144-online\/\">UR-144 online<\/a>, \u00c4ven om den skiljer sig avsev\u00e4rt fr\u00e5n naturliga cannabisprodukter visar den bredden p\u00e5 v\u00e5rt tillg\u00e4ngliga lager.<\/p>\n<h2>Slutsats<\/h2>\n<p>Sammanfattningsvis st\u00e5r BC King Hash som det ultimata valet f\u00f6r dem som \u00f6nskar ett budgetv\u00e4nligt cannabisalternativ utan att kompromissa med den \u00f6vergripande kvaliteten p\u00e5 deras upplevelse. \u00c4ven om det kanske inte \u00e4r positionerat som det mest potenta haschet som finns tillg\u00e4ngligt p\u00e5 marknaden, erbjuder det onekligen en djupt tillfredsst\u00e4llande upplevelse till bara en br\u00e5kdel av kostnaden f\u00f6r sina dyrare motsvarigheter. Vi uppmuntrar dig att <b>K\u00f6p BC King Hash till salu<\/b> idag och upplev skillnaden med Chemsfine. Lita p\u00e5 att vi levererar en produkt som konsekvent uppfyller dina specifika behov och ofta \u00f6vertr\u00e4ffar dina f\u00f6rv\u00e4ntningar. Med Chemsfine kan du vara s\u00e4ker p\u00e5 att <b>K\u00f6p nu online<\/b>, Du vet att du f\u00e5r en bra produkt och ett exceptionellt v\u00e4rde.<\/p>","protected":false},"excerpt":{"rendered":"<p>Utforska <b>BC King Hash<\/b>, ett robust cannabiskoncentrat k\u00e4nt f\u00f6r sin kvalitet och prisv\u00e4rdhet. Tillverkad med traditionella metoder, erbjuder den en tillfredsst\u00e4llande upplevelse f\u00f6r b\u00e5de nya och erfarna konsumenter. <b>K\u00f6p BC King Hash<\/b> p\u00e5 Chemsfine idag f\u00f6r ett autentiskt och budgetv\u00e4nligt alternativ.<\/p>","protected":false},"featured_media":6664,"comment_status":"open","ping_status":"closed","template":"","meta":{"_joinchat":[]},"product_brand":[],"product_cat":[942],"product_tag":[],"class_list":{"0":"post-6627","1":"product","2":"type-product","3":"status-publish","4":"has-post-thumbnail","6":"product_cat-hashish","8":"first","9":"instock","10":"shipping-taxable","11":"purchasable","12":"product-type-variable"},"yoast_head":"<!-- This site is optimized with the Yoast SEO plugin v27.2 - https:\/\/yoast.com\/product\/yoast-seo-wordpress\/ -->\n<title>Buy BC King Hash Online - Premium Quality Hash Available<\/title>\n<meta name=\"description\" content=\"Discover BC King Hash online at Chemsfine. Purchase budget-friendly, high-quality hash concentrate for a satisfying experience. Order now for authentic products.\" \/>\n<meta name=\"robots\" content=\"index, follow, max-snippet:-1, max-image-preview:large, max-video-preview:-1\" \/>\n<link rel=\"canonical\" href=\"https:\/\/chemsfine.com\/sv\/produkt\/buy-bc-king-hash\/\" \/>\n<meta property=\"og:locale\" content=\"sv_SE\" \/>\n<meta property=\"og:type\" content=\"article\" \/>\n<meta property=\"og:title\" content=\"Buy BC King Hash Online - Premium Quality Hash Available\" \/>\n<meta property=\"og:description\" content=\"Discover BC King Hash online at Chemsfine. Purchase budget-friendly, high-quality hash concentrate for a satisfying experience. Order now for authentic products.\" \/>\n<meta property=\"og:url\" content=\"https:\/\/chemsfine.com\/sv\/produkt\/buy-bc-king-hash\/\" \/>\n<meta property=\"og:site_name\" content=\"Chemsfine\" \/>\n<meta property=\"article:modified_time\" content=\"2026-03-25T12:40:08+00:00\" \/>\n<meta property=\"og:image\" content=\"https:\/\/chemsfine.com\/wp-content\/uploads\/2026\/02\/bc-king-hash-online-dispensary-canada-bulk-buddy-hash-1.jpg\" \/>\n\t<meta property=\"og:image:width\" content=\"1024\" \/>\n\t<meta property=\"og:image:height\" content=\"1024\" \/>\n\t<meta property=\"og:image:type\" content=\"image\/jpeg\" \/>\n<meta name=\"twitter:card\" content=\"summary_large_image\" \/>\n<meta name=\"twitter:label1\" content=\"Ber\u00e4knad l\u00e4stid\" \/>\n\t<meta name=\"twitter:data1\" content=\"6 minuter\" \/>\n<script type=\"application\/ld+json\" class=\"yoast-schema-graph\">{\"@context\":\"https:\/\/schema.org\",\"@graph\":[{\"@type\":\"WebPage\",\"@id\":\"https:\/\/chemsfine.com\/product\/buy-bc-king-hash\/\",\"url\":\"https:\/\/chemsfine.com\/product\/buy-bc-king-hash\/\",\"name\":\"Buy BC King Hash Online - Premium Quality Hash Available\",\"isPartOf\":{\"@id\":\"https:\/\/chemsfine.com\/#website\"},\"primaryImageOfPage\":{\"@id\":\"https:\/\/chemsfine.com\/product\/buy-bc-king-hash\/#primaryimage\"},\"image\":{\"@id\":\"https:\/\/chemsfine.com\/product\/buy-bc-king-hash\/#primaryimage\"},\"thumbnailUrl\":\"https:\/\/chemsfine.com\/wp-content\/uploads\/2026\/02\/bc-king-hash-online-dispensary-canada-bulk-buddy-hash-1.jpg\",\"datePublished\":\"2026-02-12T10:09:15+00:00\",\"dateModified\":\"2026-03-25T12:40:08+00:00\",\"description\":\"Discover BC King Hash online at Chemsfine. Purchase budget-friendly, high-quality hash concentrate for a satisfying experience. Order now for authentic products.\",\"breadcrumb\":{\"@id\":\"https:\/\/chemsfine.com\/product\/buy-bc-king-hash\/#breadcrumb\"},\"inLanguage\":\"sv-SE\",\"potentialAction\":[{\"@type\":\"ReadAction\",\"target\":[\"https:\/\/chemsfine.com\/product\/buy-bc-king-hash\/\"]}]},{\"@type\":\"ImageObject\",\"inLanguage\":\"sv-SE\",\"@id\":\"https:\/\/chemsfine.com\/product\/buy-bc-king-hash\/#primaryimage\",\"url\":\"https:\/\/chemsfine.com\/wp-content\/uploads\/2026\/02\/bc-king-hash-online-dispensary-canada-bulk-buddy-hash-1.jpg\",\"contentUrl\":\"https:\/\/chemsfine.com\/wp-content\/uploads\/2026\/02\/bc-king-hash-online-dispensary-canada-bulk-buddy-hash-1.jpg\",\"width\":1024,\"height\":1024},{\"@type\":\"BreadcrumbList\",\"@id\":\"https:\/\/chemsfine.com\/product\/buy-bc-king-hash\/#breadcrumb\",\"itemListElement\":[{\"@type\":\"ListItem\",\"position\":1,\"name\":\"Home\",\"item\":\"https:\/\/chemsfine.com\/\"},{\"@type\":\"ListItem\",\"position\":2,\"name\":\"Shop\",\"item\":\"https:\/\/chemsfine.com\/shop\/\"},{\"@type\":\"ListItem\",\"position\":3,\"name\":\"BC King Hash | Online Purchase &#8211; Premium Cannabis Concentrate\"}]},{\"@type\":\"WebSite\",\"@id\":\"https:\/\/chemsfine.com\/#website\",\"url\":\"https:\/\/chemsfine.com\/\",\"name\":\"Chemsfine\",\"description\":\"My WordPress Blog\",\"publisher\":{\"@id\":\"https:\/\/chemsfine.com\/#organization\"},\"potentialAction\":[{\"@type\":\"SearchAction\",\"target\":{\"@type\":\"EntryPoint\",\"urlTemplate\":\"https:\/\/chemsfine.com\/?s={search_term_string}\"},\"query-input\":{\"@type\":\"PropertyValueSpecification\",\"valueRequired\":true,\"valueName\":\"search_term_string\"}}],\"inLanguage\":\"sv-SE\"},{\"@type\":\"Organization\",\"@id\":\"https:\/\/chemsfine.com\/#organization\",\"name\":\"Chemsfine\",\"url\":\"https:\/\/chemsfine.com\/\",\"logo\":{\"@type\":\"ImageObject\",\"inLanguage\":\"sv-SE\",\"@id\":\"https:\/\/chemsfine.com\/#\/schema\/logo\/image\/\",\"url\":\"https:\/\/chemsfine.com\/wp-content\/uploads\/2024\/09\/final-logo.png\",\"contentUrl\":\"https:\/\/chemsfine.com\/wp-content\/uploads\/2024\/09\/final-logo.png\",\"width\":340,\"height\":72,\"caption\":\"Chemsfine\"},\"image\":{\"@id\":\"https:\/\/chemsfine.com\/#\/schema\/logo\/image\/\"}}]}<\/script>\n<!-- \/ Yoast SEO plugin. -->","yoast_head_json":{"title":"K\u00f6p BC King Hash online - Hash av h\u00f6gsta kvalitet tillg\u00e4ngligt","description":"Uppt\u00e4ck BC King Hash online p\u00e5 Chemsfine. K\u00f6p budgetv\u00e4nligt hashkoncentrat av h\u00f6g kvalitet f\u00f6r en tillfredsst\u00e4llande upplevelse. Best\u00e4ll nu f\u00f6r autentiska produkter.","robots":{"index":"index","follow":"follow","max-snippet":"max-snippet:-1","max-image-preview":"max-image-preview:large","max-video-preview":"max-video-preview:-1"},"canonical":"https:\/\/chemsfine.com\/sv\/produkt\/buy-bc-king-hash\/","og_locale":"sv_SE","og_type":"article","og_title":"Buy BC King Hash Online - Premium Quality Hash Available","og_description":"Discover BC King Hash online at Chemsfine. Purchase budget-friendly, high-quality hash concentrate for a satisfying experience. Order now for authentic products.","og_url":"https:\/\/chemsfine.com\/sv\/produkt\/buy-bc-king-hash\/","og_site_name":"Chemsfine","article_modified_time":"2026-03-25T12:40:08+00:00","og_image":[{"width":1024,"height":1024,"url":"https:\/\/chemsfine.com\/wp-content\/uploads\/2026\/02\/bc-king-hash-online-dispensary-canada-bulk-buddy-hash-1.jpg","type":"image\/jpeg"}],"twitter_card":"summary_large_image","twitter_misc":{"Ber\u00e4knad l\u00e4stid":"6 minuter"},"schema":{"@context":"https:\/\/schema.org","@graph":[{"@type":"WebPage","@id":"https:\/\/chemsfine.com\/product\/buy-bc-king-hash\/","url":"https:\/\/chemsfine.com\/product\/buy-bc-king-hash\/","name":"K\u00f6p BC King Hash online - Hash av h\u00f6gsta kvalitet tillg\u00e4ngligt","isPartOf":{"@id":"https:\/\/chemsfine.com\/#website"},"primaryImageOfPage":{"@id":"https:\/\/chemsfine.com\/product\/buy-bc-king-hash\/#primaryimage"},"image":{"@id":"https:\/\/chemsfine.com\/product\/buy-bc-king-hash\/#primaryimage"},"thumbnailUrl":"https:\/\/chemsfine.com\/wp-content\/uploads\/2026\/02\/bc-king-hash-online-dispensary-canada-bulk-buddy-hash-1.jpg","datePublished":"2026-02-12T10:09:15+00:00","dateModified":"2026-03-25T12:40:08+00:00","description":"Uppt\u00e4ck BC King Hash online p\u00e5 Chemsfine. K\u00f6p budgetv\u00e4nligt hashkoncentrat av h\u00f6g kvalitet f\u00f6r en tillfredsst\u00e4llande upplevelse. Best\u00e4ll nu f\u00f6r autentiska produkter.","breadcrumb":{"@id":"https:\/\/chemsfine.com\/product\/buy-bc-king-hash\/#breadcrumb"},"inLanguage":"sv-SE","potentialAction":[{"@type":"ReadAction","target":["https:\/\/chemsfine.com\/product\/buy-bc-king-hash\/"]}]},{"@type":"ImageObject","inLanguage":"sv-SE","@id":"https:\/\/chemsfine.com\/product\/buy-bc-king-hash\/#primaryimage","url":"https:\/\/chemsfine.com\/wp-content\/uploads\/2026\/02\/bc-king-hash-online-dispensary-canada-bulk-buddy-hash-1.jpg","contentUrl":"https:\/\/chemsfine.com\/wp-content\/uploads\/2026\/02\/bc-king-hash-online-dispensary-canada-bulk-buddy-hash-1.jpg","width":1024,"height":1024},{"@type":"BreadcrumbList","@id":"https:\/\/chemsfine.com\/product\/buy-bc-king-hash\/#breadcrumb","itemListElement":[{"@type":"ListItem","position":1,"name":"Home","item":"https:\/\/chemsfine.com\/"},{"@type":"ListItem","position":2,"name":"Shop","item":"https:\/\/chemsfine.com\/shop\/"},{"@type":"ListItem","position":3,"name":"BC King Hash | Online Purchase &#8211; Premium Cannabis Concentrate"}]},{"@type":"WebSite","@id":"https:\/\/chemsfine.com\/#website","url":"https:\/\/chemsfine.com\/","name":"Chemsfine","description":"Min WordPress-blogg","publisher":{"@id":"https:\/\/chemsfine.com\/#organization"},"potentialAction":[{"@type":"SearchAction","target":{"@type":"EntryPoint","urlTemplate":"https:\/\/chemsfine.com\/?s={search_term_string}"},"query-input":{"@type":"PropertyValueSpecification","valueRequired":true,"valueName":"search_term_string"}}],"inLanguage":"sv-SE"},{"@type":"Organization","@id":"https:\/\/chemsfine.com\/#organization","name":"Chemsfine","url":"https:\/\/chemsfine.com\/","logo":{"@type":"ImageObject","inLanguage":"sv-SE","@id":"https:\/\/chemsfine.com\/#\/schema\/logo\/image\/","url":"https:\/\/chemsfine.com\/wp-content\/uploads\/2024\/09\/final-logo.png","contentUrl":"https:\/\/chemsfine.com\/wp-content\/uploads\/2024\/09\/final-logo.png","width":340,"height":72,"caption":"Chemsfine"},"image":{"@id":"https:\/\/chemsfine.com\/#\/schema\/logo\/image\/"}}]}},"_links":{"self":[{"href":"https:\/\/chemsfine.com\/sv\/wp-json\/wp\/v2\/product\/6627","targetHints":{"allow":["GET"]}}],"collection":[{"href":"https:\/\/chemsfine.com\/sv\/wp-json\/wp\/v2\/product"}],"about":[{"href":"https:\/\/chemsfine.com\/sv\/wp-json\/wp\/v2\/types\/product"}],"replies":[{"embeddable":true,"href":"https:\/\/chemsfine.com\/sv\/wp-json\/wp\/v2\/comments?post=6627"}],"wp:featuredmedia":[{"embeddable":true,"href":"https:\/\/chemsfine.com\/sv\/wp-json\/wp\/v2\/media\/6664"}],"wp:attachment":[{"href":"https:\/\/chemsfine.com\/sv\/wp-json\/wp\/v2\/media?parent=6627"}],"wp:term":[{"taxonomy":"product_brand","embeddable":true,"href":"https:\/\/chemsfine.com\/sv\/wp-json\/wp\/v2\/product_brand?post=6627"},{"taxonomy":"product_cat","embeddable":true,"href":"https:\/\/chemsfine.com\/sv\/wp-json\/wp\/v2\/product_cat?post=6627"},{"taxonomy":"product_tag","embeddable":true,"href":"https:\/\/chemsfine.com\/sv\/wp-json\/wp\/v2\/product_tag?post=6627"}],"curies":[{"name":"wp","href":"https:\/\/api.w.org\/{rel}","templated":true}]}}