{"id":6646,"date":"2026-02-12T10:09:43","date_gmt":"2026-02-12T10:09:43","guid":{"rendered":"https:\/\/chemsfine.com\/?post_type=product&#038;p=6646"},"modified":"2026-03-25T12:36:31","modified_gmt":"2026-03-25T12:36:31","slug":"buy-two-swords-hash","status":"publish","type":"product","link":"https:\/\/chemsfine.com\/sv\/product\/buy-two-swords-hash\/","title":{"rendered":"Tv\u00e5 sv\u00e4rd Hash | Premium Cannabis-koncentrat till salu online"},"content":{"rendered":"<h1>K\u00f6p tv\u00e5 sv\u00e4rd Hash online: Premium cannabiskoncentrat p\u00e5 Chemsfine<\/h1>\n<p>H\u00e4r p\u00e5 Chemsfine bjuder vi in dig att <b>k\u00f6pa Two Swords Hash till salu<\/b>, ett exceptionellt koncentrat k\u00e4nt f\u00f6r sin \u00f6verl\u00e4gsna kvalitet. Uppt\u00e4ck det exceptionella v\u00e4rdet av denna premium hash, det perfekta valet f\u00f6r koncentrat av h\u00f6gsta kvalitet till oslagbara priser. Denna inhemskt producerade hash erbjuder ett otroligt alternativ f\u00f6r dem som s\u00f6ker premiumextrakt utan att bryta banken. Det representerar en utm\u00e4rkt investering f\u00f6r alla som letar efter h\u00f6gkvalitativa cannabiskoncentrat.<\/p>\n<h2>Den best\u00e5ende attraktionen hos tv\u00e5 sv\u00e4rd Hash<\/h2>\n<p>Hasch, ett en g\u00e5ng popul\u00e4rt koncentrat, verkar n\u00e4stan bortgl\u00f6mt p\u00e5 dagens marknad. \u00c4nd\u00e5 \u00e4r det fortfarande ett av de mest effektiva och rena extrakten som finns, vilket p\u00e5minner om cannabiskoncentratens gyllene dagar. Detta koncentrat sticker ut genom att erbjuda en potent, koncentrerad form av cannabistrikomer, vilket ger en ren och kraftfull upplevelse. <b>Tv\u00e5 sv\u00e4rd Hash<\/b> f\u00f6rkroppsligar perfekt detta best\u00e5ende arv och ger ett rikt och autentiskt cannabism\u00f6te f\u00f6r b\u00e5de erfarna entusiaster och nya anv\u00e4ndare. Dess unika profil garanterar en minnesv\u00e4rd session varje g\u00e5ng.<\/p>\n<p>Produktionen av detta hasch f\u00f6ljer noggranna standarder, vilket s\u00e4kerst\u00e4ller att endast den finaste k\u00e5dan samlas in och pressas. Detta engagemang f\u00f6r kvalitet resulterar i ett hasch som inte bara \u00e4r potent utan ocks\u00e5 otroligt rent, vilket \u00e5terspeglar cannabisplantans sanna v\u00e4sen. N\u00e4r man \u00f6verv\u00e4ger ett premium cannabisextrakt framst\u00e5r denna produkt som ett \u00f6verl\u00e4gset val som ger j\u00e4mn kvalitet och effekt.<\/p>\n<h2>Varf\u00f6r k\u00f6pa Two Swords Hash fr\u00e5n Chemsfine?<\/h2>\n<p>Detta hasch \u00e4r ett av de b\u00e4sta erbjudandena du kan hitta online f\u00f6r h\u00f6gkvalitativt hasch. Oavsett om du vill k\u00f6pa i bulk eller bara ett gram \u00e4r besparingarna betydande, vilket g\u00f6r det till ett fantastiskt val f\u00f6r b\u00e5de budgetmedvetna och kvalitetss\u00f6kande konsumenter. P\u00e5 Chemsfine har vi \u00e5tagit oss att g\u00f6ra h\u00f6gkvalitativ hasch tillg\u00e4nglig och prisv\u00e4rd, vilket s\u00e4kerst\u00e4ller att alla kan njuta av premiumprodukter. N\u00e4r du best\u00e4mmer dig f\u00f6r att <b>best\u00e4lla Two Swords Hash online<\/b>, v\u00e4ljer du en leverant\u00f6r som \u00e4r dedikerad till excellens och kundn\u00f6jdhet.<\/p>\n<p>V\u00e5rt engagemang str\u00e4cker sig l\u00e4ngre \u00e4n bara konkurrenskraftiga priser; vi prioriterar diskret f\u00f6rpackning och p\u00e5litlig leverans, vilket s\u00e4kerst\u00e4ller att din produkt anl\u00e4nder s\u00e4kert och konfidentiellt. Chemsfine \u00e4r din p\u00e5litliga k\u00e4lla f\u00f6r hasch av b\u00e4sta tillg\u00e4ngliga kvalitet och erbjuder en s\u00f6ml\u00f6s och s\u00e4ker k\u00f6pupplevelse. Vi str\u00e4var efter att vara den fr\u00e4msta plattformen f\u00f6r alla dina behov av cannabiskoncentrat, med o\u00f6vertr\u00e4ffad service och produktintegritet.<\/p>\n<p>\u00c5teruppliva din uppskattning f\u00f6r hasch med detta premiumkoncentrat och njut av den rika, koncentrerade essensen av cannabis till ett otroligt v\u00e4rde. V\u00e5rt kundsupportteam \u00e4r alltid redo att hj\u00e4lpa dig och s\u00e4kerst\u00e4lla en smidig process fr\u00e5n urval till leverans.<\/p>\n<p>Utforska v\u00e5rt omfattande sortiment av h\u00f6gkvalitativa produkter, inklusive andra eftertraktade koncentrat som t.ex. <a href=\"https:\/\/chemsfine.com\/sv\/produkt\/buy-6-fluoro-beta-methylamino-cathinone-powder\/\">premium katinonpulver<\/a>, som \u00e4r utformade f\u00f6r att tillgodose olika behov och \u00f6nskem\u00e5l inom branschen.<\/p>\n<h2>Rekommenderade konsumtionsmetoder och produkthantering<\/h2>\n<p>Om du applicerar lite v\u00e4rme blir denna hash mer formbar och l\u00e4ttare att arbeta med. Denna egenskap g\u00f6r den mycket anpassningsbar f\u00f6r olika konsumtionsmetoder, vilket f\u00f6rb\u00e4ttrar anv\u00e4ndarupplevelsen. Att f\u00f6rst\u00e5 hur man b\u00e4st hanterar din hash s\u00e4kerst\u00e4ller att du f\u00e5r ut det mesta av dess rika profil och styrka.<\/p>\n<p>Det finns n\u00e5gra olika s\u00e4tt att konsumera denna produkt:<\/p>\n<ul>\n<li><b>Smula s\u00f6nder och str\u00f6 i en fog<\/b>: Denna klassiska metod f\u00f6rb\u00e4ttrar styrkan och smaken hos din vanliga cannabisblomma.<\/li>\n<li><b>R\u00f6ker ur pipa\/bong\/hookah<\/b>: F\u00f6r en mer direkt och intensiv upplevelse \u00e4r traditionella r\u00f6kredskap utm\u00e4rkta f\u00f6r hasch.<\/li>\n<li><b>R\u00f6k med hj\u00e4lp av en one-hitter<\/b>: Perfekt f\u00f6r snabb, diskret och effektiv konsumtion, vilket minimerar avfallet.<\/li>\n<li><b>F\u00f6r\u00e5ngas<\/b>: Moderna f\u00f6r\u00e5ngare avsedda f\u00f6r koncentrat kan ge en ren, smakrik och r\u00f6kfri upplevelse.<\/li>\n<li><b>Oral f\u00f6rt\u00e4ring<\/b>: Efter dekarboxylering kan hash inf\u00f6rlivas i \u00e4tbara \u00e4mnen eller tinkturer f\u00f6r en mer l\u00e5ngvarig, kroppsfokuserad effekt.<\/li>\n<\/ul>\n<p>Hasch, eller hasch, \u00e4r ett koncentrat som framst\u00e4lls av cannabisplantans harts. Det konsumeras genom inandning fr\u00e5n en liten bit, vanligtvis i en pipa, bong, vaporizer eller joint, eller via oralt intag (efter dekarboxylering). Eftersom ren hasch inte brinner om den rullas ensam i en joint, blandas den vanligtvis med \u00f6rtcannabis, tobak eller n\u00e5gon annan typ av \u00f6rt f\u00f6r denna konsumtionsmetod. Denna m\u00e5ngsidighet g\u00f6r detta koncentrat till en favorit bland finsmakare.<\/p>\n<p>F\u00f6r dem som \u00e4r intresserade av att utforska ett bredare urval av specialiserade f\u00f6reningar, har v\u00e5rt lager ocks\u00e5 exceptionella produkter som <a href=\"https:\/\/chemsfine.com\/sv\/produkt\/kop-5-meo-dipt-online\/\">5-MeO-DiPT med h\u00f6g renhet online<\/a>, vilket s\u00e4kerst\u00e4ller ett omfattande urval f\u00f6r alla forsknings- och personliga behov.<\/p>\n<h2>Produktspecifikationer: Tv\u00e5 sv\u00e4rd Hash<\/h2>\n<table>\n<thead>\n<tr>\n<th>Aspekt<\/th>\n<th>Detalj<\/th>\n<\/tr>\n<\/thead>\n<tbody>\n<tr>\n<td>Produktkvalitet<\/td>\n<td>Koncentrat av h\u00f6gsta kvalitet<\/td>\n<\/tr>\n<tr>\n<td>Prim\u00e4r ingrediens<\/td>\n<td>Cannabisharts (trikomer)<\/td>\n<\/tr>\n<tr>\n<td>Form<\/td>\n<td>Komprimerad harts<\/td>\n<\/tr>\n<tr>\n<td>Texturprofil<\/td>\n<td>T\u00e4t; formbar med v\u00e4rme<\/td>\n<\/tr>\n<tr>\n<td>M\u00e5ngsidighet i konsumtionen<\/td>\n<td>R\u00f6kning, Vaping, Edibles<\/td>\n<\/tr>\n<tr>\n<td>Tillg\u00e4nglighet<\/td>\n<td>Onlinek\u00f6p hos Chemsfine<\/td>\n<\/tr>\n<tr>\n<td>Renhetsstandarder<\/td>\n<td>H\u00f6g, testad f\u00f6r kvalitet<\/td>\n<\/tr>\n<\/tbody>\n<\/table>\n<p><b>Two Swords Hash Online<\/b>: hitta den b\u00e4sta &amp; billigaste hashen online p\u00e5 Chemsfine. Vi erbjuder m\u00e5nga typer av hash, noggrant utvalda f\u00f6r deras kvalitet och styrka. En del hasch kommer fr\u00e5n lokala producenter och en del importeras, vilket ger ett varierat utbud f\u00f6r v\u00e5ra kunder. Vi uppdaterar kontinuerligt v\u00e5rt lager f\u00f6r att ge dig de finaste urvalen som finns tillg\u00e4ngliga p\u00e5 marknaden.<\/p>\n<p>L\u00e4s mer om v\u00e5ra produkterbjudanden och v\u00e5rt engagemang f\u00f6r kvalitet genom att bes\u00f6ka v\u00e5r huvudsida <a href=\"https:\/\/chemsfine.com\/sv\/\">Hemsida<\/a>, d\u00e4r du kan utforska ett helt spektrum av f\u00f6reningar med h\u00f6g renhet och premiumextrakt.<\/p>","protected":false},"excerpt":{"rendered":"<p>Upplev den kraftfulla och rena essensen av cannabis med <b>Tv\u00e5 sv\u00e4rd Hash<\/b>, \u00e4r ett exceptionellt koncentrat tillverkat av v\u00e4xtharts. Denna produkt \u00e4r idealisk f\u00f6r dem som s\u00f6ker h\u00f6gkvalitativ hasch och ger en kraftfull och ren upplevelse. <b>K\u00f6p Two Swords Hash<\/b> hos Chemsfine f\u00f6r ett s\u00e4kert k\u00f6p av h\u00f6gkvalitativt koncentrat, perfekt f\u00f6r olika konsumtionsmetoder.<\/p>","protected":false},"featured_media":6689,"comment_status":"open","ping_status":"closed","template":"","meta":{"_joinchat":[]},"product_brand":[],"product_cat":[942],"product_tag":[],"class_list":{"0":"post-6646","1":"product","2":"type-product","3":"status-publish","4":"has-post-thumbnail","6":"product_cat-hashish","8":"first","9":"instock","10":"shipping-taxable","11":"purchasable","12":"product-type-variable"},"yoast_head":"<!-- This site is optimized with the Yoast SEO plugin v27.2 - https:\/\/yoast.com\/product\/yoast-seo-wordpress\/ -->\n<title>Buy Two Swords Hash Online - Premium Quality Hash Available<\/title>\n<meta name=\"description\" content=\"Discover Two Swords Hash for sale at Chemsfine. Get top-quality hash online with unbeatable prices. Potent, pure, and available for secure purchase now.\" \/>\n<meta name=\"robots\" content=\"index, follow, max-snippet:-1, max-image-preview:large, max-video-preview:-1\" \/>\n<link rel=\"canonical\" href=\"https:\/\/chemsfine.com\/sv\/produkt\/buy-two-swords-hash\/\" \/>\n<meta property=\"og:locale\" content=\"sv_SE\" \/>\n<meta property=\"og:type\" content=\"article\" \/>\n<meta property=\"og:title\" content=\"Buy Two Swords Hash Online - Premium Quality Hash Available\" \/>\n<meta property=\"og:description\" content=\"Discover Two Swords Hash for sale at Chemsfine. Get top-quality hash online with unbeatable prices. Potent, pure, and available for secure purchase now.\" \/>\n<meta property=\"og:url\" content=\"https:\/\/chemsfine.com\/sv\/produkt\/buy-two-swords-hash\/\" \/>\n<meta property=\"og:site_name\" content=\"Chemsfine\" \/>\n<meta property=\"article:modified_time\" content=\"2026-03-25T12:36:31+00:00\" \/>\n<meta property=\"og:image\" content=\"https:\/\/chemsfine.com\/wp-content\/uploads\/2026\/02\/two-swords-hash-online-dispensary-canada-bulk-buddy-wholesale-hash-1.jpg\" \/>\n\t<meta property=\"og:image:width\" content=\"1024\" \/>\n\t<meta property=\"og:image:height\" content=\"1024\" \/>\n\t<meta property=\"og:image:type\" content=\"image\/jpeg\" \/>\n<meta name=\"twitter:card\" content=\"summary_large_image\" \/>\n<meta name=\"twitter:label1\" content=\"Ber\u00e4knad l\u00e4stid\" \/>\n\t<meta name=\"twitter:data1\" content=\"4 minuter\" \/>\n<script type=\"application\/ld+json\" class=\"yoast-schema-graph\">{\"@context\":\"https:\/\/schema.org\",\"@graph\":[{\"@type\":\"WebPage\",\"@id\":\"https:\/\/chemsfine.com\/product\/buy-two-swords-hash\/\",\"url\":\"https:\/\/chemsfine.com\/product\/buy-two-swords-hash\/\",\"name\":\"Buy Two Swords Hash Online - Premium Quality Hash Available\",\"isPartOf\":{\"@id\":\"https:\/\/chemsfine.com\/#website\"},\"primaryImageOfPage\":{\"@id\":\"https:\/\/chemsfine.com\/product\/buy-two-swords-hash\/#primaryimage\"},\"image\":{\"@id\":\"https:\/\/chemsfine.com\/product\/buy-two-swords-hash\/#primaryimage\"},\"thumbnailUrl\":\"https:\/\/chemsfine.com\/wp-content\/uploads\/2026\/02\/two-swords-hash-online-dispensary-canada-bulk-buddy-wholesale-hash-1.jpg\",\"datePublished\":\"2026-02-12T10:09:43+00:00\",\"dateModified\":\"2026-03-25T12:36:31+00:00\",\"description\":\"Discover Two Swords Hash for sale at Chemsfine. Get top-quality hash online with unbeatable prices. Potent, pure, and available for secure purchase now.\",\"breadcrumb\":{\"@id\":\"https:\/\/chemsfine.com\/product\/buy-two-swords-hash\/#breadcrumb\"},\"inLanguage\":\"sv-SE\",\"potentialAction\":[{\"@type\":\"ReadAction\",\"target\":[\"https:\/\/chemsfine.com\/product\/buy-two-swords-hash\/\"]}]},{\"@type\":\"ImageObject\",\"inLanguage\":\"sv-SE\",\"@id\":\"https:\/\/chemsfine.com\/product\/buy-two-swords-hash\/#primaryimage\",\"url\":\"https:\/\/chemsfine.com\/wp-content\/uploads\/2026\/02\/two-swords-hash-online-dispensary-canada-bulk-buddy-wholesale-hash-1.jpg\",\"contentUrl\":\"https:\/\/chemsfine.com\/wp-content\/uploads\/2026\/02\/two-swords-hash-online-dispensary-canada-bulk-buddy-wholesale-hash-1.jpg\",\"width\":1024,\"height\":1024},{\"@type\":\"BreadcrumbList\",\"@id\":\"https:\/\/chemsfine.com\/product\/buy-two-swords-hash\/#breadcrumb\",\"itemListElement\":[{\"@type\":\"ListItem\",\"position\":1,\"name\":\"Home\",\"item\":\"https:\/\/chemsfine.com\/\"},{\"@type\":\"ListItem\",\"position\":2,\"name\":\"Shop\",\"item\":\"https:\/\/chemsfine.com\/shop\/\"},{\"@type\":\"ListItem\",\"position\":3,\"name\":\"Two Swords Hash | Premium Cannabis Concentrate for Sale Online\"}]},{\"@type\":\"WebSite\",\"@id\":\"https:\/\/chemsfine.com\/#website\",\"url\":\"https:\/\/chemsfine.com\/\",\"name\":\"Chemsfine\",\"description\":\"My WordPress Blog\",\"publisher\":{\"@id\":\"https:\/\/chemsfine.com\/#organization\"},\"potentialAction\":[{\"@type\":\"SearchAction\",\"target\":{\"@type\":\"EntryPoint\",\"urlTemplate\":\"https:\/\/chemsfine.com\/?s={search_term_string}\"},\"query-input\":{\"@type\":\"PropertyValueSpecification\",\"valueRequired\":true,\"valueName\":\"search_term_string\"}}],\"inLanguage\":\"sv-SE\"},{\"@type\":\"Organization\",\"@id\":\"https:\/\/chemsfine.com\/#organization\",\"name\":\"Chemsfine\",\"url\":\"https:\/\/chemsfine.com\/\",\"logo\":{\"@type\":\"ImageObject\",\"inLanguage\":\"sv-SE\",\"@id\":\"https:\/\/chemsfine.com\/#\/schema\/logo\/image\/\",\"url\":\"https:\/\/chemsfine.com\/wp-content\/uploads\/2024\/09\/final-logo.png\",\"contentUrl\":\"https:\/\/chemsfine.com\/wp-content\/uploads\/2024\/09\/final-logo.png\",\"width\":340,\"height\":72,\"caption\":\"Chemsfine\"},\"image\":{\"@id\":\"https:\/\/chemsfine.com\/#\/schema\/logo\/image\/\"}}]}<\/script>\n<!-- \/ Yoast SEO plugin. -->","yoast_head_json":{"title":"K\u00f6p tv\u00e5 sv\u00e4rd Hash online - Premium kvalitet Hash tillg\u00e4nglig","description":"Uppt\u00e4ck Two Swords Hash till salu p\u00e5 Chemsfine. F\u00e5 hash av h\u00f6gsta kvalitet online till oslagbara priser. Potent, ren och tillg\u00e4nglig f\u00f6r s\u00e4kert k\u00f6p nu.","robots":{"index":"index","follow":"follow","max-snippet":"max-snippet:-1","max-image-preview":"max-image-preview:large","max-video-preview":"max-video-preview:-1"},"canonical":"https:\/\/chemsfine.com\/sv\/produkt\/buy-two-swords-hash\/","og_locale":"sv_SE","og_type":"article","og_title":"Buy Two Swords Hash Online - Premium Quality Hash Available","og_description":"Discover Two Swords Hash for sale at Chemsfine. Get top-quality hash online with unbeatable prices. Potent, pure, and available for secure purchase now.","og_url":"https:\/\/chemsfine.com\/sv\/produkt\/buy-two-swords-hash\/","og_site_name":"Chemsfine","article_modified_time":"2026-03-25T12:36:31+00:00","og_image":[{"width":1024,"height":1024,"url":"https:\/\/chemsfine.com\/wp-content\/uploads\/2026\/02\/two-swords-hash-online-dispensary-canada-bulk-buddy-wholesale-hash-1.jpg","type":"image\/jpeg"}],"twitter_card":"summary_large_image","twitter_misc":{"Ber\u00e4knad l\u00e4stid":"4 minuter"},"schema":{"@context":"https:\/\/schema.org","@graph":[{"@type":"WebPage","@id":"https:\/\/chemsfine.com\/product\/buy-two-swords-hash\/","url":"https:\/\/chemsfine.com\/product\/buy-two-swords-hash\/","name":"K\u00f6p tv\u00e5 sv\u00e4rd Hash online - Premium kvalitet Hash tillg\u00e4nglig","isPartOf":{"@id":"https:\/\/chemsfine.com\/#website"},"primaryImageOfPage":{"@id":"https:\/\/chemsfine.com\/product\/buy-two-swords-hash\/#primaryimage"},"image":{"@id":"https:\/\/chemsfine.com\/product\/buy-two-swords-hash\/#primaryimage"},"thumbnailUrl":"https:\/\/chemsfine.com\/wp-content\/uploads\/2026\/02\/two-swords-hash-online-dispensary-canada-bulk-buddy-wholesale-hash-1.jpg","datePublished":"2026-02-12T10:09:43+00:00","dateModified":"2026-03-25T12:36:31+00:00","description":"Uppt\u00e4ck Two Swords Hash till salu p\u00e5 Chemsfine. F\u00e5 hash av h\u00f6gsta kvalitet online till oslagbara priser. Potent, ren och tillg\u00e4nglig f\u00f6r s\u00e4kert k\u00f6p nu.","breadcrumb":{"@id":"https:\/\/chemsfine.com\/product\/buy-two-swords-hash\/#breadcrumb"},"inLanguage":"sv-SE","potentialAction":[{"@type":"ReadAction","target":["https:\/\/chemsfine.com\/product\/buy-two-swords-hash\/"]}]},{"@type":"ImageObject","inLanguage":"sv-SE","@id":"https:\/\/chemsfine.com\/product\/buy-two-swords-hash\/#primaryimage","url":"https:\/\/chemsfine.com\/wp-content\/uploads\/2026\/02\/two-swords-hash-online-dispensary-canada-bulk-buddy-wholesale-hash-1.jpg","contentUrl":"https:\/\/chemsfine.com\/wp-content\/uploads\/2026\/02\/two-swords-hash-online-dispensary-canada-bulk-buddy-wholesale-hash-1.jpg","width":1024,"height":1024},{"@type":"BreadcrumbList","@id":"https:\/\/chemsfine.com\/product\/buy-two-swords-hash\/#breadcrumb","itemListElement":[{"@type":"ListItem","position":1,"name":"Home","item":"https:\/\/chemsfine.com\/"},{"@type":"ListItem","position":2,"name":"Shop","item":"https:\/\/chemsfine.com\/shop\/"},{"@type":"ListItem","position":3,"name":"Two Swords Hash | Premium Cannabis Concentrate for Sale Online"}]},{"@type":"WebSite","@id":"https:\/\/chemsfine.com\/#website","url":"https:\/\/chemsfine.com\/","name":"Chemsfine","description":"Min WordPress-blogg","publisher":{"@id":"https:\/\/chemsfine.com\/#organization"},"potentialAction":[{"@type":"SearchAction","target":{"@type":"EntryPoint","urlTemplate":"https:\/\/chemsfine.com\/?s={search_term_string}"},"query-input":{"@type":"PropertyValueSpecification","valueRequired":true,"valueName":"search_term_string"}}],"inLanguage":"sv-SE"},{"@type":"Organization","@id":"https:\/\/chemsfine.com\/#organization","name":"Chemsfine","url":"https:\/\/chemsfine.com\/","logo":{"@type":"ImageObject","inLanguage":"sv-SE","@id":"https:\/\/chemsfine.com\/#\/schema\/logo\/image\/","url":"https:\/\/chemsfine.com\/wp-content\/uploads\/2024\/09\/final-logo.png","contentUrl":"https:\/\/chemsfine.com\/wp-content\/uploads\/2024\/09\/final-logo.png","width":340,"height":72,"caption":"Chemsfine"},"image":{"@id":"https:\/\/chemsfine.com\/#\/schema\/logo\/image\/"}}]}},"_links":{"self":[{"href":"https:\/\/chemsfine.com\/sv\/wp-json\/wp\/v2\/product\/6646","targetHints":{"allow":["GET"]}}],"collection":[{"href":"https:\/\/chemsfine.com\/sv\/wp-json\/wp\/v2\/product"}],"about":[{"href":"https:\/\/chemsfine.com\/sv\/wp-json\/wp\/v2\/types\/product"}],"replies":[{"embeddable":true,"href":"https:\/\/chemsfine.com\/sv\/wp-json\/wp\/v2\/comments?post=6646"}],"wp:featuredmedia":[{"embeddable":true,"href":"https:\/\/chemsfine.com\/sv\/wp-json\/wp\/v2\/media\/6689"}],"wp:attachment":[{"href":"https:\/\/chemsfine.com\/sv\/wp-json\/wp\/v2\/media?parent=6646"}],"wp:term":[{"taxonomy":"product_brand","embeddable":true,"href":"https:\/\/chemsfine.com\/sv\/wp-json\/wp\/v2\/product_brand?post=6646"},{"taxonomy":"product_cat","embeddable":true,"href":"https:\/\/chemsfine.com\/sv\/wp-json\/wp\/v2\/product_cat?post=6646"},{"taxonomy":"product_tag","embeddable":true,"href":"https:\/\/chemsfine.com\/sv\/wp-json\/wp\/v2\/product_tag?post=6646"}],"curies":[{"name":"wp","href":"https:\/\/api.w.org\/{rel}","templated":true}]}}