{"id":6657,"date":"2026-02-12T10:09:45","date_gmt":"2026-02-12T10:09:45","guid":{"rendered":"https:\/\/chemsfine.com\/?post_type=product&#038;p=6657"},"modified":"2026-03-25T12:32:34","modified_gmt":"2026-03-25T12:32:34","slug":"buy-polar-bear-hash","status":"publish","type":"product","link":"https:\/\/chemsfine.com\/sv\/product\/buy-polar-bear-hash\/","title":{"rendered":"K\u00f6p Polar Bear Hash Online | Premium Hash &amp; Concentrates"},"content":{"rendered":"<p>N\u00e4r du funderar p\u00e5 att <b>k\u00f6pa Polar Bear Hash till salu<\/b>, Chemsfine \u00e4r din fr\u00e4msta destination f\u00f6r exceptionell kvalitet och ett omfattande urval. Dyk in i en v\u00e4rld av premiumkoncentrat och uppt\u00e4ck varf\u00f6r v\u00e5ra erbjudanden \u00e4r mycket eftertraktade av finsmakare. Vi g\u00f6r det enkelt att <b>k\u00f6pa Polar Bear Hash online<\/b>, Polar Bear Hash ger dig tillg\u00e5ng till de finaste cannabiskoncentraten som finns p\u00e5 marknaden. V\u00e5rt engagemang f\u00f6r excellens s\u00e4kerst\u00e4ller att varje produkt, inklusive v\u00e5r ber\u00f6mda Polar Bear Hash, uppfyller de h\u00f6gsta standarderna f\u00f6r renhet och styrka. Du hittar inte bara <b>b\u00e4sta &amp; billiga hasch online<\/b> men ocks\u00e5 uppleva en o\u00f6vertr\u00e4ffad service. Med <b>\u00f6ver 80+ sorters hasch<\/b>, Med ett brett utbud av alternativ, vissa lokalt producerade och andra importerade fr\u00e5n v\u00e4lrenommerade producenter, \u00e4r v\u00e5rt urval utformat f\u00f6r att tillgodose alla preferenser och kr\u00e4sna smaker. Upplev bekv\u00e4mligheten med att best\u00e4lla idag och dra nytta av v\u00e5rt gener\u00f6sa erbjudande om <b>FRI FRAKT \u00f6ver $99<\/b>, vilket g\u00f6r ditt k\u00f6p av premiumhasch \u00e4nnu mer givande.<\/p>\n<h2>Vad \u00e4r Polar Bear Hash?<\/h2>\n<p><b>Polar Bear Hash<\/b> representerar en h\u00f6jdpunkt i cannabiskoncentratets hantverksskicklighet, k\u00e4nd f\u00f6r sin \u00f6verl\u00e4gsna kvalitet och sina potenta effekter. Hasch, eller haschish, \u00e4r ett koncentrat som framst\u00e4lls genom komprimering och bearbetning av k\u00e5dk\u00f6rtlarna (trikomerna) p\u00e5 cannabisplantan. Dessa trikomer \u00e4r rika p\u00e5 cannabinoider och terpener, som \u00e4r ansvariga f\u00f6r cannabis distinkta effekter och aromer. <b>Polar Bear Hash<\/b>, \u00e4r ofta ber\u00f6md f\u00f6r sin unika konsistens, rika arom och kraftfulla upplevelse, vilket g\u00f6r den till en verkligt <b>Polar Bear Hash av h\u00f6gsta kvalitet<\/b> produkt. Den \u00e4r noggrant utformad f\u00f6r att s\u00e4kerst\u00e4lla maximal renhet och styrka, vilket ger en konsekvent och njutbar upplevelse varje g\u00e5ng. Produktionsprocessen inneb\u00e4r en noggrann uppm\u00e4rksamhet p\u00e5 detaljer, fr\u00e5n att v\u00e4lja de finaste cannabisstammarna till att anv\u00e4nda avancerade extraktions- och komprimeringstekniker, allt f\u00f6r att bevara den naturliga integriteten och styrkan hos v\u00e4xtens harts.<\/p>\n<h2>Varf\u00f6r k\u00f6pa Polar Bear Hash online p\u00e5 Chemsfine?<\/h2>\n<p>V\u00e4lja att <b>k\u00f6pa Polar Bear Hash online<\/b> fr\u00e5n Chemsfine inneb\u00e4r att du v\u00e4ljer tillf\u00f6rlitlighet, kvalitet och ett o\u00f6vertr\u00e4ffat urval. Vi f\u00f6rst\u00e5r vikten av f\u00f6rtroende n\u00e4r vi k\u00f6per premium cannabiskoncentrat, och det \u00e4r d\u00e4rf\u00f6r vi noggrant granskar alla v\u00e5ra produkter. V\u00e5r omfattande katalog s\u00e4kerst\u00e4ller att vi har <b>b\u00e4sta Polar Bear Hash som finns<\/b>, tillsammans med ett brett utbud av andra hashsorter att utforska. P\u00e5 Chemsfine prioriterar vi kundn\u00f6jdhet genom att erbjuda konkurrenskraftiga priser utan att kompromissa med kvaliteten. V\u00e5r anv\u00e4ndarv\u00e4nliga onlineplattform g\u00f6r det otroligt enkelt att bl\u00e4ddra, v\u00e4lja och k\u00f6pa dina \u00f6nskade produkter med tillf\u00f6rsikt. Dessutom str\u00e4cker sig v\u00e5rt \u00e5tagande att tillhandah\u00e5lla v\u00e4rde till v\u00e5r leveranspolicy; kom ih\u00e5g att du kan kvalificera dig f\u00f6r <b>FRI FRAKT \u00f6ver $99<\/b> p\u00e5 din best\u00e4llning. Vi tillhandah\u00e5ller ocks\u00e5 detaljerade produktbeskrivningar och transparent information, s\u00e5 att du kan g\u00f6ra v\u00e4lgrundade val. Upplev bekv\u00e4mligheten med s\u00e4kra online-transaktioner och diskret leverans direkt till din d\u00f6rr.<\/p>\n<h2>Till\u00e4mpningar<\/h2>\n<p><b>Polar Bear Hash<\/b>, erbjuder, liksom andra premium cannabiskoncentrat, ett m\u00e5ngsidigt utbud av applikationer f\u00f6r b\u00e5de erfarna entusiaster och de som \u00e4r nya f\u00f6r koncentrat. Dess koncentrerade natur inneb\u00e4r att en liten m\u00e4ngd kan ge betydande effekter. H\u00e4r \u00e4r n\u00e5gra vanliga s\u00e4tt att njuta av denna exceptionella produkt:<\/p>\n<ul>\n<li><b>R\u00f6kning:<\/b> Smulas l\u00e4tt s\u00f6nder och l\u00e4ggs i joints, blunts eller pipor f\u00f6r en klassisk konsumtionsmetod.<\/li>\n<li><b>Vaping:<\/b> Kan f\u00f6r\u00e5ngas med hj\u00e4lp av specialiserade koncentratf\u00f6r\u00e5ngare, vilket ger en renare och ofta mer smakrik upplevelse.<\/li>\n<li><b>Dabbing:<\/b> Perfekt f\u00f6r dabbing, en metod som inneb\u00e4r att en liten m\u00e4ngd koncentrat f\u00f6r\u00e5ngas p\u00e5 en upphettad yta.<\/li>\n<li><b>\u00c4tbart:<\/b> Kan dekarboxyleras och infunderas i oljor eller sm\u00f6r f\u00f6r hemlagade \u00e4tbara produkter, vilket ger ett r\u00f6kfritt alternativ.<\/li>\n<li><b>Aktuella fr\u00e5gor:<\/b> Med r\u00e4tt infusion kan den inf\u00f6rlivas i balsam och kr\u00e4mer f\u00f6r lokal applicering, \u00e4ven om detta \u00e4r mindre vanligt f\u00f6r h\u00f6gv\u00e4rdig hasch.<\/li>\n<li><b>Matlagning:<\/b> En m\u00e5ngsidig ingrediens f\u00f6r kulinariska entusiaster som vill tillf\u00f6ra sina r\u00e4tter med cannabis, efter dekarboxylering.<\/li>\n<li><b>F\u00f6rb\u00e4ttring av andra produkter:<\/b> Str\u00f6 \u00f6ver blomman i en bong eller pipa f\u00f6r att \u00f6ka styrkan och smaken.<\/li>\n<li><b>L\u00f6sningsmedelsfria extraktioner:<\/b> Medan hash i sig \u00e4r en form av extraktion, utforskar vissa anv\u00e4ndare ytterligare reningsmetoder f\u00f6r specialiserade anv\u00e4ndningsomr\u00e5den.<\/li>\n<\/ul>\n<h2>Utforska Chemsfine's m\u00e5ngsidiga katalog<\/h2>\n<p>Medan v\u00e5rt fokus p\u00e5 premium cannabiskoncentrat som <b>\u00c4kta isbj\u00f6rnshasch<\/b> Chemsfine \u00e4r ocks\u00e5 stolta \u00f6ver att kunna erbjuda ett bredare spektrum av h\u00f6gkvalitativa produkter. Vi \u00e4r en p\u00e5litlig k\u00e4lla f\u00f6r olika specialiserade f\u00f6reningar och tillgodoser en m\u00e5ngsidig kundkrets med strikta standarder. F\u00f6r dem som \u00e4r intresserade av att utforska bortom traditionella cannabisprodukter inneh\u00e5ller v\u00e5r katalog h\u00f6gkvalitativa forskningsmaterial och andra fina kemikalier. Till exempel kan du uppt\u00e4cka unika erbjudanden som <a href=\"https:\/\/chemsfine.com\/sv\/produkt\/buy-2f-dck-online\/\">premie 2F-DCK<\/a> f\u00f6r specifika forskningsbehov, eller \u00f6verv\u00e4ga v\u00e5rt robusta urval av produkter som t.ex. <a href=\"https:\/\/chemsfine.com\/sv\/produkt\/diablo-k2-spray\/\">Diablo K2 Spray<\/a>, alla med samma engagemang f\u00f6r kvalitet och s\u00e4kra ink\u00f6p. V\u00e5rt engagemang f\u00f6r att tillhandah\u00e5lla ett brett utbud av produkter med h\u00f6g renhet s\u00e4kerst\u00e4ller att Chemsfine f\u00f6rblir en omfattande resurs f\u00f6r olika kr\u00e4vande krav.<\/p>\n<h2>S\u00e4kerhet och ansvarsfull njutning<\/h2>\n<p>P\u00e5 Chemsfine betonar vi vikten av s\u00e4kerhet och ansvarsfull konsumtion f\u00f6r alla v\u00e5ra produkter, inklusive <b>Polar Bear Hash<\/b>. Vi f\u00f6respr\u00e5kar informerad anv\u00e4ndning och efterlevnad av lokala best\u00e4mmelser. V\u00e5ra haschprodukter genomg\u00e5r str\u00e4nga kvalitetskontrollprocesser f\u00f6r att s\u00e4kerst\u00e4lla renhet och frihet fr\u00e5n f\u00f6roreningar, vilket ger dig en f\u00f6rs\u00e4ljningsprodukt med h\u00f6g renhet som du kan lita p\u00e5. Vi ser till att f\u00f6rpackningarna \u00e4r s\u00e4kra f\u00f6r att bevara produktens integritet och ge tydlig information om dess sammans\u00e4ttning. Konsumenter uppmuntras att b\u00f6rja med sm\u00e5 m\u00e4ngder, s\u00e4rskilt om de \u00e4r nya f\u00f6r koncentrat, f\u00f6r att f\u00f6rst\u00e5 deras individuella tolerans. F\u00f6rvara alltid din <b>premium hasch<\/b> p\u00e5 en sval, m\u00f6rk och s\u00e4ker plats, utom r\u00e4ckh\u00e5ll f\u00f6r minder\u00e5riga och husdjur. V\u00e5rt engagemang f\u00f6r efterlevnad och kvalitetss\u00e4kring \u00e5terspeglar v\u00e5rt engagemang f\u00f6r kundernas v\u00e4lbefinnande och tillfredsst\u00e4llelse, vilket g\u00f6r ditt k\u00f6p till ett s\u00e4kert och ansvarsfullt val.<\/p>\n<h2>Varf\u00f6r v\u00e4lja oss f\u00f6r dina premiumkoncentrat?<\/h2>\n<p>N\u00e4r du best\u00e4mmer dig f\u00f6r att <b>Best\u00e4ll Polar Bear Hash online<\/b>, eller n\u00e5got annat koncentrat, Chemsfine erbjuder \u00f6vertygande sk\u00e4l att g\u00f6ra oss till din f\u00f6redragna leverant\u00f6r. Vi \u00e4r dedikerade till att tillhandah\u00e5lla transparenta detaljer om v\u00e5ra produkter, s\u00e5 att du vet exakt vad du f\u00e5r. V\u00e5rt \u00e5tagande att verifiera batchregister inneb\u00e4r konsekvent kvalitet och styrka vid varje k\u00f6p. Vi st\u00e5r f\u00f6r v\u00e5r konkurrenskraftiga priss\u00e4ttning och str\u00e4var efter att erbjuda <b>b\u00e4sta hasch online<\/b> utan att kompromissa med produktens integritet. Dessutom \u00e4r v\u00e5rt exceptionella kundtj\u00e4nstteam alltid redo att hj\u00e4lpa dig med eventuella f\u00f6rfr\u00e5gningar, vilket g\u00f6r din shoppingupplevelse smidig och trevlig. V\u00e5rt stora urval, inklusive \u00f6ver 80 sorter, bef\u00e4ster v\u00e5r position som ledande inom online-apoteksutrymmet och erbjuder o\u00f6vertr\u00e4ffade val f\u00f6r den kr\u00e4sna konsumenten. V\u00e4lj Chemsfine f\u00f6r en verkligt <b>s\u00e4kert k\u00f6p<\/b> av premiumkoncentrat.<\/p>\n<p><h3>J\u00e4mf\u00f6relse av hashkvalitet<\/h3>\n<\/p>\n<table>\n<thead>\n<tr>\n<th>Funktion<\/th>\n<th>Polar Bear Hash (Premium)<\/th>\n<th>Standard Hash<\/th>\n<th>Hash av l\u00e5g kvalitet<\/th>\n<\/tr>\n<\/thead>\n<tbody>\n<tr>\n<td>Styrka<\/td>\n<td>Mycket h\u00f6g<\/td>\n<td>Medelh\u00f6g till h\u00f6g<\/td>\n<td>L\u00e5g till medelh\u00f6g<\/td>\n<\/tr>\n<tr>\n<td>Doft &amp; smak<\/td>\n<td>Rik, komplex, distinkt<\/td>\n<td>M\u00e5ttlig, jordig<\/td>\n<td>Milda, ibland h\u00e5rda<\/td>\n<\/tr>\n<tr>\n<td>Textur<\/td>\n<td>Mjuk, b\u00f6jlig, hartsartad<\/td>\n<td>Fast, smulig<\/td>\n<td>H\u00e5rd, sk\u00f6r<\/td>\n<\/tr>\n<tr>\n<td>Renhet<\/td>\n<td>Utm\u00e4rkt (minimalt med f\u00f6roreningar)<\/td>\n<td>Bra (en del v\u00e4xtdelar)<\/td>\n<td>D\u00e5lig (mer f\u00f6roreningar)<\/td>\n<\/tr>\n<tr>\n<td>Erfarenhet<\/td>\n<td>Euforisk, l\u00e5ngvarig<\/td>\n<td>Balanserad, M\u00e5ttlig<\/td>\n<td>Mild, kortlivad<\/td>\n<\/tr>\n<\/tbody>\n<\/table>\n<h2>Slutsats<\/h2>\n<p>Sammanfattningsvis, f\u00f6r dem som vill <b>k\u00f6pa Polar Bear Hash till salu<\/b>, Chemsfine erbjuder en o\u00f6vertr\u00e4ffad upplevelse som bygger p\u00e5 kvalitet, variation och kundn\u00f6jdhet. V\u00e5rt engagemang f\u00f6r att tillhandah\u00e5lla de finaste <b>premium hasch<\/b>, V\u00e5rt engagemang f\u00f6r s\u00e4kra transaktioner och p\u00e5litliga leveranser g\u00f6r oss till det ultimata valet f\u00f6r dina behov av koncentrat. Med <b>\u00f6ver 80+ sorters hasch<\/b> att v\u00e4lja mellan, tillsammans med bekv\u00e4mligheten med online-shopping och gratis frakt p\u00e5 kvalificerade best\u00e4llningar, har det aldrig funnits ett b\u00e4ttre tillf\u00e4lle att utforska v\u00e5rt urval. F\u00f6rh\u00f6j din upplevelse med <b>\u00c4kta isbj\u00f6rnshasch<\/b> och uppt\u00e4ck skillnaden som \u00e4kta kvalitet g\u00f6r. Bes\u00f6k Chemsfine idag och p\u00e5b\u00f6rja en resa med exceptionella cannabiskoncentrat, uppbackade av f\u00f6rtroende och excellens.<\/p>","protected":false},"excerpt":{"rendered":"<p>Upplev den rika kvaliteten hos <b>Polar Bear Hash<\/b>. Detta premiumkoncentrat erbjuder exceptionell styrka och smak. N\u00e4r du s\u00f6ker den finaste <b>Polar Bear Hash<\/b> tillg\u00e4ngliga, k\u00f6p p\u00e5 Chemsfine f\u00f6r ett p\u00e5litligt och h\u00f6gkvalitativt produktval.<\/p>","protected":false},"featured_media":6710,"comment_status":"open","ping_status":"closed","template":"","meta":{"_joinchat":[]},"product_brand":[],"product_cat":[942],"product_tag":[],"class_list":{"0":"post-6657","1":"product","2":"type-product","3":"status-publish","4":"has-post-thumbnail","6":"product_cat-hashish","8":"first","9":"instock","10":"shipping-taxable","11":"purchasable","12":"product-type-variable"},"yoast_head":"<!-- This site is optimized with the Yoast SEO plugin v27.2 - https:\/\/yoast.com\/product\/yoast-seo-wordpress\/ -->\n<title>Buy Polar Bear Hash Online | Best Prices Available at Chemsfine<\/title>\n<meta name=\"description\" content=\"Discover Polar Bear Hash online at Chemsfine. Buy premium, high-quality hash with over 80 varieties available. Order now for the best selection &amp; secure purchase.\" \/>\n<meta name=\"robots\" content=\"index, follow, max-snippet:-1, max-image-preview:large, max-video-preview:-1\" \/>\n<link rel=\"canonical\" href=\"https:\/\/chemsfine.com\/sv\/produkt\/buy-polar-bear-hash\/\" \/>\n<meta property=\"og:locale\" content=\"sv_SE\" \/>\n<meta property=\"og:type\" content=\"article\" \/>\n<meta property=\"og:title\" content=\"Buy Polar Bear Hash Online | Best Prices Available at Chemsfine\" \/>\n<meta property=\"og:description\" content=\"Discover Polar Bear Hash online at Chemsfine. Buy premium, high-quality hash with over 80 varieties available. Order now for the best selection &amp; secure purchase.\" \/>\n<meta property=\"og:url\" content=\"https:\/\/chemsfine.com\/sv\/produkt\/buy-polar-bear-hash\/\" \/>\n<meta property=\"og:site_name\" content=\"Chemsfine\" \/>\n<meta property=\"article:modified_time\" content=\"2026-03-25T12:32:34+00:00\" \/>\n<meta property=\"og:image\" content=\"https:\/\/chemsfine.com\/wp-content\/uploads\/2026\/02\/polar-bear-hash-online-dispensary-canada-bulk-buddy-weed-1.jpg\" \/>\n\t<meta property=\"og:image:width\" content=\"1024\" \/>\n\t<meta property=\"og:image:height\" content=\"1024\" \/>\n\t<meta property=\"og:image:type\" content=\"image\/jpeg\" \/>\n<meta name=\"twitter:card\" content=\"summary_large_image\" \/>\n<meta name=\"twitter:label1\" content=\"Ber\u00e4knad l\u00e4stid\" \/>\n\t<meta name=\"twitter:data1\" content=\"6 minuter\" \/>\n<script type=\"application\/ld+json\" class=\"yoast-schema-graph\">{\"@context\":\"https:\/\/schema.org\",\"@graph\":[{\"@type\":\"WebPage\",\"@id\":\"https:\/\/chemsfine.com\/product\/buy-polar-bear-hash\/\",\"url\":\"https:\/\/chemsfine.com\/product\/buy-polar-bear-hash\/\",\"name\":\"Buy Polar Bear Hash Online | Best Prices Available at Chemsfine\",\"isPartOf\":{\"@id\":\"https:\/\/chemsfine.com\/#website\"},\"primaryImageOfPage\":{\"@id\":\"https:\/\/chemsfine.com\/product\/buy-polar-bear-hash\/#primaryimage\"},\"image\":{\"@id\":\"https:\/\/chemsfine.com\/product\/buy-polar-bear-hash\/#primaryimage\"},\"thumbnailUrl\":\"https:\/\/chemsfine.com\/wp-content\/uploads\/2026\/02\/polar-bear-hash-online-dispensary-canada-bulk-buddy-weed-1.jpg\",\"datePublished\":\"2026-02-12T10:09:45+00:00\",\"dateModified\":\"2026-03-25T12:32:34+00:00\",\"description\":\"Discover Polar Bear Hash online at Chemsfine. Buy premium, high-quality hash with over 80 varieties available. Order now for the best selection &amp; secure purchase.\",\"breadcrumb\":{\"@id\":\"https:\/\/chemsfine.com\/product\/buy-polar-bear-hash\/#breadcrumb\"},\"inLanguage\":\"sv-SE\",\"potentialAction\":[{\"@type\":\"ReadAction\",\"target\":[\"https:\/\/chemsfine.com\/product\/buy-polar-bear-hash\/\"]}]},{\"@type\":\"ImageObject\",\"inLanguage\":\"sv-SE\",\"@id\":\"https:\/\/chemsfine.com\/product\/buy-polar-bear-hash\/#primaryimage\",\"url\":\"https:\/\/chemsfine.com\/wp-content\/uploads\/2026\/02\/polar-bear-hash-online-dispensary-canada-bulk-buddy-weed-1.jpg\",\"contentUrl\":\"https:\/\/chemsfine.com\/wp-content\/uploads\/2026\/02\/polar-bear-hash-online-dispensary-canada-bulk-buddy-weed-1.jpg\",\"width\":1024,\"height\":1024},{\"@type\":\"BreadcrumbList\",\"@id\":\"https:\/\/chemsfine.com\/product\/buy-polar-bear-hash\/#breadcrumb\",\"itemListElement\":[{\"@type\":\"ListItem\",\"position\":1,\"name\":\"Home\",\"item\":\"https:\/\/chemsfine.com\/\"},{\"@type\":\"ListItem\",\"position\":2,\"name\":\"Shop\",\"item\":\"https:\/\/chemsfine.com\/shop\/\"},{\"@type\":\"ListItem\",\"position\":3,\"name\":\"Buy Polar Bear Hash Online | Premium Hash &amp; Concentrates\"}]},{\"@type\":\"WebSite\",\"@id\":\"https:\/\/chemsfine.com\/#website\",\"url\":\"https:\/\/chemsfine.com\/\",\"name\":\"Chemsfine\",\"description\":\"My WordPress Blog\",\"publisher\":{\"@id\":\"https:\/\/chemsfine.com\/#organization\"},\"potentialAction\":[{\"@type\":\"SearchAction\",\"target\":{\"@type\":\"EntryPoint\",\"urlTemplate\":\"https:\/\/chemsfine.com\/?s={search_term_string}\"},\"query-input\":{\"@type\":\"PropertyValueSpecification\",\"valueRequired\":true,\"valueName\":\"search_term_string\"}}],\"inLanguage\":\"sv-SE\"},{\"@type\":\"Organization\",\"@id\":\"https:\/\/chemsfine.com\/#organization\",\"name\":\"Chemsfine\",\"url\":\"https:\/\/chemsfine.com\/\",\"logo\":{\"@type\":\"ImageObject\",\"inLanguage\":\"sv-SE\",\"@id\":\"https:\/\/chemsfine.com\/#\/schema\/logo\/image\/\",\"url\":\"https:\/\/chemsfine.com\/wp-content\/uploads\/2024\/09\/final-logo.png\",\"contentUrl\":\"https:\/\/chemsfine.com\/wp-content\/uploads\/2024\/09\/final-logo.png\",\"width\":340,\"height\":72,\"caption\":\"Chemsfine\"},\"image\":{\"@id\":\"https:\/\/chemsfine.com\/#\/schema\/logo\/image\/\"}}]}<\/script>\n<!-- \/ Yoast SEO plugin. -->","yoast_head_json":{"title":"K\u00f6p Polar Bear Hash Online | B\u00e4sta priser tillg\u00e4ngliga p\u00e5 Chemsfine","description":"Uppt\u00e4ck Polar Bear Hash online p\u00e5 Chemsfine. K\u00f6p premium, h\u00f6gkvalitativ hash med \u00f6ver 80 sorter tillg\u00e4ngliga. Best\u00e4ll nu f\u00f6r det b\u00e4sta urvalet och s\u00e4kert k\u00f6p.","robots":{"index":"index","follow":"follow","max-snippet":"max-snippet:-1","max-image-preview":"max-image-preview:large","max-video-preview":"max-video-preview:-1"},"canonical":"https:\/\/chemsfine.com\/sv\/produkt\/buy-polar-bear-hash\/","og_locale":"sv_SE","og_type":"article","og_title":"Buy Polar Bear Hash Online | Best Prices Available at Chemsfine","og_description":"Discover Polar Bear Hash online at Chemsfine. Buy premium, high-quality hash with over 80 varieties available. Order now for the best selection &amp; secure purchase.","og_url":"https:\/\/chemsfine.com\/sv\/produkt\/buy-polar-bear-hash\/","og_site_name":"Chemsfine","article_modified_time":"2026-03-25T12:32:34+00:00","og_image":[{"width":1024,"height":1024,"url":"https:\/\/chemsfine.com\/wp-content\/uploads\/2026\/02\/polar-bear-hash-online-dispensary-canada-bulk-buddy-weed-1.jpg","type":"image\/jpeg"}],"twitter_card":"summary_large_image","twitter_misc":{"Ber\u00e4knad l\u00e4stid":"6 minuter"},"schema":{"@context":"https:\/\/schema.org","@graph":[{"@type":"WebPage","@id":"https:\/\/chemsfine.com\/product\/buy-polar-bear-hash\/","url":"https:\/\/chemsfine.com\/product\/buy-polar-bear-hash\/","name":"K\u00f6p Polar Bear Hash Online | B\u00e4sta priser tillg\u00e4ngliga p\u00e5 Chemsfine","isPartOf":{"@id":"https:\/\/chemsfine.com\/#website"},"primaryImageOfPage":{"@id":"https:\/\/chemsfine.com\/product\/buy-polar-bear-hash\/#primaryimage"},"image":{"@id":"https:\/\/chemsfine.com\/product\/buy-polar-bear-hash\/#primaryimage"},"thumbnailUrl":"https:\/\/chemsfine.com\/wp-content\/uploads\/2026\/02\/polar-bear-hash-online-dispensary-canada-bulk-buddy-weed-1.jpg","datePublished":"2026-02-12T10:09:45+00:00","dateModified":"2026-03-25T12:32:34+00:00","description":"Uppt\u00e4ck Polar Bear Hash online p\u00e5 Chemsfine. K\u00f6p premium, h\u00f6gkvalitativ hash med \u00f6ver 80 sorter tillg\u00e4ngliga. Best\u00e4ll nu f\u00f6r det b\u00e4sta urvalet och s\u00e4kert k\u00f6p.","breadcrumb":{"@id":"https:\/\/chemsfine.com\/product\/buy-polar-bear-hash\/#breadcrumb"},"inLanguage":"sv-SE","potentialAction":[{"@type":"ReadAction","target":["https:\/\/chemsfine.com\/product\/buy-polar-bear-hash\/"]}]},{"@type":"ImageObject","inLanguage":"sv-SE","@id":"https:\/\/chemsfine.com\/product\/buy-polar-bear-hash\/#primaryimage","url":"https:\/\/chemsfine.com\/wp-content\/uploads\/2026\/02\/polar-bear-hash-online-dispensary-canada-bulk-buddy-weed-1.jpg","contentUrl":"https:\/\/chemsfine.com\/wp-content\/uploads\/2026\/02\/polar-bear-hash-online-dispensary-canada-bulk-buddy-weed-1.jpg","width":1024,"height":1024},{"@type":"BreadcrumbList","@id":"https:\/\/chemsfine.com\/product\/buy-polar-bear-hash\/#breadcrumb","itemListElement":[{"@type":"ListItem","position":1,"name":"Home","item":"https:\/\/chemsfine.com\/"},{"@type":"ListItem","position":2,"name":"Shop","item":"https:\/\/chemsfine.com\/shop\/"},{"@type":"ListItem","position":3,"name":"Buy Polar Bear Hash Online | Premium Hash &amp; Concentrates"}]},{"@type":"WebSite","@id":"https:\/\/chemsfine.com\/#website","url":"https:\/\/chemsfine.com\/","name":"Chemsfine","description":"Min WordPress-blogg","publisher":{"@id":"https:\/\/chemsfine.com\/#organization"},"potentialAction":[{"@type":"SearchAction","target":{"@type":"EntryPoint","urlTemplate":"https:\/\/chemsfine.com\/?s={search_term_string}"},"query-input":{"@type":"PropertyValueSpecification","valueRequired":true,"valueName":"search_term_string"}}],"inLanguage":"sv-SE"},{"@type":"Organization","@id":"https:\/\/chemsfine.com\/#organization","name":"Chemsfine","url":"https:\/\/chemsfine.com\/","logo":{"@type":"ImageObject","inLanguage":"sv-SE","@id":"https:\/\/chemsfine.com\/#\/schema\/logo\/image\/","url":"https:\/\/chemsfine.com\/wp-content\/uploads\/2024\/09\/final-logo.png","contentUrl":"https:\/\/chemsfine.com\/wp-content\/uploads\/2024\/09\/final-logo.png","width":340,"height":72,"caption":"Chemsfine"},"image":{"@id":"https:\/\/chemsfine.com\/#\/schema\/logo\/image\/"}}]}},"_links":{"self":[{"href":"https:\/\/chemsfine.com\/sv\/wp-json\/wp\/v2\/product\/6657","targetHints":{"allow":["GET"]}}],"collection":[{"href":"https:\/\/chemsfine.com\/sv\/wp-json\/wp\/v2\/product"}],"about":[{"href":"https:\/\/chemsfine.com\/sv\/wp-json\/wp\/v2\/types\/product"}],"replies":[{"embeddable":true,"href":"https:\/\/chemsfine.com\/sv\/wp-json\/wp\/v2\/comments?post=6657"}],"wp:featuredmedia":[{"embeddable":true,"href":"https:\/\/chemsfine.com\/sv\/wp-json\/wp\/v2\/media\/6710"}],"wp:attachment":[{"href":"https:\/\/chemsfine.com\/sv\/wp-json\/wp\/v2\/media?parent=6657"}],"wp:term":[{"taxonomy":"product_brand","embeddable":true,"href":"https:\/\/chemsfine.com\/sv\/wp-json\/wp\/v2\/product_brand?post=6657"},{"taxonomy":"product_cat","embeddable":true,"href":"https:\/\/chemsfine.com\/sv\/wp-json\/wp\/v2\/product_cat?post=6657"},{"taxonomy":"product_tag","embeddable":true,"href":"https:\/\/chemsfine.com\/sv\/wp-json\/wp\/v2\/product_tag?post=6657"}],"curies":[{"name":"wp","href":"https:\/\/api.w.org\/{rel}","templated":true}]}}