{"id":6658,"date":"2026-02-12T10:09:45","date_gmt":"2026-02-12T10:09:45","guid":{"rendered":"https:\/\/chemsfine.com\/?post_type=product&#038;p=6658"},"modified":"2026-03-25T12:32:25","modified_gmt":"2026-03-25T12:32:25","slug":"buy-superman-hash-concentrate","status":"publish","type":"product","link":"https:\/\/chemsfine.com\/sv\/product\/buy-superman-hash-concentrate\/","title":{"rendered":"K\u00f6p Superman Hash Online | Koncentrat av premiumkvalitet p\u00e5 Chemsfine"},"content":{"rendered":"<p>\u00c4r du ute efter att <b>k\u00f6pa Superman Hash till salu<\/b>? Uppt\u00e4ck den kraftfulla och autentiska upplevelsen av detta mycket eftertraktade cannabiskoncentrat, tillg\u00e4ngligt f\u00f6r <b>s\u00e4kert k\u00f6p online<\/b> p\u00e5 Chemsfine. Vi erbjuder ett f\u00f6rstklassigt urval, vilket s\u00e4kerst\u00e4ller att du endast f\u00e5r en produkt av h\u00f6gsta kvalitet. N\u00e4r du v\u00e4ljer att <b>K\u00f6p nu online<\/b> fr\u00e5n Chemsfine v\u00e4ljer du en p\u00e5litlig k\u00e4lla f\u00f6r exceptionella koncentrat, noggrant kurerade f\u00f6r b\u00e5de entusiaster och finsmakare.<\/p>\n<h2>Vad \u00e4r detta Premium Hash?<\/h2>\n<p><b>Superman Hash<\/b>, \u00e4ven k\u00e4nt som hasch, representerar den koncentrerade essensen av cannabisplantan. Det \u00e4r det avg\u00f6rande \u00f6gonblicket d\u00e5 v\u00e4xtens v\u00e4rdefulla trikomer - de sm\u00e5, hartsartade k\u00f6rtelhuvudena som t\u00e4cker ytan p\u00e5 kvinnliga cannabisplantor - separeras och samlas in fr\u00e5n sj\u00e4lva v\u00e4xtmaterialet. Denna noggranna process s\u00e4kerst\u00e4ller att de mest potenta och smakrika f\u00f6reningarna i cannabisplantan isoleras, vilket skapar en produkt av anm\u00e4rkningsv\u00e4rd kvalitet och intensitet.<\/p>\n<p>Konsten att uppn\u00e5 hartsseparation har praktiserats i \u00e5rhundraden i olika kulturer och utvecklats med tiden. Traditionella metoder har l\u00e4nge gett imponerande resultat, men den snabba \u00f6kningen av legaliseringen av cannabis i v\u00e4stv\u00e4rlden har lett till nya, innovativa metoder f\u00f6r att framst\u00e4lla detta koncentrat. Dessa moderna tekniker sveper nu \u00f6ver lagliga marknader och f\u00f6rb\u00e4ttrar renhet och konsistens. M\u00e5nga f\u00f6retag kan h\u00e4vda att deras hasch \u00e4r importerat, men v\u00e5r <b>Hasch av h\u00f6gsta kvalitet<\/b> \u00e4r vackert lokalt inhemskt tillverkad och representerar den finaste hantverksskickligheten inom koncentratproduktion. Dess rika arom och distinkta konsistens bekr\u00e4ftar dess autentiska ursprung och noggranna beredning.<\/p>\n<h2>Varf\u00f6r k\u00f6pa Superman Hash online p\u00e5 Chemsfine?<\/h2>\n<p>N\u00e4r du s\u00f6ker efter den <b>b\u00e4sta tillg\u00e4ngliga hasch<\/b>, Chemsfine st\u00e5r som din fr\u00e4msta destination. Vi \u00e4r stolta \u00f6ver att erbjuda ett o\u00f6vertr\u00e4ffat urval av koncentrat och ser till att varje k\u00f6p uppfyller v\u00e5ra str\u00e4nga kvalitetsstandarder. Vi f\u00f6rst\u00e5r vikten av f\u00f6rtroende och \u00f6ppenhet n\u00e4r du k\u00f6per specialiserade produkter online. D\u00e4rf\u00f6r f\u00f6rbinder vi oss att endast tillhandah\u00e5lla <b>autentisk hash<\/b>, testas noggrant f\u00f6r renhet och styrka. V\u00e5rt engagemang f\u00f6r excellens inneb\u00e4r att du kan vara s\u00e4ker p\u00e5 <b>k\u00f6p denna premium hasch online<\/b>, Du kan k\u00e4nna dig trygg med att du investerar i en \u00f6verl\u00e4gsen produkt.<\/p>\n<p>P\u00e5 Chemsfine g\u00f6r vi processen att f\u00f6rv\u00e4rva premiumkoncentrat enkel. Du kommer att uppt\u00e4cka att v\u00e5rt engagemang f\u00f6r konkurrenskraftiga priser i kombination med o\u00f6vertr\u00e4ffad produktintegritet g\u00f6r oss till det f\u00f6redragna valet. Utforska v\u00e5rt sortiment och upplev bekv\u00e4mligheten med att f\u00e5 h\u00f6gkvalitativ hasch levererad direkt till dig. Vi str\u00e4var efter att vara din p\u00e5litliga k\u00e4lla f\u00f6r alla dina koncentratbehov och s\u00e4kerst\u00e4lla en smidig och tillfredsst\u00e4llande shoppingupplevelse varje g\u00e5ng.<\/p>\n<h2>Konsumtionsmetoder f\u00f6r detta koncentrat<\/h2>\n<p>Denna premiumhasch \u00e4r k\u00e4nd f\u00f6r sin m\u00e5ngsidighet och kan avnjutas p\u00e5 olika s\u00e4tt, vilket ger en anpassningsbar upplevelse f\u00f6r varje anv\u00e4ndare. F\u00f6r optimal hantering, om du applicerar lite v\u00e4rme, kommer detta koncentrat att bli mer formbart och l\u00e4ttare att arbeta med, vilket m\u00f6jligg\u00f6r enkel f\u00f6rberedelse. H\u00e4r \u00e4r n\u00e5gra popul\u00e4ra metoder f\u00f6r att konsumera denna exceptionella produkt:<\/p>\n<ul>\n<li><b>Smula s\u00f6nder till en Joint:<\/b> Smula s\u00f6nder haschet fint och str\u00f6 det i din favoritblandning av \u00f6rtcannabis eller tobak innan du rullar en joint. Denna metod ger en j\u00e4mn f\u00f6rbr\u00e4nning och en f\u00f6rb\u00e4ttrad upplevelse genom att haschets rika smaker blandas med din valda \u00f6rt.<\/li>\n<li><b>R\u00f6k fr\u00e5n pipa, bong eller vattenpipa:<\/b> L\u00e4gg en liten bit hasch i sk\u00e5len p\u00e5 din pipa, bong eller vattenpipa. Den direkta v\u00e4rmetillf\u00f6rseln m\u00f6jligg\u00f6r omedelbar f\u00f6r\u00e5ngning och inandning, vilket ger en kraftig och smakrik hit. Detta \u00e4r en klassisk metod f\u00f6r att uppleva den fulla essensen av hash.<\/li>\n<li><b>Utnyttja en One-Hitter:<\/b> F\u00f6r en snabb och diskret session \u00e4r en one-hitter ett utm\u00e4rkt verktyg. Packa en liten m\u00e4ngd hash i slutet av en-hitteren och t\u00e4nd. Denna metod ger en kontrollerad dos, perfekt f\u00f6r konsumtion p\u00e5 spr\u00e5ng eller mikrodosering.<\/li>\n<li><b>F\u00f6r\u00e5ngning:<\/b> \u00c4ven om det inte uttryckligen n\u00e4mns i originaltexten kan hasch ocks\u00e5 f\u00f6r\u00e5ngas med hj\u00e4lp av kompatibla enheter. Denna metod v\u00e4rmer upp haschet till dess f\u00f6r\u00e5ngningspunkt utan f\u00f6rbr\u00e4nning, vilket ger en renare, mjukare \u00e5nga som bevarar terpenerna och cannabinoiderna.<\/li>\n<li><b>Oral F\u00f6rt\u00e4ring (efter dekarboxylering):<\/b> F\u00f6r dem som f\u00f6redrar att inte inhalera kan hasch konsumeras oralt efter att det har dekarboxylerats. Dekarboxylering aktiverar cannabinoiderna, vilket g\u00f6r dem biotillg\u00e4ngliga f\u00f6r absorption n\u00e4r de intas, vilket ger en mer l\u00e5ngvarig effekt.<\/li>\n<\/ul>\n<p>Eftersom ren hasch inte brinner effektivt om den rullas ensam i en joint, blandas den vanligtvis med \u00f6rtkryddor <a href=\"https:\/\/chemsfine.com\/sv\/produkt\/kopa-mdphp-freebase-online\/\">premiumkoncentrat<\/a>, tobak eller n\u00e5gon annan typ av \u00f6rt f\u00f6r optimal f\u00f6rbr\u00e4nning och en njutbar upplevelse. F\u00f6r entusiaster som vill utforska <a href=\"https:\/\/chemsfine.com\/sv\/produkt\/buy-diazepam-valium-powder\/\">andra specialiserade produkter<\/a>, Chemsfine erbjuder ett varierat urval f\u00f6r att tillgodose olika preferenser.<\/p>\n<h2>Produktspecifikationer och kvalitetss\u00e4kring<\/h2>\n<p>P\u00e5 Chemsfine s\u00e4kerst\u00e4ller v\u00e5rt engagemang f\u00f6r kvalitet att varje gram av v\u00e5ra koncentrat uppfyller str\u00e4nga standarder. Vi tror p\u00e5 att tillhandah\u00e5lla transparenta detaljer om v\u00e5ra produkter, s\u00e5 att v\u00e5ra kunder kan fatta v\u00e4lgrundade beslut. Detta <b>premiumkvalitet till salu<\/b> koncentrat \u00e4r ett bevis p\u00e5 v\u00e5r h\u00e4ngivenhet till excellens.<\/p>\n<table border=\"1\">\n<thead>\n<tr>\n<th>Attribut<\/th>\n<th>Detalj<\/th>\n<\/tr>\n<\/thead>\n<tbody>\n<tr>\n<td>Produktens namn<\/td>\n<td>Superman Hash<\/td>\n<\/tr>\n<tr>\n<td>Typ<\/td>\n<td>Cannabiskoncentrat (Haschisch)<\/td>\n<\/tr>\n<tr>\n<td>Ursprung<\/td>\n<td>Inhemskt producerad<\/td>\n<\/tr>\n<tr>\n<td>Samst\u00e4mmighet<\/td>\n<td>Formbar med mild v\u00e4rme<\/td>\n<\/tr>\n<tr>\n<td>Renhet<\/td>\n<td>H\u00f6gkvalitativ hartsseparation<\/td>\n<\/tr>\n<tr>\n<td>Rekommenderad anv\u00e4ndning<\/td>\n<td>R\u00f6kning, Vaping (efter dekarboxylering f\u00f6r oral anv\u00e4ndning)<\/td>\n<\/tr>\n<\/tbody>\n<\/table>\n<p>Varje parti genomg\u00e5r noggrann inspektion f\u00f6r att s\u00e4kerst\u00e4lla j\u00e4mn kvalitet, konsistens och styrka. Vi arbetar direkt med skickliga producenter som anv\u00e4nder de senaste extraktionsteknikerna f\u00f6r att separera de mogna och k\u00e5drika k\u00f6rtelhuvudena, vilket garanterar en \u00e4kta och \u00f6verl\u00e4gsen produkt f\u00f6r v\u00e5ra v\u00e4rdefulla kunder.<\/p>\n<h2>Varf\u00f6r v\u00e4lja Chemsfine f\u00f6r dina haschbehov?<\/h2>\n<p>Att v\u00e4lja Chemsfine f\u00f6r din <b>premium hasch<\/b> inneb\u00e4r att du v\u00e4ljer tillf\u00f6rlitlighet, kvalitet och en o\u00f6vertr\u00e4ffad shoppingupplevelse. Vi prioriterar kundn\u00f6jdhet genom att s\u00e4kerst\u00e4lla att varje produkt, inklusive v\u00e5ra <a href=\"https:\/\/chemsfine.com\/sv\/butik\/\">fullst\u00e4ndig produktkatalog<\/a>, \u00e4r ansvarsfullt anskaffade och hanteras med st\u00f6rsta omsorg. Du kan vara s\u00e4ker p\u00e5 att <b>Best\u00e4ll denna hasch online<\/b> fr\u00e5n oss och dra nytta av v\u00e5ra transparenta detaljer och verifierade batchregister. V\u00e5r konkurrenskraftiga priss\u00e4ttning s\u00e4kerst\u00e4ller att du f\u00e5r det b\u00e4sta v\u00e4rdet utan att kompromissa med kvaliteten.<\/p>\n<p>Vi \u00e4r dedikerade till att tillhandah\u00e5lla en s\u00f6ml\u00f6s och s\u00e4ker plattform f\u00f6r alla dina ink\u00f6p. V\u00e5rt engagemang f\u00f6r h\u00f6ga standarder g\u00f6r Chemsfine till det perfekta valet f\u00f6r dem som s\u00f6ker exceptionella cannabiskoncentrat och en p\u00e5litlig onlineleverant\u00f6r. Upplev skillnaden n\u00e4r du v\u00e4ljer en leverant\u00f6r som s\u00e4tter kvalitet och kundf\u00f6rtroende i f\u00f6rsta rummet.<\/p>\n<h2>Slutsats<\/h2>\n<p>Sammanfattningsvis, n\u00e4r du \u00e4r redo att <b>k\u00f6pa Superman Hash till salu<\/b>, leta inte l\u00e4ngre \u00e4n Chemsfine. Vi erbjuder ett autentiskt, inhemskt producerat koncentrat som sticker ut f\u00f6r sin kvalitet, styrka och m\u00e5ngsidiga konsumtionsmetoder. V\u00e5r str\u00f6mlinjeformade ink\u00f6psprocess online, i kombination med v\u00e5rt engagemang f\u00f6r excellens, s\u00e4kerst\u00e4ller att du f\u00e5r en produkt som inte bara uppfyller utan \u00f6vertr\u00e4ffar dina f\u00f6rv\u00e4ntningar. Utforska det rika arvet och de potenta effekterna av denna unika hasch idag, och f\u00f6rh\u00f6j din upplevelse med ett premiumkoncentrat fr\u00e5n Chemsfine.<\/p>","protected":false},"excerpt":{"rendered":"<p>Erfarenhet <b>Superman Hash<\/b>, ett potent cannabiskoncentrat som \u00e4r k\u00e4nt f\u00f6r sin renhet och m\u00e5ngsidighet. L\u00e4tt och enkelt <b>k\u00f6pa p\u00e5 Chemsfine<\/b> f\u00f6r en o\u00f6vertr\u00e4ffad upplevelse. Det \u00e4r tillverkat f\u00f6r bekv\u00e4mlighet och kvalitet och \u00e4r perfekt f\u00f6r olika konsumtionsmetoder. Utforska detta autentiska koncentrat idag.<\/p>","protected":false},"featured_media":6711,"comment_status":"open","ping_status":"closed","template":"","meta":{"_joinchat":[]},"product_brand":[],"product_cat":[942],"product_tag":[],"class_list":{"0":"post-6658","1":"product","2":"type-product","3":"status-publish","4":"has-post-thumbnail","6":"product_cat-hashish","8":"first","9":"instock","10":"shipping-taxable","11":"purchasable","12":"product-type-variable"},"yoast_head":"<!-- This site is optimized with the Yoast SEO plugin v27.2 - https:\/\/yoast.com\/product\/yoast-seo-wordpress\/ -->\n<title>Buy Superman Hash Online - Best Quality Available at Chemsfine<\/title>\n<meta name=\"description\" content=\"Discover and buy Superman Hash online at Chemsfine. Get top-quality, domestically made hash, available now. Explore consumption methods for this premium cannabis concentrate.\" \/>\n<meta name=\"robots\" content=\"index, follow, max-snippet:-1, max-image-preview:large, max-video-preview:-1\" \/>\n<link rel=\"canonical\" href=\"https:\/\/chemsfine.com\/sv\/produkt\/buy-superman-hash-concentrate\/\" \/>\n<meta property=\"og:locale\" content=\"sv_SE\" \/>\n<meta property=\"og:type\" content=\"article\" \/>\n<meta property=\"og:title\" content=\"Buy Superman Hash Online - Best Quality Available at Chemsfine\" \/>\n<meta property=\"og:description\" content=\"Discover and buy Superman Hash online at Chemsfine. Get top-quality, domestically made hash, available now. Explore consumption methods for this premium cannabis concentrate.\" \/>\n<meta property=\"og:url\" content=\"https:\/\/chemsfine.com\/sv\/produkt\/buy-superman-hash-concentrate\/\" \/>\n<meta property=\"og:site_name\" content=\"Chemsfine\" \/>\n<meta property=\"article:modified_time\" content=\"2026-03-25T12:32:25+00:00\" \/>\n<meta property=\"og:image\" content=\"https:\/\/chemsfine.com\/wp-content\/uploads\/2026\/02\/order-superman-hash-online-dispensary-canada-buy-hash-at-bulk-buddy-1.jpg\" \/>\n\t<meta property=\"og:image:width\" content=\"1024\" \/>\n\t<meta property=\"og:image:height\" content=\"1024\" \/>\n\t<meta property=\"og:image:type\" content=\"image\/jpeg\" \/>\n<meta name=\"twitter:card\" content=\"summary_large_image\" \/>\n<meta name=\"twitter:label1\" content=\"Ber\u00e4knad l\u00e4stid\" \/>\n\t<meta name=\"twitter:data1\" content=\"5 minuter\" \/>\n<script type=\"application\/ld+json\" class=\"yoast-schema-graph\">{\"@context\":\"https:\/\/schema.org\",\"@graph\":[{\"@type\":\"WebPage\",\"@id\":\"https:\/\/chemsfine.com\/product\/buy-superman-hash-concentrate\/\",\"url\":\"https:\/\/chemsfine.com\/product\/buy-superman-hash-concentrate\/\",\"name\":\"Buy Superman Hash Online - Best Quality Available at Chemsfine\",\"isPartOf\":{\"@id\":\"https:\/\/chemsfine.com\/#website\"},\"primaryImageOfPage\":{\"@id\":\"https:\/\/chemsfine.com\/product\/buy-superman-hash-concentrate\/#primaryimage\"},\"image\":{\"@id\":\"https:\/\/chemsfine.com\/product\/buy-superman-hash-concentrate\/#primaryimage\"},\"thumbnailUrl\":\"https:\/\/chemsfine.com\/wp-content\/uploads\/2026\/02\/order-superman-hash-online-dispensary-canada-buy-hash-at-bulk-buddy-1.jpg\",\"datePublished\":\"2026-02-12T10:09:45+00:00\",\"dateModified\":\"2026-03-25T12:32:25+00:00\",\"description\":\"Discover and buy Superman Hash online at Chemsfine. Get top-quality, domestically made hash, available now. Explore consumption methods for this premium cannabis concentrate.\",\"breadcrumb\":{\"@id\":\"https:\/\/chemsfine.com\/product\/buy-superman-hash-concentrate\/#breadcrumb\"},\"inLanguage\":\"sv-SE\",\"potentialAction\":[{\"@type\":\"ReadAction\",\"target\":[\"https:\/\/chemsfine.com\/product\/buy-superman-hash-concentrate\/\"]}]},{\"@type\":\"ImageObject\",\"inLanguage\":\"sv-SE\",\"@id\":\"https:\/\/chemsfine.com\/product\/buy-superman-hash-concentrate\/#primaryimage\",\"url\":\"https:\/\/chemsfine.com\/wp-content\/uploads\/2026\/02\/order-superman-hash-online-dispensary-canada-buy-hash-at-bulk-buddy-1.jpg\",\"contentUrl\":\"https:\/\/chemsfine.com\/wp-content\/uploads\/2026\/02\/order-superman-hash-online-dispensary-canada-buy-hash-at-bulk-buddy-1.jpg\",\"width\":1024,\"height\":1024},{\"@type\":\"BreadcrumbList\",\"@id\":\"https:\/\/chemsfine.com\/product\/buy-superman-hash-concentrate\/#breadcrumb\",\"itemListElement\":[{\"@type\":\"ListItem\",\"position\":1,\"name\":\"Home\",\"item\":\"https:\/\/chemsfine.com\/\"},{\"@type\":\"ListItem\",\"position\":2,\"name\":\"Shop\",\"item\":\"https:\/\/chemsfine.com\/shop\/\"},{\"@type\":\"ListItem\",\"position\":3,\"name\":\"Buy Superman Hash Online | Premium Quality Concentrate at Chemsfine\"}]},{\"@type\":\"WebSite\",\"@id\":\"https:\/\/chemsfine.com\/#website\",\"url\":\"https:\/\/chemsfine.com\/\",\"name\":\"Chemsfine\",\"description\":\"My WordPress Blog\",\"publisher\":{\"@id\":\"https:\/\/chemsfine.com\/#organization\"},\"potentialAction\":[{\"@type\":\"SearchAction\",\"target\":{\"@type\":\"EntryPoint\",\"urlTemplate\":\"https:\/\/chemsfine.com\/?s={search_term_string}\"},\"query-input\":{\"@type\":\"PropertyValueSpecification\",\"valueRequired\":true,\"valueName\":\"search_term_string\"}}],\"inLanguage\":\"sv-SE\"},{\"@type\":\"Organization\",\"@id\":\"https:\/\/chemsfine.com\/#organization\",\"name\":\"Chemsfine\",\"url\":\"https:\/\/chemsfine.com\/\",\"logo\":{\"@type\":\"ImageObject\",\"inLanguage\":\"sv-SE\",\"@id\":\"https:\/\/chemsfine.com\/#\/schema\/logo\/image\/\",\"url\":\"https:\/\/chemsfine.com\/wp-content\/uploads\/2024\/09\/final-logo.png\",\"contentUrl\":\"https:\/\/chemsfine.com\/wp-content\/uploads\/2024\/09\/final-logo.png\",\"width\":340,\"height\":72,\"caption\":\"Chemsfine\"},\"image\":{\"@id\":\"https:\/\/chemsfine.com\/#\/schema\/logo\/image\/\"}}]}<\/script>\n<!-- \/ Yoast SEO plugin. -->","yoast_head_json":{"title":"K\u00f6p Superman Hash Online - B\u00e4sta tillg\u00e4ngliga kvalitet p\u00e5 Chemsfine","description":"Uppt\u00e4ck och k\u00f6p Superman Hash online p\u00e5 Chemsfine. F\u00e5 h\u00f6gkvalitativ, inhemskt tillverkad hash, tillg\u00e4nglig nu. Utforska konsumtionsmetoder f\u00f6r detta premium cannabiskoncentrat.","robots":{"index":"index","follow":"follow","max-snippet":"max-snippet:-1","max-image-preview":"max-image-preview:large","max-video-preview":"max-video-preview:-1"},"canonical":"https:\/\/chemsfine.com\/sv\/produkt\/buy-superman-hash-concentrate\/","og_locale":"sv_SE","og_type":"article","og_title":"Buy Superman Hash Online - Best Quality Available at Chemsfine","og_description":"Discover and buy Superman Hash online at Chemsfine. Get top-quality, domestically made hash, available now. Explore consumption methods for this premium cannabis concentrate.","og_url":"https:\/\/chemsfine.com\/sv\/produkt\/buy-superman-hash-concentrate\/","og_site_name":"Chemsfine","article_modified_time":"2026-03-25T12:32:25+00:00","og_image":[{"width":1024,"height":1024,"url":"https:\/\/chemsfine.com\/wp-content\/uploads\/2026\/02\/order-superman-hash-online-dispensary-canada-buy-hash-at-bulk-buddy-1.jpg","type":"image\/jpeg"}],"twitter_card":"summary_large_image","twitter_misc":{"Ber\u00e4knad l\u00e4stid":"5 minuter"},"schema":{"@context":"https:\/\/schema.org","@graph":[{"@type":"WebPage","@id":"https:\/\/chemsfine.com\/product\/buy-superman-hash-concentrate\/","url":"https:\/\/chemsfine.com\/product\/buy-superman-hash-concentrate\/","name":"K\u00f6p Superman Hash Online - B\u00e4sta tillg\u00e4ngliga kvalitet p\u00e5 Chemsfine","isPartOf":{"@id":"https:\/\/chemsfine.com\/#website"},"primaryImageOfPage":{"@id":"https:\/\/chemsfine.com\/product\/buy-superman-hash-concentrate\/#primaryimage"},"image":{"@id":"https:\/\/chemsfine.com\/product\/buy-superman-hash-concentrate\/#primaryimage"},"thumbnailUrl":"https:\/\/chemsfine.com\/wp-content\/uploads\/2026\/02\/order-superman-hash-online-dispensary-canada-buy-hash-at-bulk-buddy-1.jpg","datePublished":"2026-02-12T10:09:45+00:00","dateModified":"2026-03-25T12:32:25+00:00","description":"Uppt\u00e4ck och k\u00f6p Superman Hash online p\u00e5 Chemsfine. F\u00e5 h\u00f6gkvalitativ, inhemskt tillverkad hash, tillg\u00e4nglig nu. Utforska konsumtionsmetoder f\u00f6r detta premium cannabiskoncentrat.","breadcrumb":{"@id":"https:\/\/chemsfine.com\/product\/buy-superman-hash-concentrate\/#breadcrumb"},"inLanguage":"sv-SE","potentialAction":[{"@type":"ReadAction","target":["https:\/\/chemsfine.com\/product\/buy-superman-hash-concentrate\/"]}]},{"@type":"ImageObject","inLanguage":"sv-SE","@id":"https:\/\/chemsfine.com\/product\/buy-superman-hash-concentrate\/#primaryimage","url":"https:\/\/chemsfine.com\/wp-content\/uploads\/2026\/02\/order-superman-hash-online-dispensary-canada-buy-hash-at-bulk-buddy-1.jpg","contentUrl":"https:\/\/chemsfine.com\/wp-content\/uploads\/2026\/02\/order-superman-hash-online-dispensary-canada-buy-hash-at-bulk-buddy-1.jpg","width":1024,"height":1024},{"@type":"BreadcrumbList","@id":"https:\/\/chemsfine.com\/product\/buy-superman-hash-concentrate\/#breadcrumb","itemListElement":[{"@type":"ListItem","position":1,"name":"Home","item":"https:\/\/chemsfine.com\/"},{"@type":"ListItem","position":2,"name":"Shop","item":"https:\/\/chemsfine.com\/shop\/"},{"@type":"ListItem","position":3,"name":"Buy Superman Hash Online | Premium Quality Concentrate at Chemsfine"}]},{"@type":"WebSite","@id":"https:\/\/chemsfine.com\/#website","url":"https:\/\/chemsfine.com\/","name":"Chemsfine","description":"Min WordPress-blogg","publisher":{"@id":"https:\/\/chemsfine.com\/#organization"},"potentialAction":[{"@type":"SearchAction","target":{"@type":"EntryPoint","urlTemplate":"https:\/\/chemsfine.com\/?s={search_term_string}"},"query-input":{"@type":"PropertyValueSpecification","valueRequired":true,"valueName":"search_term_string"}}],"inLanguage":"sv-SE"},{"@type":"Organization","@id":"https:\/\/chemsfine.com\/#organization","name":"Chemsfine","url":"https:\/\/chemsfine.com\/","logo":{"@type":"ImageObject","inLanguage":"sv-SE","@id":"https:\/\/chemsfine.com\/#\/schema\/logo\/image\/","url":"https:\/\/chemsfine.com\/wp-content\/uploads\/2024\/09\/final-logo.png","contentUrl":"https:\/\/chemsfine.com\/wp-content\/uploads\/2024\/09\/final-logo.png","width":340,"height":72,"caption":"Chemsfine"},"image":{"@id":"https:\/\/chemsfine.com\/#\/schema\/logo\/image\/"}}]}},"_links":{"self":[{"href":"https:\/\/chemsfine.com\/sv\/wp-json\/wp\/v2\/product\/6658","targetHints":{"allow":["GET"]}}],"collection":[{"href":"https:\/\/chemsfine.com\/sv\/wp-json\/wp\/v2\/product"}],"about":[{"href":"https:\/\/chemsfine.com\/sv\/wp-json\/wp\/v2\/types\/product"}],"replies":[{"embeddable":true,"href":"https:\/\/chemsfine.com\/sv\/wp-json\/wp\/v2\/comments?post=6658"}],"wp:featuredmedia":[{"embeddable":true,"href":"https:\/\/chemsfine.com\/sv\/wp-json\/wp\/v2\/media\/6711"}],"wp:attachment":[{"href":"https:\/\/chemsfine.com\/sv\/wp-json\/wp\/v2\/media?parent=6658"}],"wp:term":[{"taxonomy":"product_brand","embeddable":true,"href":"https:\/\/chemsfine.com\/sv\/wp-json\/wp\/v2\/product_brand?post=6658"},{"taxonomy":"product_cat","embeddable":true,"href":"https:\/\/chemsfine.com\/sv\/wp-json\/wp\/v2\/product_cat?post=6658"},{"taxonomy":"product_tag","embeddable":true,"href":"https:\/\/chemsfine.com\/sv\/wp-json\/wp\/v2\/product_tag?post=6658"}],"curies":[{"name":"wp","href":"https:\/\/api.w.org\/{rel}","templated":true}]}}