{"id":6660,"date":"2026-02-12T10:09:45","date_gmt":"2026-02-12T10:09:45","guid":{"rendered":"https:\/\/chemsfine.com\/?post_type=product&#038;p=6660"},"modified":"2026-03-25T12:31:39","modified_gmt":"2026-03-25T12:31:39","slug":"buy-mango-hash-online","status":"publish","type":"product","link":"https:\/\/chemsfine.com\/sv\/product\/buy-mango-hash-online\/","title":{"rendered":"K\u00f6p Mango Hash Online | Premium Cannabis-koncentrat p\u00e5 chemsfine"},"content":{"rendered":"<h1>K\u00f6p Mango Hash exklusivt i chemsfines premiumkuraterade webbutik.<\/h1>\n<p><b>K\u00f6p Mango Hash till salu<\/b> p\u00e5 chemsfine, din p\u00e5litliga online-destination f\u00f6r premiumkoncentrat. Uppt\u00e4ck den o\u00f6vertr\u00e4ffade upplevelsen av detta h\u00f6gkvalitativa cannabiskoncentrat som \u00e4r k\u00e4nt f\u00f6r sina unika effekter och h\u00e4rliga profil. Denna autentiska produkt erbjuder en resa av lugn och fokus, vilket g\u00f6r den mycket eftertraktad f\u00f6r dem som s\u00f6ker avkoppling och kreativ energi. Utforska varf\u00f6r denna produkt \u00e4r det b\u00e4sta tillg\u00e4ngliga alternativet f\u00f6r en f\u00f6rh\u00f6jd upplevelse.<\/p>\n<h2>Vad \u00e4r Mango Hash?<\/h2>\n<p><b>Mango Hash<\/b> \u00e4r en smygande stam, med en n\u00e4stan om\u00e4rklig h\u00f6g som genererar k\u00e4nslor av lugn och gl\u00e4dje. N\u00e4r du reser genom effekterna kommer du att hitta dig sj\u00e4lv alltmer energisk och i stor anda att vara listig. De flesta anv\u00e4ndare uppt\u00e4cker kroppsliga f\u00f6rnimmelser n\u00e4r de r\u00f6ker detta koncentrat - vanligtvis beskrivna som varma stickningar som str\u00e5lar ut i hela kroppen. Denna produkt \u00e4r ber\u00f6md f\u00f6r sin renhet och den distinkta upplevelse den ger, och erbjuder en unik twist p\u00e5 traditionell hasch. Njut av den konsekventa kvaliteten som kommer med att k\u00f6pa koncentrat av h\u00f6gsta kvalitet fr\u00e5n chemsfine.<\/p>\n<h2>Varf\u00f6r k\u00f6pa Mango Hash online p\u00e5 chemsfine?<\/h2>\n<p>N\u00e4r du best\u00e4ller denna premiumprodukt online fr\u00e5n chemsfine v\u00e4ljer du en produkt som \u00e4r erk\u00e4nd f\u00f6r sina exceptionella egenskaper. Var beredd p\u00e5 \u00f6verh\u00e4ngande hunger n\u00e4r du r\u00f6ker Mango! Den har en behaglig, s\u00f6t mangoarom med subtila jordiga \u00f6rttoner och en smak som f\u00e5r det att vattnas i munnen. T\u00e4nk dig den perfekta kombinationen av kr\u00e4mig citron, syrlig mango och naturlig jordighet i ett enda h\u00e4rligt bloss. G\u00f6r ditt snacksf\u00f6rr\u00e5d redo - du kommer inte att kunna motst\u00e5 det! V\u00e5rt \u00e5tagande att tillhandah\u00e5lla det b\u00e4sta tillg\u00e4ngliga koncentratet inneb\u00e4r att du f\u00e5r en produkt som uppfyller str\u00e4nga kvalitetsstandarder, vilket garanterar en verkligt tillfredsst\u00e4llande upplevelse varje g\u00e5ng.<\/p>\n<p><b>Mango Hash<\/b> har kapacitet att avsev\u00e4rt minska \u00e5ngest och depression samt ge lindring av fysisk sm\u00e4rta. Dess bed\u00f6vande effekt kan anv\u00e4ndas f\u00f6r st\u00f6rre doser av r\u00f6kning, vilket leder till ett lugnande tillst\u00e5nd som \u00e4r perfekt f\u00f6r personer med s\u00f6mnl\u00f6shet. Den positiva energi som Mango ger g\u00f6r den till ett perfekt val f\u00f6r att hantera allvarliga problem som stress och depression.<\/p>\n<h2>Anv\u00e4ndningsomr\u00e5den och f\u00f6rdelar med detta premiumkoncentrat<\/h2>\n<p>M\u00e5ngsidigheten hos denna produkt g\u00f6r den till ett v\u00e4rdefullt tillskott f\u00f6r olika \u00e4ndam\u00e5l. K\u00e4nn historien bakom Mango och f\u00f6rest\u00e4ll dig vem som f\u00f6rst nj\u00f6t av dess speciella effekter f\u00f6r l\u00e4nge sedan. Oavsett om du uppskattar en stark fruktig smak eller beh\u00f6ver en extra bit lugnande energi, kommer denna speciella stam inte att g\u00f6ra dig besviken! F\u00f6rvara den inom r\u00e4ckh\u00e5ll n\u00e4r du beh\u00f6ver koppla av. Detta premiumkoncentrat \u00e4r inte bara k\u00e4nt f\u00f6r sin rekreativa njutning utan ocks\u00e5 f\u00f6r sina djupg\u00e5ende h\u00e4lsoapplikationer. Anv\u00e4ndare som s\u00f6ker ett koncentrat med h\u00f6g renhet till salu v\u00e4nder sig ofta till denna hash f\u00f6r sitt breda utbud av f\u00f6rdelar.<\/p>\n<ul>\n<li><b>\u00c5ngest- och depressionslindring:<\/b> Hj\u00e4lper till att avsev\u00e4rt minska symtomen och fr\u00e4mjar en k\u00e4nsla av lugn.<\/li>\n<li><b>Fysisk sm\u00e4rtlindring:<\/b> Ger effektiv lindring av olika typer av kroppsligt obehag.<\/li>\n<li><b>St\u00f6d f\u00f6r s\u00f6mnl\u00f6shet:<\/b> H\u00f6gre doser kan framkalla ett sederat tillst\u00e5nd som bidrar till vilsam s\u00f6mn.<\/li>\n<li><b>Stressreducering:<\/b> Ger positiv energi och en k\u00e4nsla av v\u00e4lbefinnande f\u00f6r att bek\u00e4mpa dagliga stressfaktorer.<\/li>\n<li><b>F\u00f6rb\u00e4ttring av hum\u00f6ret:<\/b> Skapar en k\u00e4nsla av lugn och gl\u00e4dje och lyfter hum\u00f6ret.<\/li>\n<li><b>Illam\u00e5ende Bek\u00e4mpa:<\/b> K\u00e4nd f\u00f6r att lindra k\u00e4nslor av illam\u00e5ende.<\/li>\n<li><b>Kreativ stimulans:<\/b> Anv\u00e4ndarna k\u00e4nner ofta att de f\u00e5r energi och inspiration till att pyssla.<\/li>\n<\/ul>\n<h2>Hantering och konsumtion av \u00e4kta hasch<\/h2>\n<p>Den <b>Mango Hash<\/b> \u00e4r formbar och l\u00e4tt att arbeta med och packar en hybridliknande surr utan f\u00f6r tung av en soffl\u00e5sande effekt. Dess b\u00f6jliga natur s\u00e4kerst\u00e4ller en s\u00f6ml\u00f6s beredningsprocess f\u00f6r olika konsumtionsmetoder. Hashen kommer att l\u00e4mna dig avslappnad. Det ger en allm\u00e4n k\u00e4nsla av v\u00e4lbefinnande och kan g\u00f6ra dig s\u00f6mnig. Kombinationen av effekter g\u00f6r den perfekt f\u00f6r sm\u00e4rtlindring och f\u00f6r att bek\u00e4mpa illam\u00e5ende. Om du applicerar lite v\u00e4rme blir det mer formbart och l\u00e4ttare att arbeta med, vilket g\u00f6r det \u00e4nnu enklare att inf\u00f6rliva i din f\u00f6redragna metod. Vi erbjuder \u00e4kta hasch som \u00e4r enkelt att hantera f\u00f6r b\u00e5de erfarna anv\u00e4ndare och nykomlingar.<\/p>\n<h3>Rekommenderade konsumtionsmetoder:<\/h3>\n<table>\n<thead>\n<tr>\n<th>Metod<\/th>\n<th>Beskrivning<\/th>\n<\/tr>\n<\/thead>\n<tbody>\n<tr>\n<td><b>Gemensam<\/b><\/td>\n<td>Smula s\u00f6nder en liten bit och str\u00f6 \u00f6ver din rullade joint f\u00f6r en f\u00f6rh\u00f6jd upplevelse.<\/td>\n<\/tr>\n<tr>\n<td><b>Pipa \/ Bong \/ Vattenpipa<\/b><\/td>\n<td>Ladda direkt i sk\u00e5len f\u00f6r en direkt och kraftfull r\u00f6kstund.<\/td>\n<\/tr>\n<tr>\n<td><b>En kastare<\/b><\/td>\n<td>Idealisk f\u00f6r snabba, uppm\u00e4tta doser, perfekt f\u00f6r anv\u00e4ndning i farten eller diskret anv\u00e4ndning.<\/td>\n<\/tr>\n<tr>\n<td><b>F\u00f6r\u00e5ngare<\/b><\/td>\n<td>F\u00f6r en renare inandning, anv\u00e4nd med en l\u00e4mplig koncentratf\u00f6r\u00e5ngare (efter dekarboxylering f\u00f6r oralt intag).<\/td>\n<\/tr>\n<\/tbody>\n<\/table>\n<h2>F\u00f6rst\u00e5else av haschish: Ett premiumkoncentrat<\/h2>\n<p>Hasch, eller hasch, \u00e4r ett koncentrat som framst\u00e4lls av cannabisplantans harts. Det konsumeras genom inandning fr\u00e5n en liten bit, vanligtvis i en pipa, bong, vaporizer eller joint, eller via oralt intag (efter dekarboxylering). Eftersom ren hasch inte brinner om den rullas ensam i en joint, blandas den vanligtvis med \u00f6rtcannabis, tobak eller en annan typ av \u00f6rt f\u00f6r denna konsumtionsmetod. P\u00e5 chemsfine ser vi till att v\u00e5ra <a href=\"https:\/\/chemsfine.com\/sv\/produkt-kategori\/concentrates\/\">hash<\/a> produkter, inklusive detta exceptionella koncentrat, representerar de h\u00f6gsta standarderna f\u00f6r kvalitet och renhet. Uppt\u00e4ck den rika historien och de kraftfulla effekterna av detta uppskattade cannabiskoncentrat.<\/p>\n<h2>S\u00e4kert k\u00f6p och garanterad tillfredsst\u00e4llelse med chemsfine<\/h2>\n<p>V\u00e4lja att <b><a href=\"https:\/\/chemsfine.com\/sv\/produkt\/buy-3-mmc-online\/\">s\u00e4kra ditt k\u00f6p online<\/a><\/b> fr\u00e5n chemsfine garanterar ett s\u00e4kert k\u00f6p och ultimat tillfredsst\u00e4llelse. Vi \u00e4r stolta \u00f6ver transparenta detaljer, verifierade batchregister och konkurrenskraftiga priser, vilket g\u00f6r oss till det perfekta valet f\u00f6r dina koncentratbehov. V\u00e5r onlinebutik \u00e4r utformad f\u00f6r enkel anv\u00e4ndning, s\u00e5 att du kan bl\u00e4ddra och <b><a href=\"https:\/\/chemsfine.com\/sv\/produkt\/kopa-jwh-018-online\/\">best\u00e4lla premiumprodukter<\/a><\/b> med tillf\u00f6rsikt.<\/p>\n<h2>Slutsats: Upplev det b\u00e4sta haschet som finns tillg\u00e4ngligt idag<\/h2>\n<p>Missa inte m\u00f6jligheten att uppleva de unika egenskaperna hos detta koncentrat. Oavsett om du s\u00f6ker djup avslappning, effektiv sm\u00e4rtlindring eller en explosion av kreativ energi, levererar den h\u00e4r produkten. Vi erbjuder det b\u00e4sta haschet som finns tillg\u00e4ngligt, i kombination med ett \u00e5tagande om kvalitet och kundn\u00f6jdhet. Utforska v\u00e5rt sortiment och k\u00f6p denna premiumprodukt till salu idag f\u00f6r att h\u00f6ja din cannabisupplevelse. S\u00e4kra din premiumprodukt online nu och uppt\u00e4ck varf\u00f6r chemsfine \u00e4r den f\u00f6redragna k\u00e4llan f\u00f6r kr\u00e4sna anv\u00e4ndare.<\/p>","protected":false},"excerpt":{"rendered":"<p>Upplev den o\u00f6vertr\u00e4ffade kvaliteten hos <b>Mango Hash<\/b>, ett premium cannabiskoncentrat som finns att k\u00f6pa p\u00e5 chemsfine. Denna autentiska produkt ger en lugn och glad h\u00f6g, i kombination med energigivande effekter och varma kroppsliga k\u00e4nslor. Idealisk f\u00f6r att minska \u00e5ngest, depression och fysisk sm\u00e4rta, <b>Mango Hash<\/b> erbjuder en s\u00f6t mangoarom med jordiga toner. Dess formbara konsistens g\u00f6r den l\u00e4tt att arbeta med f\u00f6r olika konsumtionsmetoder. <b>K\u00f6p Mango Hash p\u00e5 chemsfine<\/b> f\u00f6r en verkligt njutbar och effektiv upplevelse.<\/p>","protected":false},"featured_media":6713,"comment_status":"open","ping_status":"closed","template":"","meta":{"_joinchat":[]},"product_brand":[],"product_cat":[942],"product_tag":[],"class_list":{"0":"post-6660","1":"product","2":"type-product","3":"status-publish","4":"has-post-thumbnail","6":"product_cat-hashish","8":"first","9":"instock","10":"shipping-taxable","11":"purchasable","12":"product-type-variable"},"yoast_head":"<!-- This site is optimized with the Yoast SEO plugin v27.2 - https:\/\/yoast.com\/product\/yoast-seo-wordpress\/ -->\n<title>Buy Mango Hash Online | Premium Quality Available at chemsfine<\/title>\n<meta name=\"description\" content=\"Discover premium Mango Hash online at chemsfine. Experience serenity, joy &amp; pain relief with this top-quality concentrate. Buy now for best prices!\" \/>\n<meta name=\"robots\" content=\"index, follow, max-snippet:-1, max-image-preview:large, max-video-preview:-1\" \/>\n<link rel=\"canonical\" href=\"https:\/\/chemsfine.com\/sv\/produkt\/buy-mango-hash-online\/\" \/>\n<meta property=\"og:locale\" content=\"sv_SE\" \/>\n<meta property=\"og:type\" content=\"article\" \/>\n<meta property=\"og:title\" content=\"Buy Mango Hash Online | Premium Quality Available at chemsfine\" \/>\n<meta property=\"og:description\" content=\"Discover premium Mango Hash online at chemsfine. Experience serenity, joy &amp; pain relief with this top-quality concentrate. Buy now for best prices!\" \/>\n<meta property=\"og:url\" content=\"https:\/\/chemsfine.com\/sv\/produkt\/buy-mango-hash-online\/\" \/>\n<meta property=\"og:site_name\" content=\"Chemsfine\" \/>\n<meta property=\"article:modified_time\" content=\"2026-03-25T12:31:39+00:00\" \/>\n<meta property=\"og:image\" content=\"https:\/\/chemsfine.com\/wp-content\/uploads\/2026\/02\/buy-mango-hash-online-dispensary-canada-bulk-buddy-weed-1.jpg\" \/>\n\t<meta property=\"og:image:width\" content=\"1600\" \/>\n\t<meta property=\"og:image:height\" content=\"1600\" \/>\n\t<meta property=\"og:image:type\" content=\"image\/jpeg\" \/>\n<meta name=\"twitter:card\" content=\"summary_large_image\" \/>\n<meta name=\"twitter:label1\" content=\"Ber\u00e4knad l\u00e4stid\" \/>\n\t<meta name=\"twitter:data1\" content=\"5 minuter\" \/>\n<script type=\"application\/ld+json\" class=\"yoast-schema-graph\">{\"@context\":\"https:\/\/schema.org\",\"@graph\":[{\"@type\":\"WebPage\",\"@id\":\"https:\/\/chemsfine.com\/product\/buy-mango-hash-online\/\",\"url\":\"https:\/\/chemsfine.com\/product\/buy-mango-hash-online\/\",\"name\":\"Buy Mango Hash Online | Premium Quality Available at chemsfine\",\"isPartOf\":{\"@id\":\"https:\/\/chemsfine.com\/#website\"},\"primaryImageOfPage\":{\"@id\":\"https:\/\/chemsfine.com\/product\/buy-mango-hash-online\/#primaryimage\"},\"image\":{\"@id\":\"https:\/\/chemsfine.com\/product\/buy-mango-hash-online\/#primaryimage\"},\"thumbnailUrl\":\"https:\/\/chemsfine.com\/wp-content\/uploads\/2026\/02\/buy-mango-hash-online-dispensary-canada-bulk-buddy-weed-1.jpg\",\"datePublished\":\"2026-02-12T10:09:45+00:00\",\"dateModified\":\"2026-03-25T12:31:39+00:00\",\"description\":\"Discover premium Mango Hash online at chemsfine. Experience serenity, joy &amp; pain relief with this top-quality concentrate. Buy now for best prices!\",\"breadcrumb\":{\"@id\":\"https:\/\/chemsfine.com\/product\/buy-mango-hash-online\/#breadcrumb\"},\"inLanguage\":\"sv-SE\",\"potentialAction\":[{\"@type\":\"ReadAction\",\"target\":[\"https:\/\/chemsfine.com\/product\/buy-mango-hash-online\/\"]}]},{\"@type\":\"ImageObject\",\"inLanguage\":\"sv-SE\",\"@id\":\"https:\/\/chemsfine.com\/product\/buy-mango-hash-online\/#primaryimage\",\"url\":\"https:\/\/chemsfine.com\/wp-content\/uploads\/2026\/02\/buy-mango-hash-online-dispensary-canada-bulk-buddy-weed-1.jpg\",\"contentUrl\":\"https:\/\/chemsfine.com\/wp-content\/uploads\/2026\/02\/buy-mango-hash-online-dispensary-canada-bulk-buddy-weed-1.jpg\",\"width\":1600,\"height\":1600},{\"@type\":\"BreadcrumbList\",\"@id\":\"https:\/\/chemsfine.com\/product\/buy-mango-hash-online\/#breadcrumb\",\"itemListElement\":[{\"@type\":\"ListItem\",\"position\":1,\"name\":\"Home\",\"item\":\"https:\/\/chemsfine.com\/\"},{\"@type\":\"ListItem\",\"position\":2,\"name\":\"Shop\",\"item\":\"https:\/\/chemsfine.com\/shop\/\"},{\"@type\":\"ListItem\",\"position\":3,\"name\":\"Buy Mango Hash Online | Premium Cannabis Concentrate at chemsfine\"}]},{\"@type\":\"WebSite\",\"@id\":\"https:\/\/chemsfine.com\/#website\",\"url\":\"https:\/\/chemsfine.com\/\",\"name\":\"Chemsfine\",\"description\":\"My WordPress Blog\",\"publisher\":{\"@id\":\"https:\/\/chemsfine.com\/#organization\"},\"potentialAction\":[{\"@type\":\"SearchAction\",\"target\":{\"@type\":\"EntryPoint\",\"urlTemplate\":\"https:\/\/chemsfine.com\/?s={search_term_string}\"},\"query-input\":{\"@type\":\"PropertyValueSpecification\",\"valueRequired\":true,\"valueName\":\"search_term_string\"}}],\"inLanguage\":\"sv-SE\"},{\"@type\":\"Organization\",\"@id\":\"https:\/\/chemsfine.com\/#organization\",\"name\":\"Chemsfine\",\"url\":\"https:\/\/chemsfine.com\/\",\"logo\":{\"@type\":\"ImageObject\",\"inLanguage\":\"sv-SE\",\"@id\":\"https:\/\/chemsfine.com\/#\/schema\/logo\/image\/\",\"url\":\"https:\/\/chemsfine.com\/wp-content\/uploads\/2024\/09\/final-logo.png\",\"contentUrl\":\"https:\/\/chemsfine.com\/wp-content\/uploads\/2024\/09\/final-logo.png\",\"width\":340,\"height\":72,\"caption\":\"Chemsfine\"},\"image\":{\"@id\":\"https:\/\/chemsfine.com\/#\/schema\/logo\/image\/\"}}]}<\/script>\n<!-- \/ Yoast SEO plugin. -->","yoast_head_json":{"title":"K\u00f6p Mango Hash Online | Premium kvalitet tillg\u00e4nglig p\u00e5 chemsfine","description":"Uppt\u00e4ck premium Mango Hash online p\u00e5 chemsfine. Upplev lugn, gl\u00e4dje och sm\u00e4rtlindring med detta koncentrat av h\u00f6gsta kvalitet. K\u00f6p nu f\u00f6r b\u00e4sta priser!","robots":{"index":"index","follow":"follow","max-snippet":"max-snippet:-1","max-image-preview":"max-image-preview:large","max-video-preview":"max-video-preview:-1"},"canonical":"https:\/\/chemsfine.com\/sv\/produkt\/buy-mango-hash-online\/","og_locale":"sv_SE","og_type":"article","og_title":"Buy Mango Hash Online | Premium Quality Available at chemsfine","og_description":"Discover premium Mango Hash online at chemsfine. Experience serenity, joy &amp; pain relief with this top-quality concentrate. Buy now for best prices!","og_url":"https:\/\/chemsfine.com\/sv\/produkt\/buy-mango-hash-online\/","og_site_name":"Chemsfine","article_modified_time":"2026-03-25T12:31:39+00:00","og_image":[{"width":1600,"height":1600,"url":"https:\/\/chemsfine.com\/wp-content\/uploads\/2026\/02\/buy-mango-hash-online-dispensary-canada-bulk-buddy-weed-1.jpg","type":"image\/jpeg"}],"twitter_card":"summary_large_image","twitter_misc":{"Ber\u00e4knad l\u00e4stid":"5 minuter"},"schema":{"@context":"https:\/\/schema.org","@graph":[{"@type":"WebPage","@id":"https:\/\/chemsfine.com\/product\/buy-mango-hash-online\/","url":"https:\/\/chemsfine.com\/product\/buy-mango-hash-online\/","name":"K\u00f6p Mango Hash Online | Premium kvalitet tillg\u00e4nglig p\u00e5 chemsfine","isPartOf":{"@id":"https:\/\/chemsfine.com\/#website"},"primaryImageOfPage":{"@id":"https:\/\/chemsfine.com\/product\/buy-mango-hash-online\/#primaryimage"},"image":{"@id":"https:\/\/chemsfine.com\/product\/buy-mango-hash-online\/#primaryimage"},"thumbnailUrl":"https:\/\/chemsfine.com\/wp-content\/uploads\/2026\/02\/buy-mango-hash-online-dispensary-canada-bulk-buddy-weed-1.jpg","datePublished":"2026-02-12T10:09:45+00:00","dateModified":"2026-03-25T12:31:39+00:00","description":"Uppt\u00e4ck premium Mango Hash online p\u00e5 chemsfine. Upplev lugn, gl\u00e4dje och sm\u00e4rtlindring med detta koncentrat av h\u00f6gsta kvalitet. K\u00f6p nu f\u00f6r b\u00e4sta priser!","breadcrumb":{"@id":"https:\/\/chemsfine.com\/product\/buy-mango-hash-online\/#breadcrumb"},"inLanguage":"sv-SE","potentialAction":[{"@type":"ReadAction","target":["https:\/\/chemsfine.com\/product\/buy-mango-hash-online\/"]}]},{"@type":"ImageObject","inLanguage":"sv-SE","@id":"https:\/\/chemsfine.com\/product\/buy-mango-hash-online\/#primaryimage","url":"https:\/\/chemsfine.com\/wp-content\/uploads\/2026\/02\/buy-mango-hash-online-dispensary-canada-bulk-buddy-weed-1.jpg","contentUrl":"https:\/\/chemsfine.com\/wp-content\/uploads\/2026\/02\/buy-mango-hash-online-dispensary-canada-bulk-buddy-weed-1.jpg","width":1600,"height":1600},{"@type":"BreadcrumbList","@id":"https:\/\/chemsfine.com\/product\/buy-mango-hash-online\/#breadcrumb","itemListElement":[{"@type":"ListItem","position":1,"name":"Home","item":"https:\/\/chemsfine.com\/"},{"@type":"ListItem","position":2,"name":"Shop","item":"https:\/\/chemsfine.com\/shop\/"},{"@type":"ListItem","position":3,"name":"Buy Mango Hash Online | Premium Cannabis Concentrate at chemsfine"}]},{"@type":"WebSite","@id":"https:\/\/chemsfine.com\/#website","url":"https:\/\/chemsfine.com\/","name":"Chemsfine","description":"Min WordPress-blogg","publisher":{"@id":"https:\/\/chemsfine.com\/#organization"},"potentialAction":[{"@type":"SearchAction","target":{"@type":"EntryPoint","urlTemplate":"https:\/\/chemsfine.com\/?s={search_term_string}"},"query-input":{"@type":"PropertyValueSpecification","valueRequired":true,"valueName":"search_term_string"}}],"inLanguage":"sv-SE"},{"@type":"Organization","@id":"https:\/\/chemsfine.com\/#organization","name":"Chemsfine","url":"https:\/\/chemsfine.com\/","logo":{"@type":"ImageObject","inLanguage":"sv-SE","@id":"https:\/\/chemsfine.com\/#\/schema\/logo\/image\/","url":"https:\/\/chemsfine.com\/wp-content\/uploads\/2024\/09\/final-logo.png","contentUrl":"https:\/\/chemsfine.com\/wp-content\/uploads\/2024\/09\/final-logo.png","width":340,"height":72,"caption":"Chemsfine"},"image":{"@id":"https:\/\/chemsfine.com\/#\/schema\/logo\/image\/"}}]}},"_links":{"self":[{"href":"https:\/\/chemsfine.com\/sv\/wp-json\/wp\/v2\/product\/6660","targetHints":{"allow":["GET"]}}],"collection":[{"href":"https:\/\/chemsfine.com\/sv\/wp-json\/wp\/v2\/product"}],"about":[{"href":"https:\/\/chemsfine.com\/sv\/wp-json\/wp\/v2\/types\/product"}],"replies":[{"embeddable":true,"href":"https:\/\/chemsfine.com\/sv\/wp-json\/wp\/v2\/comments?post=6660"}],"wp:featuredmedia":[{"embeddable":true,"href":"https:\/\/chemsfine.com\/sv\/wp-json\/wp\/v2\/media\/6713"}],"wp:attachment":[{"href":"https:\/\/chemsfine.com\/sv\/wp-json\/wp\/v2\/media?parent=6660"}],"wp:term":[{"taxonomy":"product_brand","embeddable":true,"href":"https:\/\/chemsfine.com\/sv\/wp-json\/wp\/v2\/product_brand?post=6660"},{"taxonomy":"product_cat","embeddable":true,"href":"https:\/\/chemsfine.com\/sv\/wp-json\/wp\/v2\/product_cat?post=6660"},{"taxonomy":"product_tag","embeddable":true,"href":"https:\/\/chemsfine.com\/sv\/wp-json\/wp\/v2\/product_tag?post=6660"}],"curies":[{"name":"wp","href":"https:\/\/api.w.org\/{rel}","templated":true}]}}