{"id":6715,"date":"2026-02-12T10:11:47","date_gmt":"2026-02-12T10:11:47","guid":{"rendered":"https:\/\/chemsfine.com\/?post_type=product&#038;p=6715"},"modified":"2026-03-25T12:26:28","modified_gmt":"2026-03-25T12:26:28","slug":"buy-moonrock-shatter-concentrate","status":"publish","type":"product","link":"https:\/\/chemsfine.com\/sv\/product\/buy-moonrock-shatter-concentrate\/","title":{"rendered":"Moonrock Shatter Strain | K\u00f6p premium hybridkoncentrat online"},"content":{"rendered":"<p>Letar du efter att <b>k\u00f6pa Moonrock Shatter Strain till salu<\/b>? Leta inte l\u00e4ngre \u00e4n Chemsfine, din fr\u00e4msta destination f\u00f6r premium cannabiskoncentrat. Denna exceptionella hybrid shatter ogr\u00e4sstam erbjuder en o\u00f6vertr\u00e4ffad upplevelse, expertkurerad f\u00f6r kr\u00e4sna anv\u00e4ndare. Som ett \u00f6k\u00e4nt tag p\u00e5 klassisk cannabisgenetik sticker Moonrock Shatter ut p\u00e5 marknaden f\u00f6r sin unika beredning och potenta effekter. Dyk in i en v\u00e4rld av toppkoncentrat och uppt\u00e4ck varf\u00f6r denna produkt \u00e4r ett m\u00e5ste f\u00f6r entusiaster som s\u00f6ker kvalitet och intensitet. Vi \u00e4r stolta \u00f6ver att endast tillhandah\u00e5lla de mest autentiska och h\u00f6gkvalitativa produkterna f\u00f6r onlinek\u00f6p, vilket s\u00e4kerst\u00e4ller att varje best\u00e4llning uppfyller v\u00e5ra strikta standarder.<\/p>\n<h2>Vad \u00e4r Moonrock Shatter Strain?<\/h2>\n<p><b>Moonrock Shatter-sort<\/b>, \u00e4ven k\u00e4nd som \u201cKurupt's Moonrock\u201d, \u00e4r en beryktad version av den klassiska <a href=\"https:\/\/chemsfine.com\/sv\/produkt\/bouket-ethanol-33-cannabis-strain\/\">Girl Scout Cookies<\/a> stam, d\u00e4r nugsna doppas i hascholja och sedan rullas i kief. Denna noggranna process f\u00f6rvandlar redan potent blomma till ett superladdat koncentrat, vilket lyfter dess effekter till extraordin\u00e4ra niv\u00e5er. V\u00e5rt urval inneh\u00e5ller <b>h\u00f6gsta kvalitet Moonrock Shatter Strain<\/b>, \u00e4r k\u00e4nd f\u00f6r sin konsekventa textur och djupg\u00e5ende effekt. Den innovativa infusionsmetoden s\u00e4kerst\u00e4ller en produkt som \u00e4r rik p\u00e5 cannabinoider och terpener, vilket ger en omfattande entourage-effekt. Varje sats \u00e4r noggrant f\u00f6rberedd f\u00f6r att bibeh\u00e5lla den integritet och styrka som anv\u00e4ndarna f\u00f6rv\u00e4ntar sig av ett s\u00e5 h\u00f6gt ansett koncentrat, vilket g\u00f6r det till en verkligt exceptionell artikel tillg\u00e4nglig f\u00f6r dedikerade finsmakare. Den intrikata skiktningen av cannabiskomponenter resulterar i en produkt som inte bara har imponerande styrka utan ocks\u00e5 erbjuder en unik smakprofil som tilltalar ett brett spektrum av preferenser.<\/p>\n<h2>O\u00f6vertr\u00e4ffad styrka och effekter<\/h2>\n<p>Denna process \u00f6verladdar effekterna av Moonrock Shatter, vilket ger den en THC-niv\u00e5 p\u00e5 cirka 21-26% totalt, vilket g\u00f6r den alldeles f\u00f6r stark f\u00f6r oerfarna anv\u00e4ndare. Moonrock Shatters h\u00f6ga tr\u00e4ffar dig h\u00e5rt omedelbart efter att du har toke, sl\u00e5r dig h\u00e5rt i huvudet med en cerebral rush som lanserar ditt sinne i dimmig salighet innan du l\u00e4mnar dig helt stenad i sinne och kropp. Den omedelbara effekten av effekterna g\u00f6r den till en favorit bland dem som s\u00f6ker snabb lindring eller djup avkoppling. Anv\u00e4ndare rapporterar ofta en \u00f6verv\u00e4ldigande k\u00e4nsla av eufori f\u00f6ljt av djup fysisk lugn. Det \u00e4r viktigt f\u00f6r konsumenterna att n\u00e4rma sig detta koncentrat med f\u00f6rsiktighet, s\u00e4rskilt om de \u00e4r nya f\u00f6r h\u00f6g-THC-produkter, eftersom dess intensitet kan vara ganska djup. Den l\u00e5ngvariga karakt\u00e4ren av dess effekter inneb\u00e4r att en liten m\u00e4ngd g\u00e5r l\u00e5ngt, vilket ger l\u00e4ngre perioder av salig l\u00e4ttnad och mental fred. Se alltid till att du befinner dig i en bekv\u00e4m och s\u00e4ker milj\u00f6 n\u00e4r du upplever den kraftfulla effekten av detta premiumkoncentrat.<\/p>\n<h2>Varf\u00f6r k\u00f6pa Moonrock Shatter Strain online p\u00e5 Chemsfine?<\/h2>\n<p>V\u00e4lja att <b>k\u00f6pa Moonrock Shatter Strain online<\/b> fr\u00e5n Chemsfine inneb\u00e4r att v\u00e4lja tillf\u00f6rlitlighet och \u00f6verl\u00e4gsen kundservice. Vi erbjuder <b>b\u00e4sta Moonrock Shatter Strain tillg\u00e4ngliga<\/b>, De kommer fr\u00e5n p\u00e5litliga producenter och genomg\u00e5r rigor\u00f6sa laboratorietester f\u00f6r styrka och renhet. V\u00e5rt engagemang f\u00f6r kvalitet s\u00e4kerst\u00e4ller att varje produkt du f\u00e5r \u00e4r av h\u00f6gsta standard. N\u00e4r du v\u00e4ljer att <b>k\u00f6pa p\u00e5 Chemsfine<\/b>, v\u00e4ljer du en partner som \u00e4r dedikerad till att leverera en o\u00f6vertr\u00e4ffad shoppingupplevelse. Vi f\u00f6rst\u00e5r vikten av s\u00e4kra k\u00f6p och diskretion, och det \u00e4r d\u00e4rf\u00f6r v\u00e5ra processer \u00e4r utformade f\u00f6r att skydda din integritet fr\u00e5n b\u00f6rjan till slut. V\u00e5r konkurrenskraftiga priss\u00e4ttning och v\u00e5ra frekventa erbjudanden g\u00f6r premiumkoncentrat tillg\u00e4ngliga f\u00f6r alla utan att kompromissa med kvaliteten. Utforska v\u00e5rt omfattande sortiment av koncentrat, inklusive produkter som <a href=\"https:\/\/chemsfine.com\/sv\/produkt\/rent-heroin\/\">Rent heroin<\/a>, och uppt\u00e4ck skillnaden med Chemsfine redan idag. Vi uppdaterar st\u00e4ndigt v\u00e5rt lager f\u00f6r att ge dig de senaste och mest eftertraktade produkterna p\u00e5 marknaden.<\/p>\n<h2>Ansvarsfull anv\u00e4ndning och kvalitetss\u00e4kring<\/h2>\n<p>Med tanke p\u00e5 den betydande styrkan i Moonrock Shatter Strain \u00e4r ansvarsfull anv\u00e4ndning av st\u00f6rsta vikt. Vi rekommenderar starkt att du b\u00f6rjar med en mycket liten dos, s\u00e4rskilt om du \u00e4r ny p\u00e5 koncentrat, f\u00f6r att m\u00e4ta din tolerans. V\u00e5rt engagemang f\u00f6r att tillhandah\u00e5lla en <b>\u00e4kta Moonrock Shatter Strain<\/b> inneb\u00e4r att vi f\u00f6ljer strikta kvalitetskontroll\u00e5tg\u00e4rder. Varje produkt genomg\u00e5r omfattande laboratorietester f\u00f6r att bekr\u00e4fta dess THC-niv\u00e5er och s\u00e4kerst\u00e4lla att den \u00e4r fri fr\u00e5n f\u00f6roreningar, vilket garanterar en s\u00e4ker och konsekvent upplevelse. P\u00e5 Chemsfine \u00e4r transparens nyckeln, och vi tillhandah\u00e5ller all n\u00f6dv\u00e4ndig produktinformation f\u00f6r att hj\u00e4lpa dig att fatta v\u00e4lgrundade beslut. Vi anser att konsumenterna f\u00f6rtj\u00e4nar sinnesfrid n\u00e4r de njuter av sina cannabisprodukter, och d\u00e4rf\u00f6r \u00e4r v\u00e5ra protokoll f\u00f6r kvalitetss\u00e4kring bland branschens b\u00e4sta. F\u00f6rvara alltid dina koncentrat p\u00e5 en sval, m\u00f6rk plats f\u00f6r att bibeh\u00e5lla deras integritet och styrka \u00f6ver tid, vilket garanterar en ny upplevelse vid varje anv\u00e4ndning.<\/p>\n<h2>S\u00f6ml\u00f6st k\u00f6p online och diskret leverans<\/h2>\n<p>\u00c4r du redo att uppleva de kraftfulla effekterna av detta otroliga koncentrat? Du kan enkelt <b>best\u00e4ll Moonrock Shatter Strain online<\/b> genom v\u00e5r anv\u00e4ndarv\u00e4nliga plattform. V\u00e5r webbplats \u00e4r utformad f\u00f6r en smidig och intuitiv shoppingupplevelse, s\u00e5 att du enkelt kan bl\u00e4ddra, v\u00e4lja och k\u00f6pa. Vi prioriterar diskret och s\u00e4ker postorder, vilket s\u00e4kerst\u00e4ller att ditt paket anl\u00e4nder s\u00e4kert och utan att dra o\u00f6nskad uppm\u00e4rksamhet. Varje best\u00e4llning \u00e4r omsorgsfullt f\u00f6rpackad f\u00f6r att bevara produktkvaliteten och uppr\u00e4tth\u00e5lla integriteten. Dessutom \u00e4r v\u00e5rt dedikerade kundsupportteam alltid tillg\u00e4ngligt f\u00f6r att hj\u00e4lpa dig med eventuella f\u00f6rfr\u00e5gningar, vilket g\u00f6r din ink\u00f6psresa s\u00e5 smidig som m\u00f6jligt. Upplev bekv\u00e4mligheten med online-shopping i kombination med f\u00f6rs\u00e4kran om f\u00f6rstklassig produktkvalitet och diskret service, allt utformat f\u00f6r att f\u00f6rb\u00e4ttra din \u00f6vergripande tillfredsst\u00e4llelse. V\u00e5rt engagemang f\u00f6r effektiv logistik inneb\u00e4r snabb leverans, s\u00e5 att ditt premiumkoncentrat kommer fram n\u00e4r du f\u00f6rv\u00e4ntar dig det.<\/p>\n<h2>Slutsats: Upplev Premium Moonrock Shatter<\/h2>\n<p>Sammanfattningsvis kan s\u00e4gas att <b>Moonrock Shatter-sort<\/b> fr\u00e5n Chemsfine representerar toppen av hybridkoncentrat och erbjuder o\u00f6vertr\u00e4ffad styrka och en verkligt of\u00f6rgl\u00f6mlig upplevelse. Med sin unika skapelseprocess och kraftfulla effekter st\u00e5r den som ett bevis p\u00e5 avancerad cannabishantverk. Missa inte m\u00f6jligheten att <b>k\u00f6pa Moonrock Shatter Strain till salu<\/b> och f\u00f6rh\u00f6j din koncentratsamling. Dra nytta av v\u00e5rt premiumurval, labbtestade kvalitet och diskreta leveransservice. \u00c4r du redo att ge dig ut p\u00e5 en resa med intensiv eufori och djup avslappning? <b>K\u00f6p nu online<\/b> p\u00e5 Chemsfine och uppt\u00e4ck varf\u00f6r vi \u00e4r det f\u00f6redragna valet f\u00f6r kr\u00e4sna cannabisentusiaster \u00f6ver hela Kanada. Vi \u00e4r \u00f6vertygade om att n\u00e4r du v\u00e4l upplever den kvalitet och service vi tillhandah\u00e5ller kommer du att \u00e5terv\u00e4nda f\u00f6r alla dina premiumkoncentratbehov.<\/p>","protected":false},"excerpt":{"rendered":"<p>Upplev de kraftfulla effekterna av <b>Moonrock Shatter<\/b> Strain, ett \u00f6k\u00e4nt hybridkoncentrat tillverkat av Girl Scout Cookies-nuggar doppade i hascholja och rullade i kief. Med 21-26% THC ger det en kraftfull cerebral rush f\u00f6ljt av avkoppling i hela kroppen. Hitta detta premiumkoncentrat n\u00e4r du <b>k\u00f6pa p\u00e5 Chemsfine<\/b> f\u00f6r en o\u00f6vertr\u00e4ffad onlineupplevelse.<\/p>","protected":false},"featured_media":8610,"comment_status":"open","ping_status":"closed","template":"","meta":{"_joinchat":[]},"product_brand":[],"product_cat":[979],"product_tag":[],"class_list":{"0":"post-6715","1":"product","2":"type-product","3":"status-publish","4":"has-post-thumbnail","6":"product_cat-shatter","8":"first","9":"instock","10":"shipping-taxable","11":"purchasable","12":"product-type-variable"},"yoast_head":"<!-- This site is optimized with the Yoast SEO plugin v27.2 - https:\/\/yoast.com\/product\/yoast-seo-wordpress\/ -->\n<title>Buy Moonrock Shatter Strain Online | Best Price Available<\/title>\n<meta name=\"description\" content=\"Discover Moonrock Shatter Strain, a potent hybrid concentrate with 21-26% THC. Buy premium Moonrock Shatter online at Chemsfine for discreet delivery &amp; best deals.\" \/>\n<meta name=\"robots\" content=\"index, follow, max-snippet:-1, max-image-preview:large, max-video-preview:-1\" \/>\n<link rel=\"canonical\" href=\"https:\/\/chemsfine.com\/sv\/produkt\/buy-moonrock-shatter-concentrate\/\" \/>\n<meta property=\"og:locale\" content=\"sv_SE\" \/>\n<meta property=\"og:type\" content=\"article\" \/>\n<meta property=\"og:title\" content=\"Buy Moonrock Shatter Strain Online | Best Price Available\" \/>\n<meta property=\"og:description\" content=\"Discover Moonrock Shatter Strain, a potent hybrid concentrate with 21-26% THC. Buy premium Moonrock Shatter online at Chemsfine for discreet delivery &amp; best deals.\" \/>\n<meta property=\"og:url\" content=\"https:\/\/chemsfine.com\/sv\/produkt\/buy-moonrock-shatter-concentrate\/\" \/>\n<meta property=\"og:site_name\" content=\"Chemsfine\" \/>\n<meta property=\"article:modified_time\" content=\"2026-03-25T12:26:28+00:00\" \/>\n<meta property=\"og:image\" content=\"https:\/\/chemsfine.com\/wp-content\/uploads\/2026\/02\/Moonrock-Shatter-Strain.webp\" \/>\n\t<meta property=\"og:image:width\" content=\"848\" \/>\n\t<meta property=\"og:image:height\" content=\"848\" \/>\n\t<meta property=\"og:image:type\" content=\"image\/webp\" \/>\n<meta name=\"twitter:card\" content=\"summary_large_image\" \/>\n<meta name=\"twitter:label1\" content=\"Ber\u00e4knad l\u00e4stid\" \/>\n\t<meta name=\"twitter:data1\" content=\"5 minuter\" \/>\n<script type=\"application\/ld+json\" class=\"yoast-schema-graph\">{\"@context\":\"https:\/\/schema.org\",\"@graph\":[{\"@type\":\"WebPage\",\"@id\":\"https:\/\/chemsfine.com\/product\/buy-moonrock-shatter-concentrate\/\",\"url\":\"https:\/\/chemsfine.com\/product\/buy-moonrock-shatter-concentrate\/\",\"name\":\"Buy Moonrock Shatter Strain Online | Best Price Available\",\"isPartOf\":{\"@id\":\"https:\/\/chemsfine.com\/#website\"},\"primaryImageOfPage\":{\"@id\":\"https:\/\/chemsfine.com\/product\/buy-moonrock-shatter-concentrate\/#primaryimage\"},\"image\":{\"@id\":\"https:\/\/chemsfine.com\/product\/buy-moonrock-shatter-concentrate\/#primaryimage\"},\"thumbnailUrl\":\"https:\/\/chemsfine.com\/wp-content\/uploads\/2026\/02\/Moonrock-Shatter-Strain.webp\",\"datePublished\":\"2026-02-12T10:11:47+00:00\",\"dateModified\":\"2026-03-25T12:26:28+00:00\",\"description\":\"Discover Moonrock Shatter Strain, a potent hybrid concentrate with 21-26% THC. Buy premium Moonrock Shatter online at Chemsfine for discreet delivery & best deals.\",\"breadcrumb\":{\"@id\":\"https:\/\/chemsfine.com\/product\/buy-moonrock-shatter-concentrate\/#breadcrumb\"},\"inLanguage\":\"sv-SE\",\"potentialAction\":[{\"@type\":\"ReadAction\",\"target\":[\"https:\/\/chemsfine.com\/product\/buy-moonrock-shatter-concentrate\/\"]}]},{\"@type\":\"ImageObject\",\"inLanguage\":\"sv-SE\",\"@id\":\"https:\/\/chemsfine.com\/product\/buy-moonrock-shatter-concentrate\/#primaryimage\",\"url\":\"https:\/\/chemsfine.com\/wp-content\/uploads\/2026\/02\/Moonrock-Shatter-Strain.webp\",\"contentUrl\":\"https:\/\/chemsfine.com\/wp-content\/uploads\/2026\/02\/Moonrock-Shatter-Strain.webp\",\"width\":848,\"height\":848,\"caption\":\"Moonrock Shatter Strain\"},{\"@type\":\"BreadcrumbList\",\"@id\":\"https:\/\/chemsfine.com\/product\/buy-moonrock-shatter-concentrate\/#breadcrumb\",\"itemListElement\":[{\"@type\":\"ListItem\",\"position\":1,\"name\":\"Home\",\"item\":\"https:\/\/chemsfine.com\/\"},{\"@type\":\"ListItem\",\"position\":2,\"name\":\"Shop\",\"item\":\"https:\/\/chemsfine.com\/shop\/\"},{\"@type\":\"ListItem\",\"position\":3,\"name\":\"Moonrock Shatter Strain | Buy Premium Hybrid Concentrate Online\"}]},{\"@type\":\"WebSite\",\"@id\":\"https:\/\/chemsfine.com\/#website\",\"url\":\"https:\/\/chemsfine.com\/\",\"name\":\"Chemsfine\",\"description\":\"My WordPress Blog\",\"publisher\":{\"@id\":\"https:\/\/chemsfine.com\/#organization\"},\"potentialAction\":[{\"@type\":\"SearchAction\",\"target\":{\"@type\":\"EntryPoint\",\"urlTemplate\":\"https:\/\/chemsfine.com\/?s={search_term_string}\"},\"query-input\":{\"@type\":\"PropertyValueSpecification\",\"valueRequired\":true,\"valueName\":\"search_term_string\"}}],\"inLanguage\":\"sv-SE\"},{\"@type\":\"Organization\",\"@id\":\"https:\/\/chemsfine.com\/#organization\",\"name\":\"Chemsfine\",\"url\":\"https:\/\/chemsfine.com\/\",\"logo\":{\"@type\":\"ImageObject\",\"inLanguage\":\"sv-SE\",\"@id\":\"https:\/\/chemsfine.com\/#\/schema\/logo\/image\/\",\"url\":\"https:\/\/chemsfine.com\/wp-content\/uploads\/2024\/09\/final-logo.png\",\"contentUrl\":\"https:\/\/chemsfine.com\/wp-content\/uploads\/2024\/09\/final-logo.png\",\"width\":340,\"height\":72,\"caption\":\"Chemsfine\"},\"image\":{\"@id\":\"https:\/\/chemsfine.com\/#\/schema\/logo\/image\/\"}}]}<\/script>\n<!-- \/ Yoast SEO plugin. -->","yoast_head_json":{"title":"K\u00f6p Moonrock Shatter Strain online | B\u00e4sta tillg\u00e4ngliga pris","description":"Uppt\u00e4ck Moonrock Shatter Strain, ett potent hybridkoncentrat med 21-26% THC. K\u00f6p premium Moonrock Shatter online p\u00e5 Chemsfine f\u00f6r diskret leverans och b\u00e4sta erbjudanden.","robots":{"index":"index","follow":"follow","max-snippet":"max-snippet:-1","max-image-preview":"max-image-preview:large","max-video-preview":"max-video-preview:-1"},"canonical":"https:\/\/chemsfine.com\/sv\/produkt\/buy-moonrock-shatter-concentrate\/","og_locale":"sv_SE","og_type":"article","og_title":"Buy Moonrock Shatter Strain Online | Best Price Available","og_description":"Discover Moonrock Shatter Strain, a potent hybrid concentrate with 21-26% THC. Buy premium Moonrock Shatter online at Chemsfine for discreet delivery & best deals.","og_url":"https:\/\/chemsfine.com\/sv\/produkt\/buy-moonrock-shatter-concentrate\/","og_site_name":"Chemsfine","article_modified_time":"2026-03-25T12:26:28+00:00","og_image":[{"width":848,"height":848,"url":"https:\/\/chemsfine.com\/wp-content\/uploads\/2026\/02\/Moonrock-Shatter-Strain.webp","type":"image\/webp"}],"twitter_card":"summary_large_image","twitter_misc":{"Ber\u00e4knad l\u00e4stid":"5 minuter"},"schema":{"@context":"https:\/\/schema.org","@graph":[{"@type":"WebPage","@id":"https:\/\/chemsfine.com\/product\/buy-moonrock-shatter-concentrate\/","url":"https:\/\/chemsfine.com\/product\/buy-moonrock-shatter-concentrate\/","name":"K\u00f6p Moonrock Shatter Strain online | B\u00e4sta tillg\u00e4ngliga pris","isPartOf":{"@id":"https:\/\/chemsfine.com\/#website"},"primaryImageOfPage":{"@id":"https:\/\/chemsfine.com\/product\/buy-moonrock-shatter-concentrate\/#primaryimage"},"image":{"@id":"https:\/\/chemsfine.com\/product\/buy-moonrock-shatter-concentrate\/#primaryimage"},"thumbnailUrl":"https:\/\/chemsfine.com\/wp-content\/uploads\/2026\/02\/Moonrock-Shatter-Strain.webp","datePublished":"2026-02-12T10:11:47+00:00","dateModified":"2026-03-25T12:26:28+00:00","description":"Uppt\u00e4ck Moonrock Shatter Strain, ett potent hybridkoncentrat med 21-26% THC. K\u00f6p premium Moonrock Shatter online p\u00e5 Chemsfine f\u00f6r diskret leverans och b\u00e4sta erbjudanden.","breadcrumb":{"@id":"https:\/\/chemsfine.com\/product\/buy-moonrock-shatter-concentrate\/#breadcrumb"},"inLanguage":"sv-SE","potentialAction":[{"@type":"ReadAction","target":["https:\/\/chemsfine.com\/product\/buy-moonrock-shatter-concentrate\/"]}]},{"@type":"ImageObject","inLanguage":"sv-SE","@id":"https:\/\/chemsfine.com\/product\/buy-moonrock-shatter-concentrate\/#primaryimage","url":"https:\/\/chemsfine.com\/wp-content\/uploads\/2026\/02\/Moonrock-Shatter-Strain.webp","contentUrl":"https:\/\/chemsfine.com\/wp-content\/uploads\/2026\/02\/Moonrock-Shatter-Strain.webp","width":848,"height":848,"caption":"Moonrock Shatter Strain"},{"@type":"BreadcrumbList","@id":"https:\/\/chemsfine.com\/product\/buy-moonrock-shatter-concentrate\/#breadcrumb","itemListElement":[{"@type":"ListItem","position":1,"name":"Home","item":"https:\/\/chemsfine.com\/"},{"@type":"ListItem","position":2,"name":"Shop","item":"https:\/\/chemsfine.com\/shop\/"},{"@type":"ListItem","position":3,"name":"Moonrock Shatter Strain | Buy Premium Hybrid Concentrate Online"}]},{"@type":"WebSite","@id":"https:\/\/chemsfine.com\/#website","url":"https:\/\/chemsfine.com\/","name":"Chemsfine","description":"Min WordPress-blogg","publisher":{"@id":"https:\/\/chemsfine.com\/#organization"},"potentialAction":[{"@type":"SearchAction","target":{"@type":"EntryPoint","urlTemplate":"https:\/\/chemsfine.com\/?s={search_term_string}"},"query-input":{"@type":"PropertyValueSpecification","valueRequired":true,"valueName":"search_term_string"}}],"inLanguage":"sv-SE"},{"@type":"Organization","@id":"https:\/\/chemsfine.com\/#organization","name":"Chemsfine","url":"https:\/\/chemsfine.com\/","logo":{"@type":"ImageObject","inLanguage":"sv-SE","@id":"https:\/\/chemsfine.com\/#\/schema\/logo\/image\/","url":"https:\/\/chemsfine.com\/wp-content\/uploads\/2024\/09\/final-logo.png","contentUrl":"https:\/\/chemsfine.com\/wp-content\/uploads\/2024\/09\/final-logo.png","width":340,"height":72,"caption":"Chemsfine"},"image":{"@id":"https:\/\/chemsfine.com\/#\/schema\/logo\/image\/"}}]}},"_links":{"self":[{"href":"https:\/\/chemsfine.com\/sv\/wp-json\/wp\/v2\/product\/6715","targetHints":{"allow":["GET"]}}],"collection":[{"href":"https:\/\/chemsfine.com\/sv\/wp-json\/wp\/v2\/product"}],"about":[{"href":"https:\/\/chemsfine.com\/sv\/wp-json\/wp\/v2\/types\/product"}],"replies":[{"embeddable":true,"href":"https:\/\/chemsfine.com\/sv\/wp-json\/wp\/v2\/comments?post=6715"}],"wp:featuredmedia":[{"embeddable":true,"href":"https:\/\/chemsfine.com\/sv\/wp-json\/wp\/v2\/media\/8610"}],"wp:attachment":[{"href":"https:\/\/chemsfine.com\/sv\/wp-json\/wp\/v2\/media?parent=6715"}],"wp:term":[{"taxonomy":"product_brand","embeddable":true,"href":"https:\/\/chemsfine.com\/sv\/wp-json\/wp\/v2\/product_brand?post=6715"},{"taxonomy":"product_cat","embeddable":true,"href":"https:\/\/chemsfine.com\/sv\/wp-json\/wp\/v2\/product_cat?post=6715"},{"taxonomy":"product_tag","embeddable":true,"href":"https:\/\/chemsfine.com\/sv\/wp-json\/wp\/v2\/product_tag?post=6715"}],"curies":[{"name":"wp","href":"https:\/\/api.w.org\/{rel}","templated":true}]}}