{"id":6730,"date":"2026-02-12T10:12:12","date_gmt":"2026-02-12T10:12:12","guid":{"rendered":"https:\/\/chemsfine.com\/?post_type=product&#038;p=6730"},"modified":"2026-03-25T12:23:40","modified_gmt":"2026-03-25T12:23:40","slug":"wedding-crasher-shatter","status":"publish","type":"product","link":"https:\/\/chemsfine.com\/sv\/product\/wedding-crasher-shatter\/","title":{"rendered":"Wedding Crasher Shatter | Premium Hybrid Cannabis-koncentrat"},"content":{"rendered":"<p>V\u00e4lkommen till Chemsfine, din fr\u00e4msta destination f\u00f6r h\u00f6gkvalitativa cannabiskoncentrat i Kanada. H\u00e4r kan du <b>K\u00f6p Wedding Crasher Shatter till salu<\/b>, ett verkligt exceptionellt indica-dominerande hybridkoncentrat som \u00e4r k\u00e4nt f\u00f6r sin unika h\u00e4rkomst och f\u00e4ngslande profil. Denna toppklassiga shatter erbjuder en o\u00f6vertr\u00e4ffad upplevelse som blandar robusta smaker med potenta effekter, vilket g\u00f6r den mycket eftertraktad bland b\u00e5de finsmakare och nya anv\u00e4ndare. Vi \u00e4r stolta \u00f6ver att endast erbjuda de finaste koncentraten, noggrant utvalda och rigor\u00f6st testade f\u00f6r att s\u00e4kerst\u00e4lla b\u00e4sta m\u00f6jliga upplevelse. Uppt\u00e4ck varf\u00f6r Chemsfine \u00e4r din p\u00e5litliga partner f\u00f6r premium cannabisprodukter online, inklusive den uppskattade <b>Br\u00f6llopssplitter<\/b>.<\/p>\n<h2>Upplev Premium Wedding Crasher Shatter: En indica-dominerande hybrid p\u00e5 Chemsfine<\/h2>\n<p>F\u00f6rdjupa dig i en v\u00e4rld av <b>Br\u00f6llop Crasher Indica Dominant Hybrid Shatter Weed Strain<\/b>, nu exklusivt tillg\u00e4nglig genom Chemsfine's noggrant utvalda <b>Online Dispensary Kanada<\/b>. Detta potenta koncentrat representerar toppen av cannabisf\u00f6rfining, utformad f\u00f6r att ge en konsekvent och njutbar upplevelse med varje dab. V\u00e5rt engagemang f\u00f6r excellens inneb\u00e4r att du endast f\u00e5r labbtestad, potent shatter, vilket garanterar b\u00e5de renhet och effekt. Att v\u00e4lja Chemsfine inneb\u00e4r att v\u00e4lja en p\u00e5litlig k\u00e4lla f\u00f6r dina cannabisbehov, d\u00e4r kvalitet m\u00f6ter bekv\u00e4mlighet. Vi ser till att varje batch av Wedding Crasher Shatter uppfyller v\u00e5ra strikta standarder, vilket ger en premiumprodukt som verkligen sticker ut.<\/p>\n<h2>Avsl\u00f6jande av br\u00f6llopskraschare Shatter: Genetik och profil<\/h2>\n<p><b>Br\u00f6llopskraschare Shatter<\/b>, k\u00e4rleksfullt k\u00e4nd som \u201cWedding Crashers\u201d, st\u00e5r som ett bevis p\u00e5 expert cannabisuppf\u00f6dning. Denna exceptionella <b>hybrid marijuana stam<\/b> \u00e4r f\u00f6dd fr\u00e5n en m\u00e4sterlig korsning mellan den legendariska br\u00f6llopst\u00e5rtan och den livliga Purple Punch. Ursprungligen t\u00e4nkt av de innovativa sinnena p\u00e5 Symbiotic Genetics, kombinerar Wedding Crasher shatter noggrant det \u00f6verd\u00e5diga, <b>len vaniljsmak av br\u00f6llopst\u00e5rta<\/b> med den f\u00f6rtjusande, <b>s\u00f6ta druvtoner av Purple Punch<\/b>. Symbiotic Genetics har skickligt odlat ett koncentrat som har en distinkt smakprofil: en mjuk och jordn\u00e4ra bas, punkterad av skarpa, uppfriskande gasiga h\u00f6jdpunkter, som kulminerar i en underbart s\u00f6t b\u00e4rfinish. Denna intrikata blandning av terpener och cannabinoider bidrar till en upplevelse som \u00e4r b\u00e5de komplex och otroligt tillfredsst\u00e4llande, tilltalande f\u00f6r dem som uppskattar nyanserade och rika profiler. F\u00f6rv\u00e4nta dig inget mindre \u00e4n <b>Br\u00f6llopskraschersplatter av h\u00f6gsta kvalitet<\/b> n\u00e4r du best\u00e4ller fr\u00e5n Chemsfine, din p\u00e5litliga k\u00e4lla f\u00f6r premium <b>Br\u00f6llopssplitter<\/b>.<\/p>\n<h2>Varf\u00f6r v\u00e4lja Chemsfine f\u00f6r ditt onlinek\u00f6p av shatter fr\u00e5n Wedding Crasher?<\/h2>\n<p>N\u00e4r du best\u00e4mmer dig f\u00f6r att <b>K\u00f6p Wedding Crasher Shatter online<\/b>, Chemsfine s\u00e4kerst\u00e4ller en \u00f6verl\u00e4gsen upplevelse fr\u00e5n b\u00f6rjan till slut. Vi erbjuder <b>B\u00e4sta tillg\u00e4ngliga br\u00f6llopskraschersplatter<\/b>, som backas upp av v\u00e5rt orubbliga engagemang f\u00f6r kvalitet och kundn\u00f6jdhet. Varje produkt, inklusive v\u00e5r uppskattade Wedding Crasher Shatter, \u00e4r rigor\u00f6st <b>labbtestad f\u00f6r styrka<\/b> och renhet, vilket garanterar effektivitet och s\u00e4kerhet. V\u00e5r online-apotek \u00e4r utformad f\u00f6r enkel anv\u00e4ndning, vilket ger en s\u00f6ml\u00f6s och s\u00e4ker shoppingresa. Vi f\u00f6rst\u00e5r vikten av diskretion, varf\u00f6r vi erbjuder <b>Snabb och diskret postorder marijuana<\/b> tj\u00e4nster \u00f6ver hela Kanada. V\u00e5rt rykte som en p\u00e5litlig leverant\u00f6r av premium cannabiskoncentrat bygger p\u00e5 \u00f6ppenhet och tillf\u00f6rlitlighet. Du kan lita p\u00e5 Chemsfine f\u00f6r <b>Premiumkvalitet till salu<\/b> och en <b>S\u00e4kert k\u00f6p<\/b> varje g\u00e5ng du k\u00f6per <b>Br\u00f6llopssplitter<\/b>.<\/p>\n<h2>F\u00f6rst\u00e5 upplevelsen av en br\u00f6llopskraschare: Smaker, aromer och effekter<\/h2>\n<p>Lockelsen med Wedding Crasher Shatter str\u00e4cker sig bortom dess imponerande genetik; den ligger djupt inom dess rika sensoriska upplevelse. Konsumenter ber\u00f6mmer konsekvent sin invecklade symfoni av aromer och smaker. Vid konsumtion h\u00e4lsas anv\u00e4ndarna med:<\/p>\n<ul>\n<li><b>Undertoner av s\u00f6t vanilj:<\/b> En kr\u00e4mig, sl\u00e4t vaniljessens som \u00e4rvt fr\u00e5n sin Wedding Cake-f\u00f6r\u00e4lder, vilket ger en tr\u00f6stande och v\u00e4lbekant bas.<\/li>\n<li><b>Suckulenta druvnoter:<\/b> Ljusa och fruktiga druvaccenter, ett h\u00e4rligt bidrag fr\u00e5n Purple Punch, som ger ett lager av s\u00f6tma.<\/li>\n<li><b>Jordig Mild Profil:<\/b> En jordn\u00e4ra, naturlig jordighet som balanserar de s\u00f6tare elementen, vilket ger en v\u00e4l avrundad och sofistikerad smak.<\/li>\n<li><b>Sharp Gassy Highlights:<\/b> Skarpa, br\u00e4nsleliknande undertoner som ger en distinkt kick och komplexitet, typisk f\u00f6r h\u00f6gkvalitativa hybridstammar.<\/li>\n<li><b>L\u00e5ngvarig b\u00e4rfinish:<\/b> En s\u00f6t, ofta lite syrlig b\u00e4rig eftersmak som rundar av upplevelsen och l\u00e4mnar en behaglig k\u00e4nsla.<\/li>\n<\/ul>\n<p>Ut\u00f6ver sin f\u00e4ngslande smak \u00e4r Wedding Crasher Shatter k\u00e4nd f\u00f6r sina balanserade effekter, typiska f\u00f6r en v\u00e4lgjord indica-dominerande hybrid. Anv\u00e4ndare rapporterar ofta en k\u00e4nsla av upplyftande eufori som f\u00f6rsiktigt \u00f6verg\u00e5r till en djup k\u00e4nsla av avkoppling utan tung sedering. Det \u00e4r ett idealiskt val f\u00f6r att varva ner efter en l\u00e5ng dag, uppmuntra kreativitet eller helt enkelt njuta av en lugn kv\u00e4ll. Styrkan i detta labbtestade koncentrat s\u00e4kerst\u00e4ller att dessa \u00f6nskade effekter uppn\u00e5s effektivt och konsekvent.<\/p>\n<h2>Viktig ansvarsfriskrivning f\u00f6r produkten och riktlinjer f\u00f6r optimal f\u00f6rvaring<\/h2>\n<p><b>Ansvarsfriskrivning (28 augusti 2026):<\/b> Eftersom varmare v\u00e4der \u00e4r \u00f6ver oss vill Chemsfine informera kunderna om att cannabisprodukter som shatter, gummier, choklad och bakverk kan sm\u00e4lta under transporten. Detta \u00e4r en inneboende risk under varmare \u00e5rstider, och \u00e4ven om vi vidtar f\u00f6rsiktighets\u00e5tg\u00e4rder ligger vissa milj\u00f6f\u00f6rh\u00e5llanden utanf\u00f6r v\u00e5r kontroll. F\u00f6r att minska eventuella problem b\u00f6r du se till att tillf\u00e4lligt f\u00f6rvara produkterna i kylsk\u00e5pet omedelbart efter att du har mottagit dem. Korrekt kylning hj\u00e4lper till att bibeh\u00e5lla integriteten och konsistensen hos ditt koncentrat, vilket bevarar dess kvalitet och konsistens. Vi betonar att <b>Vi ansvarar inte f\u00f6r n\u00e5gra sm\u00e4lta produkter<\/b> n\u00e4r de har l\u00e4mnat v\u00e5r anl\u00e4ggning och \u00e4r under transport. Vi rekommenderar starkt att du planerar dina ink\u00f6p i enlighet med detta under de varmare m\u00e5naderna f\u00f6r att s\u00e4kerst\u00e4lla optimalt produktskick vid ankomst. F\u00f6rvara din Wedding Crasher Shatter p\u00e5 en sval, m\u00f6rk plats, helst i kylsk\u00e5p, f\u00f6r att f\u00f6rl\u00e4nga h\u00e5llbarheten och bibeh\u00e5lla \u00f6nskad konsistens, vilket \u00e4r s\u00e4rskilt viktigt f\u00f6r koncentrat som shatter som kan bli klibbiga eller oljiga i v\u00e4rme.<\/p>\n<h2>S\u00f6ml\u00f6st och s\u00e4kert: Hur man best\u00e4ller Wedding Crasher Shatter online i Kanada<\/h2>\n<p>\u00c4r du redo att uppleva den exceptionella kvaliteten p\u00e5 detta koncentrat? Du kan enkelt <b>Best\u00e4ll shatter online CANADA<\/b> genom Chemsfine's anv\u00e4ndarv\u00e4nliga plattform. V\u00e5r str\u00f6mlinjeformade best\u00e4llningsprocess g\u00f6r det enkelt att l\u00e4gga till Wedding Crasher Shatter i din kundvagn och forts\u00e4tta med en <b>S\u00e4kert k\u00f6p<\/b>. Vi \u00e4r stolta \u00f6ver att kunna erbjuda <b>B\u00e4sta Shatter-erbjudanden<\/b>, Vi ser till att du inte bara f\u00e5r produkter av h\u00f6gsta kvalitet utan ocks\u00e5 till ett bra pris. V\u00e5ra diskreta f\u00f6rpackningar s\u00e4kerst\u00e4ller att din integritet alltid skyddas, och v\u00e5rt effektiva fraktn\u00e4tverk garanterar att din best\u00e4llning kommer snabbt. Oavsett om du \u00e4r en erfaren cannabisentusiast eller utforskar koncentrat f\u00f6r f\u00f6rsta g\u00e5ngen, ger Chemsfine all information och support du beh\u00f6ver. Njut av bekv\u00e4mligheten med att f\u00e5 premium cannabiskoncentrat levererade direkt till din d\u00f6rr, var som helst i Kanada. F\u00f6r ett \u00e4nnu bredare urval av cannabisprodukter av h\u00f6g kvalitet kanske du ocks\u00e5 \u00e4r intresserad av v\u00e5ra <a href=\"https:\/\/chemsfine.com\/sv\/produkt\/good-green-rainbow-zlushie-exotic-flower\/\"><b>Good Green Rainbow Zlushie Exotisk blomma<\/b><\/a>, ett annat popul\u00e4rt val bland v\u00e5ra kr\u00e4sna kunder. Vi \u00e4r fast beslutna att tillhandah\u00e5lla ett brett utbud av <b>Labbtestad kvalitet<\/b> produkter.<\/p>\n<h2>Utforska skillnaden med Chemsfine: Kvalitet i hela v\u00e5r m\u00e5ngsidiga portf\u00f6lj<\/h2>\n<p>P\u00e5 Chemsfine str\u00e4cker sig v\u00e5rt engagemang l\u00e4ngre \u00e4n bara premium cannabiskoncentrat. Vi har \u00e5tagit oss att erbjuda ett brett utbud av h\u00f6gkvalitativa produkter f\u00f6r att m\u00f6ta olika kundbehov. Detta engagemang f\u00f6r excellens s\u00e4kerst\u00e4ller att oavsett vad du s\u00f6ker kan du lita p\u00e5 Chemsfine f\u00f6r renhet, styrka och tillf\u00f6rlitlighet. Utforska v\u00e5rt fulla spektrum av erbjudanden och uppt\u00e4ck varf\u00f6r kunder konsekvent v\u00e4ljer oss f\u00f6r sina olika produktkrav. F\u00f6r dem med olika intressen kan du ocks\u00e5 <a href=\"https:\/\/chemsfine.com\/sv\/produkt\/buy-4f-pihp-online\/\"><b>K\u00f6p 4F-PiHP online<\/b><\/a>, vilket \u00e5terspeglar v\u00e5r omfattande och varierade produktlinje som v\u00e4nder sig till en bred kundkrets. V\u00e5r str\u00e4nga kvalitetskontroll g\u00e4ller f\u00f6r varje artikel i v\u00e5r katalog, vilket garanterar sinnesfrid vid varje k\u00f6p, fr\u00e5n cannabis till specialkemikalier, som alla uppfyller h\u00f6ga renhetsstandarder.<\/p>\n<h2>Slutsats: Din ultimata k\u00e4lla f\u00f6r Cannabis Shatter i toppklass<\/h2>\n<p>Sammanfattningsvis, <b>Br\u00f6llopssplitter<\/b> fr\u00e5n Chemsfine representerar ett exceptionellt val f\u00f6r alla som s\u00f6ker ett premium indica-dominerande hybridkoncentrat. Dess uts\u00f6kta genetiska h\u00e4rstamning, unika smakprofil och balanserade effekter g\u00f6r den till en enast\u00e5ende produkt p\u00e5 cannabismarknaden. Med v\u00e5rt orubbliga engagemang f\u00f6r labbtestad kvalitet, diskret frakt och utm\u00e4rkt kundservice g\u00f6r Chemsfine det enkelt och p\u00e5litligt att <b>K\u00f6p Wedding Crasher Shatter till salu<\/b> online. F\u00f6rh\u00f6j din cannabisupplevelse med premiumkoncentrat fr\u00e5n Chemsfine, inklusive popul\u00e4ra urval som <a href=\"https:\/\/chemsfine.com\/sv\/produkt\/good-green-rainbow-zlushie-exotic-flower\/\"><b>Good Green Rainbow Zlushie Exotisk blomma<\/b><\/a>. V\u00e5rt m\u00e5l \u00e4r att s\u00e4kerst\u00e4lla din tillfredsst\u00e4llelse med varje best\u00e4llning och st\u00e4rka v\u00e5r position som din p\u00e5litliga online-apotek f\u00f6r kvalitet och v\u00e4rde. Vi str\u00e4var st\u00e4ndigt efter att tillhandah\u00e5lla det b\u00e4sta urvalet och servicen, s\u00e5 att du alltid hittar exakt vad du letar efter.<\/p>","protected":false},"excerpt":{"rendered":"<p>Upplev Wedding Crasher Shatter, en potent indica-dominerande hybrid fr\u00e5n Wedding Cake och Purple Punch, som erbjuder sl\u00e4ta vanilj- och s\u00f6ta druvnoter med gasiga h\u00f6jdpunkter. Detta premium, labbtestade koncentrat ger en mjuk, jordig finish. K\u00f6p Wedding Shatter p\u00e5 Chemsfine f\u00f6r exceptionell kvalitet och diskret leverans.<\/p>","protected":false},"featured_media":6773,"comment_status":"open","ping_status":"closed","template":"","meta":{"_joinchat":[]},"product_brand":[],"product_cat":[979],"product_tag":[],"class_list":{"0":"post-6730","1":"product","2":"type-product","3":"status-publish","4":"has-post-thumbnail","6":"product_cat-shatter","8":"first","9":"instock","10":"shipping-taxable","11":"purchasable","12":"product-type-variable"},"yoast_head":"<!-- This site is optimized with the Yoast SEO plugin v27.2 - https:\/\/yoast.com\/product\/yoast-seo-wordpress\/ -->\n<title>Buy Wedding Crasher Shatter Online - Premium Quality at Chemsfine<\/title>\n<meta name=\"description\" content=\"Discover premium Wedding Crasher Shatter at Chemsfine. Experience its unique vanilla &amp; grape flavors. Order top-quality hybrid shatter online today!\" \/>\n<meta name=\"robots\" content=\"index, follow, max-snippet:-1, max-image-preview:large, max-video-preview:-1\" \/>\n<link rel=\"canonical\" href=\"https:\/\/chemsfine.com\/sv\/produkt\/wedding-crasher-shatter\/\" \/>\n<meta property=\"og:locale\" content=\"sv_SE\" \/>\n<meta property=\"og:type\" content=\"article\" \/>\n<meta property=\"og:title\" content=\"Buy Wedding Crasher Shatter Online - Premium Quality at Chemsfine\" \/>\n<meta property=\"og:description\" content=\"Discover premium Wedding Crasher Shatter at Chemsfine. Experience its unique vanilla &amp; grape flavors. Order top-quality hybrid shatter online today!\" \/>\n<meta property=\"og:url\" content=\"https:\/\/chemsfine.com\/sv\/produkt\/wedding-crasher-shatter\/\" \/>\n<meta property=\"og:site_name\" content=\"Chemsfine\" \/>\n<meta property=\"article:modified_time\" content=\"2026-03-25T12:23:40+00:00\" \/>\n<meta property=\"og:image\" content=\"https:\/\/chemsfine.com\/wp-content\/uploads\/2026\/02\/wedding-crashers-shatter-bulk-buddy-online-dispensary-ca-1.jpg\" \/>\n\t<meta property=\"og:image:width\" content=\"1024\" \/>\n\t<meta property=\"og:image:height\" content=\"1024\" \/>\n\t<meta property=\"og:image:type\" content=\"image\/jpeg\" \/>\n<meta name=\"twitter:card\" content=\"summary_large_image\" \/>\n<meta name=\"twitter:label1\" content=\"Ber\u00e4knad l\u00e4stid\" \/>\n\t<meta name=\"twitter:data1\" content=\"7 minuter\" \/>\n<script type=\"application\/ld+json\" class=\"yoast-schema-graph\">{\"@context\":\"https:\/\/schema.org\",\"@graph\":[{\"@type\":\"WebPage\",\"@id\":\"https:\/\/chemsfine.com\/product\/wedding-crasher-shatter\/\",\"url\":\"https:\/\/chemsfine.com\/product\/wedding-crasher-shatter\/\",\"name\":\"Buy Wedding Crasher Shatter Online - Premium Quality at Chemsfine\",\"isPartOf\":{\"@id\":\"https:\/\/chemsfine.com\/#website\"},\"primaryImageOfPage\":{\"@id\":\"https:\/\/chemsfine.com\/product\/wedding-crasher-shatter\/#primaryimage\"},\"image\":{\"@id\":\"https:\/\/chemsfine.com\/product\/wedding-crasher-shatter\/#primaryimage\"},\"thumbnailUrl\":\"https:\/\/chemsfine.com\/wp-content\/uploads\/2026\/02\/wedding-crashers-shatter-bulk-buddy-online-dispensary-ca-1.jpg\",\"datePublished\":\"2026-02-12T10:12:12+00:00\",\"dateModified\":\"2026-03-25T12:23:40+00:00\",\"description\":\"Discover premium Wedding Crasher Shatter at Chemsfine. Experience its unique vanilla &amp; grape flavors. Order top-quality hybrid shatter online today!\",\"breadcrumb\":{\"@id\":\"https:\/\/chemsfine.com\/product\/wedding-crasher-shatter\/#breadcrumb\"},\"inLanguage\":\"sv-SE\",\"potentialAction\":[{\"@type\":\"ReadAction\",\"target\":[\"https:\/\/chemsfine.com\/product\/wedding-crasher-shatter\/\"]}]},{\"@type\":\"ImageObject\",\"inLanguage\":\"sv-SE\",\"@id\":\"https:\/\/chemsfine.com\/product\/wedding-crasher-shatter\/#primaryimage\",\"url\":\"https:\/\/chemsfine.com\/wp-content\/uploads\/2026\/02\/wedding-crashers-shatter-bulk-buddy-online-dispensary-ca-1.jpg\",\"contentUrl\":\"https:\/\/chemsfine.com\/wp-content\/uploads\/2026\/02\/wedding-crashers-shatter-bulk-buddy-online-dispensary-ca-1.jpg\",\"width\":1024,\"height\":1024},{\"@type\":\"BreadcrumbList\",\"@id\":\"https:\/\/chemsfine.com\/product\/wedding-crasher-shatter\/#breadcrumb\",\"itemListElement\":[{\"@type\":\"ListItem\",\"position\":1,\"name\":\"Home\",\"item\":\"https:\/\/chemsfine.com\/\"},{\"@type\":\"ListItem\",\"position\":2,\"name\":\"Shop\",\"item\":\"https:\/\/chemsfine.com\/shop\/\"},{\"@type\":\"ListItem\",\"position\":3,\"name\":\"Wedding Crasher Shatter | Premium Hybrid Cannabis Concentrate\"}]},{\"@type\":\"WebSite\",\"@id\":\"https:\/\/chemsfine.com\/#website\",\"url\":\"https:\/\/chemsfine.com\/\",\"name\":\"Chemsfine\",\"description\":\"My WordPress Blog\",\"publisher\":{\"@id\":\"https:\/\/chemsfine.com\/#organization\"},\"potentialAction\":[{\"@type\":\"SearchAction\",\"target\":{\"@type\":\"EntryPoint\",\"urlTemplate\":\"https:\/\/chemsfine.com\/?s={search_term_string}\"},\"query-input\":{\"@type\":\"PropertyValueSpecification\",\"valueRequired\":true,\"valueName\":\"search_term_string\"}}],\"inLanguage\":\"sv-SE\"},{\"@type\":\"Organization\",\"@id\":\"https:\/\/chemsfine.com\/#organization\",\"name\":\"Chemsfine\",\"url\":\"https:\/\/chemsfine.com\/\",\"logo\":{\"@type\":\"ImageObject\",\"inLanguage\":\"sv-SE\",\"@id\":\"https:\/\/chemsfine.com\/#\/schema\/logo\/image\/\",\"url\":\"https:\/\/chemsfine.com\/wp-content\/uploads\/2024\/09\/final-logo.png\",\"contentUrl\":\"https:\/\/chemsfine.com\/wp-content\/uploads\/2024\/09\/final-logo.png\",\"width\":340,\"height\":72,\"caption\":\"Chemsfine\"},\"image\":{\"@id\":\"https:\/\/chemsfine.com\/#\/schema\/logo\/image\/\"}}]}<\/script>\n<!-- \/ Yoast SEO plugin. -->","yoast_head_json":{"title":"K\u00f6p Wedding Crasher Shatter online - Premiumkvalitet p\u00e5 Chemsfine","description":"Uppt\u00e4ck premium Wedding Crasher Shatter p\u00e5 Chemsfine. Upplev dess unika vanilj- och druvsmak. Best\u00e4ll hybrid shatter av h\u00f6gsta kvalitet online idag!","robots":{"index":"index","follow":"follow","max-snippet":"max-snippet:-1","max-image-preview":"max-image-preview:large","max-video-preview":"max-video-preview:-1"},"canonical":"https:\/\/chemsfine.com\/sv\/produkt\/wedding-crasher-shatter\/","og_locale":"sv_SE","og_type":"article","og_title":"Buy Wedding Crasher Shatter Online - Premium Quality at Chemsfine","og_description":"Discover premium Wedding Crasher Shatter at Chemsfine. Experience its unique vanilla &amp; grape flavors. Order top-quality hybrid shatter online today!","og_url":"https:\/\/chemsfine.com\/sv\/produkt\/wedding-crasher-shatter\/","og_site_name":"Chemsfine","article_modified_time":"2026-03-25T12:23:40+00:00","og_image":[{"width":1024,"height":1024,"url":"https:\/\/chemsfine.com\/wp-content\/uploads\/2026\/02\/wedding-crashers-shatter-bulk-buddy-online-dispensary-ca-1.jpg","type":"image\/jpeg"}],"twitter_card":"summary_large_image","twitter_misc":{"Ber\u00e4knad l\u00e4stid":"7 minuter"},"schema":{"@context":"https:\/\/schema.org","@graph":[{"@type":"WebPage","@id":"https:\/\/chemsfine.com\/product\/wedding-crasher-shatter\/","url":"https:\/\/chemsfine.com\/product\/wedding-crasher-shatter\/","name":"K\u00f6p Wedding Crasher Shatter online - Premiumkvalitet p\u00e5 Chemsfine","isPartOf":{"@id":"https:\/\/chemsfine.com\/#website"},"primaryImageOfPage":{"@id":"https:\/\/chemsfine.com\/product\/wedding-crasher-shatter\/#primaryimage"},"image":{"@id":"https:\/\/chemsfine.com\/product\/wedding-crasher-shatter\/#primaryimage"},"thumbnailUrl":"https:\/\/chemsfine.com\/wp-content\/uploads\/2026\/02\/wedding-crashers-shatter-bulk-buddy-online-dispensary-ca-1.jpg","datePublished":"2026-02-12T10:12:12+00:00","dateModified":"2026-03-25T12:23:40+00:00","description":"Uppt\u00e4ck premium Wedding Crasher Shatter p\u00e5 Chemsfine. Upplev dess unika vanilj- och druvsmak. Best\u00e4ll hybrid shatter av h\u00f6gsta kvalitet online idag!","breadcrumb":{"@id":"https:\/\/chemsfine.com\/product\/wedding-crasher-shatter\/#breadcrumb"},"inLanguage":"sv-SE","potentialAction":[{"@type":"ReadAction","target":["https:\/\/chemsfine.com\/product\/wedding-crasher-shatter\/"]}]},{"@type":"ImageObject","inLanguage":"sv-SE","@id":"https:\/\/chemsfine.com\/product\/wedding-crasher-shatter\/#primaryimage","url":"https:\/\/chemsfine.com\/wp-content\/uploads\/2026\/02\/wedding-crashers-shatter-bulk-buddy-online-dispensary-ca-1.jpg","contentUrl":"https:\/\/chemsfine.com\/wp-content\/uploads\/2026\/02\/wedding-crashers-shatter-bulk-buddy-online-dispensary-ca-1.jpg","width":1024,"height":1024},{"@type":"BreadcrumbList","@id":"https:\/\/chemsfine.com\/product\/wedding-crasher-shatter\/#breadcrumb","itemListElement":[{"@type":"ListItem","position":1,"name":"Home","item":"https:\/\/chemsfine.com\/"},{"@type":"ListItem","position":2,"name":"Shop","item":"https:\/\/chemsfine.com\/shop\/"},{"@type":"ListItem","position":3,"name":"Wedding Crasher Shatter | Premium Hybrid Cannabis Concentrate"}]},{"@type":"WebSite","@id":"https:\/\/chemsfine.com\/#website","url":"https:\/\/chemsfine.com\/","name":"Chemsfine","description":"Min WordPress-blogg","publisher":{"@id":"https:\/\/chemsfine.com\/#organization"},"potentialAction":[{"@type":"SearchAction","target":{"@type":"EntryPoint","urlTemplate":"https:\/\/chemsfine.com\/?s={search_term_string}"},"query-input":{"@type":"PropertyValueSpecification","valueRequired":true,"valueName":"search_term_string"}}],"inLanguage":"sv-SE"},{"@type":"Organization","@id":"https:\/\/chemsfine.com\/#organization","name":"Chemsfine","url":"https:\/\/chemsfine.com\/","logo":{"@type":"ImageObject","inLanguage":"sv-SE","@id":"https:\/\/chemsfine.com\/#\/schema\/logo\/image\/","url":"https:\/\/chemsfine.com\/wp-content\/uploads\/2024\/09\/final-logo.png","contentUrl":"https:\/\/chemsfine.com\/wp-content\/uploads\/2024\/09\/final-logo.png","width":340,"height":72,"caption":"Chemsfine"},"image":{"@id":"https:\/\/chemsfine.com\/#\/schema\/logo\/image\/"}}]}},"_links":{"self":[{"href":"https:\/\/chemsfine.com\/sv\/wp-json\/wp\/v2\/product\/6730","targetHints":{"allow":["GET"]}}],"collection":[{"href":"https:\/\/chemsfine.com\/sv\/wp-json\/wp\/v2\/product"}],"about":[{"href":"https:\/\/chemsfine.com\/sv\/wp-json\/wp\/v2\/types\/product"}],"replies":[{"embeddable":true,"href":"https:\/\/chemsfine.com\/sv\/wp-json\/wp\/v2\/comments?post=6730"}],"wp:featuredmedia":[{"embeddable":true,"href":"https:\/\/chemsfine.com\/sv\/wp-json\/wp\/v2\/media\/6773"}],"wp:attachment":[{"href":"https:\/\/chemsfine.com\/sv\/wp-json\/wp\/v2\/media?parent=6730"}],"wp:term":[{"taxonomy":"product_brand","embeddable":true,"href":"https:\/\/chemsfine.com\/sv\/wp-json\/wp\/v2\/product_brand?post=6730"},{"taxonomy":"product_cat","embeddable":true,"href":"https:\/\/chemsfine.com\/sv\/wp-json\/wp\/v2\/product_cat?post=6730"},{"taxonomy":"product_tag","embeddable":true,"href":"https:\/\/chemsfine.com\/sv\/wp-json\/wp\/v2\/product_tag?post=6730"}],"curies":[{"name":"wp","href":"https:\/\/api.w.org\/{rel}","templated":true}]}}