{"id":8120,"date":"2026-02-12T18:20:34","date_gmt":"2026-02-12T18:20:34","guid":{"rendered":"https:\/\/chemsfine.com\/?post_type=product&#038;p=8120"},"modified":"2026-03-25T12:20:09","modified_gmt":"2026-03-25T12:20:09","slug":"buy-apple-fritter-strain","status":"publish","type":"product","link":"https:\/\/chemsfine.com\/sv\/product\/buy-apple-fritter-strain\/","title":{"rendered":"K\u00f6p Apple Fritter Online - Hybridstam av h\u00f6gsta kvalitet till salu"},"content":{"rendered":"<p>\u00c4r du ute efter att <b>K\u00f6p Apple Fritter till salu<\/b>? Du har kommit till den fr\u00e4msta destinationen f\u00f6r premium cannabisgenetik. Apple Fritter, en sann hybridkraftverk, har f\u00e5tt ett legendariskt rykte f\u00f6r sin l\u00e4ckra smak och h\u00e5rda effekter. P\u00e5 Chemsfine ser vi till att varje sats uppfyller de h\u00f6gsta standarderna f\u00f6r styrka och renhet.<\/p>\n<p>Oavsett om du \u00e4r en finsmakare eller en nykomling, erbjuder denna stam en unik balans mellan eufori och sedering. N\u00e4r du v\u00e4ljer att <b>Best\u00e4ll Apple Fritter online<\/b> fr\u00e5n oss garanterar du en produkt som h\u00e5ller vad den lovar. Nedan utforskar vi allt du beh\u00f6ver veta om denna l\u00e4ckra stam.<\/p>\n<h2>Vad \u00e4r Apple Fritter?<\/h2>\n<p><b>\u00c4ppel Fritter<\/b> \u00e4r en j\u00e4mnt balanserad hybridstam, k\u00e4nd f\u00f6r sin kraftfulla inverkan och exceptionella smakprofil. Helst \u00e4r det k\u00e4nt som en korsning mellan Sour Apple och Animal Cookies. Resultatet \u00e4r en <b>\u00c4ppelfritter av h\u00f6gsta kvalitet<\/b> exemplar som har h\u00f6ga THC-halter och en terpenprofil som efterliknar s\u00f6ta bakverk med en antydan till ostliknande jordighet.<\/p>\n<p>Denna stam smakar inte bara bra; det fungerar exceptionellt bra. Anv\u00e4ndare rapporterar ofta en omedelbar lyft i andan. P\u00e5 grund av dess styrka \u00e4r det en favorit bland dem som beh\u00f6ver stark l\u00e4ttnad. Vi ser till att v\u00e5rt lager representerar <b>B\u00e4sta \u00e4ppelfrittern som finns<\/b> p\u00e5 marknaden idag, h\u00e4rdad till perfektion f\u00f6r att bevara sina trikomer och arom.<\/p>\n<h2>Varf\u00f6r k\u00f6pa Apple Fritter online p\u00e5 Chemsfine?<\/h2>\n<p>Att hitta en p\u00e5litlig k\u00e4lla kan vara sv\u00e5rt. D\u00e4rf\u00f6r prioriterar Chemsfine transparens och kvalitet framf\u00f6r allt annat. N\u00e4r du best\u00e4mmer dig f\u00f6r att <b>k\u00f6pa p\u00e5 Chemsfine<\/b>, v\u00e4ljer du en leverant\u00f6r som f\u00f6rst\u00e5r vikten av diskret frakt och produktintegritet. Vi verifierar v\u00e5ra partier f\u00f6r att s\u00e4kerst\u00e4lla att de \u00e4r fria fr\u00e5n bek\u00e4mpningsmedel och m\u00f6gel.<\/p>\n<p>Dessutom \u00e4r v\u00e5r katalog m\u00e5ngsidig. F\u00f6r dig som \u00e4r intresserad av andra kraftfulla former av avslappning, kan du kolla in v\u00e5r <a href=\"https:\/\/chemsfine.com\/sv\/produkt\/king-kush-hash-till-salu-kop-hash-av-hogsta-kvalitet-online\/\">King Kush Hash<\/a>. Vi uppr\u00e4tth\u00e5ller samma h\u00f6ga standard f\u00f6r alla produktlinjer. V\u00e5r s\u00e4kra kassaprocess g\u00f6r det enkelt att <b>Best\u00e4ll Apple Fritter online<\/b> utan kr\u00e5ngel.<\/p>\n<h2>Effekter och erfarenheter<\/h2>\n<p>Effekterna av Apple Fritter \u00e4r tydliga och kraftfulla. Baserat p\u00e5 anv\u00e4ndarupplevelser kommer denna stam sannolikt att f\u00f6rb\u00e4ttra ditt hum\u00f6r avsev\u00e4rt. Ursprungligen orsakar det en kort str\u00f6m av kreativitet och lycka. Denna cerebrala rush \u00e4r perfekt f\u00f6r brainstorming eller njutning av musik.<\/p>\n<p>Det finns dock en hake. De lugnande effekterna kommer gradvis att genomsyra hela din kropp. M\u00e5nga anv\u00e4ndare uppt\u00e4cker ett specifikt problem: s\u00e5 snart de k\u00e4nner en stark uppmaning att vara kreativa, uppst\u00e5r de lugnande effekterna snabbt. Detta g\u00f6r det sv\u00e5rt att forts\u00e4tta med sina kreativa projekt. D\u00e4rf\u00f6r rekommenderar vi att du f\u00f6rbereder din mat och provar denna l\u00e4ckra stam n\u00e4r du har ledig tid.<\/p>\n<p><b>\u00c4ppel Fritter<\/b> ger kraftfulla och l\u00e5ngvariga effekter. Dessutom b\u00f6r du se upp f\u00f6r sidosymtom som t\u00f6rst och muntorrhet. Hydrering \u00e4r nyckeln n\u00e4r du njuter av denna produkt.<\/p>\n<h2>Till\u00e4mpningar och anv\u00e4ndning<\/h2>\n<p>P\u00e5 grund av sin hybridnatur \u00e4r denna stam m\u00e5ngsidig. Den \u00e4r l\u00e4mplig f\u00f6r kv\u00e4llsanv\u00e4ndning eller lata helger. H\u00e4r \u00e4r de vanliga applikationerna:<\/p>\n<ul>\n<li><b>Stressavlastning:<\/b> Den euforiska k\u00e4nslan hj\u00e4lper till att sm\u00e4lta bort den dagliga stressen.<\/li>\n<li><b>Stimulering av aptiten:<\/b> K\u00e4nd f\u00f6r att framkalla hunger (munchies).<\/li>\n<li><b>Avslappning:<\/b> Perfekt f\u00f6r att varva ner efter en l\u00e5ng arbetsvecka.<\/li>\n<li><b>S\u00f6mnmedel:<\/b> I h\u00f6gre doser hj\u00e4lper sederingen mot s\u00f6mnl\u00f6shet.<\/li>\n<li><b>H\u00f6jning av hum\u00f6ret:<\/b> Motverkar tillf\u00e4lliga k\u00e4nslor av nedst\u00e4mdhet.<\/li>\n<\/ul>\n<h2>S\u00e4kerhet och efterlevnad<\/h2>\n<p>P\u00e5 Chemsfine \u00e4r s\u00e4kerhet v\u00e5r prioritet. Alla v\u00e5ra produkter, fr\u00e5n botaniska stammar till forskningsmaterial som <a href=\"https:\/\/chemsfine.com\/sv\/produkt\/buy-a-pvp-crystals-online-pure-alpha-pvp-for-research\/\">Alpha PVP-kristaller<\/a>, hanteras i en kontrollerad milj\u00f6. N\u00e4r du k\u00f6per <b>\u00c4ppel Fritter<\/b>, f\u00e5r du en produkt som uppfyller regionala kvalitetsstandarder.<\/p>\n<p>Konsumera alltid p\u00e5 ett ansvarsfullt s\u00e4tt. Anv\u00e4nd inte tunga maskiner eller k\u00f6r inte bil efter att ha anv\u00e4nt denna produkt. Se till att f\u00f6rvara den p\u00e5 en sval och torr plats, utom r\u00e4ckh\u00e5ll f\u00f6r barn och husdjur. Vi ger tillg\u00e5ng till s\u00e4kerhetsdata d\u00e4r s\u00e5 \u00e4r till\u00e4mpligt f\u00f6r att s\u00e4kerst\u00e4lla att du \u00e4r fullt informerad.<\/p>\n<h2>Varf\u00f6r v\u00e4lja oss?<\/h2>\n<p>Vi sticker ut i branschen av flera sk\u00e4l. F\u00f6r det f\u00f6rsta \u00e4r v\u00e5r <b>H\u00f6g renhet till salu<\/b> standarder \u00e4r o\u00f6vertr\u00e4ffade. F\u00f6r det andra erbjuder vi <b>S\u00e4kert k\u00f6p<\/b> alternativ som skyddar dina data. Oavsett om du beh\u00f6ver <b>Laboratoriegrad till salu<\/b> forskningsartiklar eller premium rekreationsstammar, vi har allt.<\/p>\n<p>Dessutom \u00e4r v\u00e5r kundsupport f\u00f6rstklassig. Vi finns h\u00e4r f\u00f6r att svara p\u00e5 dina fr\u00e5gor och v\u00e4gleda dig genom k\u00f6pprocessen. N\u00f6j dig inte med mindre n\u00e4r du kan komma \u00e5t <b>\u00c4kta \u00c4ppelfritter<\/b> precis h\u00e4r. Vi skickar snabbt och diskret f\u00f6r att s\u00e4kerst\u00e4lla din integritet.<\/p>\n<h2>Slutsats<\/h2>\n<p>Sammanfattningsvis \u00e4r Apple Fritter ett m\u00e5ste f\u00f6r alla som s\u00f6ker en kraftfull blandning av kreativitet och avkoppling. Dess unika f\u00f6rm\u00e5ga att lyfta ditt hum\u00f6r och samtidigt lugna din kropp g\u00f6r den till ett f\u00f6rstahandsval. \u00c4r du redo att uppleva den? <b>K\u00f6p Apple Fritter till salu<\/b> idag p\u00e5 Chemsfine. <b>K\u00f6p nu online<\/b> och njut av den premiumkvalitet du f\u00f6rtj\u00e4nar.<\/p>","protected":false},"excerpt":{"rendered":"<p>Uppt\u00e4ck kraften i <b>\u00c4ppel Fritter<\/b>, \u00e4r en premium hybridstam k\u00e4nd f\u00f6r sin s\u00f6ta smak och potenta effekter. Denna stam initierar en utbrott av kreativitet och lycka innan den \u00f6verg\u00e5r till djup kroppsavslappning. Den \u00e4r idealisk f\u00f6r kv\u00e4llsanv\u00e4ndning och bek\u00e4mpar effektivt stress och d\u00e5ligt hum\u00f6r. <b>K\u00f6p Apple Fritter till salu<\/b> idag f\u00f6r att uppleva kvalitet i toppklass. Alltid <b>k\u00f6pa p\u00e5 Chemsfine<\/b> f\u00f6r verifierad renhet och s\u00e4ker leverans.<\/p>","protected":false},"featured_media":8150,"comment_status":"open","ping_status":"closed","template":"","meta":{"_joinchat":[]},"product_brand":[],"product_cat":[944],"product_tag":[],"class_list":{"0":"post-8120","1":"product","2":"type-product","3":"status-publish","4":"has-post-thumbnail","6":"product_cat-marijuana-cannabis","8":"first","9":"instock","10":"shipping-taxable","11":"purchasable","12":"product-type-variable"},"yoast_head":"<!-- This site is optimized with the Yoast SEO plugin v27.2 - https:\/\/yoast.com\/product\/yoast-seo-wordpress\/ -->\n<title>Buy Apple Fritter Online - Top Quality Hybrid Strain For Sale<\/title>\n<meta name=\"description\" content=\"Order Apple Fritter online at Chemsfine. Experience the best creativity and relaxation. Secure payment and fast shipping. Buy Apple Fritter For Sale now.\" \/>\n<meta name=\"robots\" content=\"index, follow, max-snippet:-1, max-image-preview:large, max-video-preview:-1\" \/>\n<link rel=\"canonical\" href=\"https:\/\/chemsfine.com\/sv\/produkt\/buy-apple-fritter-strain\/\" \/>\n<meta property=\"og:locale\" content=\"sv_SE\" \/>\n<meta property=\"og:type\" content=\"article\" \/>\n<meta property=\"og:title\" content=\"Buy Apple Fritter Online - Top Quality Hybrid Strain For Sale\" \/>\n<meta property=\"og:description\" content=\"Order Apple Fritter online at Chemsfine. Experience the best creativity and relaxation. Secure payment and fast shipping. Buy Apple Fritter For Sale now.\" \/>\n<meta property=\"og:url\" content=\"https:\/\/chemsfine.com\/sv\/produkt\/buy-apple-fritter-strain\/\" \/>\n<meta property=\"og:site_name\" content=\"Chemsfine\" \/>\n<meta property=\"article:modified_time\" content=\"2026-03-25T12:20:09+00:00\" \/>\n<meta property=\"og:image\" content=\"https:\/\/chemsfine.com\/wp-content\/uploads\/2026\/02\/apple-fritter.jpg\" \/>\n\t<meta property=\"og:image:width\" content=\"960\" \/>\n\t<meta property=\"og:image:height\" content=\"1280\" \/>\n\t<meta property=\"og:image:type\" content=\"image\/jpeg\" \/>\n<meta name=\"twitter:card\" content=\"summary_large_image\" \/>\n<meta name=\"twitter:label1\" content=\"Ber\u00e4knad l\u00e4stid\" \/>\n\t<meta name=\"twitter:data1\" content=\"1 minut\" \/>\n<script type=\"application\/ld+json\" class=\"yoast-schema-graph\">{\"@context\":\"https:\/\/schema.org\",\"@graph\":[{\"@type\":\"WebPage\",\"@id\":\"https:\/\/chemsfine.com\/product\/buy-apple-fritter-strain\/\",\"url\":\"https:\/\/chemsfine.com\/product\/buy-apple-fritter-strain\/\",\"name\":\"Buy Apple Fritter Online - Top Quality Hybrid Strain For Sale\",\"isPartOf\":{\"@id\":\"https:\/\/chemsfine.com\/#website\"},\"primaryImageOfPage\":{\"@id\":\"https:\/\/chemsfine.com\/product\/buy-apple-fritter-strain\/#primaryimage\"},\"image\":{\"@id\":\"https:\/\/chemsfine.com\/product\/buy-apple-fritter-strain\/#primaryimage\"},\"thumbnailUrl\":\"https:\/\/chemsfine.com\/wp-content\/uploads\/2026\/02\/apple-fritter.jpg\",\"datePublished\":\"2026-02-12T18:20:34+00:00\",\"dateModified\":\"2026-03-25T12:20:09+00:00\",\"description\":\"Order Apple Fritter online at Chemsfine. Experience the best creativity and relaxation. Secure payment and fast shipping. Buy Apple Fritter For Sale now.\",\"breadcrumb\":{\"@id\":\"https:\/\/chemsfine.com\/product\/buy-apple-fritter-strain\/#breadcrumb\"},\"inLanguage\":\"sv-SE\",\"potentialAction\":[{\"@type\":\"ReadAction\",\"target\":[\"https:\/\/chemsfine.com\/product\/buy-apple-fritter-strain\/\"]}]},{\"@type\":\"ImageObject\",\"inLanguage\":\"sv-SE\",\"@id\":\"https:\/\/chemsfine.com\/product\/buy-apple-fritter-strain\/#primaryimage\",\"url\":\"https:\/\/chemsfine.com\/wp-content\/uploads\/2026\/02\/apple-fritter.jpg\",\"contentUrl\":\"https:\/\/chemsfine.com\/wp-content\/uploads\/2026\/02\/apple-fritter.jpg\",\"width\":960,\"height\":1280},{\"@type\":\"BreadcrumbList\",\"@id\":\"https:\/\/chemsfine.com\/product\/buy-apple-fritter-strain\/#breadcrumb\",\"itemListElement\":[{\"@type\":\"ListItem\",\"position\":1,\"name\":\"Home\",\"item\":\"https:\/\/chemsfine.com\/\"},{\"@type\":\"ListItem\",\"position\":2,\"name\":\"Shop\",\"item\":\"https:\/\/chemsfine.com\/shop\/\"},{\"@type\":\"ListItem\",\"position\":3,\"name\":\"Buy Apple Fritter Online &#8211; Top Quality Hybrid Strain For Sale\"}]},{\"@type\":\"WebSite\",\"@id\":\"https:\/\/chemsfine.com\/#website\",\"url\":\"https:\/\/chemsfine.com\/\",\"name\":\"Chemsfine\",\"description\":\"My WordPress Blog\",\"publisher\":{\"@id\":\"https:\/\/chemsfine.com\/#organization\"},\"potentialAction\":[{\"@type\":\"SearchAction\",\"target\":{\"@type\":\"EntryPoint\",\"urlTemplate\":\"https:\/\/chemsfine.com\/?s={search_term_string}\"},\"query-input\":{\"@type\":\"PropertyValueSpecification\",\"valueRequired\":true,\"valueName\":\"search_term_string\"}}],\"inLanguage\":\"sv-SE\"},{\"@type\":\"Organization\",\"@id\":\"https:\/\/chemsfine.com\/#organization\",\"name\":\"Chemsfine\",\"url\":\"https:\/\/chemsfine.com\/\",\"logo\":{\"@type\":\"ImageObject\",\"inLanguage\":\"sv-SE\",\"@id\":\"https:\/\/chemsfine.com\/#\/schema\/logo\/image\/\",\"url\":\"https:\/\/chemsfine.com\/wp-content\/uploads\/2024\/09\/final-logo.png\",\"contentUrl\":\"https:\/\/chemsfine.com\/wp-content\/uploads\/2024\/09\/final-logo.png\",\"width\":340,\"height\":72,\"caption\":\"Chemsfine\"},\"image\":{\"@id\":\"https:\/\/chemsfine.com\/#\/schema\/logo\/image\/\"}}]}<\/script>\n<!-- \/ Yoast SEO plugin. -->","yoast_head_json":{"title":"K\u00f6p Apple Fritter Online - Hybridstam av h\u00f6gsta kvalitet till salu","description":"Best\u00e4ll Apple Fritter online p\u00e5 Chemsfine. Upplev den b\u00e4sta kreativiteten och avkopplingen. S\u00e4ker betalning och snabb leverans. K\u00f6p Apple Fritter till salu nu.","robots":{"index":"index","follow":"follow","max-snippet":"max-snippet:-1","max-image-preview":"max-image-preview:large","max-video-preview":"max-video-preview:-1"},"canonical":"https:\/\/chemsfine.com\/sv\/produkt\/buy-apple-fritter-strain\/","og_locale":"sv_SE","og_type":"article","og_title":"Buy Apple Fritter Online - Top Quality Hybrid Strain For Sale","og_description":"Order Apple Fritter online at Chemsfine. Experience the best creativity and relaxation. Secure payment and fast shipping. Buy Apple Fritter For Sale now.","og_url":"https:\/\/chemsfine.com\/sv\/produkt\/buy-apple-fritter-strain\/","og_site_name":"Chemsfine","article_modified_time":"2026-03-25T12:20:09+00:00","og_image":[{"width":960,"height":1280,"url":"https:\/\/chemsfine.com\/wp-content\/uploads\/2026\/02\/apple-fritter.jpg","type":"image\/jpeg"}],"twitter_card":"summary_large_image","twitter_misc":{"Ber\u00e4knad l\u00e4stid":"1 minut"},"schema":{"@context":"https:\/\/schema.org","@graph":[{"@type":"WebPage","@id":"https:\/\/chemsfine.com\/product\/buy-apple-fritter-strain\/","url":"https:\/\/chemsfine.com\/product\/buy-apple-fritter-strain\/","name":"K\u00f6p Apple Fritter Online - Hybridstam av h\u00f6gsta kvalitet till salu","isPartOf":{"@id":"https:\/\/chemsfine.com\/#website"},"primaryImageOfPage":{"@id":"https:\/\/chemsfine.com\/product\/buy-apple-fritter-strain\/#primaryimage"},"image":{"@id":"https:\/\/chemsfine.com\/product\/buy-apple-fritter-strain\/#primaryimage"},"thumbnailUrl":"https:\/\/chemsfine.com\/wp-content\/uploads\/2026\/02\/apple-fritter.jpg","datePublished":"2026-02-12T18:20:34+00:00","dateModified":"2026-03-25T12:20:09+00:00","description":"Best\u00e4ll Apple Fritter online p\u00e5 Chemsfine. Upplev den b\u00e4sta kreativiteten och avkopplingen. S\u00e4ker betalning och snabb leverans. K\u00f6p Apple Fritter till salu nu.","breadcrumb":{"@id":"https:\/\/chemsfine.com\/product\/buy-apple-fritter-strain\/#breadcrumb"},"inLanguage":"sv-SE","potentialAction":[{"@type":"ReadAction","target":["https:\/\/chemsfine.com\/product\/buy-apple-fritter-strain\/"]}]},{"@type":"ImageObject","inLanguage":"sv-SE","@id":"https:\/\/chemsfine.com\/product\/buy-apple-fritter-strain\/#primaryimage","url":"https:\/\/chemsfine.com\/wp-content\/uploads\/2026\/02\/apple-fritter.jpg","contentUrl":"https:\/\/chemsfine.com\/wp-content\/uploads\/2026\/02\/apple-fritter.jpg","width":960,"height":1280},{"@type":"BreadcrumbList","@id":"https:\/\/chemsfine.com\/product\/buy-apple-fritter-strain\/#breadcrumb","itemListElement":[{"@type":"ListItem","position":1,"name":"Home","item":"https:\/\/chemsfine.com\/"},{"@type":"ListItem","position":2,"name":"Shop","item":"https:\/\/chemsfine.com\/shop\/"},{"@type":"ListItem","position":3,"name":"Buy Apple Fritter Online &#8211; Top Quality Hybrid Strain For Sale"}]},{"@type":"WebSite","@id":"https:\/\/chemsfine.com\/#website","url":"https:\/\/chemsfine.com\/","name":"Chemsfine","description":"Min WordPress-blogg","publisher":{"@id":"https:\/\/chemsfine.com\/#organization"},"potentialAction":[{"@type":"SearchAction","target":{"@type":"EntryPoint","urlTemplate":"https:\/\/chemsfine.com\/?s={search_term_string}"},"query-input":{"@type":"PropertyValueSpecification","valueRequired":true,"valueName":"search_term_string"}}],"inLanguage":"sv-SE"},{"@type":"Organization","@id":"https:\/\/chemsfine.com\/#organization","name":"Chemsfine","url":"https:\/\/chemsfine.com\/","logo":{"@type":"ImageObject","inLanguage":"sv-SE","@id":"https:\/\/chemsfine.com\/#\/schema\/logo\/image\/","url":"https:\/\/chemsfine.com\/wp-content\/uploads\/2024\/09\/final-logo.png","contentUrl":"https:\/\/chemsfine.com\/wp-content\/uploads\/2024\/09\/final-logo.png","width":340,"height":72,"caption":"Chemsfine"},"image":{"@id":"https:\/\/chemsfine.com\/#\/schema\/logo\/image\/"}}]}},"_links":{"self":[{"href":"https:\/\/chemsfine.com\/sv\/wp-json\/wp\/v2\/product\/8120","targetHints":{"allow":["GET"]}}],"collection":[{"href":"https:\/\/chemsfine.com\/sv\/wp-json\/wp\/v2\/product"}],"about":[{"href":"https:\/\/chemsfine.com\/sv\/wp-json\/wp\/v2\/types\/product"}],"replies":[{"embeddable":true,"href":"https:\/\/chemsfine.com\/sv\/wp-json\/wp\/v2\/comments?post=8120"}],"wp:featuredmedia":[{"embeddable":true,"href":"https:\/\/chemsfine.com\/sv\/wp-json\/wp\/v2\/media\/8150"}],"wp:attachment":[{"href":"https:\/\/chemsfine.com\/sv\/wp-json\/wp\/v2\/media?parent=8120"}],"wp:term":[{"taxonomy":"product_brand","embeddable":true,"href":"https:\/\/chemsfine.com\/sv\/wp-json\/wp\/v2\/product_brand?post=8120"},{"taxonomy":"product_cat","embeddable":true,"href":"https:\/\/chemsfine.com\/sv\/wp-json\/wp\/v2\/product_cat?post=8120"},{"taxonomy":"product_tag","embeddable":true,"href":"https:\/\/chemsfine.com\/sv\/wp-json\/wp\/v2\/product_tag?post=8120"}],"curies":[{"name":"wp","href":"https:\/\/api.w.org\/{rel}","templated":true}]}}