{"id":8271,"date":"2026-02-12T18:22:45","date_gmt":"2026-02-12T18:22:45","guid":{"rendered":"https:\/\/chemsfine.com\/?post_type=product&#038;p=8271"},"modified":"2026-03-25T12:14:37","modified_gmt":"2026-03-25T12:14:37","slug":"buy-ethyl-pentedrone-crystal","status":"publish","type":"product","link":"https:\/\/chemsfine.com\/sv\/product\/buy-ethyl-pentedrone-crystal\/","title":{"rendered":"K\u00f6p etyl-pentedronkristall online"},"content":{"rendered":"<p>N\u00e4r du best\u00e4mmer dig f\u00f6r att <b>K\u00f6p Ethyl-Pentedrone Crystal till salu<\/b>, beh\u00f6ver du en partner som prioriterar renhet och efterlevnad framf\u00f6r allt annat. P\u00e5 Chemsfine har vi etablerat oss som en p\u00e5litlig k\u00e4lla f\u00f6r premiumforskningskemikalier. Vi f\u00f6rser laboratorier, universitet och erk\u00e4nda forskningsinstitutioner med autentiska etyl-pentedronkristaller som \u00e4r utformade enbart f\u00f6r legitima vetenskapliga unders\u00f6kningar.<\/p>\n<p>Att hitta en p\u00e5litlig leverant\u00f6r \u00e4r ofta den sv\u00e5raste delen av upphandlingsprocessen. V\u00e5rt team fokuserar p\u00e5 total efterlevnad, tillf\u00f6rlitlighet och konsekvent kvalitet. Vi s\u00e4kerst\u00e4ller att varje batch uppfyller rigor\u00f6sa internationella s\u00e4kerhets- och renhetsstandarder innan den n\u00e5gonsin l\u00e4mnar v\u00e5r anl\u00e4ggning. Forskare \u00f6ver hela v\u00e4rlden f\u00f6rlitar sig p\u00e5 oss f\u00f6r sina kritiska laboratoriebehov eftersom vi levererar resultat som de kan lita p\u00e5. N\u00e4r du v\u00e4ljer att <b>Best\u00e4ll etyl-pentedronkristall online<\/b> fr\u00e5n oss v\u00e4ljer du sinnesfrid.<\/p>\n<h2>Vad \u00e4r Ethyl-Pentedrone Crystal?<\/h2>\n<p><b>Etyl-pentedronkristall<\/b> \u00e4r en h\u00f6gkvalitativ forskningskemikalie som tillh\u00f6r katinonklassen, som ofta anv\u00e4nds i kriminaltekniska och analytiska forskningsinst\u00e4llningar. Forskare och laboratoriepersonal anv\u00e4nder denna f\u00f6rening f\u00f6r att studera kemiska egenskaper, reaktionsv\u00e4gar och farmakologiska profiler i kontrollerade milj\u00f6er. Den k\u00e4nnetecknas av sin kristallina struktur och h\u00f6ga l\u00f6slighet, vilket g\u00f6r den idealisk f\u00f6r exakt m\u00e4tning och beredning av l\u00f6sningar.<\/p>\n<p>Vi levererar <b>Etyl-pentedronkristall av h\u00f6gsta kvalitet<\/b> f\u00f6r att s\u00e4kerst\u00e4lla att dina forskningsdata f\u00f6rblir giltiga och reproducerbara. Den kemiska identiteten inneb\u00e4r komplex molekyl\u00e4r bindning som kr\u00e4ver noggrann hantering. Till skillnad fr\u00e5n alternativ av l\u00e4gre kvalitet genomg\u00e5r v\u00e5r produkt strikta syntesprotokoll f\u00f6r att minimera f\u00f6roreningar. Denna uppm\u00e4rksamhet p\u00e5 detaljer garanterar att du f\u00e5r den <b>B\u00e4sta tillg\u00e4ngliga etyl-pentedronkristall<\/b> f\u00f6r dina spektrometri- och kromatografiapplikationer.<\/p>\n<h2>Varf\u00f6r k\u00f6pa Ethyl-Pentedrone Crystal online p\u00e5 Chemsfine?<\/h2>\n<p>Det finns m\u00e5nga leverant\u00f6rer p\u00e5 marknaden, men Chemsfine sticker ut tack vare v\u00e5rt orubbliga engagemang f\u00f6r professionella standarder. D\u00e4rf\u00f6r, n\u00e4r du letar efter en <b>S\u00e4kert k\u00f6p<\/b>, Med v\u00e5r krypterade plattform erbjuder vi den s\u00e4kraste v\u00e4gen. Vi fungerar som en fullt licensierad och reglerad leverant\u00f6r och f\u00f6ljer strikta internationella lagar om kemisk distribution.<\/p>\n<p>Dessutom \u00e4r v\u00e5r lagerhantering o\u00f6vertr\u00e4ffad. Medan m\u00e5nga kunder bes\u00f6ker oss f\u00f6r att <a href=\"https:\/\/chemsfine.com\/sv\/produkt\/kop-mdpv-online-premiumkvalitet-till-salu\/\">k\u00f6p MDPV online premiumkvalitet till salu<\/a>, V\u00e5rt lager av etyl-pentedron \u00e4r fortfarande en av v\u00e5ra mest efterfr\u00e5gade artiklar p\u00e5 grund av dess renhet. Vi verifierar varje leverans f\u00f6r att s\u00e4kerst\u00e4lla att den uppfyller de specifika kraven i ditt laboratorium. F\u00f6ljaktligen undviker du de risker som \u00e4r f\u00f6rknippade med overifierade leverant\u00f6rer. Vi garanterar \u00e4kthet och ser till att den produkt du f\u00e5r matchar de h\u00f6ga specifikationer som anges p\u00e5 v\u00e5r webbplats.<\/p>\n<h2>Till\u00e4mpningar<\/h2>\n<p>V\u00e5r <b>H\u00f6g renhet till salu<\/b> kristaller \u00e4r l\u00e4mpliga f\u00f6r ett brett spektrum av vetenskapliga till\u00e4mpningar. Professionella anv\u00e4nder detta \u00e4mne i olika experimentella uppst\u00e4llningar. Vanliga till\u00e4mpningar inkluderar:<\/p>\n<ul>\n<li><b>Forensisk analys:<\/b> Anv\u00e4nds som referensstandard vid identifiering av droger och toxikologiska tester.<\/li>\n<li><b>Testning av kemiska reagenser:<\/b> Anv\u00e4nds f\u00f6r att observera reaktionskinetik och strukturella egenskaper.<\/li>\n<li><b>Masspektrometri (GC\/MS):<\/b> Oumb\u00e4rlig f\u00f6r kalibrering av analysutrustning f\u00f6r exakt detektering.<\/li>\n<li><b>Farmakologisk forskning:<\/b> Studera receptorbindningsprofiler i strikt in vitro-milj\u00f6.<\/li>\n<li><b>Studier av l\u00f6slighet:<\/b> Analys av f\u00f6reningens beteende i olika l\u00f6sningsmedel.<\/li>\n<\/ul>\n<h2>S\u00e4kerhet och efterlevnad<\/h2>\n<p>S\u00e4kerhet \u00e4r v\u00e5r h\u00f6gsta prioritet. <b>Etyl-pentedronkristall<\/b> \u00e4r endast avsedd f\u00f6r laboratorie- och vetenskapliga forsknings\u00e4ndam\u00e5l. Den \u00e4r INTE avsedd f\u00f6r m\u00e4nsklig konsumtion. Endast kvalificerad personal med l\u00e4mplig personlig skyddsutrustning (PPE) f\u00e5r hantera denna f\u00f6rening. V\u00e5rt f\u00f6retag f\u00f6rbinder sig till etisk leverans och f\u00f6ljer alla relevanta best\u00e4mmelser.<\/p>\n<p>Dessutom tillhandah\u00e5ller vi omfattande s\u00e4kerhetsdatablad (SDS) med varje best\u00e4llning. Detta s\u00e4kerst\u00e4ller att ditt team har n\u00f6dv\u00e4ndig information om hantering, lagring och bortskaffande. V\u00e5r anl\u00e4ggning uppr\u00e4tth\u00e5ller en kontrollerad milj\u00f6 f\u00f6r att f\u00f6rhindra kontaminering, vilket s\u00e4kerst\u00e4ller att <b>Laboratoriegrad till salu<\/b> materialet du f\u00e5r \u00e4r s\u00e4kert f\u00f6r analys p\u00e5 h\u00f6g niv\u00e5.<\/p>\n<h2>Varf\u00f6r v\u00e4lja oss?<\/h2>\n<p>Chemsfine erbjuder en s\u00f6ml\u00f6s upphandlingsupplevelse. V\u00e5rt globala logistikn\u00e4tverk s\u00e4kerst\u00e4ller snabb och tillf\u00f6rlitlig leverans till \u00f6ver 50 l\u00e4nder utan att kompromissa med s\u00e4kerheten. Oavsett om du beh\u00f6ver en <a href=\"https:\/\/chemsfine.com\/sv\/produkt\/cookie-monster-shatter-online-dispensary\/\">Cookie Monster Shatter online-apotek<\/a> Oavsett om det handlar om ett f\u00f6rem\u00e5l eller kristaller f\u00f6r industriell forskning, s\u00e4kerst\u00e4ller v\u00e5r diskreta f\u00f6rpackning att dina leveranser kommer fram s\u00e4kert och konfidentiellt. Vi respekterar v\u00e5ra kunders integritet och den k\u00e4nsliga karakt\u00e4ren av deras arbete.<\/p>\n<p>Dessutom erbjuder vi konkurrenskraftiga priser utan att g\u00f6ra avkall p\u00e5 kvaliteten. <b>K\u00f6p nu online<\/b> med tillf\u00f6rsikt, eftersom vi vet att v\u00e5rt supportteam finns tillg\u00e4ngligt f\u00f6r att hj\u00e4lpa till med sp\u00e5rning och produktf\u00f6rfr\u00e5gningar. V\u00e5rt rykte bland universitet och privata laboratorier talar f\u00f6r sig sj\u00e4lvt. Vi kombinerar snabbhet, diskretion och kvalitet i en och samma professionella tj\u00e4nst.<\/p>\n<table style=\"width: 100%; border-collapse: collapse; margin-top: 20px;\" border=\"1\" cellspacing=\"0\" cellpadding=\"10\">\n<tbody>\n<tr>\n<td style=\"background-color: #f2f2f2;\"><b>Produktens namn<\/b><\/td>\n<td>Etyl-pentedronkristall<\/td>\n<\/tr>\n<tr>\n<td style=\"background-color: #f2f2f2;\"><b>Renhetsgrad<\/b><\/td>\n<td>\u226599,8% H\u00f6g renhet<\/td>\n<\/tr>\n<tr>\n<td style=\"background-color: #f2f2f2;\"><b>Form<\/b><\/td>\n<td>Kristallint fast \u00e4mne<\/td>\n<\/tr>\n<tr>\n<td style=\"background-color: #f2f2f2;\"><b>Anv\u00e4ndning<\/b><\/td>\n<td>Endast laboratorieforskning<\/td>\n<\/tr>\n<tr>\n<td style=\"background-color: #f2f2f2;\"><b>Frakt<\/b><\/td>\n<td>Diskret och s\u00e4ker<\/td>\n<\/tr>\n<\/tbody>\n<\/table>\n<h2>Slutsats<\/h2>\n<p>Att hitta en p\u00e5litlig leverant\u00f6r \u00e4r avg\u00f6rande f\u00f6r att din forskning ska bli framg\u00e5ngsrik. Chemsfine garanterar \u00e4kthet, s\u00e4kerhet och leverans \u00f6ver hela v\u00e4rlden, vilket g\u00f6r oss till det f\u00f6redragna valet f\u00f6r yrkesverksamma \u00f6verallt. Bes\u00f6k Chemsfine idag f\u00f6r att g\u00f6ra din best\u00e4llning. <b>K\u00f6p Ethyl-Pentedrone Crystal till salu<\/b> nu och upplev skillnaden i kvalitet och service.<\/p>","protected":false},"excerpt":{"rendered":"<p><b>Etyl-pentedronkristall<\/b> \u00e4r tillg\u00e4nglig f\u00f6r <b>k\u00f6pa p\u00e5 Chemsfine<\/b> f\u00f6r certifierade forskningsapplikationer. Vi levererar <b>H\u00f6g renhet till salu<\/b> som uppfyller rigor\u00f6sa laboratoriestandarder. Denna produkt \u00e4r endast avsedd f\u00f6r professionell analys och r\u00e4ttsmedicinsk identifiering. <b>Best\u00e4ll etyl-pentedronkristall online<\/b> idag f\u00f6r att s\u00e4kerst\u00e4lla att du f\u00e5r en produkt som testats f\u00f6r konsistens och \u00e4kthet. V\u00e5r s\u00e4kra kassa och diskreta hantering g\u00f6r oss till <b>B\u00e4sta tillg\u00e4ngliga etyl-pentedronkristall<\/b> k\u00e4lla f\u00f6r vetenskapliga institutioner \u00f6ver hela v\u00e4rlden.<\/p>","protected":false},"featured_media":8574,"comment_status":"open","ping_status":"closed","template":"","meta":{"_joinchat":[]},"product_brand":[],"product_cat":[938],"product_tag":[],"class_list":{"0":"post-8271","1":"product","2":"type-product","3":"status-publish","4":"has-post-thumbnail","6":"product_cat-cathinone","8":"first","9":"instock","10":"shipping-taxable","11":"purchasable","12":"product-type-variable"},"yoast_head":"<!-- This site is optimized with the Yoast SEO plugin v27.2 - https:\/\/yoast.com\/product\/yoast-seo-wordpress\/ -->\n<title>Buy Ethyl-Pentedrone Crystal Online | Best Price Available<\/title>\n<meta name=\"description\" content=\"Order Ethyl-Pentedrone Crystal online at Chemsfine. We provide High Purity For Sale for legitimate research. Secure Purchase, discreet shipping, and top quality.\" \/>\n<meta name=\"robots\" content=\"index, follow, max-snippet:-1, max-image-preview:large, max-video-preview:-1\" \/>\n<link rel=\"canonical\" href=\"https:\/\/chemsfine.com\/sv\/produkt\/buy-ethyl-pentedrone-crystal\/\" \/>\n<meta property=\"og:locale\" content=\"sv_SE\" \/>\n<meta property=\"og:type\" content=\"article\" \/>\n<meta property=\"og:title\" content=\"Buy Ethyl-Pentedrone Crystal Online | Best Price Available\" \/>\n<meta property=\"og:description\" content=\"Order Ethyl-Pentedrone Crystal online at Chemsfine. We provide High Purity For Sale for legitimate research. Secure Purchase, discreet shipping, and top quality.\" \/>\n<meta property=\"og:url\" content=\"https:\/\/chemsfine.com\/sv\/produkt\/buy-ethyl-pentedrone-crystal\/\" \/>\n<meta property=\"og:site_name\" content=\"Chemsfine\" \/>\n<meta property=\"article:modified_time\" content=\"2026-03-25T12:14:37+00:00\" \/>\n<meta property=\"og:image\" content=\"https:\/\/chemsfine.com\/wp-content\/uploads\/2026\/02\/healthy-white-crystal-5fakb48-817.jpg\" \/>\n\t<meta property=\"og:image:width\" content=\"500\" \/>\n\t<meta property=\"og:image:height\" content=\"375\" \/>\n\t<meta property=\"og:image:type\" content=\"image\/jpeg\" \/>\n<meta name=\"twitter:card\" content=\"summary_large_image\" \/>\n<meta name=\"twitter:label1\" content=\"Ber\u00e4knad l\u00e4stid\" \/>\n\t<meta name=\"twitter:data1\" content=\"4 minuter\" \/>\n<script type=\"application\/ld+json\" class=\"yoast-schema-graph\">{\"@context\":\"https:\/\/schema.org\",\"@graph\":[{\"@type\":\"WebPage\",\"@id\":\"https:\/\/chemsfine.com\/product\/buy-ethyl-pentedrone-crystal\/\",\"url\":\"https:\/\/chemsfine.com\/product\/buy-ethyl-pentedrone-crystal\/\",\"name\":\"Buy Ethyl-Pentedrone Crystal Online | Best Price Available\",\"isPartOf\":{\"@id\":\"https:\/\/chemsfine.com\/#website\"},\"primaryImageOfPage\":{\"@id\":\"https:\/\/chemsfine.com\/product\/buy-ethyl-pentedrone-crystal\/#primaryimage\"},\"image\":{\"@id\":\"https:\/\/chemsfine.com\/product\/buy-ethyl-pentedrone-crystal\/#primaryimage\"},\"thumbnailUrl\":\"https:\/\/chemsfine.com\/wp-content\/uploads\/2026\/02\/healthy-white-crystal-5fakb48-817.jpg\",\"datePublished\":\"2026-02-12T18:22:45+00:00\",\"dateModified\":\"2026-03-25T12:14:37+00:00\",\"description\":\"Order Ethyl-Pentedrone Crystal online at Chemsfine. We provide High Purity For Sale for legitimate research. Secure Purchase, discreet shipping, and top quality.\",\"breadcrumb\":{\"@id\":\"https:\/\/chemsfine.com\/product\/buy-ethyl-pentedrone-crystal\/#breadcrumb\"},\"inLanguage\":\"sv-SE\",\"potentialAction\":[{\"@type\":\"ReadAction\",\"target\":[\"https:\/\/chemsfine.com\/product\/buy-ethyl-pentedrone-crystal\/\"]}]},{\"@type\":\"ImageObject\",\"inLanguage\":\"sv-SE\",\"@id\":\"https:\/\/chemsfine.com\/product\/buy-ethyl-pentedrone-crystal\/#primaryimage\",\"url\":\"https:\/\/chemsfine.com\/wp-content\/uploads\/2026\/02\/healthy-white-crystal-5fakb48-817.jpg\",\"contentUrl\":\"https:\/\/chemsfine.com\/wp-content\/uploads\/2026\/02\/healthy-white-crystal-5fakb48-817.jpg\",\"width\":500,\"height\":375,\"caption\":\"Buy Ethyl-Pentedrone Crystal Online\"},{\"@type\":\"BreadcrumbList\",\"@id\":\"https:\/\/chemsfine.com\/product\/buy-ethyl-pentedrone-crystal\/#breadcrumb\",\"itemListElement\":[{\"@type\":\"ListItem\",\"position\":1,\"name\":\"Home\",\"item\":\"https:\/\/chemsfine.com\/\"},{\"@type\":\"ListItem\",\"position\":2,\"name\":\"Shop\",\"item\":\"https:\/\/chemsfine.com\/shop\/\"},{\"@type\":\"ListItem\",\"position\":3,\"name\":\"Buy Ethyl-Pentedrone Crystal Online\"}]},{\"@type\":\"WebSite\",\"@id\":\"https:\/\/chemsfine.com\/#website\",\"url\":\"https:\/\/chemsfine.com\/\",\"name\":\"Chemsfine\",\"description\":\"My WordPress Blog\",\"publisher\":{\"@id\":\"https:\/\/chemsfine.com\/#organization\"},\"potentialAction\":[{\"@type\":\"SearchAction\",\"target\":{\"@type\":\"EntryPoint\",\"urlTemplate\":\"https:\/\/chemsfine.com\/?s={search_term_string}\"},\"query-input\":{\"@type\":\"PropertyValueSpecification\",\"valueRequired\":true,\"valueName\":\"search_term_string\"}}],\"inLanguage\":\"sv-SE\"},{\"@type\":\"Organization\",\"@id\":\"https:\/\/chemsfine.com\/#organization\",\"name\":\"Chemsfine\",\"url\":\"https:\/\/chemsfine.com\/\",\"logo\":{\"@type\":\"ImageObject\",\"inLanguage\":\"sv-SE\",\"@id\":\"https:\/\/chemsfine.com\/#\/schema\/logo\/image\/\",\"url\":\"https:\/\/chemsfine.com\/wp-content\/uploads\/2024\/09\/final-logo.png\",\"contentUrl\":\"https:\/\/chemsfine.com\/wp-content\/uploads\/2024\/09\/final-logo.png\",\"width\":340,\"height\":72,\"caption\":\"Chemsfine\"},\"image\":{\"@id\":\"https:\/\/chemsfine.com\/#\/schema\/logo\/image\/\"}}]}<\/script>\n<!-- \/ Yoast SEO plugin. -->","yoast_head_json":{"title":"K\u00f6p Ethyl-Pentedrone Crystal Online | B\u00e4sta tillg\u00e4ngliga pris","description":"Best\u00e4ll Ethyl-Pentedrone Crystal online p\u00e5 Chemsfine. Vi tillhandah\u00e5ller h\u00f6g renhet till salu f\u00f6r legitim forskning. S\u00e4kert k\u00f6p, diskret frakt och h\u00f6gsta kvalitet.","robots":{"index":"index","follow":"follow","max-snippet":"max-snippet:-1","max-image-preview":"max-image-preview:large","max-video-preview":"max-video-preview:-1"},"canonical":"https:\/\/chemsfine.com\/sv\/produkt\/buy-ethyl-pentedrone-crystal\/","og_locale":"sv_SE","og_type":"article","og_title":"Buy Ethyl-Pentedrone Crystal Online | Best Price Available","og_description":"Order Ethyl-Pentedrone Crystal online at Chemsfine. We provide High Purity For Sale for legitimate research. Secure Purchase, discreet shipping, and top quality.","og_url":"https:\/\/chemsfine.com\/sv\/produkt\/buy-ethyl-pentedrone-crystal\/","og_site_name":"Chemsfine","article_modified_time":"2026-03-25T12:14:37+00:00","og_image":[{"width":500,"height":375,"url":"https:\/\/chemsfine.com\/wp-content\/uploads\/2026\/02\/healthy-white-crystal-5fakb48-817.jpg","type":"image\/jpeg"}],"twitter_card":"summary_large_image","twitter_misc":{"Ber\u00e4knad l\u00e4stid":"4 minuter"},"schema":{"@context":"https:\/\/schema.org","@graph":[{"@type":"WebPage","@id":"https:\/\/chemsfine.com\/product\/buy-ethyl-pentedrone-crystal\/","url":"https:\/\/chemsfine.com\/product\/buy-ethyl-pentedrone-crystal\/","name":"K\u00f6p Ethyl-Pentedrone Crystal Online | B\u00e4sta tillg\u00e4ngliga pris","isPartOf":{"@id":"https:\/\/chemsfine.com\/#website"},"primaryImageOfPage":{"@id":"https:\/\/chemsfine.com\/product\/buy-ethyl-pentedrone-crystal\/#primaryimage"},"image":{"@id":"https:\/\/chemsfine.com\/product\/buy-ethyl-pentedrone-crystal\/#primaryimage"},"thumbnailUrl":"https:\/\/chemsfine.com\/wp-content\/uploads\/2026\/02\/healthy-white-crystal-5fakb48-817.jpg","datePublished":"2026-02-12T18:22:45+00:00","dateModified":"2026-03-25T12:14:37+00:00","description":"Best\u00e4ll Ethyl-Pentedrone Crystal online p\u00e5 Chemsfine. Vi tillhandah\u00e5ller h\u00f6g renhet till salu f\u00f6r legitim forskning. S\u00e4kert k\u00f6p, diskret frakt och h\u00f6gsta kvalitet.","breadcrumb":{"@id":"https:\/\/chemsfine.com\/product\/buy-ethyl-pentedrone-crystal\/#breadcrumb"},"inLanguage":"sv-SE","potentialAction":[{"@type":"ReadAction","target":["https:\/\/chemsfine.com\/product\/buy-ethyl-pentedrone-crystal\/"]}]},{"@type":"ImageObject","inLanguage":"sv-SE","@id":"https:\/\/chemsfine.com\/product\/buy-ethyl-pentedrone-crystal\/#primaryimage","url":"https:\/\/chemsfine.com\/wp-content\/uploads\/2026\/02\/healthy-white-crystal-5fakb48-817.jpg","contentUrl":"https:\/\/chemsfine.com\/wp-content\/uploads\/2026\/02\/healthy-white-crystal-5fakb48-817.jpg","width":500,"height":375,"caption":"Buy Ethyl-Pentedrone Crystal Online"},{"@type":"BreadcrumbList","@id":"https:\/\/chemsfine.com\/product\/buy-ethyl-pentedrone-crystal\/#breadcrumb","itemListElement":[{"@type":"ListItem","position":1,"name":"Home","item":"https:\/\/chemsfine.com\/"},{"@type":"ListItem","position":2,"name":"Shop","item":"https:\/\/chemsfine.com\/shop\/"},{"@type":"ListItem","position":3,"name":"Buy Ethyl-Pentedrone Crystal Online"}]},{"@type":"WebSite","@id":"https:\/\/chemsfine.com\/#website","url":"https:\/\/chemsfine.com\/","name":"Chemsfine","description":"Min WordPress-blogg","publisher":{"@id":"https:\/\/chemsfine.com\/#organization"},"potentialAction":[{"@type":"SearchAction","target":{"@type":"EntryPoint","urlTemplate":"https:\/\/chemsfine.com\/?s={search_term_string}"},"query-input":{"@type":"PropertyValueSpecification","valueRequired":true,"valueName":"search_term_string"}}],"inLanguage":"sv-SE"},{"@type":"Organization","@id":"https:\/\/chemsfine.com\/#organization","name":"Chemsfine","url":"https:\/\/chemsfine.com\/","logo":{"@type":"ImageObject","inLanguage":"sv-SE","@id":"https:\/\/chemsfine.com\/#\/schema\/logo\/image\/","url":"https:\/\/chemsfine.com\/wp-content\/uploads\/2024\/09\/final-logo.png","contentUrl":"https:\/\/chemsfine.com\/wp-content\/uploads\/2024\/09\/final-logo.png","width":340,"height":72,"caption":"Chemsfine"},"image":{"@id":"https:\/\/chemsfine.com\/#\/schema\/logo\/image\/"}}]}},"_links":{"self":[{"href":"https:\/\/chemsfine.com\/sv\/wp-json\/wp\/v2\/product\/8271","targetHints":{"allow":["GET"]}}],"collection":[{"href":"https:\/\/chemsfine.com\/sv\/wp-json\/wp\/v2\/product"}],"about":[{"href":"https:\/\/chemsfine.com\/sv\/wp-json\/wp\/v2\/types\/product"}],"replies":[{"embeddable":true,"href":"https:\/\/chemsfine.com\/sv\/wp-json\/wp\/v2\/comments?post=8271"}],"wp:featuredmedia":[{"embeddable":true,"href":"https:\/\/chemsfine.com\/sv\/wp-json\/wp\/v2\/media\/8574"}],"wp:attachment":[{"href":"https:\/\/chemsfine.com\/sv\/wp-json\/wp\/v2\/media?parent=8271"}],"wp:term":[{"taxonomy":"product_brand","embeddable":true,"href":"https:\/\/chemsfine.com\/sv\/wp-json\/wp\/v2\/product_brand?post=8271"},{"taxonomy":"product_cat","embeddable":true,"href":"https:\/\/chemsfine.com\/sv\/wp-json\/wp\/v2\/product_cat?post=8271"},{"taxonomy":"product_tag","embeddable":true,"href":"https:\/\/chemsfine.com\/sv\/wp-json\/wp\/v2\/product_tag?post=8271"}],"curies":[{"name":"wp","href":"https:\/\/api.w.org\/{rel}","templated":true}]}}