{"id":8497,"date":"2026-02-13T20:09:40","date_gmt":"2026-02-13T20:09:40","guid":{"rendered":"https:\/\/chemsfine.com\/?post_type=product&#038;p=8497"},"modified":"2026-03-25T12:00:25","modified_gmt":"2026-03-25T12:00:25","slug":"buy-maui-wowie-budder","status":"publish","type":"product","link":"https:\/\/chemsfine.com\/sv\/product\/buy-maui-wowie-budder\/","title":{"rendered":"K\u00f6p Maui Wowie Budder - Premium Cannabis-koncentrat fr\u00e5n h\u00f6gsta hyllan"},"content":{"rendered":"<p>Ge dig ut p\u00e5 en sp\u00e4nnande resa med v\u00e5r premium <b>Maui Wowie Budder<\/b> till salu, en sann p\u00e4rla bland cannabiskoncentrat. Denna topphyllprodukt \u00e4r k\u00e4nd f\u00f6r sina upplyftande Sativa-effekter och distinkta tropiska arom och \u00e4r expertutformad f\u00f6r att ge en o\u00f6vertr\u00e4ffad upplevelse. P\u00e5 <b>chemsfine<\/b>, Vi \u00e4r fast beslutna att endast tillhandah\u00e5lla koncentrat av h\u00f6gsta kvalitet, vilket s\u00e4kerst\u00e4ller att varje dab levererar renhet och styrka. N\u00e4r du v\u00e4ljer att k\u00f6pa denna exceptionella budder fr\u00e5n oss investerar du i en \u00f6verl\u00e4gsen produkt som f\u00f6rkroppsligar excellens i v\u00e4rlden av cannabisextrakt. Upplev en s\u00e4ker k\u00f6pprocess och utforska det b\u00e4sta av vad h\u00f6gkvalitativa koncentrat har att erbjuda. V\u00e5rt engagemang f\u00f6r kvalitet inneb\u00e4r att du f\u00e5r en autentisk produkt, noggrant bearbetad f\u00f6r att bevara sin unika cannabinoid- och terpenprofil, vilket g\u00f6r varje session verkligen anm\u00e4rkningsv\u00e4rd. Vi ser till att v\u00e5rt urval uppfyller str\u00e4nga kvalitetskontroller, vilket ger dig sinnesfrid vid varje best\u00e4llning. Uppt\u00e4ck varf\u00f6r v\u00e5ra kunder konsekvent v\u00e4ljer <b>chemsfine<\/b> f\u00f6r deras behov av premiumkoncentrat, och v\u00e4rdes\u00e4tter b\u00e5de v\u00e5r produktintegritet och p\u00e5litliga service.<\/p>\n<h2>Vad \u00e4r Maui Wowie Budder?<\/h2>\n<p><b>Maui Wowie Budder<\/b> \u00e4r ett mycket eftertraktat cannabiskoncentrat som k\u00e4nnetecknas av sin mjuka, b\u00f6jliga konsistens, liknande sm\u00f6r, vilket g\u00f6r det enkelt att hantera och konsumera. Detta specifika koncentrat h\u00e4rr\u00f6r fr\u00e5n den legendariska Maui Wowie-stammen, en klassisk Sativa-dominerande hybrid med ursprung fr\u00e5n Hawaiian Islands. Stammen i sig \u00e4r k\u00e4nd f\u00f6r sina s\u00f6ta ananas- och tropiska citrussmaker, i kombination med en energigivande eufori som kan inspirera kreativitet och \u00f6ka hum\u00f6ret. V\u00e5r toppkvalitetsbudder f\u00e5ngar dessa \u00f6nskv\u00e4rda egenskaper och erbjuder en koncentrerad form som ger kraftfulla effekter effektivt. Processen f\u00f6r att skapa detta koncentrat inneb\u00e4r en noggrann extraktionsmetod, ofta med l\u00f6sningsmedel som butan eller CO2, f\u00f6ljt av en vispningsteknik som inneh\u00e5ller luft, vilket resulterar i dess distinkta konsistens. Denna piskning hj\u00e4lper till att skapa ett stabilt, anv\u00e4ndarv\u00e4nligt koncentrat som beh\u00e5ller en betydande m\u00e4ngd av den ursprungliga stammens terpener, vilket bidrar till dess rika smak och aromatiska profil. Anv\u00e4ndare rapporterar ofta en utbrott av kreativ energi och en klarh\u00e5rig h\u00f6g, vilket g\u00f6r den l\u00e4mplig f\u00f6r anv\u00e4ndning p\u00e5 dagtid eller sociala sammankomster. Knoppens ljusa, ibland gyllene nyans \u00e4r ett visuellt bevis p\u00e5 dess renhet och kvalitet, vilket \u00e5terspeglar det noggranna hantverket som \u00e4r involverat i dess produktion.<\/p>\n<h2>Varf\u00f6r k\u00f6pa Maui Wowie Budder online fr\u00e5n chemsfine?<\/h2>\n<p>Att v\u00e4lja att k\u00f6pa detta premiumkoncentrat online fr\u00e5n <b>chemsfine<\/b> inneb\u00e4r att v\u00e4lja tillf\u00f6rlitlighet, kvalitet och bekv\u00e4mlighet. Vi f\u00f6rst\u00e5r vikten av f\u00f6rtroende n\u00e4r vi k\u00f6per premium cannabiskoncentrat, och det \u00e4r d\u00e4rf\u00f6r vi noggrant h\u00e4mtar och testar alla v\u00e5ra produkter. V\u00e5rt engagemang f\u00f6r excellens s\u00e4kerst\u00e4ller att du bara f\u00e5r den b\u00e4sta budder som finns tillg\u00e4nglig, noggrant kontrollerad f\u00f6r styrka och renhet. N\u00e4r du best\u00e4ller fr\u00e5n oss drar du nytta av en str\u00f6mlinjeformad online shoppingupplevelse, diskret f\u00f6rpackning och snabb leverans direkt till din tr\u00f6skel. Vi \u00e4r stolta \u00f6ver transparent produktinformation och enast\u00e5ende kundservice, vilket g\u00f6r din k\u00f6presa smidig och tillfredsst\u00e4llande. Dessutom g\u00f6r v\u00e5r konkurrenskraftiga priss\u00e4ttning att du kan f\u00e5 tillg\u00e5ng till koncentrat av h\u00f6gsta klass utan kompromisser. F\u00f6r dem som vill k\u00f6pa nu online, <b>chemsfine<\/b> erbjuder en s\u00e4ker plattform d\u00e4r varje transaktion \u00e4r skyddad, vilket skyddar din integritet och dina finansiella uppgifter. Vi st\u00e5r f\u00f6r v\u00e5ra produkters integritet och erbjuder detaljerade laboratorieresultat d\u00e4r s\u00e5 \u00e4r till\u00e4mpligt, vilket ger en fullst\u00e4ndig bild av vad du konsumerar. V\u00e5rt lager uppdateras st\u00e4ndigt med nya partier, vilket s\u00e4kerst\u00e4ller att du alltid f\u00e5r de f\u00e4rskaste och mest potenta koncentraten p\u00e5 marknaden. Vi tror p\u00e5 att bygga varaktiga relationer med v\u00e5ra kunder genom att konsekvent \u00f6vertr\u00e4ffa f\u00f6rv\u00e4ntningarna p\u00e5 produktkvalitet och service.<\/p>\n<h2>Till\u00e4mpningar<\/h2>\n<p>M\u00e5ngsidigheten hos denna distinkta budder g\u00f6r den till en favorit bland erfarna koncentratanv\u00e4ndare. Dess unika konsistens m\u00f6jligg\u00f6r olika konsumtionsmetoder, var och en erbjuder en distinkt upplevelse.<\/p>\n<ul>\n<li><b>Dabbing:<\/b> Detta \u00e4r en av de mest popul\u00e4ra metoderna, som inneb\u00e4r att man v\u00e4rmer upp en \u201cspik\u201d eller \u201cbanger\u201d och applicerar en liten m\u00e4ngd av detta koncentrat f\u00f6r att andas in \u00e5ngan. Det ger omedelbara och potenta effekter.<\/li>\n<li><b>F\u00f6r\u00e5ngas:<\/b> Att anv\u00e4nda en dabpenna eller en b\u00e4rbar koncentratf\u00f6r\u00e5ngare m\u00f6jligg\u00f6r bekv\u00e4m och diskret konsumtion och v\u00e4rmer upp buddern till en exakt temperatur utan f\u00f6rbr\u00e4nning.<\/li>\n<li><b>L\u00e4gga till blomma:<\/b> M\u00e5nga anv\u00e4ndare tycker om att smula sm\u00e5 bitar av detta extrakt p\u00e5 sin cannabisblomma i en led, stump eller sk\u00e5l f\u00f6r att f\u00f6rb\u00e4ttra styrkan och smaken.<\/li>\n<li><b>\u00c4tbara produkter (med dekarboxylering):<\/b> \u00c4ven om det \u00e4r mindre vanligt p\u00e5 grund av den anstr\u00e4ngning som kr\u00e4vs, kan detta koncentrat dekarboxyleras (upphettas f\u00f6r att aktivera cannabinoider) och sedan infunderas i oljor eller sm\u00f6r f\u00f6r hemlagade \u00e4tbara livsmedel.<\/li>\n<li><b>Topikal applicering (experimentell):<\/b> Vissa anv\u00e4ndare blandar koncentrat med b\u00e4raroljor f\u00f6r lokal lindring, \u00e4ven om detta inte \u00e4r en prim\u00e4r eller bepr\u00f6vad metod f\u00f6r denna produkt.<\/li>\n<li><b>F\u00f6rb\u00e4ttring av andra koncentrat:<\/b> Budder kan kombineras med andra koncentrat f\u00f6r att skapa anpassade blandningar som f\u00f6rst\u00e4rker specifika \u00f6nskade effekter eller smaker.<\/li>\n<\/ul>\n<h2>S\u00e4kerhet och efterlevnad<\/h2>\n<p>Vid <b>chemsfine<\/b>, F\u00f6r oss \u00e4r v\u00e5ra kunders s\u00e4kerhet och v\u00e4lbefinnande av st\u00f6rsta vikt. N\u00e4r du hanterar n\u00e5got cannabiskoncentrat, inklusive denna h\u00f6gkvalitativa budder, \u00e4r ansvarsfull anv\u00e4ndning avg\u00f6rande. Vi f\u00f6respr\u00e5kar att man b\u00f6rjar med en mycket liten m\u00e4ngd, s\u00e4rskilt f\u00f6r dem som \u00e4r nya med koncentrat, p\u00e5 grund av deras h\u00f6ga styrka. Det \u00e4r viktigt att f\u00f6rst\u00e5 lokala best\u00e4mmelser om ink\u00f6p och konsumtion av cannabisprodukter. V\u00e5ra produkter genomg\u00e5r rigor\u00f6sa laboratorietester av tredje part f\u00f6r att s\u00e4kerst\u00e4lla att de \u00e4r fria fr\u00e5n skadliga f\u00f6roreningar som bek\u00e4mpningsmedel, tungmetaller och resterande l\u00f6sningsmedel. Detta \u00e5tagande till transparens s\u00e4kerst\u00e4ller att du f\u00e5r en ren och ren produkt. \u00c4ven om formella s\u00e4kerhetsdatablad (MSDS) eller analyscertifikat (CoA) kan variera beroende p\u00e5 specifika regionala krav f\u00f6r cannabisprodukter, <b>chemsfine<\/b> str\u00e4var efter att tillhandah\u00e5lla alla tillg\u00e4ngliga renhets- och styrka rapporter till v\u00e5ra kunder p\u00e5 beg\u00e4ran, n\u00e4r det \u00e4r m\u00f6jligt och lagligt till\u00e5tet. Vi uppmuntrar anv\u00e4ndare att f\u00f6rvara sitt koncentrat p\u00e5 en sval och m\u00f6rk plats, helst i en luftt\u00e4t beh\u00e5llare, f\u00f6r att bevara dess f\u00e4rskhet, styrka och konsistens. F\u00f6rvara alltid cannabisprodukter utom r\u00e4ckh\u00e5ll f\u00f6r barn och husdjur.<\/p>\n<h2>Varf\u00f6r v\u00e4lja oss?<\/h2>\n<p>N\u00e4r du best\u00e4mmer dig f\u00f6r att best\u00e4lla din premiumbudder online \u00e4r ditt val av leverant\u00f6r viktigt. <b>chemsfine<\/b> utm\u00e4rker sig genom att prioritera kundn\u00f6jdhet och produktintegritet framf\u00f6r allt annat. Vi erbjuder transparent information om v\u00e5ra ink\u00f6ps- och kvalitetskontrollprocesser, s\u00e5 att du kan k\u00e4nna dig helt trygg med ditt k\u00f6p. V\u00e5rt \u00e5tagande str\u00e4cker sig till att tillhandah\u00e5lla verifierade batchregister f\u00f6r v\u00e5ra koncentrat, vilket f\u00f6rs\u00e4krar dig om deras konsekventa kvalitet och sammans\u00e4ttning. Dessutom anser vi att premiumkvalitet inte ska komma med en orimlig prislapp. D\u00e4rf\u00f6r erbjuder vi konkurrenskraftig priss\u00e4ttning, vilket g\u00f6r autentisk budder tillg\u00e4nglig f\u00f6r en bredare publik. V\u00e5rt kundsupportteam \u00e4r alltid redo att hj\u00e4lpa till med eventuella f\u00f6rfr\u00e5gningar, vilket g\u00f6r din upplevelse s\u00f6ml\u00f6s fr\u00e5n surfning till leverans. Vi \u00e4r dedikerade till att odla en p\u00e5litlig relation med v\u00e5r kundkrets, byggd p\u00e5 en grund av \u00f6verl\u00e4gsna produkter och p\u00e5litlig service. V\u00e4lja <b>chemsfine<\/b> inneb\u00e4r att v\u00e4lja en partner som v\u00e4rdes\u00e4tter din erfarenhet och som \u00e4r fast besluten att leverera h\u00f6gsta kvalitet varje g\u00e5ng.<\/p>\n<h2>Produktspecifikationer: Maui Wowie Budder<\/h2>\n<table>\n<thead>\n<tr>\n<th>Funktion<\/th>\n<th>Detalj<\/th>\n<\/tr>\n<\/thead>\n<tbody>\n<tr>\n<td>Produkttyp<\/td>\n<td>Cannabis-koncentrat (Budder)<\/td>\n<\/tr>\n<tr>\n<td>Sortprofil<\/td>\n<td>Maui Wowie (Sativa dominerande)<\/td>\n<\/tr>\n<tr>\n<td>Textur<\/td>\n<td>Mjuk, b\u00f6jlig, vaxartad<\/td>\n<\/tr>\n<tr>\n<td>Doft\/smak<\/td>\n<td>Tropisk, ananas, citrusnoter<\/td>\n<\/tr>\n<tr>\n<td>Effekter<\/td>\n<td>Upplyftande, energigivande, kreativ, euforisk<\/td>\n<\/tr>\n<tr>\n<td>Kvalitetsklass<\/td>\n<td>H\u00f6gsta hyllan, premiumkvalitet<\/td>\n<\/tr>\n<tr>\n<td>Rekommenderad anv\u00e4ndning<\/td>\n<td>Dabbing, f\u00f6r\u00e5ngning, blomf\u00f6rst\u00e4rkning<\/td>\n<\/tr>\n<\/tbody>\n<\/table>\n<h2>Slutsats<\/h2>\n<p>Sammanfattningsvis kan s\u00e4gas att v\u00e5ra <b>Maui Wowie Budder<\/b> erbjuder en verkligt exceptionell upplevelse av cannabiskoncentrat. Fr\u00e5n dess tropiska essens till dess upplyftande effekter st\u00e5r det som ett bevis p\u00e5 kvalitet p\u00e5 h\u00f6gsta hyllan och experthantverk. N\u00e4r du \u00e4r redo att k\u00f6pa denna premiumprodukt till salu, lita p\u00e5 <b>chemsfine<\/b> att tillhandah\u00e5lla ett koncentrat som inte bara uppfyller utan \u00f6vertr\u00e4ffar dina f\u00f6rv\u00e4ntningar. Med v\u00e5rt orubbliga engagemang f\u00f6r renhet, styrka och kundn\u00f6jdhet s\u00e4kerst\u00e4ller vi att varje k\u00f6p \u00e4r ett s\u00e4kert steg mot en f\u00f6rh\u00f6jd upplevelse. Utforska v\u00e5rt urval idag och uppt\u00e4ck varf\u00f6r kr\u00e4sna anv\u00e4ndare v\u00e4ljer <b>chemsfine<\/b> f\u00f6r deras behov av premiumkoncentrat. Vi inbjuder dig att uppleva den livfulla energi och kreativa gnista som bara \u00e4kta budder kan leverera, uppbackad av tillf\u00f6rlitligheten och p\u00e5litligheten hos v\u00e5rt varum\u00e4rke. G\u00f6r ditt n\u00e4sta koncentratk\u00f6p till en minnesv\u00e4rd upplevelse med oss.<\/p>","protected":false},"excerpt":{"rendered":"<p>Upplev de uppfriskande effekterna av <b>Maui Wowie Budder<\/b>, ett premium Sativa-dominerande cannabiskoncentrat som \u00e4r k\u00e4nt f\u00f6r sin tropiska smak och upplyftande eufori. Detta topphyllaextrakt har en smidig, vaxartad konsistens, perfekt f\u00f6r dabbing eller vaping. K\u00f6p h\u00f6gkvalitativ <b>Maui Wowie Budder<\/b> p\u00e5 <b>chemsfine<\/b> f\u00f6r en ren och potent upplevelse, noggrant testad f\u00f6r kvalitet och konsistens.<\/p>","protected":false},"featured_media":8527,"comment_status":"open","ping_status":"closed","template":"","meta":{"_joinchat":[]},"product_brand":[],"product_cat":[945],"product_tag":[],"class_list":{"0":"post-8497","1":"product","2":"type-product","3":"status-publish","4":"has-post-thumbnail","6":"product_cat-marijuana-wax","8":"first","9":"instock","10":"shipping-taxable","11":"purchasable","12":"product-type-variable"},"yoast_head":"<!-- This site is optimized with the Yoast SEO plugin v27.2 - https:\/\/yoast.com\/product\/yoast-seo-wordpress\/ -->\n<title>Buy Maui Wowie Budder | Top Shelf Cannabis Concentrate Online<\/title>\n<meta name=\"description\" content=\"Discover premium Maui Wowie Budder for sale at chemsfine. Experience top-shelf quality, potent effects, and tropical flavors. Buy online now for the best price!\" \/>\n<meta name=\"robots\" content=\"index, follow, max-snippet:-1, max-image-preview:large, max-video-preview:-1\" \/>\n<link rel=\"canonical\" href=\"https:\/\/chemsfine.com\/sv\/produkt\/buy-maui-wowie-budder\/\" \/>\n<meta property=\"og:locale\" content=\"sv_SE\" \/>\n<meta property=\"og:type\" content=\"article\" \/>\n<meta property=\"og:title\" content=\"Buy Maui Wowie Budder | Top Shelf Cannabis Concentrate Online\" \/>\n<meta property=\"og:description\" content=\"Discover premium Maui Wowie Budder for sale at chemsfine. Experience top-shelf quality, potent effects, and tropical flavors. Buy online now for the best price!\" \/>\n<meta property=\"og:url\" content=\"https:\/\/chemsfine.com\/sv\/produkt\/buy-maui-wowie-budder\/\" \/>\n<meta property=\"og:site_name\" content=\"Chemsfine\" \/>\n<meta property=\"article:modified_time\" content=\"2026-03-25T12:00:25+00:00\" \/>\n<meta property=\"og:image\" content=\"https:\/\/chemsfine.com\/wp-content\/uploads\/2026\/02\/pic.13.webp\" \/>\n\t<meta property=\"og:image:width\" content=\"500\" \/>\n\t<meta property=\"og:image:height\" content=\"599\" \/>\n\t<meta property=\"og:image:type\" content=\"image\/webp\" \/>\n<meta name=\"twitter:card\" content=\"summary_large_image\" \/>\n<meta name=\"twitter:label1\" content=\"Ber\u00e4knad l\u00e4stid\" \/>\n\t<meta name=\"twitter:data1\" content=\"6 minuter\" \/>\n<script type=\"application\/ld+json\" class=\"yoast-schema-graph\">{\"@context\":\"https:\/\/schema.org\",\"@graph\":[{\"@type\":\"WebPage\",\"@id\":\"https:\/\/chemsfine.com\/product\/buy-maui-wowie-budder\/\",\"url\":\"https:\/\/chemsfine.com\/product\/buy-maui-wowie-budder\/\",\"name\":\"Buy Maui Wowie Budder | Top Shelf Cannabis Concentrate Online\",\"isPartOf\":{\"@id\":\"https:\/\/chemsfine.com\/#website\"},\"primaryImageOfPage\":{\"@id\":\"https:\/\/chemsfine.com\/product\/buy-maui-wowie-budder\/#primaryimage\"},\"image\":{\"@id\":\"https:\/\/chemsfine.com\/product\/buy-maui-wowie-budder\/#primaryimage\"},\"thumbnailUrl\":\"https:\/\/chemsfine.com\/wp-content\/uploads\/2026\/02\/pic.13.webp\",\"datePublished\":\"2026-02-13T20:09:40+00:00\",\"dateModified\":\"2026-03-25T12:00:25+00:00\",\"description\":\"Discover premium Maui Wowie Budder for sale at chemsfine. Experience top-shelf quality, potent effects, and tropical flavors. Buy online now for the best price!\",\"breadcrumb\":{\"@id\":\"https:\/\/chemsfine.com\/product\/buy-maui-wowie-budder\/#breadcrumb\"},\"inLanguage\":\"sv-SE\",\"potentialAction\":[{\"@type\":\"ReadAction\",\"target\":[\"https:\/\/chemsfine.com\/product\/buy-maui-wowie-budder\/\"]}]},{\"@type\":\"ImageObject\",\"inLanguage\":\"sv-SE\",\"@id\":\"https:\/\/chemsfine.com\/product\/buy-maui-wowie-budder\/#primaryimage\",\"url\":\"https:\/\/chemsfine.com\/wp-content\/uploads\/2026\/02\/pic.13.webp\",\"contentUrl\":\"https:\/\/chemsfine.com\/wp-content\/uploads\/2026\/02\/pic.13.webp\",\"width\":500,\"height\":599},{\"@type\":\"BreadcrumbList\",\"@id\":\"https:\/\/chemsfine.com\/product\/buy-maui-wowie-budder\/#breadcrumb\",\"itemListElement\":[{\"@type\":\"ListItem\",\"position\":1,\"name\":\"Home\",\"item\":\"https:\/\/chemsfine.com\/\"},{\"@type\":\"ListItem\",\"position\":2,\"name\":\"Shop\",\"item\":\"https:\/\/chemsfine.com\/shop\/\"},{\"@type\":\"ListItem\",\"position\":3,\"name\":\"Buy Maui Wowie Budder \u2013 Premium Top Shelf Cannabis Concentrate\"}]},{\"@type\":\"WebSite\",\"@id\":\"https:\/\/chemsfine.com\/#website\",\"url\":\"https:\/\/chemsfine.com\/\",\"name\":\"Chemsfine\",\"description\":\"My WordPress Blog\",\"publisher\":{\"@id\":\"https:\/\/chemsfine.com\/#organization\"},\"potentialAction\":[{\"@type\":\"SearchAction\",\"target\":{\"@type\":\"EntryPoint\",\"urlTemplate\":\"https:\/\/chemsfine.com\/?s={search_term_string}\"},\"query-input\":{\"@type\":\"PropertyValueSpecification\",\"valueRequired\":true,\"valueName\":\"search_term_string\"}}],\"inLanguage\":\"sv-SE\"},{\"@type\":\"Organization\",\"@id\":\"https:\/\/chemsfine.com\/#organization\",\"name\":\"Chemsfine\",\"url\":\"https:\/\/chemsfine.com\/\",\"logo\":{\"@type\":\"ImageObject\",\"inLanguage\":\"sv-SE\",\"@id\":\"https:\/\/chemsfine.com\/#\/schema\/logo\/image\/\",\"url\":\"https:\/\/chemsfine.com\/wp-content\/uploads\/2024\/09\/final-logo.png\",\"contentUrl\":\"https:\/\/chemsfine.com\/wp-content\/uploads\/2024\/09\/final-logo.png\",\"width\":340,\"height\":72,\"caption\":\"Chemsfine\"},\"image\":{\"@id\":\"https:\/\/chemsfine.com\/#\/schema\/logo\/image\/\"}}]}<\/script>\n<!-- \/ Yoast SEO plugin. -->","yoast_head_json":{"title":"K\u00f6p Maui Wowie Budder | Cannabis-koncentrat fr\u00e5n h\u00f6gsta hyllan online","description":"Uppt\u00e4ck premium Maui Wowie Budder till salu p\u00e5 chemsfine. Upplev kvalitet p\u00e5 topphyllan, potenta effekter och tropiska smaker. K\u00f6p online nu f\u00f6r det b\u00e4sta priset!","robots":{"index":"index","follow":"follow","max-snippet":"max-snippet:-1","max-image-preview":"max-image-preview:large","max-video-preview":"max-video-preview:-1"},"canonical":"https:\/\/chemsfine.com\/sv\/produkt\/buy-maui-wowie-budder\/","og_locale":"sv_SE","og_type":"article","og_title":"Buy Maui Wowie Budder | Top Shelf Cannabis Concentrate Online","og_description":"Discover premium Maui Wowie Budder for sale at chemsfine. Experience top-shelf quality, potent effects, and tropical flavors. Buy online now for the best price!","og_url":"https:\/\/chemsfine.com\/sv\/produkt\/buy-maui-wowie-budder\/","og_site_name":"Chemsfine","article_modified_time":"2026-03-25T12:00:25+00:00","og_image":[{"width":500,"height":599,"url":"https:\/\/chemsfine.com\/wp-content\/uploads\/2026\/02\/pic.13.webp","type":"image\/webp"}],"twitter_card":"summary_large_image","twitter_misc":{"Ber\u00e4knad l\u00e4stid":"6 minuter"},"schema":{"@context":"https:\/\/schema.org","@graph":[{"@type":"WebPage","@id":"https:\/\/chemsfine.com\/product\/buy-maui-wowie-budder\/","url":"https:\/\/chemsfine.com\/product\/buy-maui-wowie-budder\/","name":"K\u00f6p Maui Wowie Budder | Cannabis-koncentrat fr\u00e5n h\u00f6gsta hyllan online","isPartOf":{"@id":"https:\/\/chemsfine.com\/#website"},"primaryImageOfPage":{"@id":"https:\/\/chemsfine.com\/product\/buy-maui-wowie-budder\/#primaryimage"},"image":{"@id":"https:\/\/chemsfine.com\/product\/buy-maui-wowie-budder\/#primaryimage"},"thumbnailUrl":"https:\/\/chemsfine.com\/wp-content\/uploads\/2026\/02\/pic.13.webp","datePublished":"2026-02-13T20:09:40+00:00","dateModified":"2026-03-25T12:00:25+00:00","description":"Uppt\u00e4ck premium Maui Wowie Budder till salu p\u00e5 chemsfine. Upplev kvalitet p\u00e5 topphyllan, potenta effekter och tropiska smaker. K\u00f6p online nu f\u00f6r det b\u00e4sta priset!","breadcrumb":{"@id":"https:\/\/chemsfine.com\/product\/buy-maui-wowie-budder\/#breadcrumb"},"inLanguage":"sv-SE","potentialAction":[{"@type":"ReadAction","target":["https:\/\/chemsfine.com\/product\/buy-maui-wowie-budder\/"]}]},{"@type":"ImageObject","inLanguage":"sv-SE","@id":"https:\/\/chemsfine.com\/product\/buy-maui-wowie-budder\/#primaryimage","url":"https:\/\/chemsfine.com\/wp-content\/uploads\/2026\/02\/pic.13.webp","contentUrl":"https:\/\/chemsfine.com\/wp-content\/uploads\/2026\/02\/pic.13.webp","width":500,"height":599},{"@type":"BreadcrumbList","@id":"https:\/\/chemsfine.com\/product\/buy-maui-wowie-budder\/#breadcrumb","itemListElement":[{"@type":"ListItem","position":1,"name":"Home","item":"https:\/\/chemsfine.com\/"},{"@type":"ListItem","position":2,"name":"Shop","item":"https:\/\/chemsfine.com\/shop\/"},{"@type":"ListItem","position":3,"name":"Buy Maui Wowie Budder \u2013 Premium Top Shelf Cannabis Concentrate"}]},{"@type":"WebSite","@id":"https:\/\/chemsfine.com\/#website","url":"https:\/\/chemsfine.com\/","name":"Chemsfine","description":"Min WordPress-blogg","publisher":{"@id":"https:\/\/chemsfine.com\/#organization"},"potentialAction":[{"@type":"SearchAction","target":{"@type":"EntryPoint","urlTemplate":"https:\/\/chemsfine.com\/?s={search_term_string}"},"query-input":{"@type":"PropertyValueSpecification","valueRequired":true,"valueName":"search_term_string"}}],"inLanguage":"sv-SE"},{"@type":"Organization","@id":"https:\/\/chemsfine.com\/#organization","name":"Chemsfine","url":"https:\/\/chemsfine.com\/","logo":{"@type":"ImageObject","inLanguage":"sv-SE","@id":"https:\/\/chemsfine.com\/#\/schema\/logo\/image\/","url":"https:\/\/chemsfine.com\/wp-content\/uploads\/2024\/09\/final-logo.png","contentUrl":"https:\/\/chemsfine.com\/wp-content\/uploads\/2024\/09\/final-logo.png","width":340,"height":72,"caption":"Chemsfine"},"image":{"@id":"https:\/\/chemsfine.com\/#\/schema\/logo\/image\/"}}]}},"_links":{"self":[{"href":"https:\/\/chemsfine.com\/sv\/wp-json\/wp\/v2\/product\/8497","targetHints":{"allow":["GET"]}}],"collection":[{"href":"https:\/\/chemsfine.com\/sv\/wp-json\/wp\/v2\/product"}],"about":[{"href":"https:\/\/chemsfine.com\/sv\/wp-json\/wp\/v2\/types\/product"}],"replies":[{"embeddable":true,"href":"https:\/\/chemsfine.com\/sv\/wp-json\/wp\/v2\/comments?post=8497"}],"wp:featuredmedia":[{"embeddable":true,"href":"https:\/\/chemsfine.com\/sv\/wp-json\/wp\/v2\/media\/8527"}],"wp:attachment":[{"href":"https:\/\/chemsfine.com\/sv\/wp-json\/wp\/v2\/media?parent=8497"}],"wp:term":[{"taxonomy":"product_brand","embeddable":true,"href":"https:\/\/chemsfine.com\/sv\/wp-json\/wp\/v2\/product_brand?post=8497"},{"taxonomy":"product_cat","embeddable":true,"href":"https:\/\/chemsfine.com\/sv\/wp-json\/wp\/v2\/product_cat?post=8497"},{"taxonomy":"product_tag","embeddable":true,"href":"https:\/\/chemsfine.com\/sv\/wp-json\/wp\/v2\/product_tag?post=8497"}],"curies":[{"name":"wp","href":"https:\/\/api.w.org\/{rel}","templated":true}]}}