{"id":8499,"date":"2026-02-13T20:09:43","date_gmt":"2026-02-13T20:09:43","guid":{"rendered":"https:\/\/chemsfine.com\/?post_type=product&#038;p=8499"},"modified":"2026-03-25T11:59:49","modified_gmt":"2026-03-25T11:59:49","slug":"alaskan-thunder-fuck-budder","status":"publish","type":"product","link":"https:\/\/chemsfine.com\/sv\/product\/alaskan-thunder-fuck-budder\/","title":{"rendered":"K\u00f6p Alaskan Thunder Fuck Budder - Premium Cannabis-koncentrat"},"content":{"rendered":"<p>Kliv in i en v\u00e4rld av o\u00f6vertr\u00e4ffad cannabiskvalitet med m\u00f6jlighet att <b>K\u00f6p Alaskan Thunder Fuck Budder till salu<\/b> p\u00e5 Chemsfine. Detta premiumkoncentrat \u00e4r k\u00e4nt f\u00f6r sina potenta effekter och exceptionella renhet och erbjuder en upplevelse som inte liknar n\u00e5gon annan. F\u00f6r finsmakare och entusiaster som s\u00f6ker en toppklassig produkt \u00e4r v\u00e5r Alaskan Thunder Fuck Budder noggrant utformad f\u00f6r att leverera en sublim resa. Uppt\u00e4ck de distinkta egenskaperna hos denna ber\u00f6mda sativa-dominerande stam, nu tillg\u00e4nglig i en h\u00f6gkoncentrerad budderform, vilket garanterar maximal effekt och smak.<\/p>\n<h2>Vad \u00e4r Alaskan Thunder Fuck Budder?<\/h2>\n<p>Alaskan Thunder Fuck, ofta k\u00e4rleksfullt k\u00e4nd som ATF, \u00e4r en legendarisk sativa-dominerande hybridstam med r\u00f6tter som sp\u00e5ras tillbaka till Alaska. Den \u00e4r k\u00e4nd f\u00f6r sin uppfriskande cerebrala h\u00f6ga och djupa euforiska effekter, vilket g\u00f6r den till en favorit f\u00f6r dem som s\u00f6ker inspiration och upplyftning. Stammen har vanligtvis en komplex aromaprofil, som ofta beskrivs som en skarp blandning av tall, citron, mentol och skunk, vilket ger en unikt skarp och uppfriskande upplevelse.<\/p>\n<p>V\u00e5r <b>Alaskan Thunder Fuck Budder av h\u00f6gsta kvalitet<\/b> tar dessa uppskattade egenskaper och koncentrerar dem till en kraftfull, sm\u00f6rliknande substans. Budder \u00e4r ett cannabiskoncentrat som k\u00e4nnetecknas av sin mjuka, smidiga och vaxartade konsistens, som uppn\u00e5s genom en specifik vispningsprocess under extraktionen. Denna metod f\u00e5ngar terpener och cannabinoider, vilket resulterar i en produkt som inte bara \u00e4r otroligt potent - ofta med THC-niv\u00e5er upp\u00e5t 70-90% - utan ocks\u00e5 anm\u00e4rkningsv\u00e4rt rik p\u00e5 den ursprungliga stammens aromatiska och smaknyanser. Det representerar toppen av cannabiskoncentratets hantverk och ger en ren, intensiv och omedelbar effekt.<\/p>\n<h2>Varf\u00f6r k\u00f6pa Alaskan Thunder Fuck Budder online p\u00e5 Chemsfine?<\/h2>\n<p>Att v\u00e4lja att k\u00f6pa dina cannabiskoncentrat fr\u00e5n Chemsfine inneb\u00e4r att du v\u00e4ljer tillf\u00f6rlitlighet, kvalitet och en exceptionell kundupplevelse. Vi har \u00e5tagit oss att k\u00f6pa in och tillhandah\u00e5lla endast de finaste cannabisprodukterna som finns tillg\u00e4ngliga p\u00e5 marknaden. V\u00e5r Alaskan Thunder Fuck Budder genomg\u00e5r str\u00e4nga kvalitetskontroller f\u00f6r att s\u00e4kerst\u00e4lla dess renhet, styrka och s\u00e4kerhet, vilket garanterar att du f\u00e5r exakt vad du f\u00f6rv\u00e4ntar dig: en premium, of\u00f6rorenad produkt. N\u00e4r du letar efter <b>B\u00e4sta Alaskan Thunder Fuck Budder tillg\u00e4nglig<\/b>, beh\u00f6ver du inte leta l\u00e4ngre \u00e4n till v\u00e5rt noggrant utvalda urval.<\/p>\n<p>Att k\u00f6pa online p\u00e5 Chemsfine erbjuder dessutom o\u00f6vertr\u00e4ffad bekv\u00e4mlighet och diskretion. Vi f\u00f6rst\u00e5r vikten av en s\u00f6ml\u00f6s shoppingupplevelse, fr\u00e5n att bl\u00e4ddra i v\u00e5r omfattande katalog till att ta emot din best\u00e4llning. V\u00e5r s\u00e4kra plattform s\u00e4kerst\u00e4ller att dina uppgifter \u00e4r skyddade, och v\u00e5rt dedikerade kundsupportteam \u00e4r alltid redo att hj\u00e4lpa till med eventuella f\u00f6rfr\u00e5gningar. Upplev hur enkelt det \u00e4r att skaffa \u00f6verl\u00e4gsna cannabiskoncentrat utan att kompromissa med kvalitet eller integritet.<\/p>\n<h2>Till\u00e4mpningar (anv\u00e4ndningsomr\u00e5den)<\/h2>\n<p>Alaskan Thunder Fuck Budder \u00e4r fr\u00e4mst utformad f\u00f6r konsumtion genom dabbing eller vaping, metoder som m\u00f6jligg\u00f6r snabb uppkomst och effektiv leverans av dess koncentrerade cannabinoider och terpener. Dessa metoder erbjuder en ren och potent upplevelse, perfekt f\u00f6r anv\u00e4ndare som uppskattar den omedelbara effekten och den fulla smakprofilen av h\u00f6gkvalitativa koncentrat. ATF: s uppfriskande natur g\u00f6r dess budder s\u00e4rskilt l\u00e4mplig f\u00f6r:<\/p>\n<ul>\n<li>F\u00f6rb\u00e4ttra kreativ verksamhet och konstn\u00e4rliga str\u00e4vanden.<\/li>\n<li>Fr\u00e4mjar fokus och mental klarhet under aktiviteter p\u00e5 dagtid.<\/li>\n<li>Lyfter hum\u00f6ret och fr\u00e4mjar en k\u00e4nsla av eufori.<\/li>\n<li>Ger robust lindring f\u00f6r dem som s\u00f6ker kraftfulla effekter.<\/li>\n<li>Upplev den fulla, of\u00f6rfalskade smaken av Alaskan Thunder Fuck-stammen.<\/li>\n<li>Socialisera och delta i livliga konversationer.<\/li>\n<\/ul>\n<p>Dess m\u00e5ngsidighet m\u00f6jligg\u00f6r en skr\u00e4ddarsydd upplevelse, beroende p\u00e5 vilken metod du f\u00f6redrar och \u00f6nskad intensitet. B\u00f6rja alltid med en liten m\u00e4ngd f\u00f6r att m\u00e4ta individuell tolerans, s\u00e4rskilt med ett s\u00e5 potent koncentrat.<\/p>\n<h2>S\u00e4kerhet och efterlevnad<\/h2>\n<p>Ansvarsfull anv\u00e4ndning av cannabiskoncentrat, s\u00e4rskilt h\u00f6gpotenta produkter som Alaskan Thunder Fuck Budder, \u00e4r av st\u00f6rsta vikt. Konsumenterna b\u00f6r alltid prioritera sin s\u00e4kerhet och f\u00f6lja lokala best\u00e4mmelser om k\u00f6p, innehav och konsumtion av cannabis. Vi rekommenderar starkt att alla anv\u00e4ndare \u00e4r myndiga och f\u00f6rst\u00e5r effekterna av s\u00e5dana potenta produkter f\u00f6re anv\u00e4ndning. Det \u00e4r viktigt att konsumera i en s\u00e4ker och kontrollerad milj\u00f6. \u00c4ven om specifika s\u00e4kerhetsdatablad (SDS) och analyscertifikat (CoA) kan variera beroende p\u00e5 produkt, \u00e4r Chemsfine dedikerade till transparens d\u00e4r det \u00e4r till\u00e4mpligt, vilket s\u00e4kerst\u00e4ller att v\u00e5ra produkter uppfyller h\u00f6ga standarder. F\u00f6rvara alltid koncentrat p\u00e5 ett s\u00e4kert s\u00e4tt, borta fr\u00e5n barn och husdjur, och r\u00e5dg\u00f6r med sjukv\u00e5rdspersonal om du har n\u00e5gra befintliga tillst\u00e5nd eller problem.<\/p>\n<h2>Varf\u00f6r v\u00e4lja Chemsfine?<\/h2>\n<p>P\u00e5 Chemsfine str\u00e4cker sig v\u00e5rt engagemang l\u00e4ngre \u00e4n att bara s\u00e4lja produkter; vi str\u00e4var efter att bygga upp varaktiga relationer baserade p\u00e5 f\u00f6rtroende och tillfredsst\u00e4llelse. N\u00e4r du <b>Best\u00e4ll Alaskan Thunder Fuck Budder online<\/b> Med oss v\u00e4ljer du en partner som \u00e4r dedikerad till excellens. Vi erbjuder transparenta produktdetaljer som ger dig all n\u00f6dv\u00e4ndig information f\u00f6r att fatta ett v\u00e4lgrundat beslut. V\u00e5ra partier \u00e4r noggrant verifierade f\u00f6r att s\u00e4kerst\u00e4lla j\u00e4mn kvalitet och styrka, vilket f\u00f6rst\u00e4rker v\u00e5rt l\u00f6fte om att bara leverera det b\u00e4sta.<\/p>\n<p>Vi \u00e4r stolta \u00f6ver att kunna erbjuda konkurrenskraftiga priser utan att n\u00e5gonsin kompromissa med integriteten eller kvaliteten p\u00e5 v\u00e5ra koncentrat. V\u00e5r str\u00f6mlinjeformade best\u00e4llningsprocess och diskreta leveransmetoder \u00e4r utformade f\u00f6r din sinnesfrid. F\u00f6r ett o\u00f6vertr\u00e4ffat urval av premium cannabiskoncentrat och en kundserviceupplevelse som st\u00e5r \u00f6ver resten \u00e4r Chemsfine din ultimata destination. Vi ser till att varje interaktion, fr\u00e5n surfning till leverans, \u00e4r smidig, s\u00e4ker och tillfredsst\u00e4llande.<\/p>\n<h2>Slutsats<\/h2>\n<p>Omfamna den \u00f6verl\u00e4gsna kvaliteten och de sp\u00e4nnande effekterna av Alaskan Thunder Fuck Budder. Detta exceptionella koncentrat levererar de \u00e4lskade egenskaperna hos ATF-stammen i en mycket potent och njutbar form. Oavsett om du s\u00f6ker inspiration, eufori eller djup avslappning, \u00e4r v\u00e5r premiumbudder konstruerad f\u00f6r att \u00f6vertr\u00e4ffa f\u00f6rv\u00e4ntningarna. Missa inte chansen att uppleva denna topphyllprodukt. G\u00f6r det smarta valet f\u00f6r kvalitet och bekv\u00e4mlighet; <b>K\u00f6p Alaskan Thunder Fuck Budder till salu<\/b> idag p\u00e5 Chemsfine och h\u00f6j din cannabisupplevelse till nya h\u00f6jder.<\/p>\n<h3>Produktspecifikationer Tabell<\/h3>\n<table border=\"1\">\n<thead>\n<tr>\n<th>Attribut<\/th>\n<th>Detalj<\/th>\n<\/tr>\n<\/thead>\n<tbody>\n<tr>\n<td>Produktens namn<\/td>\n<td>Alaskan Thunder Fuck Budder<\/td>\n<\/tr>\n<tr>\n<td>Typ av koncentrat<\/td>\n<td>Budder<\/td>\n<\/tr>\n<tr>\n<td>Sortprofil<\/td>\n<td>Sativa-dominerande hybrid (Alaskan Thunder Fuck)<\/td>\n<\/tr>\n<tr>\n<td>Textur<\/td>\n<td>Mjuk, kr\u00e4mig, vaxartad<\/td>\n<\/tr>\n<tr>\n<td>Potensintervall (THC)<\/td>\n<td>70-90% (ungef\u00e4rlig)<\/td>\n<\/tr>\n<tr>\n<td>Arom profil<\/td>\n<td>Tall, citron, mentol, skunk, diesel<\/td>\n<\/tr>\n<tr>\n<td>Prim\u00e4r anv\u00e4ndning<\/td>\n<td>Dabbing, Vaping<\/td>\n<\/tr>\n<tr>\n<td>Idealisk f\u00f6r<\/td>\n<td>Upplyftande, euforisk, kreativa effekter<\/td>\n<\/tr>\n<\/tbody>\n<\/table>","protected":false},"excerpt":{"rendered":"<p>Upplev den kraftfulla euforin av <b>ATF Budder<\/b>, ett premium sativa-dominerande cannabiskoncentrat tillg\u00e4ngligt p\u00e5 Chemsfine. Denna budder fr\u00e5n h\u00f6gsta hyllan har en kr\u00e4mig, vaxartad konsistens och levererar de uppfriskande tall- och citrontonerna fr\u00e5n den legendariska Alaskan Thunder Fuck-stammen. Den \u00e4r idealisk f\u00f6r dabbing eller vaping och ger en h\u00f6g THC-upplevelse, perfekt f\u00f6r att h\u00f6ja hum\u00f6ret och stimulera kreativiteten. Uppt\u00e4ck varf\u00f6r kr\u00e4sna anv\u00e4ndare v\u00e4ljer att <b>k\u00f6pa ATF Budder<\/b> f\u00f6r en o\u00f6vertr\u00e4ffad cannabisresa.<\/p>","protected":false},"featured_media":8529,"comment_status":"open","ping_status":"closed","template":"","meta":{"_joinchat":[]},"product_brand":[],"product_cat":[945],"product_tag":[],"class_list":{"0":"post-8499","1":"product","2":"type-product","3":"status-publish","4":"has-post-thumbnail","6":"product_cat-marijuana-wax","8":"first","9":"instock","10":"shipping-taxable","11":"purchasable","12":"product-type-variable"},"yoast_head":"<!-- This site is optimized with the Yoast SEO plugin v27.2 - https:\/\/yoast.com\/product\/yoast-seo-wordpress\/ -->\n<title>Buy Alaskan Thunder Fuck Budder Online - Best Price at Chemsfine<\/title>\n<meta name=\"description\" content=\"Discover premium Alaskan Thunder Fuck Budder. Experience top-shelf quality and potent effects. Buy this sought-after cannabis concentrate online at Chemsfine for the best value.\" \/>\n<meta name=\"robots\" content=\"index, follow, max-snippet:-1, max-image-preview:large, max-video-preview:-1\" \/>\n<link rel=\"canonical\" href=\"https:\/\/chemsfine.com\/sv\/produkt\/alaskan-thunder-fuck-budder\/\" \/>\n<meta property=\"og:locale\" content=\"sv_SE\" \/>\n<meta property=\"og:type\" content=\"article\" \/>\n<meta property=\"og:title\" content=\"Buy Alaskan Thunder Fuck Budder Online - Best Price at Chemsfine\" \/>\n<meta property=\"og:description\" content=\"Discover premium Alaskan Thunder Fuck Budder. Experience top-shelf quality and potent effects. Buy this sought-after cannabis concentrate online at Chemsfine for the best value.\" \/>\n<meta property=\"og:url\" content=\"https:\/\/chemsfine.com\/sv\/produkt\/alaskan-thunder-fuck-budder\/\" \/>\n<meta property=\"og:site_name\" content=\"Chemsfine\" \/>\n<meta property=\"article:modified_time\" content=\"2026-03-25T11:59:49+00:00\" \/>\n<meta property=\"og:image\" content=\"https:\/\/chemsfine.com\/wp-content\/uploads\/2026\/02\/pic.11.webp\" \/>\n\t<meta property=\"og:image:width\" content=\"500\" \/>\n\t<meta property=\"og:image:height\" content=\"500\" \/>\n\t<meta property=\"og:image:type\" content=\"image\/webp\" \/>\n<meta name=\"twitter:card\" content=\"summary_large_image\" \/>\n<meta name=\"twitter:label1\" content=\"Ber\u00e4knad l\u00e4stid\" \/>\n\t<meta name=\"twitter:data1\" content=\"5 minuter\" \/>\n<script type=\"application\/ld+json\" class=\"yoast-schema-graph\">{\"@context\":\"https:\/\/schema.org\",\"@graph\":[{\"@type\":\"WebPage\",\"@id\":\"https:\/\/chemsfine.com\/product\/alaskan-thunder-fuck-budder\/\",\"url\":\"https:\/\/chemsfine.com\/product\/alaskan-thunder-fuck-budder\/\",\"name\":\"Buy Alaskan Thunder Fuck Budder Online - Best Price at Chemsfine\",\"isPartOf\":{\"@id\":\"https:\/\/chemsfine.com\/#website\"},\"primaryImageOfPage\":{\"@id\":\"https:\/\/chemsfine.com\/product\/alaskan-thunder-fuck-budder\/#primaryimage\"},\"image\":{\"@id\":\"https:\/\/chemsfine.com\/product\/alaskan-thunder-fuck-budder\/#primaryimage\"},\"thumbnailUrl\":\"https:\/\/chemsfine.com\/wp-content\/uploads\/2026\/02\/pic.11.webp\",\"datePublished\":\"2026-02-13T20:09:43+00:00\",\"dateModified\":\"2026-03-25T11:59:49+00:00\",\"description\":\"Discover premium Alaskan Thunder Fuck Budder. Experience top-shelf quality and potent effects. Buy this sought-after cannabis concentrate online at Chemsfine for the best value.\",\"breadcrumb\":{\"@id\":\"https:\/\/chemsfine.com\/product\/alaskan-thunder-fuck-budder\/#breadcrumb\"},\"inLanguage\":\"sv-SE\",\"potentialAction\":[{\"@type\":\"ReadAction\",\"target\":[\"https:\/\/chemsfine.com\/product\/alaskan-thunder-fuck-budder\/\"]}]},{\"@type\":\"ImageObject\",\"inLanguage\":\"sv-SE\",\"@id\":\"https:\/\/chemsfine.com\/product\/alaskan-thunder-fuck-budder\/#primaryimage\",\"url\":\"https:\/\/chemsfine.com\/wp-content\/uploads\/2026\/02\/pic.11.webp\",\"contentUrl\":\"https:\/\/chemsfine.com\/wp-content\/uploads\/2026\/02\/pic.11.webp\",\"width\":500,\"height\":500},{\"@type\":\"BreadcrumbList\",\"@id\":\"https:\/\/chemsfine.com\/product\/alaskan-thunder-fuck-budder\/#breadcrumb\",\"itemListElement\":[{\"@type\":\"ListItem\",\"position\":1,\"name\":\"Home\",\"item\":\"https:\/\/chemsfine.com\/\"},{\"@type\":\"ListItem\",\"position\":2,\"name\":\"Shop\",\"item\":\"https:\/\/chemsfine.com\/shop\/\"},{\"@type\":\"ListItem\",\"position\":3,\"name\":\"Buy Alaskan Thunder Fuck Budder \u2013 Premium Cannabis Concentrate\"}]},{\"@type\":\"WebSite\",\"@id\":\"https:\/\/chemsfine.com\/#website\",\"url\":\"https:\/\/chemsfine.com\/\",\"name\":\"Chemsfine\",\"description\":\"My WordPress Blog\",\"publisher\":{\"@id\":\"https:\/\/chemsfine.com\/#organization\"},\"potentialAction\":[{\"@type\":\"SearchAction\",\"target\":{\"@type\":\"EntryPoint\",\"urlTemplate\":\"https:\/\/chemsfine.com\/?s={search_term_string}\"},\"query-input\":{\"@type\":\"PropertyValueSpecification\",\"valueRequired\":true,\"valueName\":\"search_term_string\"}}],\"inLanguage\":\"sv-SE\"},{\"@type\":\"Organization\",\"@id\":\"https:\/\/chemsfine.com\/#organization\",\"name\":\"Chemsfine\",\"url\":\"https:\/\/chemsfine.com\/\",\"logo\":{\"@type\":\"ImageObject\",\"inLanguage\":\"sv-SE\",\"@id\":\"https:\/\/chemsfine.com\/#\/schema\/logo\/image\/\",\"url\":\"https:\/\/chemsfine.com\/wp-content\/uploads\/2024\/09\/final-logo.png\",\"contentUrl\":\"https:\/\/chemsfine.com\/wp-content\/uploads\/2024\/09\/final-logo.png\",\"width\":340,\"height\":72,\"caption\":\"Chemsfine\"},\"image\":{\"@id\":\"https:\/\/chemsfine.com\/#\/schema\/logo\/image\/\"}}]}<\/script>\n<!-- \/ Yoast SEO plugin. -->","yoast_head_json":{"title":"K\u00f6p Alaskan Thunder Fuck Budder Online - B\u00e4sta Pris hos Chemsfine","description":"Uppt\u00e4ck premium Alaskan Thunder Fuck Budder. Upplev kvalitet p\u00e5 h\u00f6gsta hyllan och potenta effekter. K\u00f6p detta eftertraktade cannabiskoncentrat online p\u00e5 Chemsfine f\u00f6r b\u00e4sta v\u00e4rde.","robots":{"index":"index","follow":"follow","max-snippet":"max-snippet:-1","max-image-preview":"max-image-preview:large","max-video-preview":"max-video-preview:-1"},"canonical":"https:\/\/chemsfine.com\/sv\/produkt\/alaskan-thunder-fuck-budder\/","og_locale":"sv_SE","og_type":"article","og_title":"Buy Alaskan Thunder Fuck Budder Online - Best Price at Chemsfine","og_description":"Discover premium Alaskan Thunder Fuck Budder. Experience top-shelf quality and potent effects. Buy this sought-after cannabis concentrate online at Chemsfine for the best value.","og_url":"https:\/\/chemsfine.com\/sv\/produkt\/alaskan-thunder-fuck-budder\/","og_site_name":"Chemsfine","article_modified_time":"2026-03-25T11:59:49+00:00","og_image":[{"width":500,"height":500,"url":"https:\/\/chemsfine.com\/wp-content\/uploads\/2026\/02\/pic.11.webp","type":"image\/webp"}],"twitter_card":"summary_large_image","twitter_misc":{"Ber\u00e4knad l\u00e4stid":"5 minuter"},"schema":{"@context":"https:\/\/schema.org","@graph":[{"@type":"WebPage","@id":"https:\/\/chemsfine.com\/product\/alaskan-thunder-fuck-budder\/","url":"https:\/\/chemsfine.com\/product\/alaskan-thunder-fuck-budder\/","name":"K\u00f6p Alaskan Thunder Fuck Budder Online - B\u00e4sta Pris hos Chemsfine","isPartOf":{"@id":"https:\/\/chemsfine.com\/#website"},"primaryImageOfPage":{"@id":"https:\/\/chemsfine.com\/product\/alaskan-thunder-fuck-budder\/#primaryimage"},"image":{"@id":"https:\/\/chemsfine.com\/product\/alaskan-thunder-fuck-budder\/#primaryimage"},"thumbnailUrl":"https:\/\/chemsfine.com\/wp-content\/uploads\/2026\/02\/pic.11.webp","datePublished":"2026-02-13T20:09:43+00:00","dateModified":"2026-03-25T11:59:49+00:00","description":"Uppt\u00e4ck premium Alaskan Thunder Fuck Budder. Upplev kvalitet p\u00e5 h\u00f6gsta hyllan och potenta effekter. K\u00f6p detta eftertraktade cannabiskoncentrat online p\u00e5 Chemsfine f\u00f6r b\u00e4sta v\u00e4rde.","breadcrumb":{"@id":"https:\/\/chemsfine.com\/product\/alaskan-thunder-fuck-budder\/#breadcrumb"},"inLanguage":"sv-SE","potentialAction":[{"@type":"ReadAction","target":["https:\/\/chemsfine.com\/product\/alaskan-thunder-fuck-budder\/"]}]},{"@type":"ImageObject","inLanguage":"sv-SE","@id":"https:\/\/chemsfine.com\/product\/alaskan-thunder-fuck-budder\/#primaryimage","url":"https:\/\/chemsfine.com\/wp-content\/uploads\/2026\/02\/pic.11.webp","contentUrl":"https:\/\/chemsfine.com\/wp-content\/uploads\/2026\/02\/pic.11.webp","width":500,"height":500},{"@type":"BreadcrumbList","@id":"https:\/\/chemsfine.com\/product\/alaskan-thunder-fuck-budder\/#breadcrumb","itemListElement":[{"@type":"ListItem","position":1,"name":"Home","item":"https:\/\/chemsfine.com\/"},{"@type":"ListItem","position":2,"name":"Shop","item":"https:\/\/chemsfine.com\/shop\/"},{"@type":"ListItem","position":3,"name":"Buy Alaskan Thunder Fuck Budder \u2013 Premium Cannabis Concentrate"}]},{"@type":"WebSite","@id":"https:\/\/chemsfine.com\/#website","url":"https:\/\/chemsfine.com\/","name":"Chemsfine","description":"Min WordPress-blogg","publisher":{"@id":"https:\/\/chemsfine.com\/#organization"},"potentialAction":[{"@type":"SearchAction","target":{"@type":"EntryPoint","urlTemplate":"https:\/\/chemsfine.com\/?s={search_term_string}"},"query-input":{"@type":"PropertyValueSpecification","valueRequired":true,"valueName":"search_term_string"}}],"inLanguage":"sv-SE"},{"@type":"Organization","@id":"https:\/\/chemsfine.com\/#organization","name":"Chemsfine","url":"https:\/\/chemsfine.com\/","logo":{"@type":"ImageObject","inLanguage":"sv-SE","@id":"https:\/\/chemsfine.com\/#\/schema\/logo\/image\/","url":"https:\/\/chemsfine.com\/wp-content\/uploads\/2024\/09\/final-logo.png","contentUrl":"https:\/\/chemsfine.com\/wp-content\/uploads\/2024\/09\/final-logo.png","width":340,"height":72,"caption":"Chemsfine"},"image":{"@id":"https:\/\/chemsfine.com\/#\/schema\/logo\/image\/"}}]}},"_links":{"self":[{"href":"https:\/\/chemsfine.com\/sv\/wp-json\/wp\/v2\/product\/8499","targetHints":{"allow":["GET"]}}],"collection":[{"href":"https:\/\/chemsfine.com\/sv\/wp-json\/wp\/v2\/product"}],"about":[{"href":"https:\/\/chemsfine.com\/sv\/wp-json\/wp\/v2\/types\/product"}],"replies":[{"embeddable":true,"href":"https:\/\/chemsfine.com\/sv\/wp-json\/wp\/v2\/comments?post=8499"}],"wp:featuredmedia":[{"embeddable":true,"href":"https:\/\/chemsfine.com\/sv\/wp-json\/wp\/v2\/media\/8529"}],"wp:attachment":[{"href":"https:\/\/chemsfine.com\/sv\/wp-json\/wp\/v2\/media?parent=8499"}],"wp:term":[{"taxonomy":"product_brand","embeddable":true,"href":"https:\/\/chemsfine.com\/sv\/wp-json\/wp\/v2\/product_brand?post=8499"},{"taxonomy":"product_cat","embeddable":true,"href":"https:\/\/chemsfine.com\/sv\/wp-json\/wp\/v2\/product_cat?post=8499"},{"taxonomy":"product_tag","embeddable":true,"href":"https:\/\/chemsfine.com\/sv\/wp-json\/wp\/v2\/product_tag?post=8499"}],"curies":[{"name":"wp","href":"https:\/\/api.w.org\/{rel}","templated":true}]}}